{"id":11903,"date":"2022-02-15T16:31:06","date_gmt":"2022-02-15T16:31:06","guid":{"rendered":"https:\/\/repricer.kinsta.cloud\/buch-demo\/"},"modified":"2026-04-23T15:55:29","modified_gmt":"2026-04-23T15:55:29","slug":"buch-demo","status":"publish","type":"page","link":"https:\/\/www.repricer.com\/de\/buch-demo\/","title":{"rendered":"Demo buchen"},"content":{"rendered":"\t\t<div data-elementor-type=\"wp-page\" data-elementor-id=\"11903\" class=\"elementor elementor-11903 elementor-3530\" data-elementor-post-type=\"page\">\n\t\t\t\t<div class=\"elementor-element elementor-element-4fb943d6 e-flex e-con-boxed e-con e-parent\" data-id=\"4fb943d6\" data-element_type=\"container\" data-e-type=\"container\">\n\t\t\t\t\t<div class=\"e-con-inner\">\n\t\t<div class=\"elementor-element elementor-element-2da32950 e-con-full e-flex e-con e-child\" data-id=\"2da32950\" data-element_type=\"container\" data-e-type=\"container\">\n\t\t\t\t<div class=\"elementor-element elementor-element-b2fa106 elementor-widget elementor-widget-text-editor\" data-id=\"b2fa106\" data-element_type=\"widget\" data-e-type=\"widget\" data-widget_type=\"text-editor.default\">\n\t\t\t\t<div class=\"elementor-widget-container\">\n\t\t\t\t\t\t\t\t\t<span class=\"tag--main tag--purple\">Buchen Sie eine Demo!<\/span>\t\t\t\t\t\t\t\t<\/div>\n\t\t\t\t<\/div>\n\t\t\t\t<div class=\"elementor-element elementor-element-77a9bec elementor-widget elementor-widget-heading\" data-id=\"77a9bec\" data-element_type=\"widget\" data-e-type=\"widget\" data-widget_type=\"heading.default\">\n\t\t\t\t<div class=\"elementor-widget-container\">\n\t\t\t\t\t<h2 class=\"elementor-heading-title elementor-size-default\">Sprechen Sie mit einem Repricing-Experten zu einem Zeitpunkt, der Ihnen passt<\/h2>\t\t\t\t<\/div>\n\t\t\t\t<\/div>\n\t\t\t\t<div class=\"elementor-element elementor-element-160fd8a7 elementor-widget elementor-widget-heading\" data-id=\"160fd8a7\" data-element_type=\"widget\" data-e-type=\"widget\" data-widget_type=\"heading.default\">\n\t\t\t\t<div class=\"elementor-widget-container\">\n\t\t\t\t\t<h2 class=\"elementor-heading-title elementor-size-default\">Holen Sie sich einen pers\u00f6nlichen \u00dcberblick \u00fcber Repricer und sehen Sie, wie es Ihnen helfen kann, mehr Verk\u00e4ufe und Gewinne auf Amazon zu erzielen:<\/h2>\t\t\t\t<\/div>\n\t\t\t\t<\/div>\n\t\t\t\t<div class=\"elementor-element elementor-element-2c1334e8 elementor-icon-list--layout-traditional elementor-list-item-link-full_width elementor-widget elementor-widget-icon-list\" data-id=\"2c1334e8\" data-element_type=\"widget\" data-e-type=\"widget\" data-widget_type=\"icon-list.default\">\n\t\t\t\t<div class=\"elementor-widget-container\">\n\t\t\t\t\t\t\t<ul class=\"elementor-icon-list-items\">\n\t\t\t\t\t\t\t<li class=\"elementor-icon-list-item\">\n\t\t\t\t\t\t\t\t\t\t\t<span class=\"elementor-icon-list-icon\">\n\t\t\t\t\t\t\t<svg xmlns=\"http:\/\/www.w3.org\/2000\/svg\" width=\"24\" height=\"24\" viewBox=\"0 0 24 24\" fill=\"none\"><path d=\"M10.525 16.55L17.6 9.475L16.45 8.35L10.525 14.275L7.525 11.275L6.4 12.4L10.525 16.55ZM12 22C10.6333 22 9.34167 21.7375 8.125 21.2125C6.90833 20.6875 5.84583 19.9708 4.9375 19.0625C4.02917 18.1542 3.3125 17.0917 2.7875 15.875C2.2625 14.6583 2 13.3667 2 12C2 10.6167 2.2625 9.31667 2.7875 8.1C3.3125 6.88333 4.02917 5.825 4.9375 4.925C5.84583 4.025 6.90833 3.3125 8.125 2.7875C9.34167 2.2625 10.6333 2 12 2C13.3833 2 14.6833 2.2625 15.9 2.7875C17.1167 3.3125 18.175 4.025 19.075 4.925C19.975 5.825 20.6875 6.88333 21.2125 8.1C21.7375 9.31667 22 10.6167 22 12C22 13.3667 21.7375 14.6583 21.2125 15.875C20.6875 17.0917 19.975 18.1542 19.075 19.0625C18.175 19.9708 17.1167 20.6875 15.9 21.2125C14.6833 21.7375 13.3833 22 12 22Z\" fill=\"#0AB01B\"><\/path><\/svg>\t\t\t\t\t\t<\/span>\n\t\t\t\t\t\t\t\t\t\t<span class=\"elementor-icon-list-text\">Sofortige Reaktion auf Preis\u00e4nderungen der Wettbewerber, so dass Sie die Buy Box h\u00e4ufiger erhalten<\/span>\n\t\t\t\t\t\t\t\t\t<\/li>\n\t\t\t\t\t\t\t\t<li class=\"elementor-icon-list-item\">\n\t\t\t\t\t\t\t\t\t\t\t<span class=\"elementor-icon-list-icon\">\n\t\t\t\t\t\t\t<svg xmlns=\"http:\/\/www.w3.org\/2000\/svg\" width=\"24\" height=\"24\" viewBox=\"0 0 24 24\" fill=\"none\"><path d=\"M10.525 16.55L17.6 9.475L16.45 8.35L10.525 14.275L7.525 11.275L6.4 12.4L10.525 16.55ZM12 22C10.6333 22 9.34167 21.7375 8.125 21.2125C6.90833 20.6875 5.84583 19.9708 4.9375 19.0625C4.02917 18.1542 3.3125 17.0917 2.7875 15.875C2.2625 14.6583 2 13.3667 2 12C2 10.6167 2.2625 9.31667 2.7875 8.1C3.3125 6.88333 4.02917 5.825 4.9375 4.925C5.84583 4.025 6.90833 3.3125 8.125 2.7875C9.34167 2.2625 10.6333 2 12 2C13.3833 2 14.6833 2.2625 15.9 2.7875C17.1167 3.3125 18.175 4.025 19.075 4.925C19.975 5.825 20.6875 6.88333 21.2125 8.1C21.7375 9.31667 22 10.6167 22 12C22 13.3667 21.7375 14.6583 21.2125 15.875C20.6875 17.0917 19.975 18.1542 19.075 19.0625C18.175 19.9708 17.1167 20.6875 15.9 21.2125C14.6833 21.7375 13.3833 22 12 22Z\" fill=\"#0AB01B\"><\/path><\/svg>\t\t\t\t\t\t<\/span>\n\t\t\t\t\t\t\t\t\t\t<span class=\"elementor-icon-list-text\">Schrittweise Erh\u00f6hung Ihres Preises, wenn Sie die Buy Box gewinnen<\/span>\n\t\t\t\t\t\t\t\t\t<\/li>\n\t\t\t\t\t\t\t\t<li class=\"elementor-icon-list-item\">\n\t\t\t\t\t\t\t\t\t\t\t<span class=\"elementor-icon-list-icon\">\n\t\t\t\t\t\t\t<svg xmlns=\"http:\/\/www.w3.org\/2000\/svg\" width=\"24\" height=\"24\" viewBox=\"0 0 24 24\" fill=\"none\"><path d=\"M10.525 16.55L17.6 9.475L16.45 8.35L10.525 14.275L7.525 11.275L6.4 12.4L10.525 16.55ZM12 22C10.6333 22 9.34167 21.7375 8.125 21.2125C6.90833 20.6875 5.84583 19.9708 4.9375 19.0625C4.02917 18.1542 3.3125 17.0917 2.7875 15.875C2.2625 14.6583 2 13.3667 2 12C2 10.6167 2.2625 9.31667 2.7875 8.1C3.3125 6.88333 4.02917 5.825 4.9375 4.925C5.84583 4.025 6.90833 3.3125 8.125 2.7875C9.34167 2.2625 10.6333 2 12 2C13.3833 2 14.6833 2.2625 15.9 2.7875C17.1167 3.3125 18.175 4.025 19.075 4.925C19.975 5.825 20.6875 6.88333 21.2125 8.1C21.7375 9.31667 22 10.6167 22 12C22 13.3667 21.7375 14.6583 21.2125 15.875C20.6875 17.0917 19.975 18.1542 19.075 19.0625C18.175 19.9708 17.1167 20.6875 15.9 21.2125C14.6833 21.7375 13.3833 22 12 22Z\" fill=\"#0AB01B\"><\/path><\/svg>\t\t\t\t\t\t<\/span>\n\t\t\t\t\t\t\t\t\t\t<span class=\"elementor-icon-list-text\">Ausrichtung auf einzelne Verk\u00e4ufer nach Erf\u00fcllung, Standort, Feedback und vielem mehr<\/span>\n\t\t\t\t\t\t\t\t\t<\/li>\n\t\t\t\t\t\t\t\t<li class=\"elementor-icon-list-item\">\n\t\t\t\t\t\t\t\t\t\t\t<span class=\"elementor-icon-list-icon\">\n\t\t\t\t\t\t\t<svg xmlns=\"http:\/\/www.w3.org\/2000\/svg\" width=\"24\" height=\"24\" viewBox=\"0 0 24 24\" fill=\"none\"><path d=\"M10.525 16.55L17.6 9.475L16.45 8.35L10.525 14.275L7.525 11.275L6.4 12.4L10.525 16.55ZM12 22C10.6333 22 9.34167 21.7375 8.125 21.2125C6.90833 20.6875 5.84583 19.9708 4.9375 19.0625C4.02917 18.1542 3.3125 17.0917 2.7875 15.875C2.2625 14.6583 2 13.3667 2 12C2 10.6167 2.2625 9.31667 2.7875 8.1C3.3125 6.88333 4.02917 5.825 4.9375 4.925C5.84583 4.025 6.90833 3.3125 8.125 2.7875C9.34167 2.2625 10.6333 2 12 2C13.3833 2 14.6833 2.2625 15.9 2.7875C17.1167 3.3125 18.175 4.025 19.075 4.925C19.975 5.825 20.6875 6.88333 21.2125 8.1C21.7375 9.31667 22 10.6167 22 12C22 13.3667 21.7375 14.6583 21.2125 15.875C20.6875 17.0917 19.975 18.1542 19.075 19.0625C18.175 19.9708 17.1167 20.6875 15.9 21.2125C14.6833 21.7375 13.3833 22 12 22Z\" fill=\"#0AB01B\"><\/path><\/svg>\t\t\t\t\t\t<\/span>\n\t\t\t\t\t\t\t\t\t\t<span class=\"elementor-icon-list-text\">Konkurrieren Sie mit Verk\u00e4ufern auf alternativen ASINs, damit Sie den Verkauf gewinnen  <\/span>\n\t\t\t\t\t\t\t\t\t<\/li>\n\t\t\t\t\t\t<\/ul>\n\t\t\t\t\t\t<\/div>\n\t\t\t\t<\/div>\n\t\t\t\t<div class=\"elementor-element elementor-element-2610a495 elementor-widget elementor-widget-spacer\" data-id=\"2610a495\" data-element_type=\"widget\" data-e-type=\"widget\" data-widget_type=\"spacer.default\">\n\t\t\t\t<div class=\"elementor-widget-container\">\n\t\t\t\t\t\t\t<div class=\"elementor-spacer\">\n\t\t\t<div class=\"elementor-spacer-inner\"><\/div>\n\t\t<\/div>\n\t\t\t\t\t\t<\/div>\n\t\t\t\t<\/div>\n\t\t\t\t<\/div>\n\t\t<div class=\"elementor-element elementor-element-1b675234 e-con-full e-flex e-con e-child\" data-id=\"1b675234\" data-element_type=\"container\" data-e-type=\"container\" data-settings=\"{&quot;background_background&quot;:&quot;classic&quot;}\">\n\t\t\t\t<div class=\"elementor-element elementor-element-3ca7abdf elementor-widget elementor-widget-image\" data-id=\"3ca7abdf\" data-element_type=\"widget\" data-e-type=\"widget\" data-widget_type=\"image.default\">\n\t\t\t\t<div class=\"elementor-widget-container\">\n\t\t\t\t\t\t\t\t\t\t\t\t\t\t\t<img decoding=\"async\" width=\"248\" height=\"74\" src=\"https:\/\/www.repricer.com\/wp-content\/uploads\/2024\/02\/eDeskteam-2.png\" class=\"attachment-full size-full wp-image-22976\" alt=\"\" \/>\t\t\t\t\t\t\t\t\t\t\t\t\t\t\t<\/div>\n\t\t\t\t<\/div>\n\t\t\t\t<div class=\"elementor-element elementor-element-1535a955 elementor-widget-tablet__width-inherit elementor-widget elementor-widget-html\" data-id=\"1535a955\" data-element_type=\"widget\" data-e-type=\"widget\" data-widget_type=\"html.default\">\n\t\t\t\t<div class=\"elementor-widget-container\">\n\t\t\t\t\t<script charset=\"utf-8\" type=\"text\/javascript\" src=\"\/\/js.hsforms.net\/forms\/embed\/v2.js\"><\/script><script>hbspt.forms.create({\n    region: \"na1\",\n    portalId: \"4770908\",\n    formId: \"49933abe-d8a0-42e6-81bf-156744ca1ea6\"\n  });\n<\/script>\t\t\t\t<\/div>\n\t\t\t\t<\/div>\n\t\t\t\t<\/div>\n\t\t\t\t\t<\/div>\n\t\t\t\t<\/div>\n\t\t<div class=\"elementor-element elementor-element-2d3229a5 e-flex e-con-boxed e-con e-parent\" data-id=\"2d3229a5\" data-element_type=\"container\" data-e-type=\"container\" data-settings=\"{&quot;background_background&quot;:&quot;classic&quot;}\">\n\t\t\t\t\t<div class=\"e-con-inner\">\n\t\t<div class=\"elementor-element elementor-element-3146662c e-con-full e-flex e-con e-child\" data-id=\"3146662c\" data-element_type=\"container\" data-e-type=\"container\">\n\t\t\t\t<div class=\"elementor-element elementor-element-399eabc elementor-widget elementor-widget-spacer\" data-id=\"399eabc\" data-element_type=\"widget\" data-e-type=\"widget\" data-widget_type=\"spacer.default\">\n\t\t\t\t<div class=\"elementor-widget-container\">\n\t\t\t\t\t\t\t<div class=\"elementor-spacer\">\n\t\t\t<div class=\"elementor-spacer-inner\"><\/div>\n\t\t<\/div>\n\t\t\t\t\t\t<\/div>\n\t\t\t\t<\/div>\n\t\t\t\t<div class=\"elementor-element elementor-element-59347237 elementor-widget elementor-widget-heading\" data-id=\"59347237\" data-element_type=\"widget\" data-e-type=\"widget\" data-widget_type=\"heading.default\">\n\t\t\t\t<div class=\"elementor-widget-container\">\n\t\t\t\t\t<h2 class=\"elementor-heading-title elementor-size-default\">Unterst\u00fctzung f\u00fcr Tausende von Amazon- und eBay-Verk\u00e4ufern<\/h2>\t\t\t\t<\/div>\n\t\t\t\t<\/div>\n\t\t\t\t<div class=\"elementor-element elementor-element-54730117 elementor-widget elementor-widget-heading\" data-id=\"54730117\" data-element_type=\"widget\" data-e-type=\"widget\" data-widget_type=\"heading.default\">\n\t\t\t\t<div class=\"elementor-widget-container\">\n\t\t\t\t\t<h2 class=\"elementor-heading-title elementor-size-default\">\"Wenn Sie einen Wettlauf nach unten vermeiden und gleichzeitig den Umsatz aufrechterhalten wollen, k\u00f6nnen Sie mit diesem Tool so ziemlich jede Strategie umsetzen, die Sie sich vorstellen k\u00f6nnen.<\/h2>\t\t\t\t<\/div>\n\t\t\t\t<\/div>\n\t\t\t\t<div class=\"elementor-element elementor-element-6af487b elementor-widget elementor-widget-heading\" data-id=\"6af487b\" data-element_type=\"widget\" data-e-type=\"widget\" data-widget_type=\"heading.default\">\n\t\t\t\t<div class=\"elementor-widget-container\">\n\t\t\t\t\t<p class=\"elementor-heading-title elementor-size-default\"><b>Robin Burton<\/b>, Amazon-Verk\u00e4ufer<\/p>\t\t\t\t<\/div>\n\t\t\t\t<\/div>\n\t\t\t\t<div class=\"elementor-element elementor-element-5ba11273 elementor-widget elementor-widget-spacer\" data-id=\"5ba11273\" data-element_type=\"widget\" data-e-type=\"widget\" data-widget_type=\"spacer.default\">\n\t\t\t\t<div class=\"elementor-widget-container\">\n\t\t\t\t\t\t\t<div class=\"elementor-spacer\">\n\t\t\t<div class=\"elementor-spacer-inner\"><\/div>\n\t\t<\/div>\n\t\t\t\t\t\t<\/div>\n\t\t\t\t<\/div>\n\t\t\t\t<\/div>\n\t\t<div class=\"elementor-element elementor-element-6461fe6 e-con-full e-flex e-con e-child\" data-id=\"6461fe6\" data-element_type=\"container\" data-e-type=\"container\">\n\t\t\t\t<\/div>\n\t\t\t\t\t<\/div>\n\t\t\t\t<\/div>\n\t\t\t\t<\/div>\n\t\t","protected":false},"excerpt":{"rendered":"<p>Buchen Sie eine Demo! Sprechen Sie mit einem Repricing-Experten zu einem Zeitpunkt, der Ihnen passt Holen Sie sich einen pers\u00f6nlichen \u00dcberblick \u00fcber Repricer und sehen Sie, wie es Ihnen helfen kann, mehr Verk\u00e4ufe und Gewinne auf Amazon zu erzielen: Sofortige Reaktion auf Preis\u00e4nderungen der Wettbewerber, so dass Sie die Buy Box h\u00e4ufiger erhalten Schrittweise Erh\u00f6hung [&hellip;]<\/p>\n","protected":false},"author":12,"featured_media":19807,"parent":0,"menu_order":0,"comment_status":"closed","ping_status":"closed","template":"","meta":{"inline_featured_image":false,"footnotes":""},"class_list":["post-11903","page","type-page","status-publish","has-post-thumbnail","hentry"],"yoast_head":"<!-- This site is optimized with the Yoast SEO Premium plugin v27.4 (Yoast SEO v27.6) - https:\/\/yoast.com\/product\/yoast-seo-premium-wordpress\/ -->\n<title>Buchen Sie eine Demo - Der schnellste Amazon Repricer | Repricer.com<\/title>\n<meta name=\"description\" content=\"Buchen Sie noch heute eine Demo mit einem Repricing-Experten, um Ihre Amazon-Verk\u00e4ufe zu steigern!\" \/>\n<meta name=\"robots\" content=\"index, follow, max-snippet:-1, max-image-preview:large, max-video-preview:-1\" \/>\n<link rel=\"canonical\" href=\"https:\/\/www.repricer.com\/de\/buch-demo\/\" \/>\n<meta property=\"og:locale\" content=\"de_DE\" \/>\n<meta property=\"og:type\" content=\"article\" \/>\n<meta property=\"og:title\" content=\"Demo buchen\" \/>\n<meta property=\"og:description\" content=\"Buchen Sie noch heute eine Demo mit einem Repricing-Experten, um Ihre Amazon-Verk\u00e4ufe zu steigern!\" \/>\n<meta property=\"og:url\" content=\"https:\/\/www.repricer.com\/de\/buch-demo\/\" \/>\n<meta property=\"og:site_name\" content=\"The Fastest Amazon Repricer | Repricer.com\" \/>\n<meta property=\"article:publisher\" content=\"https:\/\/www.facebook.com\/repricer\" \/>\n<meta property=\"article:modified_time\" content=\"2026-04-23T15:55:29+00:00\" \/>\n<meta property=\"og:image\" content=\"https:\/\/www.repricer.com\/wp-content\/uploads\/2023\/10\/repricer-vector-logo.png\" \/>\n\t<meta property=\"og:image:width\" content=\"1080\" \/>\n\t<meta property=\"og:image:height\" content=\"1080\" \/>\n\t<meta property=\"og:image:type\" content=\"image\/png\" \/>\n<meta name=\"twitter:card\" content=\"summary_large_image\" \/>\n<meta name=\"twitter:site\" content=\"@repricer\" \/>\n<meta name=\"twitter:label1\" content=\"Gesch\u00e4tzte Lesezeit\" \/>\n\t<meta name=\"twitter:data1\" content=\"1\u00a0Minute\" \/>\n<script type=\"application\/ld+json\" class=\"yoast-schema-graph\">{\"@context\":\"https:\\\/\\\/schema.org\",\"@graph\":[{\"@type\":\"WebPage\",\"@id\":\"https:\\\/\\\/www.repricer.com\\\/de\\\/buch-demo\\\/\",\"url\":\"https:\\\/\\\/www.repricer.com\\\/de\\\/buch-demo\\\/\",\"name\":\"Buchen Sie eine Demo - Der schnellste Amazon Repricer | Repricer.com\",\"isPartOf\":{\"@id\":\"https:\\\/\\\/www.repricer.com\\\/de\\\/#website\"},\"primaryImageOfPage\":{\"@id\":\"https:\\\/\\\/www.repricer.com\\\/de\\\/buch-demo\\\/#primaryimage\"},\"image\":{\"@id\":\"https:\\\/\\\/www.repricer.com\\\/de\\\/buch-demo\\\/#primaryimage\"},\"thumbnailUrl\":\"https:\\\/\\\/www.repricer.com\\\/wp-content\\\/uploads\\\/2023\\\/10\\\/repricer-vector-logo.png\",\"datePublished\":\"2022-02-15T16:31:06+00:00\",\"dateModified\":\"2026-04-23T15:55:29+00:00\",\"description\":\"Buchen Sie noch heute eine Demo mit einem Repricing-Experten, um Ihre Amazon-Verk\u00e4ufe zu steigern!\",\"breadcrumb\":{\"@id\":\"https:\\\/\\\/www.repricer.com\\\/de\\\/buch-demo\\\/#breadcrumb\"},\"inLanguage\":\"de\",\"potentialAction\":[{\"@type\":\"ReadAction\",\"target\":[\"https:\\\/\\\/www.repricer.com\\\/de\\\/buch-demo\\\/\"]}]},{\"@type\":\"ImageObject\",\"inLanguage\":\"de\",\"@id\":\"https:\\\/\\\/www.repricer.com\\\/de\\\/buch-demo\\\/#primaryimage\",\"url\":\"https:\\\/\\\/www.repricer.com\\\/wp-content\\\/uploads\\\/2023\\\/10\\\/repricer-vector-logo.png\",\"contentUrl\":\"https:\\\/\\\/www.repricer.com\\\/wp-content\\\/uploads\\\/2023\\\/10\\\/repricer-vector-logo.png\",\"width\":1080,\"height\":1080,\"caption\":\"repricer vector logo\"},{\"@type\":\"BreadcrumbList\",\"@id\":\"https:\\\/\\\/www.repricer.com\\\/de\\\/buch-demo\\\/#breadcrumb\",\"itemListElement\":[{\"@type\":\"ListItem\",\"position\":1,\"name\":\"Home\",\"item\":\"https:\\\/\\\/www.repricer.com\\\/de\\\/home-2\\\/\"},{\"@type\":\"ListItem\",\"position\":2,\"name\":\"Demo buchen\"}]},{\"@type\":\"WebSite\",\"@id\":\"https:\\\/\\\/www.repricer.com\\\/de\\\/#website\",\"url\":\"https:\\\/\\\/www.repricer.com\\\/de\\\/\",\"name\":\"The Fastest Amazon Repricer | Repricer.com\",\"description\":\"Machen Sie Repricer.com zu Ihrer zentralen Drehscheibe f\u00fcr die Preisgestaltung, indem Sie alle Ihre Verkaufskan\u00e4le verbinden, einschlie\u00dflich Amazon, eBay, Walmart, Shopify und mehr.\",\"publisher\":{\"@id\":\"https:\\\/\\\/www.repricer.com\\\/de\\\/#organization\"},\"potentialAction\":[{\"@type\":\"SearchAction\",\"target\":{\"@type\":\"EntryPoint\",\"urlTemplate\":\"https:\\\/\\\/www.repricer.com\\\/de\\\/?s={search_term_string}\"},\"query-input\":{\"@type\":\"PropertyValueSpecification\",\"valueRequired\":true,\"valueName\":\"search_term_string\"}}],\"inLanguage\":\"de\"},{\"@type\":\"Organization\",\"@id\":\"https:\\\/\\\/www.repricer.com\\\/de\\\/#organization\",\"name\":\"Repricer.com\",\"url\":\"https:\\\/\\\/www.repricer.com\\\/de\\\/\",\"logo\":{\"@type\":\"ImageObject\",\"inLanguage\":\"de\",\"@id\":\"https:\\\/\\\/www.repricer.com\\\/de\\\/#\\\/schema\\\/logo\\\/image\\\/\",\"url\":\"https:\\\/\\\/www.repricer.com\\\/wp-content\\\/uploads\\\/2022\\\/01\\\/updated-repricer-logo-black.png\",\"contentUrl\":\"https:\\\/\\\/www.repricer.com\\\/wp-content\\\/uploads\\\/2022\\\/01\\\/updated-repricer-logo-black.png\",\"width\":481,\"height\":83,\"caption\":\"Repricer.com\"},\"image\":{\"@id\":\"https:\\\/\\\/www.repricer.com\\\/de\\\/#\\\/schema\\\/logo\\\/image\\\/\"},\"sameAs\":[\"https:\\\/\\\/www.facebook.com\\\/repricer\",\"https:\\\/\\\/x.com\\\/repricer\",\"https:\\\/\\\/www.instagram.com\\\/repricer\\\/\",\"https:\\\/\\\/www.youtube.com\\\/channel\\\/UC_pT73zbB2TIA-jS12y93fA\"]}]}<\/script>\n<!-- \/ Yoast SEO Premium plugin. -->","yoast_head_json":{"title":"Buchen Sie eine Demo - Der schnellste Amazon Repricer | Repricer.com","description":"Buchen Sie noch heute eine Demo mit einem Repricing-Experten, um Ihre Amazon-Verk\u00e4ufe zu steigern!","robots":{"index":"index","follow":"follow","max-snippet":"max-snippet:-1","max-image-preview":"max-image-preview:large","max-video-preview":"max-video-preview:-1"},"canonical":"https:\/\/www.repricer.com\/de\/buch-demo\/","og_locale":"de_DE","og_type":"article","og_title":"Demo buchen","og_description":"Buchen Sie noch heute eine Demo mit einem Repricing-Experten, um Ihre Amazon-Verk\u00e4ufe zu steigern!","og_url":"https:\/\/www.repricer.com\/de\/buch-demo\/","og_site_name":"The Fastest Amazon Repricer | Repricer.com","article_publisher":"https:\/\/www.facebook.com\/repricer","article_modified_time":"2026-04-23T15:55:29+00:00","og_image":[{"width":1080,"height":1080,"url":"https:\/\/www.repricer.com\/wp-content\/uploads\/2023\/10\/repricer-vector-logo.png","type":"image\/png"}],"twitter_card":"summary_large_image","twitter_site":"@repricer","twitter_misc":{"Gesch\u00e4tzte Lesezeit":"1\u00a0Minute"},"schema":{"@context":"https:\/\/schema.org","@graph":[{"@type":"WebPage","@id":"https:\/\/www.repricer.com\/de\/buch-demo\/","url":"https:\/\/www.repricer.com\/de\/buch-demo\/","name":"Buchen Sie eine Demo - Der schnellste Amazon Repricer | Repricer.com","isPartOf":{"@id":"https:\/\/www.repricer.com\/de\/#website"},"primaryImageOfPage":{"@id":"https:\/\/www.repricer.com\/de\/buch-demo\/#primaryimage"},"image":{"@id":"https:\/\/www.repricer.com\/de\/buch-demo\/#primaryimage"},"thumbnailUrl":"https:\/\/www.repricer.com\/wp-content\/uploads\/2023\/10\/repricer-vector-logo.png","datePublished":"2022-02-15T16:31:06+00:00","dateModified":"2026-04-23T15:55:29+00:00","description":"Buchen Sie noch heute eine Demo mit einem Repricing-Experten, um Ihre Amazon-Verk\u00e4ufe zu steigern!","breadcrumb":{"@id":"https:\/\/www.repricer.com\/de\/buch-demo\/#breadcrumb"},"inLanguage":"de","potentialAction":[{"@type":"ReadAction","target":["https:\/\/www.repricer.com\/de\/buch-demo\/"]}]},{"@type":"ImageObject","inLanguage":"de","@id":"https:\/\/www.repricer.com\/de\/buch-demo\/#primaryimage","url":"https:\/\/www.repricer.com\/wp-content\/uploads\/2023\/10\/repricer-vector-logo.png","contentUrl":"https:\/\/www.repricer.com\/wp-content\/uploads\/2023\/10\/repricer-vector-logo.png","width":1080,"height":1080,"caption":"repricer vector logo"},{"@type":"BreadcrumbList","@id":"https:\/\/www.repricer.com\/de\/buch-demo\/#breadcrumb","itemListElement":[{"@type":"ListItem","position":1,"name":"Home","item":"https:\/\/www.repricer.com\/de\/home-2\/"},{"@type":"ListItem","position":2,"name":"Demo buchen"}]},{"@type":"WebSite","@id":"https:\/\/www.repricer.com\/de\/#website","url":"https:\/\/www.repricer.com\/de\/","name":"The Fastest Amazon Repricer | Repricer.com","description":"Machen Sie Repricer.com zu Ihrer zentralen Drehscheibe f\u00fcr die Preisgestaltung, indem Sie alle Ihre Verkaufskan\u00e4le verbinden, einschlie\u00dflich Amazon, eBay, Walmart, Shopify und mehr.","publisher":{"@id":"https:\/\/www.repricer.com\/de\/#organization"},"potentialAction":[{"@type":"SearchAction","target":{"@type":"EntryPoint","urlTemplate":"https:\/\/www.repricer.com\/de\/?s={search_term_string}"},"query-input":{"@type":"PropertyValueSpecification","valueRequired":true,"valueName":"search_term_string"}}],"inLanguage":"de"},{"@type":"Organization","@id":"https:\/\/www.repricer.com\/de\/#organization","name":"Repricer.com","url":"https:\/\/www.repricer.com\/de\/","logo":{"@type":"ImageObject","inLanguage":"de","@id":"https:\/\/www.repricer.com\/de\/#\/schema\/logo\/image\/","url":"https:\/\/www.repricer.com\/wp-content\/uploads\/2022\/01\/updated-repricer-logo-black.png","contentUrl":"https:\/\/www.repricer.com\/wp-content\/uploads\/2022\/01\/updated-repricer-logo-black.png","width":481,"height":83,"caption":"Repricer.com"},"image":{"@id":"https:\/\/www.repricer.com\/de\/#\/schema\/logo\/image\/"},"sameAs":["https:\/\/www.facebook.com\/repricer","https:\/\/x.com\/repricer","https:\/\/www.instagram.com\/repricer\/","https:\/\/www.youtube.com\/channel\/UC_pT73zbB2TIA-jS12y93fA"]}]}},"_links":{"self":[{"href":"https:\/\/www.repricer.com\/de\/wp-json\/wp\/v2\/pages\/11903","targetHints":{"allow":["GET"]}}],"collection":[{"href":"https:\/\/www.repricer.com\/de\/wp-json\/wp\/v2\/pages"}],"about":[{"href":"https:\/\/www.repricer.com\/de\/wp-json\/wp\/v2\/types\/page"}],"author":[{"embeddable":true,"href":"https:\/\/www.repricer.com\/de\/wp-json\/wp\/v2\/users\/12"}],"replies":[{"embeddable":true,"href":"https:\/\/www.repricer.com\/de\/wp-json\/wp\/v2\/comments?post=11903"}],"version-history":[{"count":4,"href":"https:\/\/www.repricer.com\/de\/wp-json\/wp\/v2\/pages\/11903\/revisions"}],"predecessor-version":[{"id":51376,"href":"https:\/\/www.repricer.com\/de\/wp-json\/wp\/v2\/pages\/11903\/revisions\/51376"}],"wp:featuredmedia":[{"embeddable":true,"href":"https:\/\/www.repricer.com\/de\/wp-json\/wp\/v2\/media\/19807"}],"wp:attachment":[{"href":"https:\/\/www.repricer.com\/de\/wp-json\/wp\/v2\/media?parent=11903"}],"curies":[{"name":"wp","href":"https:\/\/api.w.org\/{rel}","templated":true}]}}