{"id":11911,"date":"2023-01-10T14:42:10","date_gmt":"2023-01-10T14:42:10","guid":{"rendered":"https:\/\/repricer.kinsta.cloud\/ebooks\/"},"modified":"2025-06-26T13:03:00","modified_gmt":"2025-06-26T13:03:00","slug":"ebooks","status":"publish","type":"page","link":"https:\/\/www.repricer.com\/de\/ebooks\/","title":{"rendered":"eBooks"},"content":{"rendered":"\t\t<div data-elementor-type=\"wp-page\" data-elementor-id=\"11911\" class=\"elementor elementor-11911 elementor-9788\" data-elementor-post-type=\"page\">\n\t\t\t\t\t\t<section class=\"elementor-section elementor-top-section elementor-element elementor-element-4df2e65 elementor-section-boxed elementor-section-height-default elementor-section-height-default\" data-id=\"4df2e65\" data-element_type=\"section\" data-e-type=\"section\">\n\t\t\t\t\t\t<div class=\"elementor-container elementor-column-gap-default\">\n\t\t\t\t\t<div class=\"elementor-column elementor-col-100 elementor-top-column elementor-element elementor-element-7439111\" data-id=\"7439111\" data-element_type=\"column\" data-e-type=\"column\">\n\t\t\t<div class=\"elementor-widget-wrap elementor-element-populated\">\n\t\t\t\t\t\t<div class=\"elementor-element elementor-element-7611681 elementor-hidden-mobile elementor-widget elementor-widget-spacer\" data-id=\"7611681\" data-element_type=\"widget\" data-e-type=\"widget\" data-widget_type=\"spacer.default\">\n\t\t\t\t<div class=\"elementor-widget-container\">\n\t\t\t\t\t\t\t<div class=\"elementor-spacer\">\n\t\t\t<div class=\"elementor-spacer-inner\"><\/div>\n\t\t<\/div>\n\t\t\t\t\t\t<\/div>\n\t\t\t\t<\/div>\n\t\t\t\t\t<\/div>\n\t\t<\/div>\n\t\t\t\t\t<\/div>\n\t\t<\/section>\n\t\t\t\t<section class=\"elementor-section elementor-top-section elementor-element elementor-element-24a4457 elementor-section-boxed elementor-section-height-default elementor-section-height-default\" data-id=\"24a4457\" data-element_type=\"section\" data-e-type=\"section\">\n\t\t\t\t\t\t<div class=\"elementor-container elementor-column-gap-default\">\n\t\t\t\t\t<div class=\"elementor-column elementor-col-50 elementor-top-column elementor-element elementor-element-4318b86\" data-id=\"4318b86\" data-element_type=\"column\" data-e-type=\"column\">\n\t\t\t<div class=\"elementor-widget-wrap elementor-element-populated\">\n\t\t\t\t\t\t<div class=\"elementor-element elementor-element-d2fca90 elementor-widget elementor-widget-image\" data-id=\"d2fca90\" data-element_type=\"widget\" data-e-type=\"widget\" data-widget_type=\"image.default\">\n\t\t\t\t<div class=\"elementor-widget-container\">\n\t\t\t\t\t\t\t\t\t\t\t\t\t\t\t<img fetchpriority=\"high\" decoding=\"async\" width=\"1431\" height=\"1542\" src=\"https:\/\/www.repricer.com\/wp-content\/uploads\/2023\/11\/Repricer-eBook-mockup-with-sticker.png\" class=\"attachment-full size-full wp-image-21027\" alt=\"Repricer eBook\" srcset=\"https:\/\/www.repricer.com\/wp-content\/uploads\/2023\/11\/Repricer-eBook-mockup-with-sticker.png 1431w, https:\/\/www.repricer.com\/wp-content\/uploads\/2023\/11\/Repricer-eBook-mockup-with-sticker-278x300.png 278w, https:\/\/www.repricer.com\/wp-content\/uploads\/2023\/11\/Repricer-eBook-mockup-with-sticker-950x1024.png 950w, https:\/\/www.repricer.com\/wp-content\/uploads\/2023\/11\/Repricer-eBook-mockup-with-sticker-768x828.png 768w, https:\/\/www.repricer.com\/wp-content\/uploads\/2023\/11\/Repricer-eBook-mockup-with-sticker-1425x1536.png 1425w\" sizes=\"(max-width: 1431px) 100vw, 1431px\" \/>\t\t\t\t\t\t\t\t\t\t\t\t\t\t\t<\/div>\n\t\t\t\t<\/div>\n\t\t\t\t\t<\/div>\n\t\t<\/div>\n\t\t\t\t<div class=\"elementor-column elementor-col-50 elementor-top-column elementor-element elementor-element-8bee65f\" data-id=\"8bee65f\" data-element_type=\"column\" data-e-type=\"column\">\n\t\t\t<div class=\"elementor-widget-wrap elementor-element-populated\">\n\t\t\t\t\t\t<div class=\"elementor-element elementor-element-5f0b206 elementor-widget elementor-widget-heading\" data-id=\"5f0b206\" data-element_type=\"widget\" data-e-type=\"widget\" data-widget_type=\"heading.default\">\n\t\t\t\t<div class=\"elementor-widget-container\">\n\t\t\t\t\t<h2 class=\"elementor-heading-title elementor-size-default\">Wie man die Amazon Buy Box gewinnt<\/h2>\t\t\t\t<\/div>\n\t\t\t\t<\/div>\n\t\t\t\t<div class=\"elementor-element elementor-element-f511b02 elementor-widget elementor-widget-text-editor\" data-id=\"f511b02\" data-element_type=\"widget\" data-e-type=\"widget\" data-widget_type=\"text-editor.default\">\n\t\t\t\t<div class=\"elementor-widget-container\">\n\t\t\t\t\t\t\t\t\t<p>85 % aller Amazon-Verk\u00e4ufe laufen \u00fcber die Buy Box, was den Gewinn dieser begehrten Position zum heiligen Gral f\u00fcr Amazon-Verk\u00e4ufer macht.<\/p><p>Entdecken Sie die Geheimnisse, wie Sie Ihre Verk\u00e4ufe und Gewinne auf Amazon mit unserem kostenlosen eBook steigern k\u00f6nnen.  <\/p>\t\t\t\t\t\t\t\t<\/div>\n\t\t\t\t<\/div>\n\t\t\t\t<div class=\"elementor-element elementor-element-641321d elementor-align-left elementor-mobile-align-center elementor-widget elementor-widget-button\" data-id=\"641321d\" data-element_type=\"widget\" data-e-type=\"widget\" data-widget_type=\"button.default\">\n\t\t\t\t<div class=\"elementor-widget-container\">\n\t\t\t\t\t\t\t\t\t<div class=\"elementor-button-wrapper\">\n\t\t\t\t\t<a class=\"elementor-button elementor-button-link elementor-size-md\" href=\"https:\/\/www.repricer.com\/de\/wie-zu-gewinnen-das-amazon-buy-box-ebook\/\">\n\t\t\t\t\t\t<span class=\"elementor-button-content-wrapper\">\n\t\t\t\t\t\t\t\t\t<span class=\"elementor-button-text\">Sehen Sie sich das hier an<\/span>\n\t\t\t\t\t<\/span>\n\t\t\t\t\t<\/a>\n\t\t\t\t<\/div>\n\t\t\t\t\t\t\t\t<\/div>\n\t\t\t\t<\/div>\n\t\t\t\t\t<\/div>\n\t\t<\/div>\n\t\t\t\t\t<\/div>\n\t\t<\/section>\n\t\t<div class=\"elementor-element elementor-element-52129dd e-flex e-con-boxed e-con e-parent\" data-id=\"52129dd\" data-element_type=\"container\" data-e-type=\"container\">\n\t\t\t\t\t<div class=\"e-con-inner\">\n\t\t\t\t<div class=\"elementor-element elementor-element-9d76b1c elementor-widget elementor-widget-spacer\" data-id=\"9d76b1c\" data-element_type=\"widget\" data-e-type=\"widget\" data-widget_type=\"spacer.default\">\n\t\t\t\t<div class=\"elementor-widget-container\">\n\t\t\t\t\t\t\t<div class=\"elementor-spacer\">\n\t\t\t<div class=\"elementor-spacer-inner\"><\/div>\n\t\t<\/div>\n\t\t\t\t\t\t<\/div>\n\t\t\t\t<\/div>\n\t\t\t\t\t<\/div>\n\t\t\t\t<\/div>\n\t\t\t\t<section class=\"elementor-section elementor-top-section elementor-element elementor-element-1e17f72 elementor-section-boxed elementor-section-height-default elementor-section-height-default\" data-id=\"1e17f72\" data-element_type=\"section\" data-e-type=\"section\">\n\t\t\t\t\t\t<div class=\"elementor-container elementor-column-gap-default\">\n\t\t\t\t\t<div class=\"elementor-column elementor-col-50 elementor-top-column elementor-element elementor-element-52b87da\" data-id=\"52b87da\" data-element_type=\"column\" data-e-type=\"column\">\n\t\t\t<div class=\"elementor-widget-wrap elementor-element-populated\">\n\t\t\t\t\t\t<div class=\"elementor-element elementor-element-5cbfe2f elementor-widget elementor-widget-image\" data-id=\"5cbfe2f\" data-element_type=\"widget\" data-e-type=\"widget\" data-widget_type=\"image.default\">\n\t\t\t\t<div class=\"elementor-widget-container\">\n\t\t\t\t\t\t\t\t\t\t\t\t\t\t\t<img decoding=\"async\" width=\"1818\" height=\"1818\" src=\"https:\/\/www.repricer.com\/wp-content\/uploads\/2025\/06\/UltimateGuide_transparent_bg.png\" class=\"attachment-full size-full wp-image-44611\" alt=\"\" srcset=\"https:\/\/www.repricer.com\/wp-content\/uploads\/2025\/06\/UltimateGuide_transparent_bg.png 1818w, https:\/\/www.repricer.com\/wp-content\/uploads\/2025\/06\/UltimateGuide_transparent_bg-300x300.png 300w, https:\/\/www.repricer.com\/wp-content\/uploads\/2025\/06\/UltimateGuide_transparent_bg-1024x1024.png 1024w, https:\/\/www.repricer.com\/wp-content\/uploads\/2025\/06\/UltimateGuide_transparent_bg-150x150.png 150w, https:\/\/www.repricer.com\/wp-content\/uploads\/2025\/06\/UltimateGuide_transparent_bg-768x768.png 768w, https:\/\/www.repricer.com\/wp-content\/uploads\/2025\/06\/UltimateGuide_transparent_bg-1536x1536.png 1536w\" sizes=\"(max-width: 1818px) 100vw, 1818px\" \/>\t\t\t\t\t\t\t\t\t\t\t\t\t\t\t<\/div>\n\t\t\t\t<\/div>\n\t\t\t\t\t<\/div>\n\t\t<\/div>\n\t\t\t\t<div class=\"elementor-column elementor-col-50 elementor-top-column elementor-element elementor-element-7e74ce2\" data-id=\"7e74ce2\" data-element_type=\"column\" data-e-type=\"column\">\n\t\t\t<div class=\"elementor-widget-wrap elementor-element-populated\">\n\t\t\t\t\t\t<div class=\"elementor-element elementor-element-10c0022 elementor-widget elementor-widget-heading\" data-id=\"10c0022\" data-element_type=\"widget\" data-e-type=\"widget\" data-widget_type=\"heading.default\">\n\t\t\t\t<div class=\"elementor-widget-container\">\n\t\t\t\t\t<h2 class=\"elementor-heading-title elementor-size-default\">Der ultimative Leitfaden f\u00fcr Repricing<\/h2>\t\t\t\t<\/div>\n\t\t\t\t<\/div>\n\t\t\t\t<div class=\"elementor-element elementor-element-b9ad11d elementor-widget elementor-widget-text-editor\" data-id=\"b9ad11d\" data-element_type=\"widget\" data-e-type=\"widget\" data-widget_type=\"text-editor.default\">\n\t\t\t\t<div class=\"elementor-widget-container\">\n\t\t\t\t\t\t\t\t\t<p>Die Preisanpassung Ihrer Produkte ist ein grundlegendes Element, das Ihnen helfen kann, wettbewerbsf\u00e4hig zu bleiben, mehr Umsatz zu erzielen und Ihre Gewinnspannen zu verbessern.<\/p><p>Erfahren Sie in unserem kostenlosen eBook, was Repricing ist und wie Sie es nutzen k\u00f6nnen, um Ihr Unternehmen schnell zu vergr\u00f6\u00dfern.<\/p>\t\t\t\t\t\t\t\t<\/div>\n\t\t\t\t<\/div>\n\t\t\t\t<div class=\"elementor-element elementor-element-1a78b72 elementor-align-left elementor-mobile-align-center elementor-widget elementor-widget-button\" data-id=\"1a78b72\" data-element_type=\"widget\" data-e-type=\"widget\" data-widget_type=\"button.default\">\n\t\t\t\t<div class=\"elementor-widget-container\">\n\t\t\t\t\t\t\t\t\t<div class=\"elementor-button-wrapper\">\n\t\t\t\t\t<a class=\"elementor-button elementor-button-link elementor-size-md\" href=\"https:\/\/www.repricer.com\/de\/ultimativer-leitfaden-zum-einpreisen-buch\/\">\n\t\t\t\t\t\t<span class=\"elementor-button-content-wrapper\">\n\t\t\t\t\t\t\t\t\t<span class=\"elementor-button-text\">Sehen Sie sich das hier an<\/span>\n\t\t\t\t\t<\/span>\n\t\t\t\t\t<\/a>\n\t\t\t\t<\/div>\n\t\t\t\t\t\t\t\t<\/div>\n\t\t\t\t<\/div>\n\t\t\t\t\t<\/div>\n\t\t<\/div>\n\t\t\t\t\t<\/div>\n\t\t<\/section>\n\t\t<div class=\"elementor-element elementor-element-66a8e8d e-flex e-con-boxed e-con e-parent\" data-id=\"66a8e8d\" data-element_type=\"container\" data-e-type=\"container\">\n\t\t\t\t\t<div class=\"e-con-inner\">\n\t\t\t\t<div class=\"elementor-element elementor-element-53f8d70 elementor-widget elementor-widget-spacer\" data-id=\"53f8d70\" data-element_type=\"widget\" data-e-type=\"widget\" data-widget_type=\"spacer.default\">\n\t\t\t\t<div class=\"elementor-widget-container\">\n\t\t\t\t\t\t\t<div class=\"elementor-spacer\">\n\t\t\t<div class=\"elementor-spacer-inner\"><\/div>\n\t\t<\/div>\n\t\t\t\t\t\t<\/div>\n\t\t\t\t<\/div>\n\t\t\t\t\t<\/div>\n\t\t\t\t<\/div>\n\t\t\t\t<\/div>\n\t\t","protected":false},"excerpt":{"rendered":"<p>Wie man die Amazon Buy Box gewinnt 85 % aller Amazon-Verk\u00e4ufe laufen \u00fcber die Buy Box, was den Gewinn dieser begehrten Position zum heiligen Gral f\u00fcr Amazon-Verk\u00e4ufer macht. Entdecken Sie die Geheimnisse, wie Sie Ihre Verk\u00e4ufe und Gewinne auf Amazon mit unserem kostenlosen eBook steigern k\u00f6nnen. Sehen Sie sich das hier an Der ultimative Leitfaden [&hellip;]<\/p>\n","protected":false},"author":34,"featured_media":21027,"parent":0,"menu_order":0,"comment_status":"closed","ping_status":"closed","template":"","meta":{"inline_featured_image":false,"footnotes":""},"class_list":["post-11911","page","type-page","status-publish","has-post-thumbnail","hentry"],"yoast_head":"<!-- This site is optimized with the Yoast SEO Premium plugin v27.4 (Yoast SEO v27.5) - https:\/\/yoast.com\/product\/yoast-seo-premium-wordpress\/ -->\n<title>eBooks - Der schnellste Amazon Repricer | Repricer.de<\/title>\n<meta name=\"description\" content=\"Werfen Sie einen Blick auf unsere Liste von eBooks, die Ihnen bei jedem Aspekt Ihres Amazon-Gesch\u00e4fts helfen k\u00f6nnen.\" \/>\n<meta name=\"robots\" content=\"index, follow, max-snippet:-1, max-image-preview:large, max-video-preview:-1\" \/>\n<link rel=\"canonical\" href=\"https:\/\/www.repricer.com\/de\/ebooks\/\" \/>\n<meta property=\"og:locale\" content=\"de_DE\" \/>\n<meta property=\"og:type\" content=\"article\" \/>\n<meta property=\"og:title\" content=\"eBooks\" \/>\n<meta property=\"og:description\" content=\"Werfen Sie einen Blick auf unsere Liste von eBooks, die Ihnen bei jedem Aspekt Ihres Amazon-Gesch\u00e4fts helfen k\u00f6nnen.\" \/>\n<meta property=\"og:url\" content=\"https:\/\/www.repricer.com\/de\/ebooks\/\" \/>\n<meta property=\"og:site_name\" content=\"The Fastest Amazon Repricer | Repricer.com\" \/>\n<meta property=\"article:publisher\" content=\"https:\/\/www.facebook.com\/repricer\" \/>\n<meta property=\"article:modified_time\" content=\"2025-06-26T13:03:00+00:00\" \/>\n<meta property=\"og:image\" content=\"https:\/\/www.repricer.com\/wp-content\/uploads\/2023\/11\/Repricer-eBook-mockup-with-sticker.png\" \/>\n\t<meta property=\"og:image:width\" content=\"1431\" \/>\n\t<meta property=\"og:image:height\" content=\"1542\" \/>\n\t<meta property=\"og:image:type\" content=\"image\/png\" \/>\n<meta name=\"twitter:card\" content=\"summary_large_image\" \/>\n<meta name=\"twitter:site\" content=\"@repricer\" \/>\n<meta name=\"twitter:label1\" content=\"Gesch\u00e4tzte Lesezeit\" \/>\n\t<meta name=\"twitter:data1\" content=\"1\u00a0Minute\" \/>\n<script type=\"application\/ld+json\" class=\"yoast-schema-graph\">{\"@context\":\"https:\\\/\\\/schema.org\",\"@graph\":[{\"@type\":\"WebPage\",\"@id\":\"https:\\\/\\\/www.repricer.com\\\/de\\\/ebooks\\\/\",\"url\":\"https:\\\/\\\/www.repricer.com\\\/de\\\/ebooks\\\/\",\"name\":\"eBooks - Der schnellste Amazon Repricer | Repricer.de\",\"isPartOf\":{\"@id\":\"https:\\\/\\\/www.repricer.com\\\/de\\\/#website\"},\"primaryImageOfPage\":{\"@id\":\"https:\\\/\\\/www.repricer.com\\\/de\\\/ebooks\\\/#primaryimage\"},\"image\":{\"@id\":\"https:\\\/\\\/www.repricer.com\\\/de\\\/ebooks\\\/#primaryimage\"},\"thumbnailUrl\":\"https:\\\/\\\/www.repricer.com\\\/wp-content\\\/uploads\\\/2023\\\/11\\\/Repricer-eBook-mockup-with-sticker.png\",\"datePublished\":\"2023-01-10T14:42:10+00:00\",\"dateModified\":\"2025-06-26T13:03:00+00:00\",\"description\":\"Werfen Sie einen Blick auf unsere Liste von eBooks, die Ihnen bei jedem Aspekt Ihres Amazon-Gesch\u00e4fts helfen k\u00f6nnen.\",\"breadcrumb\":{\"@id\":\"https:\\\/\\\/www.repricer.com\\\/de\\\/ebooks\\\/#breadcrumb\"},\"inLanguage\":\"de\",\"potentialAction\":[{\"@type\":\"ReadAction\",\"target\":[\"https:\\\/\\\/www.repricer.com\\\/de\\\/ebooks\\\/\"]}]},{\"@type\":\"ImageObject\",\"inLanguage\":\"de\",\"@id\":\"https:\\\/\\\/www.repricer.com\\\/de\\\/ebooks\\\/#primaryimage\",\"url\":\"https:\\\/\\\/www.repricer.com\\\/wp-content\\\/uploads\\\/2023\\\/11\\\/Repricer-eBook-mockup-with-sticker.png\",\"contentUrl\":\"https:\\\/\\\/www.repricer.com\\\/wp-content\\\/uploads\\\/2023\\\/11\\\/Repricer-eBook-mockup-with-sticker.png\",\"width\":1431,\"height\":1542,\"caption\":\"Repricer eBook\"},{\"@type\":\"BreadcrumbList\",\"@id\":\"https:\\\/\\\/www.repricer.com\\\/de\\\/ebooks\\\/#breadcrumb\",\"itemListElement\":[{\"@type\":\"ListItem\",\"position\":1,\"name\":\"Home\",\"item\":\"https:\\\/\\\/www.repricer.com\\\/de\\\/home-2\\\/\"},{\"@type\":\"ListItem\",\"position\":2,\"name\":\"eBooks\"}]},{\"@type\":\"WebSite\",\"@id\":\"https:\\\/\\\/www.repricer.com\\\/de\\\/#website\",\"url\":\"https:\\\/\\\/www.repricer.com\\\/de\\\/\",\"name\":\"The Fastest Amazon Repricer | Repricer.com\",\"description\":\"Machen Sie Repricer.com zu Ihrer zentralen Drehscheibe f\u00fcr die Preisgestaltung, indem Sie alle Ihre Verkaufskan\u00e4le verbinden, einschlie\u00dflich Amazon, eBay, Walmart, Shopify und mehr.\",\"publisher\":{\"@id\":\"https:\\\/\\\/www.repricer.com\\\/de\\\/#organization\"},\"potentialAction\":[{\"@type\":\"SearchAction\",\"target\":{\"@type\":\"EntryPoint\",\"urlTemplate\":\"https:\\\/\\\/www.repricer.com\\\/de\\\/?s={search_term_string}\"},\"query-input\":{\"@type\":\"PropertyValueSpecification\",\"valueRequired\":true,\"valueName\":\"search_term_string\"}}],\"inLanguage\":\"de\"},{\"@type\":\"Organization\",\"@id\":\"https:\\\/\\\/www.repricer.com\\\/de\\\/#organization\",\"name\":\"Repricer.com\",\"url\":\"https:\\\/\\\/www.repricer.com\\\/de\\\/\",\"logo\":{\"@type\":\"ImageObject\",\"inLanguage\":\"de\",\"@id\":\"https:\\\/\\\/www.repricer.com\\\/de\\\/#\\\/schema\\\/logo\\\/image\\\/\",\"url\":\"https:\\\/\\\/www.repricer.com\\\/wp-content\\\/uploads\\\/2022\\\/01\\\/updated-repricer-logo-black.png\",\"contentUrl\":\"https:\\\/\\\/www.repricer.com\\\/wp-content\\\/uploads\\\/2022\\\/01\\\/updated-repricer-logo-black.png\",\"width\":481,\"height\":83,\"caption\":\"Repricer.com\"},\"image\":{\"@id\":\"https:\\\/\\\/www.repricer.com\\\/de\\\/#\\\/schema\\\/logo\\\/image\\\/\"},\"sameAs\":[\"https:\\\/\\\/www.facebook.com\\\/repricer\",\"https:\\\/\\\/x.com\\\/repricer\",\"https:\\\/\\\/www.instagram.com\\\/repricer\\\/\",\"https:\\\/\\\/www.youtube.com\\\/channel\\\/UC_pT73zbB2TIA-jS12y93fA\"]}]}<\/script>\n<!-- \/ Yoast SEO Premium plugin. -->","yoast_head_json":{"title":"eBooks - Der schnellste Amazon Repricer | Repricer.de","description":"Werfen Sie einen Blick auf unsere Liste von eBooks, die Ihnen bei jedem Aspekt Ihres Amazon-Gesch\u00e4fts helfen k\u00f6nnen.","robots":{"index":"index","follow":"follow","max-snippet":"max-snippet:-1","max-image-preview":"max-image-preview:large","max-video-preview":"max-video-preview:-1"},"canonical":"https:\/\/www.repricer.com\/de\/ebooks\/","og_locale":"de_DE","og_type":"article","og_title":"eBooks","og_description":"Werfen Sie einen Blick auf unsere Liste von eBooks, die Ihnen bei jedem Aspekt Ihres Amazon-Gesch\u00e4fts helfen k\u00f6nnen.","og_url":"https:\/\/www.repricer.com\/de\/ebooks\/","og_site_name":"The Fastest Amazon Repricer | Repricer.com","article_publisher":"https:\/\/www.facebook.com\/repricer","article_modified_time":"2025-06-26T13:03:00+00:00","og_image":[{"width":1431,"height":1542,"url":"https:\/\/www.repricer.com\/wp-content\/uploads\/2023\/11\/Repricer-eBook-mockup-with-sticker.png","type":"image\/png"}],"twitter_card":"summary_large_image","twitter_site":"@repricer","twitter_misc":{"Gesch\u00e4tzte Lesezeit":"1\u00a0Minute"},"schema":{"@context":"https:\/\/schema.org","@graph":[{"@type":"WebPage","@id":"https:\/\/www.repricer.com\/de\/ebooks\/","url":"https:\/\/www.repricer.com\/de\/ebooks\/","name":"eBooks - Der schnellste Amazon Repricer | Repricer.de","isPartOf":{"@id":"https:\/\/www.repricer.com\/de\/#website"},"primaryImageOfPage":{"@id":"https:\/\/www.repricer.com\/de\/ebooks\/#primaryimage"},"image":{"@id":"https:\/\/www.repricer.com\/de\/ebooks\/#primaryimage"},"thumbnailUrl":"https:\/\/www.repricer.com\/wp-content\/uploads\/2023\/11\/Repricer-eBook-mockup-with-sticker.png","datePublished":"2023-01-10T14:42:10+00:00","dateModified":"2025-06-26T13:03:00+00:00","description":"Werfen Sie einen Blick auf unsere Liste von eBooks, die Ihnen bei jedem Aspekt Ihres Amazon-Gesch\u00e4fts helfen k\u00f6nnen.","breadcrumb":{"@id":"https:\/\/www.repricer.com\/de\/ebooks\/#breadcrumb"},"inLanguage":"de","potentialAction":[{"@type":"ReadAction","target":["https:\/\/www.repricer.com\/de\/ebooks\/"]}]},{"@type":"ImageObject","inLanguage":"de","@id":"https:\/\/www.repricer.com\/de\/ebooks\/#primaryimage","url":"https:\/\/www.repricer.com\/wp-content\/uploads\/2023\/11\/Repricer-eBook-mockup-with-sticker.png","contentUrl":"https:\/\/www.repricer.com\/wp-content\/uploads\/2023\/11\/Repricer-eBook-mockup-with-sticker.png","width":1431,"height":1542,"caption":"Repricer eBook"},{"@type":"BreadcrumbList","@id":"https:\/\/www.repricer.com\/de\/ebooks\/#breadcrumb","itemListElement":[{"@type":"ListItem","position":1,"name":"Home","item":"https:\/\/www.repricer.com\/de\/home-2\/"},{"@type":"ListItem","position":2,"name":"eBooks"}]},{"@type":"WebSite","@id":"https:\/\/www.repricer.com\/de\/#website","url":"https:\/\/www.repricer.com\/de\/","name":"The Fastest Amazon Repricer | Repricer.com","description":"Machen Sie Repricer.com zu Ihrer zentralen Drehscheibe f\u00fcr die Preisgestaltung, indem Sie alle Ihre Verkaufskan\u00e4le verbinden, einschlie\u00dflich Amazon, eBay, Walmart, Shopify und mehr.","publisher":{"@id":"https:\/\/www.repricer.com\/de\/#organization"},"potentialAction":[{"@type":"SearchAction","target":{"@type":"EntryPoint","urlTemplate":"https:\/\/www.repricer.com\/de\/?s={search_term_string}"},"query-input":{"@type":"PropertyValueSpecification","valueRequired":true,"valueName":"search_term_string"}}],"inLanguage":"de"},{"@type":"Organization","@id":"https:\/\/www.repricer.com\/de\/#organization","name":"Repricer.com","url":"https:\/\/www.repricer.com\/de\/","logo":{"@type":"ImageObject","inLanguage":"de","@id":"https:\/\/www.repricer.com\/de\/#\/schema\/logo\/image\/","url":"https:\/\/www.repricer.com\/wp-content\/uploads\/2022\/01\/updated-repricer-logo-black.png","contentUrl":"https:\/\/www.repricer.com\/wp-content\/uploads\/2022\/01\/updated-repricer-logo-black.png","width":481,"height":83,"caption":"Repricer.com"},"image":{"@id":"https:\/\/www.repricer.com\/de\/#\/schema\/logo\/image\/"},"sameAs":["https:\/\/www.facebook.com\/repricer","https:\/\/x.com\/repricer","https:\/\/www.instagram.com\/repricer\/","https:\/\/www.youtube.com\/channel\/UC_pT73zbB2TIA-jS12y93fA"]}]}},"_links":{"self":[{"href":"https:\/\/www.repricer.com\/de\/wp-json\/wp\/v2\/pages\/11911","targetHints":{"allow":["GET"]}}],"collection":[{"href":"https:\/\/www.repricer.com\/de\/wp-json\/wp\/v2\/pages"}],"about":[{"href":"https:\/\/www.repricer.com\/de\/wp-json\/wp\/v2\/types\/page"}],"author":[{"embeddable":true,"href":"https:\/\/www.repricer.com\/de\/wp-json\/wp\/v2\/users\/34"}],"replies":[{"embeddable":true,"href":"https:\/\/www.repricer.com\/de\/wp-json\/wp\/v2\/comments?post=11911"}],"version-history":[{"count":3,"href":"https:\/\/www.repricer.com\/de\/wp-json\/wp\/v2\/pages\/11911\/revisions"}],"predecessor-version":[{"id":44620,"href":"https:\/\/www.repricer.com\/de\/wp-json\/wp\/v2\/pages\/11911\/revisions\/44620"}],"wp:featuredmedia":[{"embeddable":true,"href":"https:\/\/www.repricer.com\/de\/wp-json\/wp\/v2\/media\/21027"}],"wp:attachment":[{"href":"https:\/\/www.repricer.com\/de\/wp-json\/wp\/v2\/media?parent=11911"}],"curies":[{"name":"wp","href":"https:\/\/api.w.org\/{rel}","templated":true}]}}