{"id":12931,"date":"2023-05-22T09:58:37","date_gmt":"2023-05-22T09:58:37","guid":{"rendered":"https:\/\/repricer.kinsta.cloud\/danum-fulfilment-services\/"},"modified":"2025-06-05T09:41:30","modified_gmt":"2025-06-05T09:41:30","slug":"danum-fulfilment-services","status":"publish","type":"page","link":"https:\/\/www.repricer.com\/de\/danum-fulfilment-services\/","title":{"rendered":"Danum Fulfilment Services Partner Seite"},"content":{"rendered":"\t\t<div data-elementor-type=\"wp-page\" data-elementor-id=\"12931\" class=\"elementor elementor-12931 elementor-12898\" data-elementor-post-type=\"page\">\n\t\t\t\t\t\t<section class=\"elementor-section elementor-top-section elementor-element elementor-element-c7e55b7 elementor-section-boxed elementor-section-height-default elementor-section-height-default\" data-id=\"c7e55b7\" data-element_type=\"section\" data-e-type=\"section\">\n\t\t\t\t\t\t<div class=\"elementor-container elementor-column-gap-default\">\n\t\t\t\t\t<div class=\"elementor-column elementor-col-100 elementor-top-column elementor-element elementor-element-d9d5ed6\" data-id=\"d9d5ed6\" data-element_type=\"column\" data-e-type=\"column\">\n\t\t\t<div class=\"elementor-widget-wrap elementor-element-populated\">\n\t\t\t\t\t\t<div class=\"elementor-element elementor-element-aef701a elementor-widget elementor-widget-spacer\" data-id=\"aef701a\" data-element_type=\"widget\" data-e-type=\"widget\" data-widget_type=\"spacer.default\">\n\t\t\t\t<div class=\"elementor-widget-container\">\n\t\t\t\t\t\t\t<div class=\"elementor-spacer\">\n\t\t\t<div class=\"elementor-spacer-inner\"><\/div>\n\t\t<\/div>\n\t\t\t\t\t\t<\/div>\n\t\t\t\t<\/div>\n\t\t\t\t\t<\/div>\n\t\t<\/div>\n\t\t\t\t\t<\/div>\n\t\t<\/section>\n\t\t\t\t<section class=\"elementor-section elementor-top-section elementor-element elementor-element-e5a4c66 elementor-section-boxed elementor-section-height-default elementor-section-height-default\" data-id=\"e5a4c66\" data-element_type=\"section\" data-e-type=\"section\">\n\t\t\t\t\t\t<div class=\"elementor-container elementor-column-gap-default\">\n\t\t\t\t\t<div class=\"elementor-column elementor-col-50 elementor-top-column elementor-element elementor-element-567b133\" data-id=\"567b133\" data-element_type=\"column\" data-e-type=\"column\">\n\t\t\t<div class=\"elementor-widget-wrap elementor-element-populated\">\n\t\t\t\t\t\t<div class=\"elementor-element elementor-element-4353d99 elementor-widget elementor-widget-image\" data-id=\"4353d99\" data-element_type=\"widget\" data-e-type=\"widget\" data-widget_type=\"image.default\">\n\t\t\t\t<div class=\"elementor-widget-container\">\n\t\t\t\t\t\t\t\t\t\t\t\t\t\t\t<img fetchpriority=\"high\" decoding=\"async\" width=\"2560\" height=\"974\" src=\"https:\/\/www.repricer.com\/wp-content\/uploads\/2024\/02\/Danum-Logo-v2.0-scaled.jpg\" class=\"attachment-full size-full wp-image-22868\" alt=\"Danum Logo\" srcset=\"https:\/\/www.repricer.com\/wp-content\/uploads\/2024\/02\/Danum-Logo-v2.0-scaled.jpg 2560w, https:\/\/www.repricer.com\/wp-content\/uploads\/2024\/02\/Danum-Logo-v2.0-300x114.jpg 300w, https:\/\/www.repricer.com\/wp-content\/uploads\/2024\/02\/Danum-Logo-v2.0-1024x390.jpg 1024w, https:\/\/www.repricer.com\/wp-content\/uploads\/2024\/02\/Danum-Logo-v2.0-768x292.jpg 768w, https:\/\/www.repricer.com\/wp-content\/uploads\/2024\/02\/Danum-Logo-v2.0-1536x584.jpg 1536w, https:\/\/www.repricer.com\/wp-content\/uploads\/2024\/02\/Danum-Logo-v2.0-2048x779.jpg 2048w\" sizes=\"(max-width: 2560px) 100vw, 2560px\" \/>\t\t\t\t\t\t\t\t\t\t\t\t\t\t\t<\/div>\n\t\t\t\t<\/div>\n\t\t\t\t<div class=\"elementor-element elementor-element-60173bc elementor-widget elementor-widget-spacer\" data-id=\"60173bc\" data-element_type=\"widget\" data-e-type=\"widget\" data-widget_type=\"spacer.default\">\n\t\t\t\t<div class=\"elementor-widget-container\">\n\t\t\t\t\t\t\t<div class=\"elementor-spacer\">\n\t\t\t<div class=\"elementor-spacer-inner\"><\/div>\n\t\t<\/div>\n\t\t\t\t\t\t<\/div>\n\t\t\t\t<\/div>\n\t\t\t\t<section class=\"elementor-section elementor-inner-section elementor-element elementor-element-915df8d elementor-section-boxed elementor-section-height-default elementor-section-height-default\" data-id=\"915df8d\" data-element_type=\"section\" data-e-type=\"section\">\n\t\t\t\t\t\t<div class=\"elementor-container elementor-column-gap-default\">\n\t\t\t\t\t<div class=\"elementor-column elementor-col-50 elementor-inner-column elementor-element elementor-element-9d3cbed\" data-id=\"9d3cbed\" data-element_type=\"column\" data-e-type=\"column\">\n\t\t\t<div class=\"elementor-widget-wrap elementor-element-populated\">\n\t\t\t\t\t\t<div class=\"elementor-element elementor-element-0ba206e elementor-view-default elementor-widget elementor-widget-icon\" data-id=\"0ba206e\" data-element_type=\"widget\" data-e-type=\"widget\" data-widget_type=\"icon.default\">\n\t\t\t\t<div class=\"elementor-widget-container\">\n\t\t\t\t\t\t\t<div class=\"elementor-icon-wrapper\">\n\t\t\t<div class=\"elementor-icon\">\n\t\t\t<i aria-hidden=\"true\" class=\"fas fa-map-marker-alt\"><\/i>\t\t\t<\/div>\n\t\t<\/div>\n\t\t\t\t\t\t<\/div>\n\t\t\t\t<\/div>\n\t\t\t\t\t<\/div>\n\t\t<\/div>\n\t\t\t\t<div class=\"elementor-column elementor-col-50 elementor-inner-column elementor-element elementor-element-0557044\" data-id=\"0557044\" data-element_type=\"column\" data-e-type=\"column\">\n\t\t\t<div class=\"elementor-widget-wrap elementor-element-populated\">\n\t\t\t\t\t\t<div class=\"elementor-element elementor-element-2472255 elementor-widget elementor-widget-heading\" data-id=\"2472255\" data-element_type=\"widget\" data-e-type=\"widget\" data-widget_type=\"heading.default\">\n\t\t\t\t<div class=\"elementor-widget-container\">\n\t\t\t\t\t<h5 class=\"elementor-heading-title elementor-size-default\">South Yorkshire, Vereinigtes K\u00f6nigreich<\/h5>\t\t\t\t<\/div>\n\t\t\t\t<\/div>\n\t\t\t\t\t<\/div>\n\t\t<\/div>\n\t\t\t\t\t<\/div>\n\t\t<\/section>\n\t\t\t\t\t<\/div>\n\t\t<\/div>\n\t\t\t\t<div class=\"elementor-column elementor-col-50 elementor-top-column elementor-element elementor-element-8d9edf1\" data-id=\"8d9edf1\" data-element_type=\"column\" data-e-type=\"column\">\n\t\t\t<div class=\"elementor-widget-wrap\">\n\t\t\t\t\t\t\t<\/div>\n\t\t<\/div>\n\t\t\t\t\t<\/div>\n\t\t<\/section>\n\t\t\t\t<section class=\"elementor-section elementor-top-section elementor-element elementor-element-976ded2 elementor-section-boxed elementor-section-height-default elementor-section-height-default\" data-id=\"976ded2\" data-element_type=\"section\" data-e-type=\"section\">\n\t\t\t\t\t\t<div class=\"elementor-container elementor-column-gap-default\">\n\t\t\t\t\t<div class=\"elementor-column elementor-col-100 elementor-top-column elementor-element elementor-element-ce4ebc9\" data-id=\"ce4ebc9\" data-element_type=\"column\" data-e-type=\"column\">\n\t\t\t<div class=\"elementor-widget-wrap elementor-element-populated\">\n\t\t\t\t\t\t<div class=\"elementor-element elementor-element-af4bc64 elementor-widget elementor-widget-spacer\" data-id=\"af4bc64\" data-element_type=\"widget\" data-e-type=\"widget\" data-widget_type=\"spacer.default\">\n\t\t\t\t<div class=\"elementor-widget-container\">\n\t\t\t\t\t\t\t<div class=\"elementor-spacer\">\n\t\t\t<div class=\"elementor-spacer-inner\"><\/div>\n\t\t<\/div>\n\t\t\t\t\t\t<\/div>\n\t\t\t\t<\/div>\n\t\t\t\t<div class=\"elementor-element elementor-element-2e05265 elementor-widget elementor-widget-heading\" data-id=\"2e05265\" data-element_type=\"widget\" data-e-type=\"widget\" data-widget_type=\"heading.default\">\n\t\t\t\t<div class=\"elementor-widget-container\">\n\t\t\t\t\t<h4 class=\"elementor-heading-title elementor-size-default\">\u00dcber Danum Fulfilment Services<\/h4>\t\t\t\t<\/div>\n\t\t\t\t<\/div>\n\t\t\t\t\t<\/div>\n\t\t<\/div>\n\t\t\t\t\t<\/div>\n\t\t<\/section>\n\t\t\t\t<section class=\"elementor-section elementor-top-section elementor-element elementor-element-60e056d elementor-section-boxed elementor-section-height-default elementor-section-height-default\" data-id=\"60e056d\" data-element_type=\"section\" data-e-type=\"section\">\n\t\t\t\t\t\t<div class=\"elementor-container elementor-column-gap-default\">\n\t\t\t\t\t<div class=\"elementor-column elementor-col-100 elementor-top-column elementor-element elementor-element-44b01f8\" data-id=\"44b01f8\" data-element_type=\"column\" data-e-type=\"column\">\n\t\t\t<div class=\"elementor-widget-wrap elementor-element-populated\">\n\t\t\t\t\t\t<div class=\"elementor-element elementor-element-e0cb1fe elementor-widget elementor-widget-text-editor\" data-id=\"e0cb1fe\" data-element_type=\"widget\" data-e-type=\"widget\" data-widget_type=\"text-editor.default\">\n\t\t\t\t<div class=\"elementor-widget-container\">\n\t\t\t\t\t\t\t\t\t<p>Danum Fulfilment Services hat seinen Sitz in South Yorkshire, Gro\u00dfbritannien, und bietet ein umfassendes Angebot an Fulfillment- und Vorbereitungsl\u00f6sungen mit viel Liebe zum Detail.<\/p><p>Zu \u00e4u\u00dferst wettbewerbsf\u00e4higen Preisen werden Ihre Gewinnspannen erheblich verbessert, ohne dass Sie Abstriche bei Geschwindigkeit oder Qualit\u00e4t machen m\u00fcssen. Als erfolgreiche Amazon-Verk\u00e4ufer und Online-H\u00e4ndler ist das Team hinter Danum bereit, Ihr Gesch\u00e4ft auf die n\u00e4chste Stufe zu heben.<\/p>\t\t\t\t\t\t\t\t<\/div>\n\t\t\t\t<\/div>\n\t\t\t\t<div class=\"elementor-element elementor-element-38d5ec2 elementor-widget elementor-widget-heading\" data-id=\"38d5ec2\" data-element_type=\"widget\" data-e-type=\"widget\" data-widget_type=\"heading.default\">\n\t\t\t\t<div class=\"elementor-widget-container\">\n\t\t\t\t\t<h5 class=\"elementor-heading-title elementor-size-default\">** Repricer-Sonderangebot **<\/h5>\t\t\t\t<\/div>\n\t\t\t\t<\/div>\n\t\t\t\t<div class=\"elementor-element elementor-element-c1430ad elementor-widget elementor-widget-text-editor\" data-id=\"c1430ad\" data-element_type=\"widget\" data-e-type=\"widget\" data-widget_type=\"text-editor.default\">\n\t\t\t\t<div class=\"elementor-widget-container\">\n\t\t\t\t\t\t\t\t\t<p>Den Kunden wird eine Rechnungsgutschrift in H\u00f6he von 500 \u00a3 angeboten, die im ersten Quartal der Gesch\u00e4ftst\u00e4tigkeit mit Danum Fulfilment Services eingel\u00f6st werden kann. Dieser wird automatisch von den Rechnungen abgezogen, bis das Guthaben aufgebraucht ist.<\/p><p>Zus\u00e4tzlich bis zu 60 Tage kostenloser Speicherplatz f\u00fcr 1 Jahr. Dieses Angebot ist bis Ende 2024 g\u00fcltig.<\/p><p>Das Onboarding ist KOSTENLOS, wenn Sie sich mit Danum in Verbindung setzen, um Ihre Produktdaten f\u00fcr die Bestandskontrolle, das Anbringen von Etiketten usw. zu vervollst\u00e4ndigen.<\/p><p>Nutzen Sie dieses Sonderangebot, indem Sie eine E-Mail an <a href=\"mailto:info@danum3pl.com\" target=\"_blank\" rel=\"noopener\">info@danum3pl.com<\/a> mit dem Stichwort <strong>REP500<\/strong> senden.<\/p>\t\t\t\t\t\t\t\t<\/div>\n\t\t\t\t<\/div>\n\t\t\t\t<div class=\"elementor-element elementor-element-eb907f2 elementor-mobile-align-center elementor-widget elementor-widget-button\" data-id=\"eb907f2\" data-element_type=\"widget\" data-e-type=\"widget\" data-widget_type=\"button.default\">\n\t\t\t\t<div class=\"elementor-widget-container\">\n\t\t\t\t\t\t\t\t\t<div class=\"elementor-button-wrapper\">\n\t\t\t\t\t<a class=\"elementor-button elementor-button-link elementor-size-md\" href=\"https:\/\/www.danum3pl.com\" target=\"_blank\">\n\t\t\t\t\t\t<span class=\"elementor-button-content-wrapper\">\n\t\t\t\t\t\t\t\t\t<span class=\"elementor-button-text\">Besuchen Sie Danum Fulfilment Services<\/span>\n\t\t\t\t\t<\/span>\n\t\t\t\t\t<\/a>\n\t\t\t\t<\/div>\n\t\t\t\t\t\t\t\t<\/div>\n\t\t\t\t<\/div>\n\t\t\t\t\t<\/div>\n\t\t<\/div>\n\t\t\t\t\t<\/div>\n\t\t<\/section>\n\t\t\t\t<\/div>\n\t\t","protected":false},"excerpt":{"rendered":"<p>South Yorkshire, Vereinigtes K\u00f6nigreich \u00dcber Danum Fulfilment Services Danum Fulfilment Services hat seinen Sitz in South Yorkshire, Gro\u00dfbritannien, und bietet ein umfassendes Angebot an Fulfillment- und Vorbereitungsl\u00f6sungen mit viel Liebe zum Detail. Zu \u00e4u\u00dferst wettbewerbsf\u00e4higen Preisen werden Ihre Gewinnspannen erheblich verbessert, ohne dass Sie Abstriche bei Geschwindigkeit oder Qualit\u00e4t machen m\u00fcssen. Als erfolgreiche Amazon-Verk\u00e4ufer und [&hellip;]<\/p>\n","protected":false},"author":34,"featured_media":20210,"parent":0,"menu_order":0,"comment_status":"closed","ping_status":"closed","template":"","meta":{"inline_featured_image":false,"footnotes":""},"class_list":["post-12931","page","type-page","status-publish","has-post-thumbnail","hentry"],"yoast_head":"<!-- This site is optimized with the Yoast SEO Premium plugin v27.4 (Yoast SEO v27.5) - https:\/\/yoast.com\/product\/yoast-seo-premium-wordpress\/ -->\n<title>Danum Fulfilment Services Partner Seite<\/title>\n<meta name=\"description\" content=\"Repricer.com ist die Nr.1 Amazon Repricer, der Online-Verk\u00e4ufern hilft, ihre Preisstrategie zu optimieren, um Umsatz und Gewinn zu steigern!\" \/>\n<meta name=\"robots\" content=\"noindex, nofollow\" \/>\n<meta property=\"og:locale\" content=\"de_DE\" \/>\n<meta property=\"og:type\" content=\"article\" \/>\n<meta property=\"og:title\" content=\"Danum Fulfilment Services Partner Seite\" \/>\n<meta property=\"og:description\" content=\"Repricer.com ist die Nr.1 Amazon Repricer, der Online-Verk\u00e4ufern hilft, ihre Preisstrategie zu optimieren, um Umsatz und Gewinn zu steigern!\" \/>\n<meta property=\"og:url\" content=\"https:\/\/www.repricer.com\/de\/danum-fulfilment-services\/\" \/>\n<meta property=\"og:site_name\" content=\"The Fastest Amazon Repricer | Repricer.com\" \/>\n<meta property=\"article:publisher\" content=\"https:\/\/www.facebook.com\/repricer\" \/>\n<meta property=\"article:modified_time\" content=\"2025-06-05T09:41:30+00:00\" \/>\n<meta property=\"og:image\" content=\"https:\/\/www.repricer.com\/wp-content\/uploads\/2023\/11\/repricer-vector-logo.png\" \/>\n\t<meta property=\"og:image:width\" content=\"1080\" \/>\n\t<meta property=\"og:image:height\" content=\"1080\" \/>\n\t<meta property=\"og:image:type\" content=\"image\/png\" \/>\n<meta name=\"twitter:card\" content=\"summary_large_image\" \/>\n<meta name=\"twitter:site\" content=\"@repricer\" \/>\n<meta name=\"twitter:label1\" content=\"Gesch\u00e4tzte Lesezeit\" \/>\n\t<meta name=\"twitter:data1\" content=\"1\u00a0Minute\" \/>\n<script type=\"application\/ld+json\" class=\"yoast-schema-graph\">{\"@context\":\"https:\\\/\\\/schema.org\",\"@graph\":[{\"@type\":\"WebPage\",\"@id\":\"https:\\\/\\\/www.repricer.com\\\/de\\\/danum-fulfilment-services\\\/\",\"url\":\"https:\\\/\\\/www.repricer.com\\\/de\\\/danum-fulfilment-services\\\/\",\"name\":\"Danum Fulfilment Services Partner Seite\",\"isPartOf\":{\"@id\":\"https:\\\/\\\/www.repricer.com\\\/de\\\/#website\"},\"primaryImageOfPage\":{\"@id\":\"https:\\\/\\\/www.repricer.com\\\/de\\\/danum-fulfilment-services\\\/#primaryimage\"},\"image\":{\"@id\":\"https:\\\/\\\/www.repricer.com\\\/de\\\/danum-fulfilment-services\\\/#primaryimage\"},\"thumbnailUrl\":\"https:\\\/\\\/www.repricer.com\\\/wp-content\\\/uploads\\\/2023\\\/11\\\/repricer-vector-logo.png\",\"datePublished\":\"2023-05-22T09:58:37+00:00\",\"dateModified\":\"2025-06-05T09:41:30+00:00\",\"description\":\"Repricer.com ist die Nr.1 Amazon Repricer, der Online-Verk\u00e4ufern hilft, ihre Preisstrategie zu optimieren, um Umsatz und Gewinn zu steigern!\",\"breadcrumb\":{\"@id\":\"https:\\\/\\\/www.repricer.com\\\/de\\\/danum-fulfilment-services\\\/#breadcrumb\"},\"inLanguage\":\"de\",\"potentialAction\":[{\"@type\":\"ReadAction\",\"target\":[\"https:\\\/\\\/www.repricer.com\\\/de\\\/danum-fulfilment-services\\\/\"]}]},{\"@type\":\"ImageObject\",\"inLanguage\":\"de\",\"@id\":\"https:\\\/\\\/www.repricer.com\\\/de\\\/danum-fulfilment-services\\\/#primaryimage\",\"url\":\"https:\\\/\\\/www.repricer.com\\\/wp-content\\\/uploads\\\/2023\\\/11\\\/repricer-vector-logo.png\",\"contentUrl\":\"https:\\\/\\\/www.repricer.com\\\/wp-content\\\/uploads\\\/2023\\\/11\\\/repricer-vector-logo.png\",\"width\":1080,\"height\":1080},{\"@type\":\"BreadcrumbList\",\"@id\":\"https:\\\/\\\/www.repricer.com\\\/de\\\/danum-fulfilment-services\\\/#breadcrumb\",\"itemListElement\":[{\"@type\":\"ListItem\",\"position\":1,\"name\":\"Home\",\"item\":\"https:\\\/\\\/www.repricer.com\\\/de\\\/home-2\\\/\"},{\"@type\":\"ListItem\",\"position\":2,\"name\":\"Danum Fulfilment Services Partner Seite\"}]},{\"@type\":\"WebSite\",\"@id\":\"https:\\\/\\\/www.repricer.com\\\/de\\\/#website\",\"url\":\"https:\\\/\\\/www.repricer.com\\\/de\\\/\",\"name\":\"The Fastest Amazon Repricer | Repricer.com\",\"description\":\"Machen Sie Repricer.com zu Ihrer zentralen Drehscheibe f\u00fcr die Preisgestaltung, indem Sie alle Ihre Verkaufskan\u00e4le verbinden, einschlie\u00dflich Amazon, eBay, Walmart, Shopify und mehr.\",\"publisher\":{\"@id\":\"https:\\\/\\\/www.repricer.com\\\/de\\\/#organization\"},\"potentialAction\":[{\"@type\":\"SearchAction\",\"target\":{\"@type\":\"EntryPoint\",\"urlTemplate\":\"https:\\\/\\\/www.repricer.com\\\/de\\\/?s={search_term_string}\"},\"query-input\":{\"@type\":\"PropertyValueSpecification\",\"valueRequired\":true,\"valueName\":\"search_term_string\"}}],\"inLanguage\":\"de\"},{\"@type\":\"Organization\",\"@id\":\"https:\\\/\\\/www.repricer.com\\\/de\\\/#organization\",\"name\":\"Repricer.com\",\"url\":\"https:\\\/\\\/www.repricer.com\\\/de\\\/\",\"logo\":{\"@type\":\"ImageObject\",\"inLanguage\":\"de\",\"@id\":\"https:\\\/\\\/www.repricer.com\\\/de\\\/#\\\/schema\\\/logo\\\/image\\\/\",\"url\":\"https:\\\/\\\/www.repricer.com\\\/wp-content\\\/uploads\\\/2022\\\/01\\\/updated-repricer-logo-black.png\",\"contentUrl\":\"https:\\\/\\\/www.repricer.com\\\/wp-content\\\/uploads\\\/2022\\\/01\\\/updated-repricer-logo-black.png\",\"width\":481,\"height\":83,\"caption\":\"Repricer.com\"},\"image\":{\"@id\":\"https:\\\/\\\/www.repricer.com\\\/de\\\/#\\\/schema\\\/logo\\\/image\\\/\"},\"sameAs\":[\"https:\\\/\\\/www.facebook.com\\\/repricer\",\"https:\\\/\\\/x.com\\\/repricer\",\"https:\\\/\\\/www.instagram.com\\\/repricer\\\/\",\"https:\\\/\\\/www.youtube.com\\\/channel\\\/UC_pT73zbB2TIA-jS12y93fA\"]}]}<\/script>\n<!-- \/ Yoast SEO Premium plugin. -->","yoast_head_json":{"title":"Danum Fulfilment Services Partner Seite","description":"Repricer.com ist die Nr.1 Amazon Repricer, der Online-Verk\u00e4ufern hilft, ihre Preisstrategie zu optimieren, um Umsatz und Gewinn zu steigern!","robots":{"index":"noindex","follow":"nofollow"},"og_locale":"de_DE","og_type":"article","og_title":"Danum Fulfilment Services Partner Seite","og_description":"Repricer.com ist die Nr.1 Amazon Repricer, der Online-Verk\u00e4ufern hilft, ihre Preisstrategie zu optimieren, um Umsatz und Gewinn zu steigern!","og_url":"https:\/\/www.repricer.com\/de\/danum-fulfilment-services\/","og_site_name":"The Fastest Amazon Repricer | Repricer.com","article_publisher":"https:\/\/www.facebook.com\/repricer","article_modified_time":"2025-06-05T09:41:30+00:00","og_image":[{"width":1080,"height":1080,"url":"https:\/\/www.repricer.com\/wp-content\/uploads\/2023\/11\/repricer-vector-logo.png","type":"image\/png"}],"twitter_card":"summary_large_image","twitter_site":"@repricer","twitter_misc":{"Gesch\u00e4tzte Lesezeit":"1\u00a0Minute"},"schema":{"@context":"https:\/\/schema.org","@graph":[{"@type":"WebPage","@id":"https:\/\/www.repricer.com\/de\/danum-fulfilment-services\/","url":"https:\/\/www.repricer.com\/de\/danum-fulfilment-services\/","name":"Danum Fulfilment Services Partner Seite","isPartOf":{"@id":"https:\/\/www.repricer.com\/de\/#website"},"primaryImageOfPage":{"@id":"https:\/\/www.repricer.com\/de\/danum-fulfilment-services\/#primaryimage"},"image":{"@id":"https:\/\/www.repricer.com\/de\/danum-fulfilment-services\/#primaryimage"},"thumbnailUrl":"https:\/\/www.repricer.com\/wp-content\/uploads\/2023\/11\/repricer-vector-logo.png","datePublished":"2023-05-22T09:58:37+00:00","dateModified":"2025-06-05T09:41:30+00:00","description":"Repricer.com ist die Nr.1 Amazon Repricer, der Online-Verk\u00e4ufern hilft, ihre Preisstrategie zu optimieren, um Umsatz und Gewinn zu steigern!","breadcrumb":{"@id":"https:\/\/www.repricer.com\/de\/danum-fulfilment-services\/#breadcrumb"},"inLanguage":"de","potentialAction":[{"@type":"ReadAction","target":["https:\/\/www.repricer.com\/de\/danum-fulfilment-services\/"]}]},{"@type":"ImageObject","inLanguage":"de","@id":"https:\/\/www.repricer.com\/de\/danum-fulfilment-services\/#primaryimage","url":"https:\/\/www.repricer.com\/wp-content\/uploads\/2023\/11\/repricer-vector-logo.png","contentUrl":"https:\/\/www.repricer.com\/wp-content\/uploads\/2023\/11\/repricer-vector-logo.png","width":1080,"height":1080},{"@type":"BreadcrumbList","@id":"https:\/\/www.repricer.com\/de\/danum-fulfilment-services\/#breadcrumb","itemListElement":[{"@type":"ListItem","position":1,"name":"Home","item":"https:\/\/www.repricer.com\/de\/home-2\/"},{"@type":"ListItem","position":2,"name":"Danum Fulfilment Services Partner Seite"}]},{"@type":"WebSite","@id":"https:\/\/www.repricer.com\/de\/#website","url":"https:\/\/www.repricer.com\/de\/","name":"The Fastest Amazon Repricer | Repricer.com","description":"Machen Sie Repricer.com zu Ihrer zentralen Drehscheibe f\u00fcr die Preisgestaltung, indem Sie alle Ihre Verkaufskan\u00e4le verbinden, einschlie\u00dflich Amazon, eBay, Walmart, Shopify und mehr.","publisher":{"@id":"https:\/\/www.repricer.com\/de\/#organization"},"potentialAction":[{"@type":"SearchAction","target":{"@type":"EntryPoint","urlTemplate":"https:\/\/www.repricer.com\/de\/?s={search_term_string}"},"query-input":{"@type":"PropertyValueSpecification","valueRequired":true,"valueName":"search_term_string"}}],"inLanguage":"de"},{"@type":"Organization","@id":"https:\/\/www.repricer.com\/de\/#organization","name":"Repricer.com","url":"https:\/\/www.repricer.com\/de\/","logo":{"@type":"ImageObject","inLanguage":"de","@id":"https:\/\/www.repricer.com\/de\/#\/schema\/logo\/image\/","url":"https:\/\/www.repricer.com\/wp-content\/uploads\/2022\/01\/updated-repricer-logo-black.png","contentUrl":"https:\/\/www.repricer.com\/wp-content\/uploads\/2022\/01\/updated-repricer-logo-black.png","width":481,"height":83,"caption":"Repricer.com"},"image":{"@id":"https:\/\/www.repricer.com\/de\/#\/schema\/logo\/image\/"},"sameAs":["https:\/\/www.facebook.com\/repricer","https:\/\/x.com\/repricer","https:\/\/www.instagram.com\/repricer\/","https:\/\/www.youtube.com\/channel\/UC_pT73zbB2TIA-jS12y93fA"]}]}},"_links":{"self":[{"href":"https:\/\/www.repricer.com\/de\/wp-json\/wp\/v2\/pages\/12931","targetHints":{"allow":["GET"]}}],"collection":[{"href":"https:\/\/www.repricer.com\/de\/wp-json\/wp\/v2\/pages"}],"about":[{"href":"https:\/\/www.repricer.com\/de\/wp-json\/wp\/v2\/types\/page"}],"author":[{"embeddable":true,"href":"https:\/\/www.repricer.com\/de\/wp-json\/wp\/v2\/users\/34"}],"replies":[{"embeddable":true,"href":"https:\/\/www.repricer.com\/de\/wp-json\/wp\/v2\/comments?post=12931"}],"version-history":[{"count":2,"href":"https:\/\/www.repricer.com\/de\/wp-json\/wp\/v2\/pages\/12931\/revisions"}],"predecessor-version":[{"id":42943,"href":"https:\/\/www.repricer.com\/de\/wp-json\/wp\/v2\/pages\/12931\/revisions\/42943"}],"wp:featuredmedia":[{"embeddable":true,"href":"https:\/\/www.repricer.com\/de\/wp-json\/wp\/v2\/media\/20210"}],"wp:attachment":[{"href":"https:\/\/www.repricer.com\/de\/wp-json\/wp\/v2\/media?parent=12931"}],"curies":[{"name":"wp","href":"https:\/\/api.w.org\/{rel}","templated":true}]}}