{"id":13046,"date":"2022-11-10T15:24:16","date_gmt":"2022-11-10T15:24:16","guid":{"rendered":"https:\/\/repricer.kinsta.cloud\/ist-es-sicher\/"},"modified":"2025-03-19T15:29:05","modified_gmt":"2025-03-19T15:29:05","slug":"ist-es-sicher","status":"publish","type":"page","link":"https:\/\/www.repricer.com\/de\/ist-es-sicher\/","title":{"rendered":"Ist es sicher?"},"content":{"rendered":"\t\t<div data-elementor-type=\"wp-page\" data-elementor-id=\"13046\" class=\"elementor elementor-13046 elementor-8345\" data-elementor-post-type=\"page\">\n\t\t\t\t\t\t<section class=\"elementor-section elementor-top-section elementor-element elementor-element-75c5f5d elementor-section-boxed elementor-section-height-default elementor-section-height-default\" data-id=\"75c5f5d\" data-element_type=\"section\" data-e-type=\"section\">\n\t\t\t\t\t\t<div class=\"elementor-container elementor-column-gap-default\">\n\t\t\t\t\t<div class=\"elementor-column elementor-col-100 elementor-top-column elementor-element elementor-element-c07b0e7\" data-id=\"c07b0e7\" data-element_type=\"column\" data-e-type=\"column\">\n\t\t\t<div class=\"elementor-widget-wrap elementor-element-populated\">\n\t\t\t\t\t\t<div class=\"elementor-element elementor-element-a6df9c7 elementor-widget elementor-widget-spacer\" data-id=\"a6df9c7\" data-element_type=\"widget\" data-e-type=\"widget\" data-widget_type=\"spacer.default\">\n\t\t\t\t<div class=\"elementor-widget-container\">\n\t\t\t\t\t\t\t<div class=\"elementor-spacer\">\n\t\t\t<div class=\"elementor-spacer-inner\"><\/div>\n\t\t<\/div>\n\t\t\t\t\t\t<\/div>\n\t\t\t\t<\/div>\n\t\t\t\t\t<\/div>\n\t\t<\/div>\n\t\t\t\t\t<\/div>\n\t\t<\/section>\n\t\t\t\t<section class=\"elementor-section elementor-top-section elementor-element elementor-element-98ec2e3 elementor-section-boxed elementor-section-height-default elementor-section-height-default\" data-id=\"98ec2e3\" data-element_type=\"section\" data-e-type=\"section\">\n\t\t\t\t\t\t<div class=\"elementor-container elementor-column-gap-default\">\n\t\t\t\t\t<div class=\"elementor-column elementor-col-100 elementor-top-column elementor-element elementor-element-a19f826\" data-id=\"a19f826\" data-element_type=\"column\" data-e-type=\"column\">\n\t\t\t<div class=\"elementor-widget-wrap elementor-element-populated\">\n\t\t\t\t\t\t<div class=\"elementor-element elementor-element-a13113c elementor-widget elementor-widget-heading\" data-id=\"a13113c\" data-element_type=\"widget\" data-e-type=\"widget\" data-widget_type=\"heading.default\">\n\t\t\t\t<div class=\"elementor-widget-container\">\n\t\t\t\t\t<h1 class=\"elementor-heading-title elementor-size-default\">Ist es sicher?<\/h1>\t\t\t\t<\/div>\n\t\t\t\t<\/div>\n\t\t\t\t\t<\/div>\n\t\t<\/div>\n\t\t\t\t\t<\/div>\n\t\t<\/section>\n\t\t\t\t<section class=\"elementor-section elementor-top-section elementor-element elementor-element-9900dfe elementor-section-boxed elementor-section-height-default elementor-section-height-default\" data-id=\"9900dfe\" data-element_type=\"section\" data-e-type=\"section\">\n\t\t\t\t\t\t<div class=\"elementor-container elementor-column-gap-default\">\n\t\t\t\t\t<div class=\"elementor-column elementor-col-100 elementor-top-column elementor-element elementor-element-16f278e\" data-id=\"16f278e\" data-element_type=\"column\" data-e-type=\"column\">\n\t\t\t<div class=\"elementor-widget-wrap elementor-element-populated\">\n\t\t\t\t\t\t<div class=\"elementor-element elementor-element-99f6559 elementor-widget elementor-widget-spacer\" data-id=\"99f6559\" data-element_type=\"widget\" data-e-type=\"widget\" data-widget_type=\"spacer.default\">\n\t\t\t\t<div class=\"elementor-widget-container\">\n\t\t\t\t\t\t\t<div class=\"elementor-spacer\">\n\t\t\t<div class=\"elementor-spacer-inner\"><\/div>\n\t\t<\/div>\n\t\t\t\t\t\t<\/div>\n\t\t\t\t<\/div>\n\t\t\t\t\t<\/div>\n\t\t<\/div>\n\t\t\t\t\t<\/div>\n\t\t<\/section>\n\t\t\t\t<section class=\"elementor-section elementor-top-section elementor-element elementor-element-bd0611d elementor-section-boxed elementor-section-height-default elementor-section-height-default\" data-id=\"bd0611d\" data-element_type=\"section\" data-e-type=\"section\">\n\t\t\t\t\t\t<div class=\"elementor-container elementor-column-gap-default\">\n\t\t\t\t\t<div class=\"elementor-column elementor-col-100 elementor-top-column elementor-element elementor-element-f3ad286\" data-id=\"f3ad286\" data-element_type=\"column\" data-e-type=\"column\">\n\t\t\t<div class=\"elementor-widget-wrap elementor-element-populated\">\n\t\t\t\t\t\t<div class=\"elementor-element elementor-element-5189740 elementor-widget elementor-widget-text-editor\" data-id=\"5189740\" data-element_type=\"widget\" data-e-type=\"widget\" data-widget_type=\"text-editor.default\">\n\t\t\t\t<div class=\"elementor-widget-container\">\n\t\t\t\t\t\t\t\t\t<p><span style=\"font-weight: 400;\">Ganz genau. Tausende von Verk\u00e4ufern vertrauen Repricer jeden Tag ihr gesamtes Preismanagement an.<\/span><\/p>\n<p><span style=\"font-weight: 400;\">Repricer ist ein Mitglied des <\/span><b>Amazon-Entwicklerrat<\/b><span style=\"font-weight: 400;\"> &#8211; zu dem nur eine kleine Anzahl von Softwareanbietern eingeladen wird. <\/span> <\/p>\n<p><span style=\"font-weight: 400;\">Wir sind mit allen Amazon-Richtlinien konform. Dar\u00fcber hinaus sind wir Mitglied der eBay-Entwicklergemeinschaft &#8211; und ein  <\/span><b>Google-Partner<\/b><span style=\"font-weight: 400;\">. Wir wurden von Amazon, Google und anderen gepr\u00fcft, um unsere Qualit\u00e4t und Sicherheit zu gew\u00e4hrleisten.<\/span><\/p>\n\t\t\t\t\t\t\t\t<\/div>\n\t\t\t\t<\/div>\n\t\t\t\t\t<\/div>\n\t\t<\/div>\n\t\t\t\t\t<\/div>\n\t\t<\/section>\n\t\t\t\t<section class=\"elementor-section elementor-top-section elementor-element elementor-element-669e1f2 elementor-section-boxed elementor-section-height-default elementor-section-height-default\" data-id=\"669e1f2\" data-element_type=\"section\" data-e-type=\"section\">\n\t\t\t\t\t\t<div class=\"elementor-container elementor-column-gap-default\">\n\t\t\t\t\t<div class=\"elementor-column elementor-col-50 elementor-top-column elementor-element elementor-element-fc49ef5\" data-id=\"fc49ef5\" data-element_type=\"column\" data-e-type=\"column\">\n\t\t\t<div class=\"elementor-widget-wrap elementor-element-populated\">\n\t\t\t\t\t\t<div class=\"elementor-element elementor-element-a965496 elementor-widget elementor-widget-image\" data-id=\"a965496\" data-element_type=\"widget\" data-e-type=\"widget\" data-widget_type=\"image.default\">\n\t\t\t\t<div class=\"elementor-widget-container\">\n\t\t\t\t\t\t\t\t\t\t\t\t\t\t\t<img decoding=\"async\" width=\"300\" height=\"91\" src=\"https:\/\/www.repricer.com\/wp-content\/uploads\/2022\/01\/amazon-marketplace-developer-council-logo-300.png\" class=\"attachment-large size-large wp-image-6046\" alt=\"Amazon Marketplace-Entwicklerrat\" \/>\t\t\t\t\t\t\t\t\t\t\t\t\t\t\t<\/div>\n\t\t\t\t<\/div>\n\t\t\t\t\t<\/div>\n\t\t<\/div>\n\t\t\t\t<div class=\"elementor-column elementor-col-50 elementor-top-column elementor-element elementor-element-35438e8\" data-id=\"35438e8\" data-element_type=\"column\" data-e-type=\"column\">\n\t\t\t<div class=\"elementor-widget-wrap elementor-element-populated\">\n\t\t\t\t\t\t<div class=\"elementor-element elementor-element-90dc827 elementor-widget elementor-widget-image\" data-id=\"90dc827\" data-element_type=\"widget\" data-e-type=\"widget\" data-widget_type=\"image.default\">\n\t\t\t\t<div class=\"elementor-widget-container\">\n\t\t\t\t\t\t\t\t\t\t\t\t\t\t\t<img decoding=\"async\" width=\"219\" height=\"80\" src=\"https:\/\/www.repricer.com\/wp-content\/uploads\/2022\/02\/google-partner@2x.png\" class=\"attachment-full size-full wp-image-13047\" alt=\"\" \/>\t\t\t\t\t\t\t\t\t\t\t\t\t\t\t<\/div>\n\t\t\t\t<\/div>\n\t\t\t\t\t<\/div>\n\t\t<\/div>\n\t\t\t\t\t<\/div>\n\t\t<\/section>\n\t\t\t\t<section class=\"elementor-section elementor-top-section elementor-element elementor-element-e128b30 elementor-section-boxed elementor-section-height-default elementor-section-height-default\" data-id=\"e128b30\" data-element_type=\"section\" data-e-type=\"section\">\n\t\t\t\t\t\t<div class=\"elementor-container elementor-column-gap-default\">\n\t\t\t\t\t<div class=\"elementor-column elementor-col-100 elementor-top-column elementor-element elementor-element-7ca2dbc\" data-id=\"7ca2dbc\" data-element_type=\"column\" data-e-type=\"column\">\n\t\t\t<div class=\"elementor-widget-wrap elementor-element-populated\">\n\t\t\t\t\t\t<div class=\"elementor-element elementor-element-8c9674a elementor-widget elementor-widget-text-editor\" data-id=\"8c9674a\" data-element_type=\"widget\" data-e-type=\"widget\" data-widget_type=\"text-editor.default\">\n\t\t\t\t<div class=\"elementor-widget-container\">\n\t\t\t\t\t\t\t\t\t<p><span style=\"font-weight: 400;\">Wir haben noch andere Faktoren, die die Sicherheit der Verk\u00e4ufer gew\u00e4hrleisten. Wenn Sie Ihr Konto mit Repricer verkn\u00fcpfen, haben wir nie vollen Zugriff auf alle Ihre Informationen &#8211; nur auf die, die Amazon\/eBay f\u00fcr notwendig erachtet haben, um Ihr Preismanagement zu erm\u00f6glichen.  <\/span><\/p>\n<p><span style=\"font-weight: 400;\">Wir haben auch einen brillanten &#8218;<strong>Safe<\/strong><\/span><b> Modus&#8216;<\/b><span style=\"font-weight: 400;\">  Funktion &#8211; die viele Repricer nicht haben. Dies erm\u00f6glicht es den Verk\u00e4ufern, die Preisanpassung in aller Sicherheit zu &#8222;testen&#8220;.  <\/span><\/p>\n<p><span style=\"font-weight: 400;\">Wir pr\u00fcfen die Preise Ihrer Konkurrenten &#8211; und zeigen Ihnen dann, wie wir Ihren Preis \u00e4ndern w\u00fcrden. Wir laden den Preis nicht nur live auf den Marktplatz hoch, sondern zeigen Ihnen auch <strong>Ihre<\/strong><\/span><b>epricer<\/b><span style=\"font-weight: 400;\"> in vollem Umfang in Betrieb, ohne dass die Preise beeinflusst werden.<\/span><\/p>\n<p><span style=\"font-weight: 400;\">Wenn Sie dann zufrieden sind, brauchen Sie nur einen Schalter zu bet\u00e4tigen und schon sind Sie live dabei!<\/span><\/p>\n<p><span style=\"font-weight: 400;\">Repricer wird den Preis immer innerhalb der <\/span><b>Mindest- und H\u00f6chstpreise<\/b><span style=\"font-weight: 400;\"> die Sie f\u00fcr jede SKU angeben. <\/span> <\/p>\n<p><span style=\"font-weight: 400;\">Bei Amazon haben Sie auch Ihre eigenen Mindest- und H\u00f6chstwerte<em> (die wir in keiner Weise aktualisieren oder \u00e4ndern)<\/em>, so dass Sie ein zus\u00e4tzliches Sicherheitsnetz haben<\/span><b> zus\u00e4tzliches Sicherheitsnetz<\/b><span style=\"font-weight: 400;\"> um Sie noch weiter zu sch\u00fctzen.<\/span><\/p>\n<p><span style=\"font-weight: 400;\">Wir haben auch hervorragende Bewertungen auf Seiten wie <a href=\"https:\/\/www.trustpilot.com\/review\/repricer.com\" target=\"_blank\" rel=\"noopener\">Trustpilot<\/a>, <a href=\"https:\/\/www.capterra.com\/p\/236313\/xSellco-Repricer\/\" target=\"_blank\" rel=\"noopener\">Capterra<\/a>, Amazon Seller Central &#8211; pr\u00fcfen Sie uns!  <\/span><\/p>\n<p><span style=\"font-weight: 400;\">Siehe unsere <\/span><a href=\"https:\/\/www.repricer.com\/reviews\/\"><br \/>\n  <b>Bewertungen<\/b><br \/>\n<\/a><span style=\"font-weight: 400;\"> Seite f\u00fcr einige Zitate von zufriedenen Kunden.<\/span><\/p>\n\t\t\t\t\t\t\t\t<\/div>\n\t\t\t\t<\/div>\n\t\t\t\t\t<\/div>\n\t\t<\/div>\n\t\t\t\t\t<\/div>\n\t\t<\/section>\n\t\t\t\t<\/div>\n\t\t","protected":false},"excerpt":{"rendered":"<p>Ist es sicher? Ganz genau. Tausende von Verk\u00e4ufern vertrauen Repricer jeden Tag ihr gesamtes Preismanagement an. Repricer ist ein Mitglied des Amazon-Entwicklerrat &#8211; zu dem nur eine kleine Anzahl von Softwareanbietern eingeladen wird. Wir sind mit allen Amazon-Richtlinien konform. Dar\u00fcber hinaus sind wir Mitglied der eBay-Entwicklergemeinschaft &#8211; und ein Google-Partner. Wir wurden von Amazon, Google [&hellip;]<\/p>\n","protected":false},"author":34,"featured_media":7420,"parent":0,"menu_order":0,"comment_status":"closed","ping_status":"closed","template":"","meta":{"inline_featured_image":false,"footnotes":""},"class_list":["post-13046","page","type-page","status-publish","has-post-thumbnail","hentry"],"yoast_head":"<!-- This site is optimized with the Yoast SEO Premium plugin v27.4 (Yoast SEO v27.5) - https:\/\/yoast.com\/product\/yoast-seo-premium-wordpress\/ -->\n<title>Ist es sicher? - The Fastest Amazon Repricer | Repricer.com<\/title>\n<meta name=\"description\" content=\"Ein Repricing-Produkt, das sich um Ihre Preisstrategie k\u00fcmmert, kann entmutigend wirken. Aber keine Angst, sehen Sie selbst, warum die Nutzung von Repricer 100% sicher ist.\" \/>\n<meta name=\"robots\" content=\"index, follow, max-snippet:-1, max-image-preview:large, max-video-preview:-1\" \/>\n<link rel=\"canonical\" href=\"https:\/\/www.repricer.com\/de\/ist-es-sicher\/\" \/>\n<meta property=\"og:locale\" content=\"de_DE\" \/>\n<meta property=\"og:type\" content=\"article\" \/>\n<meta property=\"og:title\" content=\"Ist es sicher?\" \/>\n<meta property=\"og:description\" content=\"Ein Repricing-Produkt, das sich um Ihre Preisstrategie k\u00fcmmert, kann entmutigend wirken. Aber keine Angst, sehen Sie selbst, warum die Nutzung von Repricer 100% sicher ist.\" \/>\n<meta property=\"og:url\" content=\"https:\/\/www.repricer.com\/de\/ist-es-sicher\/\" \/>\n<meta property=\"og:site_name\" content=\"The Fastest Amazon Repricer | Repricer.com\" \/>\n<meta property=\"article:publisher\" content=\"https:\/\/www.facebook.com\/repricer\" \/>\n<meta property=\"article:modified_time\" content=\"2025-03-19T15:29:05+00:00\" \/>\n<meta property=\"og:image\" content=\"https:\/\/www.repricer.com\/wp-content\/uploads\/2022\/07\/Repricer-logo-.png\" \/>\n\t<meta property=\"og:image:width\" content=\"1080\" \/>\n\t<meta property=\"og:image:height\" content=\"1080\" \/>\n\t<meta property=\"og:image:type\" content=\"image\/png\" \/>\n<meta name=\"twitter:card\" content=\"summary_large_image\" \/>\n<meta name=\"twitter:site\" content=\"@repricer\" \/>\n<meta name=\"twitter:label1\" content=\"Gesch\u00e4tzte Lesezeit\" \/>\n\t<meta name=\"twitter:data1\" content=\"1\u00a0Minute\" \/>\n<script type=\"application\/ld+json\" class=\"yoast-schema-graph\">{\"@context\":\"https:\\\/\\\/schema.org\",\"@graph\":[{\"@type\":\"WebPage\",\"@id\":\"https:\\\/\\\/www.repricer.com\\\/de\\\/ist-es-sicher\\\/\",\"url\":\"https:\\\/\\\/www.repricer.com\\\/de\\\/ist-es-sicher\\\/\",\"name\":\"Ist es sicher? - The Fastest Amazon Repricer | Repricer.com\",\"isPartOf\":{\"@id\":\"https:\\\/\\\/www.repricer.com\\\/de\\\/#website\"},\"primaryImageOfPage\":{\"@id\":\"https:\\\/\\\/www.repricer.com\\\/de\\\/ist-es-sicher\\\/#primaryimage\"},\"image\":{\"@id\":\"https:\\\/\\\/www.repricer.com\\\/de\\\/ist-es-sicher\\\/#primaryimage\"},\"thumbnailUrl\":\"https:\\\/\\\/www.repricer.com\\\/wp-content\\\/uploads\\\/2022\\\/07\\\/Repricer-logo-.png\",\"datePublished\":\"2022-11-10T15:24:16+00:00\",\"dateModified\":\"2025-03-19T15:29:05+00:00\",\"description\":\"Ein Repricing-Produkt, das sich um Ihre Preisstrategie k\u00fcmmert, kann entmutigend wirken. Aber keine Angst, sehen Sie selbst, warum die Nutzung von Repricer 100% sicher ist.\",\"breadcrumb\":{\"@id\":\"https:\\\/\\\/www.repricer.com\\\/de\\\/ist-es-sicher\\\/#breadcrumb\"},\"inLanguage\":\"de\",\"potentialAction\":[{\"@type\":\"ReadAction\",\"target\":[\"https:\\\/\\\/www.repricer.com\\\/de\\\/ist-es-sicher\\\/\"]}]},{\"@type\":\"ImageObject\",\"inLanguage\":\"de\",\"@id\":\"https:\\\/\\\/www.repricer.com\\\/de\\\/ist-es-sicher\\\/#primaryimage\",\"url\":\"https:\\\/\\\/www.repricer.com\\\/wp-content\\\/uploads\\\/2022\\\/07\\\/Repricer-logo-.png\",\"contentUrl\":\"https:\\\/\\\/www.repricer.com\\\/wp-content\\\/uploads\\\/2022\\\/07\\\/Repricer-logo-.png\",\"width\":1080,\"height\":1080,\"caption\":\"Repricer-Logo\"},{\"@type\":\"BreadcrumbList\",\"@id\":\"https:\\\/\\\/www.repricer.com\\\/de\\\/ist-es-sicher\\\/#breadcrumb\",\"itemListElement\":[{\"@type\":\"ListItem\",\"position\":1,\"name\":\"Home\",\"item\":\"https:\\\/\\\/www.repricer.com\\\/de\\\/home-2\\\/\"},{\"@type\":\"ListItem\",\"position\":2,\"name\":\"Ist es sicher?\"}]},{\"@type\":\"WebSite\",\"@id\":\"https:\\\/\\\/www.repricer.com\\\/de\\\/#website\",\"url\":\"https:\\\/\\\/www.repricer.com\\\/de\\\/\",\"name\":\"The Fastest Amazon Repricer | Repricer.com\",\"description\":\"Machen Sie Repricer.com zu Ihrer zentralen Drehscheibe f\u00fcr die Preisgestaltung, indem Sie alle Ihre Verkaufskan\u00e4le verbinden, einschlie\u00dflich Amazon, eBay, Walmart, Shopify und mehr.\",\"publisher\":{\"@id\":\"https:\\\/\\\/www.repricer.com\\\/de\\\/#organization\"},\"potentialAction\":[{\"@type\":\"SearchAction\",\"target\":{\"@type\":\"EntryPoint\",\"urlTemplate\":\"https:\\\/\\\/www.repricer.com\\\/de\\\/?s={search_term_string}\"},\"query-input\":{\"@type\":\"PropertyValueSpecification\",\"valueRequired\":true,\"valueName\":\"search_term_string\"}}],\"inLanguage\":\"de\"},{\"@type\":\"Organization\",\"@id\":\"https:\\\/\\\/www.repricer.com\\\/de\\\/#organization\",\"name\":\"Repricer.com\",\"url\":\"https:\\\/\\\/www.repricer.com\\\/de\\\/\",\"logo\":{\"@type\":\"ImageObject\",\"inLanguage\":\"de\",\"@id\":\"https:\\\/\\\/www.repricer.com\\\/de\\\/#\\\/schema\\\/logo\\\/image\\\/\",\"url\":\"https:\\\/\\\/www.repricer.com\\\/wp-content\\\/uploads\\\/2022\\\/01\\\/updated-repricer-logo-black.png\",\"contentUrl\":\"https:\\\/\\\/www.repricer.com\\\/wp-content\\\/uploads\\\/2022\\\/01\\\/updated-repricer-logo-black.png\",\"width\":481,\"height\":83,\"caption\":\"Repricer.com\"},\"image\":{\"@id\":\"https:\\\/\\\/www.repricer.com\\\/de\\\/#\\\/schema\\\/logo\\\/image\\\/\"},\"sameAs\":[\"https:\\\/\\\/www.facebook.com\\\/repricer\",\"https:\\\/\\\/x.com\\\/repricer\",\"https:\\\/\\\/www.instagram.com\\\/repricer\\\/\",\"https:\\\/\\\/www.youtube.com\\\/channel\\\/UC_pT73zbB2TIA-jS12y93fA\"]}]}<\/script>\n<!-- \/ Yoast SEO Premium plugin. -->","yoast_head_json":{"title":"Ist es sicher? - The Fastest Amazon Repricer | Repricer.com","description":"Ein Repricing-Produkt, das sich um Ihre Preisstrategie k\u00fcmmert, kann entmutigend wirken. Aber keine Angst, sehen Sie selbst, warum die Nutzung von Repricer 100% sicher ist.","robots":{"index":"index","follow":"follow","max-snippet":"max-snippet:-1","max-image-preview":"max-image-preview:large","max-video-preview":"max-video-preview:-1"},"canonical":"https:\/\/www.repricer.com\/de\/ist-es-sicher\/","og_locale":"de_DE","og_type":"article","og_title":"Ist es sicher?","og_description":"Ein Repricing-Produkt, das sich um Ihre Preisstrategie k\u00fcmmert, kann entmutigend wirken. Aber keine Angst, sehen Sie selbst, warum die Nutzung von Repricer 100% sicher ist.","og_url":"https:\/\/www.repricer.com\/de\/ist-es-sicher\/","og_site_name":"The Fastest Amazon Repricer | Repricer.com","article_publisher":"https:\/\/www.facebook.com\/repricer","article_modified_time":"2025-03-19T15:29:05+00:00","og_image":[{"width":1080,"height":1080,"url":"https:\/\/www.repricer.com\/wp-content\/uploads\/2022\/07\/Repricer-logo-.png","type":"image\/png"}],"twitter_card":"summary_large_image","twitter_site":"@repricer","twitter_misc":{"Gesch\u00e4tzte Lesezeit":"1\u00a0Minute"},"schema":{"@context":"https:\/\/schema.org","@graph":[{"@type":"WebPage","@id":"https:\/\/www.repricer.com\/de\/ist-es-sicher\/","url":"https:\/\/www.repricer.com\/de\/ist-es-sicher\/","name":"Ist es sicher? - The Fastest Amazon Repricer | Repricer.com","isPartOf":{"@id":"https:\/\/www.repricer.com\/de\/#website"},"primaryImageOfPage":{"@id":"https:\/\/www.repricer.com\/de\/ist-es-sicher\/#primaryimage"},"image":{"@id":"https:\/\/www.repricer.com\/de\/ist-es-sicher\/#primaryimage"},"thumbnailUrl":"https:\/\/www.repricer.com\/wp-content\/uploads\/2022\/07\/Repricer-logo-.png","datePublished":"2022-11-10T15:24:16+00:00","dateModified":"2025-03-19T15:29:05+00:00","description":"Ein Repricing-Produkt, das sich um Ihre Preisstrategie k\u00fcmmert, kann entmutigend wirken. Aber keine Angst, sehen Sie selbst, warum die Nutzung von Repricer 100% sicher ist.","breadcrumb":{"@id":"https:\/\/www.repricer.com\/de\/ist-es-sicher\/#breadcrumb"},"inLanguage":"de","potentialAction":[{"@type":"ReadAction","target":["https:\/\/www.repricer.com\/de\/ist-es-sicher\/"]}]},{"@type":"ImageObject","inLanguage":"de","@id":"https:\/\/www.repricer.com\/de\/ist-es-sicher\/#primaryimage","url":"https:\/\/www.repricer.com\/wp-content\/uploads\/2022\/07\/Repricer-logo-.png","contentUrl":"https:\/\/www.repricer.com\/wp-content\/uploads\/2022\/07\/Repricer-logo-.png","width":1080,"height":1080,"caption":"Repricer-Logo"},{"@type":"BreadcrumbList","@id":"https:\/\/www.repricer.com\/de\/ist-es-sicher\/#breadcrumb","itemListElement":[{"@type":"ListItem","position":1,"name":"Home","item":"https:\/\/www.repricer.com\/de\/home-2\/"},{"@type":"ListItem","position":2,"name":"Ist es sicher?"}]},{"@type":"WebSite","@id":"https:\/\/www.repricer.com\/de\/#website","url":"https:\/\/www.repricer.com\/de\/","name":"The Fastest Amazon Repricer | Repricer.com","description":"Machen Sie Repricer.com zu Ihrer zentralen Drehscheibe f\u00fcr die Preisgestaltung, indem Sie alle Ihre Verkaufskan\u00e4le verbinden, einschlie\u00dflich Amazon, eBay, Walmart, Shopify und mehr.","publisher":{"@id":"https:\/\/www.repricer.com\/de\/#organization"},"potentialAction":[{"@type":"SearchAction","target":{"@type":"EntryPoint","urlTemplate":"https:\/\/www.repricer.com\/de\/?s={search_term_string}"},"query-input":{"@type":"PropertyValueSpecification","valueRequired":true,"valueName":"search_term_string"}}],"inLanguage":"de"},{"@type":"Organization","@id":"https:\/\/www.repricer.com\/de\/#organization","name":"Repricer.com","url":"https:\/\/www.repricer.com\/de\/","logo":{"@type":"ImageObject","inLanguage":"de","@id":"https:\/\/www.repricer.com\/de\/#\/schema\/logo\/image\/","url":"https:\/\/www.repricer.com\/wp-content\/uploads\/2022\/01\/updated-repricer-logo-black.png","contentUrl":"https:\/\/www.repricer.com\/wp-content\/uploads\/2022\/01\/updated-repricer-logo-black.png","width":481,"height":83,"caption":"Repricer.com"},"image":{"@id":"https:\/\/www.repricer.com\/de\/#\/schema\/logo\/image\/"},"sameAs":["https:\/\/www.facebook.com\/repricer","https:\/\/x.com\/repricer","https:\/\/www.instagram.com\/repricer\/","https:\/\/www.youtube.com\/channel\/UC_pT73zbB2TIA-jS12y93fA"]}]}},"_links":{"self":[{"href":"https:\/\/www.repricer.com\/de\/wp-json\/wp\/v2\/pages\/13046","targetHints":{"allow":["GET"]}}],"collection":[{"href":"https:\/\/www.repricer.com\/de\/wp-json\/wp\/v2\/pages"}],"about":[{"href":"https:\/\/www.repricer.com\/de\/wp-json\/wp\/v2\/types\/page"}],"author":[{"embeddable":true,"href":"https:\/\/www.repricer.com\/de\/wp-json\/wp\/v2\/users\/34"}],"replies":[{"embeddable":true,"href":"https:\/\/www.repricer.com\/de\/wp-json\/wp\/v2\/comments?post=13046"}],"version-history":[{"count":2,"href":"https:\/\/www.repricer.com\/de\/wp-json\/wp\/v2\/pages\/13046\/revisions"}],"predecessor-version":[{"id":37761,"href":"https:\/\/www.repricer.com\/de\/wp-json\/wp\/v2\/pages\/13046\/revisions\/37761"}],"wp:featuredmedia":[{"embeddable":true,"href":"https:\/\/www.repricer.com\/de\/wp-json\/wp\/v2\/media\/7420"}],"wp:attachment":[{"href":"https:\/\/www.repricer.com\/de\/wp-json\/wp\/v2\/media?parent=13046"}],"curies":[{"name":"wp","href":"https:\/\/api.w.org\/{rel}","templated":true}]}}