{"id":26178,"date":"2024-11-19T15:57:37","date_gmt":"2024-11-19T15:57:37","guid":{"rendered":"https:\/\/repricer.kinsta.cloud\/erfolgsstory\/repricer-com-kundengeschichte-forde-baker\/"},"modified":"2024-12-20T10:58:11","modified_gmt":"2024-12-20T10:58:11","slug":"repricer-com-kundengeschichte-forde-baker","status":"publish","type":"page","link":"https:\/\/www.repricer.com\/de\/erfolgsstory\/repricer-com-kundengeschichte-forde-baker\/","title":{"rendered":"Repricer.com Kundengeschichte &#8211; Forde Baker"},"content":{"rendered":"\t\t<div data-elementor-type=\"wp-page\" data-elementor-id=\"26178\" class=\"elementor elementor-26178 elementor-25883\" data-elementor-post-type=\"page\">\n\t\t\t\t<div class=\"elementor-element elementor-element-93b0aad e-flex e-con-boxed e-con e-parent\" data-id=\"93b0aad\" data-element_type=\"container\" data-e-type=\"container\">\n\t\t\t\t\t<div class=\"e-con-inner\">\n\t\t<div class=\"elementor-element elementor-element-67eae65 e-flex e-con-boxed e-con e-child\" data-id=\"67eae65\" data-element_type=\"container\" data-e-type=\"container\" data-settings=\"{&quot;background_background&quot;:&quot;classic&quot;}\">\n\t\t\t\t\t<div class=\"e-con-inner\">\n\t\t<div class=\"elementor-element elementor-element-43ffee4 e-con-full e-flex e-con e-child\" data-id=\"43ffee4\" data-element_type=\"container\" data-e-type=\"container\">\n\t\t\t\t<div class=\"elementor-element elementor-element-3b2f563 elementor-widget elementor-widget-heading\" data-id=\"3b2f563\" data-element_type=\"widget\" data-e-type=\"widget\" data-widget_type=\"heading.default\">\n\t\t\t\t<div class=\"elementor-widget-container\">\n\t\t\t\t\t<h1 class=\"elementor-heading-title elementor-size-default\">Wie FordeBaker die Buy Box-Gewinnrate von 25% auf 90% steigerte  <\/h1>\t\t\t\t<\/div>\n\t\t\t\t<\/div>\n\t\t\t\t<div class=\"elementor-element elementor-element-1d2234c elementor-widget elementor-widget-spacer\" data-id=\"1d2234c\" data-element_type=\"widget\" data-e-type=\"widget\" data-widget_type=\"spacer.default\">\n\t\t\t\t<div class=\"elementor-widget-container\">\n\t\t\t\t\t\t\t<div class=\"elementor-spacer\">\n\t\t\t<div class=\"elementor-spacer-inner\"><\/div>\n\t\t<\/div>\n\t\t\t\t\t\t<\/div>\n\t\t\t\t<\/div>\n\t\t\t\t<div class=\"elementor-element elementor-element-68c7b69 elementor-widget elementor-widget-text-editor\" data-id=\"68c7b69\" data-element_type=\"widget\" data-e-type=\"widget\" data-widget_type=\"text-editor.default\">\n\t\t\t\t<div class=\"elementor-widget-container\">\n\t\t\t\t\t\t\t\t\t<p>Tom Baker, CEO bei FordeBaker<\/p>\n\t\t\t\t\t\t\t\t<\/div>\n\t\t\t\t<\/div>\n\t\t\t\t<div class=\"elementor-element elementor-element-f94a0fb elementor-mobile-align-center elementor-widget elementor-widget-button\" data-id=\"f94a0fb\" data-element_type=\"widget\" data-e-type=\"widget\" data-widget_type=\"button.default\">\n\t\t\t\t<div class=\"elementor-widget-container\">\n\t\t\t\t\t\t\t\t\t<div class=\"elementor-button-wrapper\">\n\t\t\t\t\t<a class=\"elementor-button elementor-button-link elementor-size-xl\" href=\"https:\/\/www.repricer.com\/de\/buch-demo\/\" data-button=\"trial_cta\">\n\t\t\t\t\t\t<span class=\"elementor-button-content-wrapper\">\n\t\t\t\t\t\t\t\t\t<span class=\"elementor-button-text\">Buchen Sie Ihre kostenlose Demo<\/span>\n\t\t\t\t\t<\/span>\n\t\t\t\t\t<\/a>\n\t\t\t\t<\/div>\n\t\t\t\t\t\t\t\t<\/div>\n\t\t\t\t<\/div>\n\t\t\t\t<\/div>\n\t\t<div class=\"elementor-element elementor-element-8e1f103 e-con-full e-flex e-con e-child\" data-id=\"8e1f103\" data-element_type=\"container\" data-e-type=\"container\">\n\t\t\t\t<div class=\"elementor-element elementor-element-cd454ef elementor-widget-mobile__width-inherit elementor-widget elementor-widget-html\" data-id=\"cd454ef\" data-element_type=\"widget\" data-e-type=\"widget\" data-widget_type=\"html.default\">\n\t\t\t\t<div class=\"elementor-widget-container\">\n\t\t\t\t\t<script src=\"https:\/\/fast.wistia.com\/embed\/medias\/drvo15ksex.jsonp\" async=\"\"><\/script><script src=\"https:\/\/fast.wistia.com\/assets\/external\/E-v1.js\" async=\"\"><\/script><div class=\"wistia_responsive_padding\" style=\"padding:56.25% 0 0 0;position:relative;\"><div class=\"wistia_responsive_wrapper\" style=\"height:100%;left:0;position:absolute;top:0;width:100%;\"><div class=\"wistia_embed wistia_async_drvo15ksex seo=true videoFoam=true\" style=\"height:100%;position:relative;width:100%\"><div class=\"wistia_swatch\" style=\"height:100%;left:0;opacity:0;overflow:hidden;position:absolute;top:0;transition:opacity 200ms;width:100%;\"><img decoding=\"async\" src=\"https:\/\/fast.wistia.com\/embed\/medias\/drvo15ksex\/swatch\" style=\"filter:blur(5px);height:100%;object-fit:contain;width:100%;\" alt=\"\" aria-hidden=\"true\" onload=\"this.parentNode.style.opacity=1;\"><\/div><\/div><\/div><\/div>\t\t\t\t<\/div>\n\t\t\t\t<\/div>\n\t\t\t\t<\/div>\n\t\t\t\t\t<\/div>\n\t\t\t\t<\/div>\n\t\t\t\t\t<\/div>\n\t\t\t\t<\/div>\n\t\t\t\t<section class=\"elementor-section elementor-top-section elementor-element elementor-element-23ae5d8 elementor-section-boxed elementor-section-height-default elementor-section-height-default\" data-id=\"23ae5d8\" data-element_type=\"section\" data-e-type=\"section\">\n\t\t\t\t\t\t<div class=\"elementor-container elementor-column-gap-default\">\n\t\t\t\t\t<div class=\"elementor-column elementor-col-50 elementor-top-column elementor-element elementor-element-ee2df04\" data-id=\"ee2df04\" data-element_type=\"column\" data-e-type=\"column\">\n\t\t\t<div class=\"elementor-widget-wrap elementor-element-populated\">\n\t\t\t\t\t\t<div class=\"elementor-element elementor-element-6c7f1b9 elementor-widget elementor-widget-heading\" data-id=\"6c7f1b9\" data-element_type=\"widget\" data-e-type=\"widget\" data-widget_type=\"heading.default\">\n\t\t\t\t<div class=\"elementor-widget-container\">\n\t\t\t\t\t<h2 class=\"elementor-heading-title elementor-size-default\">\u00dcber FordeBaker<\/h2>\t\t\t\t<\/div>\n\t\t\t\t<\/div>\n\t\t\t\t<div class=\"elementor-element elementor-element-14a08f5 elementor-widget__width-initial elementor-widget elementor-widget-text-editor\" data-id=\"14a08f5\" data-element_type=\"widget\" data-e-type=\"widget\" data-widget_type=\"text-editor.default\">\n\t\t\t\t<div class=\"elementor-widget-container\">\n\t\t\t\t\t\t\t\t\t<p>FordeBaker ist eine globale Marktplatzagentur, die sich darauf spezialisiert hat, Marken auf Plattformen wie Amazon, Walmart und TikTok Shop zu Bestsellern zu machen. Unter der Leitung von CEO Tom Baker k\u00fcmmern sie sich um alles, vom Marketing bis zum operativen Gesch\u00e4ft, und konzentrieren sich darauf, das Wachstum durch strategisches Marktplatzmanagement zu f\u00f6rdern. <\/p>\n\t\t\t\t\t\t\t\t<\/div>\n\t\t\t\t<\/div>\n\t\t\t\t\t<\/div>\n\t\t<\/div>\n\t\t\t\t<div class=\"elementor-column elementor-col-50 elementor-top-column elementor-element elementor-element-d837025\" data-id=\"d837025\" data-element_type=\"column\" data-e-type=\"column\">\n\t\t\t<div class=\"elementor-widget-wrap elementor-element-populated\">\n\t\t\t\t\t\t<div class=\"elementor-element elementor-element-df530fc elementor-widget__width-initial elementor-widget elementor-widget-image\" data-id=\"df530fc\" data-element_type=\"widget\" data-e-type=\"widget\" data-widget_type=\"image.default\">\n\t\t\t\t<div class=\"elementor-widget-container\">\n\t\t\t\t\t\t\t\t\t\t\t\t\t\t\t<img decoding=\"async\" width=\"236\" height=\"136\" src=\"https:\/\/www.repricer.com\/wp-content\/uploads\/2024\/11\/FordeBaker-Logos-Black.png.webp\" class=\"attachment-full size-full wp-image-26025\" alt=\"Forde Baker\" \/>\t\t\t\t\t\t\t\t\t\t\t\t\t\t\t<\/div>\n\t\t\t\t<\/div>\n\t\t\t\t\t<\/div>\n\t\t<\/div>\n\t\t\t\t\t<\/div>\n\t\t<\/section>\n\t\t\t\t<section class=\"elementor-section elementor-top-section elementor-element elementor-element-9e02ee0 elementor-section-boxed elementor-section-height-default elementor-section-height-default\" data-id=\"9e02ee0\" data-element_type=\"section\" data-e-type=\"section\">\n\t\t\t\t\t\t<div class=\"elementor-container elementor-column-gap-default\">\n\t\t\t\t\t<div class=\"elementor-column elementor-col-100 elementor-top-column elementor-element elementor-element-de429fa\" data-id=\"de429fa\" data-element_type=\"column\" data-e-type=\"column\">\n\t\t\t<div class=\"elementor-widget-wrap elementor-element-populated\">\n\t\t\t\t\t\t<div class=\"elementor-element elementor-element-a84cab2 elementor-widget elementor-widget-heading\" data-id=\"a84cab2\" data-element_type=\"widget\" data-e-type=\"widget\" data-widget_type=\"heading.default\">\n\t\t\t\t<div class=\"elementor-widget-container\">\n\t\t\t\t\t<h3 class=\"elementor-heading-title elementor-size-default\">\"Repricer.com war f\u00fcr unsere Kunden ein echter Wendepunkt. <br> Es erm\u00f6glichte uns, uns schnell anzupassen, Wiederverk\u00e4ufer effektiv zu verwalten und ein unglaubliches Wachstum zu erzielen.\" - Tom Baker, CEO von FordeBaker<\/h3>\t\t\t\t<\/div>\n\t\t\t\t<\/div>\n\t\t\t\t\t<\/div>\n\t\t<\/div>\n\t\t\t\t\t<\/div>\n\t\t<\/section>\n\t\t\t\t<section class=\"elementor-section elementor-top-section elementor-element elementor-element-72ce872 elementor-section-boxed elementor-section-height-default elementor-section-height-default\" data-id=\"72ce872\" data-element_type=\"section\" data-e-type=\"section\">\n\t\t\t\t\t\t<div class=\"elementor-container elementor-column-gap-default\">\n\t\t\t\t\t<div class=\"elementor-column elementor-col-100 elementor-top-column elementor-element elementor-element-45c749f\" data-id=\"45c749f\" data-element_type=\"column\" data-e-type=\"column\">\n\t\t\t<div class=\"elementor-widget-wrap elementor-element-populated\">\n\t\t\t\t<div class=\"elementor-element elementor-element-e759704 e-con-full e-flex e-con e-parent\" data-id=\"e759704\" data-element_type=\"container\" data-e-type=\"container\">\n\t\t\t\t<div class=\"elementor-element elementor-element-b92bf0e elementor-widget elementor-widget-heading\" data-id=\"b92bf0e\" data-element_type=\"widget\" data-e-type=\"widget\" data-widget_type=\"heading.default\">\n\t\t\t\t<div class=\"elementor-widget-container\">\n\t\t\t\t\t<h2 class=\"elementor-heading-title elementor-size-default\">Die Herausforderung<\/h2>\t\t\t\t<\/div>\n\t\t\t\t<\/div>\n\t\t\t\t<div class=\"elementor-element elementor-element-cff3444 elementor-widget elementor-widget-text-editor\" data-id=\"cff3444\" data-element_type=\"widget\" data-e-type=\"widget\" data-widget_type=\"text-editor.default\">\n\t\t\t\t<div class=\"elementor-widget-container\">\n\t\t\t\t\t\t\t\t\t<p>Herk\u00f6mmliche Tools zur Preisgestaltung boten nicht die Geschwindigkeit, die Zuverl\u00e4ssigkeit und die erweiterten Kontrollm\u00f6glichkeiten, die sie ben\u00f6tigten. FordeBaker ben\u00f6tigte eine leistungsstarke L\u00f6sung, um: <\/p>\n<ul>\n<li><strong>Gewinnen Sie die Schlacht um die Buy Box:<\/strong> Steigern Sie die Buy Box-Gewinnrate Ihrer Kunden.<\/li>\n<li><strong>Kontrolle der Preisgestaltung f\u00fcr Wiederverk\u00e4ufer:<\/strong> Kontrollieren Sie die Preise f\u00fcr Wiederverk\u00e4ufer, um die Rentabilit\u00e4t zu erhalten.<\/li>\n<li data-stringify-indent=\"0\" data-stringify-border=\"0\"><strong>Bleiben Sie der Konkurrenz einen Schritt voraus:<\/strong> Passen Sie sich schnell an den Wettbewerb auf dem Marktplatz von Amazon und Walmart an.<\/li>\n<\/ul>\n\t\t\t\t\t\t\t\t<\/div>\n\t\t\t\t<\/div>\n\t\t\t\t<\/div>\n\t\t<div class=\"elementor-element elementor-element-37de88d e-flex e-con-boxed e-con e-parent\" data-id=\"37de88d\" data-element_type=\"container\" data-e-type=\"container\">\n\t\t\t\t\t<div class=\"e-con-inner\">\n\t\t\t\t<div class=\"elementor-element elementor-element-b71986a elementor-widget elementor-widget-heading\" data-id=\"b71986a\" data-element_type=\"widget\" data-e-type=\"widget\" data-widget_type=\"heading.default\">\n\t\t\t\t<div class=\"elementor-widget-container\">\n\t\t\t\t\t<h2 class=\"elementor-heading-title elementor-size-default\">Die L\u00f6sung<\/h2>\t\t\t\t<\/div>\n\t\t\t\t<\/div>\n\t\t\t\t<div class=\"elementor-element elementor-element-216f0ec elementor-widget__width-initial elementor-widget elementor-widget-text-editor\" data-id=\"216f0ec\" data-element_type=\"widget\" data-e-type=\"widget\" data-widget_type=\"text-editor.default\">\n\t\t\t\t<div class=\"elementor-widget-container\">\n\t\t\t\t\t\t\t\t\t<p>Repricer.com zur Verf\u00fcgung gestellt:<\/p>\n<ul>\n<li><strong>Unerreichte Geschwindigkeit und Zuverl\u00e4ssigkeit:<\/strong> Automatisierte Preisanpassung, die in Echtzeit aktualisiert wird.<\/li>\n<li><strong>Erweiterte Preisgestaltungsregeln:<\/strong> Volle Kontrolle \u00fcber Preisstrategien f\u00fcr jedes Produkt.<\/li>\n<li><strong>Wiederverk\u00e4ufer-Management:<\/strong> Tools zur Stabilisierung der Preisgestaltung und zur Wiedererlangung der Kontrolle bei Bedarf.<\/li>\n<\/ul>\n\t\t\t\t\t\t\t\t<\/div>\n\t\t\t\t<\/div>\n\t\t\t\t<div class=\"elementor-element elementor-element-dd3c4ad elementor-widget elementor-widget-heading\" data-id=\"dd3c4ad\" data-element_type=\"widget\" data-e-type=\"widget\" data-widget_type=\"heading.default\">\n\t\t\t\t<div class=\"elementor-widget-container\">\n\t\t\t\t\t<h2 class=\"elementor-heading-title elementor-size-default\">Die Ergebnisse<\/h2>\t\t\t\t<\/div>\n\t\t\t\t<\/div>\n\t\t\t\t<div class=\"elementor-element elementor-element-391a24f elementor-widget__width-initial elementor-widget elementor-widget-text-editor\" data-id=\"391a24f\" data-element_type=\"widget\" data-e-type=\"widget\" data-widget_type=\"text-editor.default\">\n\t\t\t\t<div class=\"elementor-widget-container\">\n\t\t\t\t\t\t\t\t\t<ul>\n<li><strong>Buy Box Erfolg:<\/strong> Steigerung der Buy Box-Gewinnrate von 25% auf \u00fcber 90% in nur 6 Wochen.<\/li>\n<li><strong>Umsatzwachstum:<\/strong> Er hat FordeBaker-Kunden geholfen, ihren Jahresumsatz auf \u00fcber 1 Million Pfund zu steigern.<\/li>\n<li><strong>M\u00fchelose Integration:<\/strong> Einfache Einrichtung mit minimaler Lernkurve.<\/li>\n<\/ul>\n\t\t\t\t\t\t\t\t<\/div>\n\t\t\t\t<\/div>\n\t\t\t\t\t<\/div>\n\t\t\t\t<\/div>\n\t\t\t\t<div class=\"elementor-element elementor-element-6e85419 elementor-widget elementor-widget-heading\" data-id=\"6e85419\" data-element_type=\"widget\" data-e-type=\"widget\" data-widget_type=\"heading.default\">\n\t\t\t\t<div class=\"elementor-widget-container\">\n\t\t\t\t\t<h3 class=\"elementor-heading-title elementor-size-default\">\"Repricer.com hat unsere Erwartungen \u00fcbertroffen. Es hat unser Gesch\u00e4ft transformiert und den Umsatz und den Erfolg der Buy Box erheblich gesteigert.\" - Tom Baker, CEO von FordeBaker<\/h3>\t\t\t\t<\/div>\n\t\t\t\t<\/div>\n\t\t\t\t\t<\/div>\n\t\t<\/div>\n\t\t\t\t\t<\/div>\n\t\t<\/section>\n\t\t\t\t<section class=\"elementor-section elementor-top-section elementor-element elementor-element-05ccbc7 elementor-section-boxed elementor-section-height-default elementor-section-height-default\" data-id=\"05ccbc7\" data-element_type=\"section\" data-e-type=\"section\">\n\t\t\t\t\t\t<div class=\"elementor-container elementor-column-gap-default\">\n\t\t\t\t\t<div class=\"elementor-column elementor-col-100 elementor-top-column elementor-element elementor-element-720e963\" data-id=\"720e963\" data-element_type=\"column\" data-e-type=\"column\">\n\t\t\t<div class=\"elementor-widget-wrap\">\n\t\t\t\t\t\t\t<\/div>\n\t\t<\/div>\n\t\t\t\t\t<\/div>\n\t\t<\/section>\n\t\t\t\t<\/div>\n\t\t","protected":false},"excerpt":{"rendered":"<p>Wie FordeBaker die Buy Box-Gewinnrate von 25% auf 90% steigerte Tom Baker, CEO bei FordeBaker Buchen Sie Ihre kostenlose Demo \u00dcber FordeBaker FordeBaker ist eine globale Marktplatzagentur, die sich darauf spezialisiert hat, Marken auf Plattformen wie Amazon, Walmart und TikTok Shop zu Bestsellern zu machen. Unter der Leitung von CEO Tom Baker k\u00fcmmern sie sich [&hellip;]<\/p>\n","protected":false},"author":46,"featured_media":0,"parent":3735,"menu_order":0,"comment_status":"closed","ping_status":"closed","template":"","meta":{"inline_featured_image":false,"footnotes":""},"class_list":["post-26178","page","type-page","status-publish","hentry"],"yoast_head":"<!-- This site is optimized with the Yoast SEO Premium plugin v27.4 (Yoast SEO v27.5) - https:\/\/yoast.com\/product\/yoast-seo-premium-wordpress\/ -->\n<title>Repricer.com Kundengeschichte - Forde Baker<\/title>\n<meta name=\"description\" content=\"Repricer.com war ein Wendepunkt f\u00fcr unsere Kunden und erm\u00f6glichte uns schnelles Wachstum. - Tom Baker, CEO von FordeBaker.\" \/>\n<meta name=\"robots\" content=\"noindex, follow\" \/>\n<meta property=\"og:locale\" content=\"de_DE\" \/>\n<meta property=\"og:type\" content=\"article\" \/>\n<meta property=\"og:title\" content=\"Repricer.com Kundengeschichte - Forde Baker\" \/>\n<meta property=\"og:description\" content=\"Repricer.com war ein Wendepunkt f\u00fcr unsere Kunden und erm\u00f6glichte uns schnelles Wachstum. - Tom Baker, CEO von FordeBaker.\" \/>\n<meta property=\"og:url\" content=\"https:\/\/www.repricer.com\/de\/erfolgsstory\/repricer-com-kundengeschichte-forde-baker\/\" \/>\n<meta property=\"og:site_name\" content=\"The Fastest Amazon Repricer | Repricer.com\" \/>\n<meta property=\"article:publisher\" content=\"https:\/\/www.facebook.com\/repricer\" \/>\n<meta property=\"article:modified_time\" content=\"2024-12-20T10:58:11+00:00\" \/>\n<meta property=\"og:image\" content=\"https:\/\/fast.wistia.com\/embed\/medias\/drvo15ksex\/swatch\" \/>\n<meta name=\"twitter:card\" content=\"summary_large_image\" \/>\n<meta name=\"twitter:site\" content=\"@repricer\" \/>\n<meta name=\"twitter:label1\" content=\"Gesch\u00e4tzte Lesezeit\" \/>\n\t<meta name=\"twitter:data1\" content=\"2\u00a0Minuten\" \/>\n<script type=\"application\/ld+json\" class=\"yoast-schema-graph\">{\"@context\":\"https:\\\/\\\/schema.org\",\"@graph\":[{\"@type\":\"WebPage\",\"@id\":\"https:\\\/\\\/www.repricer.com\\\/de\\\/erfolgsstory\\\/repricer-com-kundengeschichte-forde-baker\\\/\",\"url\":\"https:\\\/\\\/www.repricer.com\\\/de\\\/erfolgsstory\\\/repricer-com-kundengeschichte-forde-baker\\\/\",\"name\":\"Repricer.com Kundengeschichte - Forde Baker\",\"isPartOf\":{\"@id\":\"https:\\\/\\\/www.repricer.com\\\/de\\\/#website\"},\"primaryImageOfPage\":{\"@id\":\"https:\\\/\\\/www.repricer.com\\\/de\\\/erfolgsstory\\\/repricer-com-kundengeschichte-forde-baker\\\/#primaryimage\"},\"image\":{\"@id\":\"https:\\\/\\\/www.repricer.com\\\/de\\\/erfolgsstory\\\/repricer-com-kundengeschichte-forde-baker\\\/#primaryimage\"},\"thumbnailUrl\":\"https:\\\/\\\/fast.wistia.com\\\/embed\\\/medias\\\/drvo15ksex\\\/swatch\",\"datePublished\":\"2024-11-19T15:57:37+00:00\",\"dateModified\":\"2024-12-20T10:58:11+00:00\",\"description\":\"Repricer.com war ein Wendepunkt f\u00fcr unsere Kunden und erm\u00f6glichte uns schnelles Wachstum. - Tom Baker, CEO von FordeBaker.\",\"breadcrumb\":{\"@id\":\"https:\\\/\\\/www.repricer.com\\\/de\\\/erfolgsstory\\\/repricer-com-kundengeschichte-forde-baker\\\/#breadcrumb\"},\"inLanguage\":\"de\",\"potentialAction\":[{\"@type\":\"ReadAction\",\"target\":[\"https:\\\/\\\/www.repricer.com\\\/de\\\/erfolgsstory\\\/repricer-com-kundengeschichte-forde-baker\\\/\"]}]},{\"@type\":\"ImageObject\",\"inLanguage\":\"de\",\"@id\":\"https:\\\/\\\/www.repricer.com\\\/de\\\/erfolgsstory\\\/repricer-com-kundengeschichte-forde-baker\\\/#primaryimage\",\"url\":\"https:\\\/\\\/fast.wistia.com\\\/embed\\\/medias\\\/drvo15ksex\\\/swatch\",\"contentUrl\":\"https:\\\/\\\/fast.wistia.com\\\/embed\\\/medias\\\/drvo15ksex\\\/swatch\"},{\"@type\":\"BreadcrumbList\",\"@id\":\"https:\\\/\\\/www.repricer.com\\\/de\\\/erfolgsstory\\\/repricer-com-kundengeschichte-forde-baker\\\/#breadcrumb\",\"itemListElement\":[{\"@type\":\"ListItem\",\"position\":1,\"name\":\"Home\",\"item\":\"https:\\\/\\\/www.repricer.com\\\/de\\\/home-2\\\/\"},{\"@type\":\"ListItem\",\"position\":2,\"name\":\"Erfolgsstory\",\"item\":\"https:\\\/\\\/www.repricer.com\\\/de\\\/erfolgsstory\\\/\"},{\"@type\":\"ListItem\",\"position\":3,\"name\":\"Repricer.com Kundengeschichte &#8211; Forde Baker\"}]},{\"@type\":\"WebSite\",\"@id\":\"https:\\\/\\\/www.repricer.com\\\/de\\\/#website\",\"url\":\"https:\\\/\\\/www.repricer.com\\\/de\\\/\",\"name\":\"The Fastest Amazon Repricer | Repricer.com\",\"description\":\"Machen Sie Repricer.com zu Ihrer zentralen Drehscheibe f\u00fcr die Preisgestaltung, indem Sie alle Ihre Verkaufskan\u00e4le verbinden, einschlie\u00dflich Amazon, eBay, Walmart, Shopify und mehr.\",\"publisher\":{\"@id\":\"https:\\\/\\\/www.repricer.com\\\/de\\\/#organization\"},\"potentialAction\":[{\"@type\":\"SearchAction\",\"target\":{\"@type\":\"EntryPoint\",\"urlTemplate\":\"https:\\\/\\\/www.repricer.com\\\/de\\\/?s={search_term_string}\"},\"query-input\":{\"@type\":\"PropertyValueSpecification\",\"valueRequired\":true,\"valueName\":\"search_term_string\"}}],\"inLanguage\":\"de\"},{\"@type\":\"Organization\",\"@id\":\"https:\\\/\\\/www.repricer.com\\\/de\\\/#organization\",\"name\":\"Repricer.com\",\"url\":\"https:\\\/\\\/www.repricer.com\\\/de\\\/\",\"logo\":{\"@type\":\"ImageObject\",\"inLanguage\":\"de\",\"@id\":\"https:\\\/\\\/www.repricer.com\\\/de\\\/#\\\/schema\\\/logo\\\/image\\\/\",\"url\":\"https:\\\/\\\/www.repricer.com\\\/wp-content\\\/uploads\\\/2022\\\/01\\\/updated-repricer-logo-black.png\",\"contentUrl\":\"https:\\\/\\\/www.repricer.com\\\/wp-content\\\/uploads\\\/2022\\\/01\\\/updated-repricer-logo-black.png\",\"width\":481,\"height\":83,\"caption\":\"Repricer.com\"},\"image\":{\"@id\":\"https:\\\/\\\/www.repricer.com\\\/de\\\/#\\\/schema\\\/logo\\\/image\\\/\"},\"sameAs\":[\"https:\\\/\\\/www.facebook.com\\\/repricer\",\"https:\\\/\\\/x.com\\\/repricer\",\"https:\\\/\\\/www.instagram.com\\\/repricer\\\/\",\"https:\\\/\\\/www.youtube.com\\\/channel\\\/UC_pT73zbB2TIA-jS12y93fA\"]}]}<\/script>\n<!-- \/ Yoast SEO Premium plugin. -->","yoast_head_json":{"title":"Repricer.com Kundengeschichte - Forde Baker","description":"Repricer.com war ein Wendepunkt f\u00fcr unsere Kunden und erm\u00f6glichte uns schnelles Wachstum. - Tom Baker, CEO von FordeBaker.","robots":{"index":"noindex","follow":"follow"},"og_locale":"de_DE","og_type":"article","og_title":"Repricer.com Kundengeschichte - Forde Baker","og_description":"Repricer.com war ein Wendepunkt f\u00fcr unsere Kunden und erm\u00f6glichte uns schnelles Wachstum. - Tom Baker, CEO von FordeBaker.","og_url":"https:\/\/www.repricer.com\/de\/erfolgsstory\/repricer-com-kundengeschichte-forde-baker\/","og_site_name":"The Fastest Amazon Repricer | Repricer.com","article_publisher":"https:\/\/www.facebook.com\/repricer","article_modified_time":"2024-12-20T10:58:11+00:00","og_image":[{"url":"https:\/\/fast.wistia.com\/embed\/medias\/drvo15ksex\/swatch","type":"","width":"","height":""}],"twitter_card":"summary_large_image","twitter_site":"@repricer","twitter_misc":{"Gesch\u00e4tzte Lesezeit":"2\u00a0Minuten"},"schema":{"@context":"https:\/\/schema.org","@graph":[{"@type":"WebPage","@id":"https:\/\/www.repricer.com\/de\/erfolgsstory\/repricer-com-kundengeschichte-forde-baker\/","url":"https:\/\/www.repricer.com\/de\/erfolgsstory\/repricer-com-kundengeschichte-forde-baker\/","name":"Repricer.com Kundengeschichte - Forde Baker","isPartOf":{"@id":"https:\/\/www.repricer.com\/de\/#website"},"primaryImageOfPage":{"@id":"https:\/\/www.repricer.com\/de\/erfolgsstory\/repricer-com-kundengeschichte-forde-baker\/#primaryimage"},"image":{"@id":"https:\/\/www.repricer.com\/de\/erfolgsstory\/repricer-com-kundengeschichte-forde-baker\/#primaryimage"},"thumbnailUrl":"https:\/\/fast.wistia.com\/embed\/medias\/drvo15ksex\/swatch","datePublished":"2024-11-19T15:57:37+00:00","dateModified":"2024-12-20T10:58:11+00:00","description":"Repricer.com war ein Wendepunkt f\u00fcr unsere Kunden und erm\u00f6glichte uns schnelles Wachstum. - Tom Baker, CEO von FordeBaker.","breadcrumb":{"@id":"https:\/\/www.repricer.com\/de\/erfolgsstory\/repricer-com-kundengeschichte-forde-baker\/#breadcrumb"},"inLanguage":"de","potentialAction":[{"@type":"ReadAction","target":["https:\/\/www.repricer.com\/de\/erfolgsstory\/repricer-com-kundengeschichte-forde-baker\/"]}]},{"@type":"ImageObject","inLanguage":"de","@id":"https:\/\/www.repricer.com\/de\/erfolgsstory\/repricer-com-kundengeschichte-forde-baker\/#primaryimage","url":"https:\/\/fast.wistia.com\/embed\/medias\/drvo15ksex\/swatch","contentUrl":"https:\/\/fast.wistia.com\/embed\/medias\/drvo15ksex\/swatch"},{"@type":"BreadcrumbList","@id":"https:\/\/www.repricer.com\/de\/erfolgsstory\/repricer-com-kundengeschichte-forde-baker\/#breadcrumb","itemListElement":[{"@type":"ListItem","position":1,"name":"Home","item":"https:\/\/www.repricer.com\/de\/home-2\/"},{"@type":"ListItem","position":2,"name":"Erfolgsstory","item":"https:\/\/www.repricer.com\/de\/erfolgsstory\/"},{"@type":"ListItem","position":3,"name":"Repricer.com Kundengeschichte &#8211; Forde Baker"}]},{"@type":"WebSite","@id":"https:\/\/www.repricer.com\/de\/#website","url":"https:\/\/www.repricer.com\/de\/","name":"The Fastest Amazon Repricer | Repricer.com","description":"Machen Sie Repricer.com zu Ihrer zentralen Drehscheibe f\u00fcr die Preisgestaltung, indem Sie alle Ihre Verkaufskan\u00e4le verbinden, einschlie\u00dflich Amazon, eBay, Walmart, Shopify und mehr.","publisher":{"@id":"https:\/\/www.repricer.com\/de\/#organization"},"potentialAction":[{"@type":"SearchAction","target":{"@type":"EntryPoint","urlTemplate":"https:\/\/www.repricer.com\/de\/?s={search_term_string}"},"query-input":{"@type":"PropertyValueSpecification","valueRequired":true,"valueName":"search_term_string"}}],"inLanguage":"de"},{"@type":"Organization","@id":"https:\/\/www.repricer.com\/de\/#organization","name":"Repricer.com","url":"https:\/\/www.repricer.com\/de\/","logo":{"@type":"ImageObject","inLanguage":"de","@id":"https:\/\/www.repricer.com\/de\/#\/schema\/logo\/image\/","url":"https:\/\/www.repricer.com\/wp-content\/uploads\/2022\/01\/updated-repricer-logo-black.png","contentUrl":"https:\/\/www.repricer.com\/wp-content\/uploads\/2022\/01\/updated-repricer-logo-black.png","width":481,"height":83,"caption":"Repricer.com"},"image":{"@id":"https:\/\/www.repricer.com\/de\/#\/schema\/logo\/image\/"},"sameAs":["https:\/\/www.facebook.com\/repricer","https:\/\/x.com\/repricer","https:\/\/www.instagram.com\/repricer\/","https:\/\/www.youtube.com\/channel\/UC_pT73zbB2TIA-jS12y93fA"]}]}},"_links":{"self":[{"href":"https:\/\/www.repricer.com\/de\/wp-json\/wp\/v2\/pages\/26178","targetHints":{"allow":["GET"]}}],"collection":[{"href":"https:\/\/www.repricer.com\/de\/wp-json\/wp\/v2\/pages"}],"about":[{"href":"https:\/\/www.repricer.com\/de\/wp-json\/wp\/v2\/types\/page"}],"author":[{"embeddable":true,"href":"https:\/\/www.repricer.com\/de\/wp-json\/wp\/v2\/users\/46"}],"replies":[{"embeddable":true,"href":"https:\/\/www.repricer.com\/de\/wp-json\/wp\/v2\/comments?post=26178"}],"version-history":[{"count":0,"href":"https:\/\/www.repricer.com\/de\/wp-json\/wp\/v2\/pages\/26178\/revisions"}],"up":[{"embeddable":true,"href":"https:\/\/www.repricer.com\/de\/wp-json\/wp\/v2\/pages\/3735"}],"wp:attachment":[{"href":"https:\/\/www.repricer.com\/de\/wp-json\/wp\/v2\/media?parent=26178"}],"curies":[{"name":"wp","href":"https:\/\/api.w.org\/{rel}","templated":true}]}}