{"id":3738,"date":"2022-02-10T14:40:11","date_gmt":"2022-02-10T14:40:11","guid":{"rendered":"https:\/\/www2.repricer.com\/kontakt-verkauf\/"},"modified":"2023-10-20T10:26:25","modified_gmt":"2023-10-20T10:26:25","slug":"kontakt-verkauf","status":"publish","type":"page","link":"https:\/\/www.repricer.com\/de\/kontakt-verkauf\/","title":{"rendered":"Kontakt Vertrieb"},"content":{"rendered":"\t\t<div data-elementor-type=\"wp-page\" data-elementor-id=\"3738\" class=\"elementor elementor-3738 elementor-3490\" data-elementor-post-type=\"page\">\n\t\t\t\t\t\t<section class=\"elementor-section elementor-top-section elementor-element elementor-element-f9b8b9c elementor-section-boxed elementor-section-height-default elementor-section-height-default\" data-id=\"f9b8b9c\" data-element_type=\"section\" data-e-type=\"section\">\n\t\t\t\t\t\t<div class=\"elementor-container elementor-column-gap-default\">\n\t\t\t\t\t<div class=\"elementor-column elementor-col-50 elementor-top-column elementor-element elementor-element-d218333\" data-id=\"d218333\" data-element_type=\"column\" data-e-type=\"column\">\n\t\t\t<div class=\"elementor-widget-wrap elementor-element-populated\">\n\t\t\t\t\t\t<div class=\"elementor-element elementor-element-6ee7dcf elementor-widget elementor-widget-spacer\" data-id=\"6ee7dcf\" data-element_type=\"widget\" data-e-type=\"widget\" data-widget_type=\"spacer.default\">\n\t\t\t\t<div class=\"elementor-widget-container\">\n\t\t\t\t\t\t\t<div class=\"elementor-spacer\">\n\t\t\t<div class=\"elementor-spacer-inner\"><\/div>\n\t\t<\/div>\n\t\t\t\t\t\t<\/div>\n\t\t\t\t<\/div>\n\t\t\t\t<div class=\"elementor-element elementor-element-55c185ee elementor-widget elementor-widget-image\" data-id=\"55c185ee\" data-element_type=\"widget\" data-e-type=\"widget\" data-widget_type=\"image.default\">\n\t\t\t\t<div class=\"elementor-widget-container\">\n\t\t\t\t\t\t\t\t\t\t\t\t\t\t\t<img fetchpriority=\"high\" decoding=\"async\" width=\"825\" height=\"215\" src=\"https:\/\/www.repricer.com\/wp-content\/uploads\/2022\/02\/Group-2132@2x-1.png\" class=\"attachment-full size-full wp-image-4150\" alt=\"Unterst\u00fctzungspersonal\" srcset=\"https:\/\/www.repricer.com\/wp-content\/uploads\/2022\/02\/Group-2132@2x-1.png 825w, https:\/\/www.repricer.com\/wp-content\/uploads\/2022\/02\/Group-2132@2x-1-300x78.png 300w, https:\/\/www.repricer.com\/wp-content\/uploads\/2022\/02\/Group-2132@2x-1-768x200.png 768w\" sizes=\"(max-width: 825px) 100vw, 825px\" \/>\t\t\t\t\t\t\t\t\t\t\t\t\t\t\t<\/div>\n\t\t\t\t<\/div>\n\t\t\t\t<div class=\"elementor-element elementor-element-711f8d9 elementor-widget elementor-widget-heading\" data-id=\"711f8d9\" data-element_type=\"widget\" data-e-type=\"widget\" data-widget_type=\"heading.default\">\n\t\t\t\t<div class=\"elementor-widget-container\">\n\t\t\t\t\t<h1 class=\"elementor-heading-title elementor-size-default\">Kontakt zu unserem Verkaufsteam<\/h1>\t\t\t\t<\/div>\n\t\t\t\t<\/div>\n\t\t\t\t<div class=\"elementor-element elementor-element-50e2df8 elementor-widget elementor-widget-heading\" data-id=\"50e2df8\" data-element_type=\"widget\" data-e-type=\"widget\" data-widget_type=\"heading.default\">\n\t\t\t\t<div class=\"elementor-widget-container\">\n\t\t\t\t\t<h5 class=\"elementor-heading-title elementor-size-default\">Sprechen Sie mit unserem Team und lassen Sie uns Ihnen zeigen, wie eDesk Ihren eCommerce-Kundenservice ver\u00e4ndern kann. Mehr als 5.000 gro\u00dfe und kleine Online-H\u00e4ndler schenken uns t\u00e4glich ihr Vertrauen.\n<\/h5>\t\t\t\t<\/div>\n\t\t\t\t<\/div>\n\t\t\t\t\t<\/div>\n\t\t<\/div>\n\t\t\t\t<div class=\"elementor-column elementor-col-50 elementor-top-column elementor-element elementor-element-92b2eae\" data-id=\"92b2eae\" data-element_type=\"column\" data-e-type=\"column\">\n\t\t\t<div class=\"elementor-widget-wrap elementor-element-populated\">\n\t\t\t\t\t\t<div class=\"elementor-element elementor-element-10d560fe elementor-hidden-tablet elementor-hidden-mobile elementor-widget elementor-widget-spacer\" data-id=\"10d560fe\" data-element_type=\"widget\" data-e-type=\"widget\" data-widget_type=\"spacer.default\">\n\t\t\t\t<div class=\"elementor-widget-container\">\n\t\t\t\t\t\t\t<div class=\"elementor-spacer\">\n\t\t\t<div class=\"elementor-spacer-inner\"><\/div>\n\t\t<\/div>\n\t\t\t\t\t\t<\/div>\n\t\t\t\t<\/div>\n\t\t\t\t<div class=\"elementor-element elementor-element-2d3eb1f5 elementor-widget elementor-widget-html\" data-id=\"2d3eb1f5\" data-element_type=\"widget\" data-e-type=\"widget\" data-widget_type=\"html.default\">\n\t\t\t\t<div class=\"elementor-widget-container\">\n\t\t\t\t\t<!--[if lte IE 8]>\n<script charset=\"utf-8\" type=\"text\/javascript\" src=\"\/\/js.hsforms.net\/forms\/v2-legacy.js\"><\/script>\n<![endif]--><script charset=\"utf-8\" type=\"text\/javascript\" src=\"\/\/js.hsforms.net\/forms\/v2.js\"><\/script><script>\n    hbspt.forms.create({\n    region: \"na1\",\n    portalId: \"4770908\",\n    formId: \"72690bef-0f5b-4813-ba7d-ef8c919d38a4\"\n});\n<\/script>\t\t\t\t<\/div>\n\t\t\t\t<\/div>\n\t\t\t\t<div class=\"elementor-element elementor-element-51cdaadd elementor-widget elementor-widget-spacer\" data-id=\"51cdaadd\" data-element_type=\"widget\" data-e-type=\"widget\" data-widget_type=\"spacer.default\">\n\t\t\t\t<div class=\"elementor-widget-container\">\n\t\t\t\t\t\t\t<div class=\"elementor-spacer\">\n\t\t\t<div class=\"elementor-spacer-inner\"><\/div>\n\t\t<\/div>\n\t\t\t\t\t\t<\/div>\n\t\t\t\t<\/div>\n\t\t\t\t\t<\/div>\n\t\t<\/div>\n\t\t\t\t\t<\/div>\n\t\t<\/section>\n\t\t\t\t<\/div>\n\t\t","protected":false},"excerpt":{"rendered":"<p>Kontakt zu unserem Verkaufsteam Sprechen Sie mit unserem Team und lassen Sie uns Ihnen zeigen, wie eDesk Ihren eCommerce-Kundenservice ver\u00e4ndern kann. Mehr als 5.000 gro\u00dfe und kleine Online-H\u00e4ndler schenken uns t\u00e4glich ihr Vertrauen.<\/p>\n","protected":false},"author":12,"featured_media":18305,"parent":0,"menu_order":0,"comment_status":"closed","ping_status":"closed","template":"","meta":{"inline_featured_image":false,"footnotes":""},"class_list":["post-3738","page","type-page","status-publish","has-post-thumbnail","hentry"],"yoast_head":"<!-- This site is optimized with the Yoast SEO Premium plugin v27.4 (Yoast SEO v27.4) - https:\/\/yoast.com\/product\/yoast-seo-premium-wordpress\/ -->\n<title>Kontakt Vertrieb - The Fastest Amazon Repricer<\/title>\n<meta name=\"description\" content=\"Sprechen Sie mit unserem Team und erfahren Sie, wie eDesk Ihren eCommerce-Kundenservice verbessern kann.\" \/>\n<meta name=\"robots\" content=\"index, follow, max-snippet:-1, max-image-preview:large, max-video-preview:-1\" \/>\n<link rel=\"canonical\" href=\"https:\/\/www.repricer.com\/de\/kontakt-verkauf\/\" \/>\n<meta property=\"og:locale\" content=\"de_DE\" \/>\n<meta property=\"og:type\" content=\"article\" \/>\n<meta property=\"og:title\" content=\"Kontakt Vertrieb\" \/>\n<meta property=\"og:description\" content=\"Sprechen Sie mit unserem Team und erfahren Sie, wie eDesk Ihren eCommerce-Kundenservice verbessern kann.\" \/>\n<meta property=\"og:url\" content=\"https:\/\/www.repricer.com\/de\/kontakt-verkauf\/\" \/>\n<meta property=\"og:site_name\" content=\"The Fastest Amazon Repricer | Repricer.com\" \/>\n<meta property=\"article:publisher\" content=\"https:\/\/www.facebook.com\/repricer\" \/>\n<meta property=\"article:modified_time\" content=\"2023-10-20T10:26:25+00:00\" \/>\n<meta property=\"og:image\" content=\"https:\/\/www.repricer.com\/wp-content\/uploads\/2022\/01\/Vector-4.png\" \/>\n\t<meta property=\"og:image:width\" content=\"101\" \/>\n\t<meta property=\"og:image:height\" content=\"64\" \/>\n\t<meta property=\"og:image:type\" content=\"image\/png\" \/>\n<meta name=\"twitter:card\" content=\"summary_large_image\" \/>\n<meta name=\"twitter:site\" content=\"@repricer\" \/>\n<script type=\"application\/ld+json\" class=\"yoast-schema-graph\">{\"@context\":\"https:\\\/\\\/schema.org\",\"@graph\":[{\"@type\":\"WebPage\",\"@id\":\"https:\\\/\\\/www.repricer.com\\\/de\\\/kontakt-verkauf\\\/\",\"url\":\"https:\\\/\\\/www.repricer.com\\\/de\\\/kontakt-verkauf\\\/\",\"name\":\"Kontakt Vertrieb - The Fastest Amazon Repricer\",\"isPartOf\":{\"@id\":\"https:\\\/\\\/www.repricer.com\\\/de\\\/#website\"},\"primaryImageOfPage\":{\"@id\":\"https:\\\/\\\/www.repricer.com\\\/de\\\/kontakt-verkauf\\\/#primaryimage\"},\"image\":{\"@id\":\"https:\\\/\\\/www.repricer.com\\\/de\\\/kontakt-verkauf\\\/#primaryimage\"},\"thumbnailUrl\":\"https:\\\/\\\/www.repricer.com\\\/wp-content\\\/uploads\\\/2022\\\/01\\\/Vector-4.png\",\"datePublished\":\"2022-02-10T14:40:11+00:00\",\"dateModified\":\"2023-10-20T10:26:25+00:00\",\"description\":\"Sprechen Sie mit unserem Team und erfahren Sie, wie eDesk Ihren eCommerce-Kundenservice verbessern kann.\",\"breadcrumb\":{\"@id\":\"https:\\\/\\\/www.repricer.com\\\/de\\\/kontakt-verkauf\\\/#breadcrumb\"},\"inLanguage\":\"de\",\"potentialAction\":[{\"@type\":\"ReadAction\",\"target\":[\"https:\\\/\\\/www.repricer.com\\\/de\\\/kontakt-verkauf\\\/\"]}]},{\"@type\":\"ImageObject\",\"inLanguage\":\"de\",\"@id\":\"https:\\\/\\\/www.repricer.com\\\/de\\\/kontakt-verkauf\\\/#primaryimage\",\"url\":\"https:\\\/\\\/www.repricer.com\\\/wp-content\\\/uploads\\\/2022\\\/01\\\/Vector-4.png\",\"contentUrl\":\"https:\\\/\\\/www.repricer.com\\\/wp-content\\\/uploads\\\/2022\\\/01\\\/Vector-4.png\",\"width\":101,\"height\":64,\"caption\":\"Repricer logo\"},{\"@type\":\"BreadcrumbList\",\"@id\":\"https:\\\/\\\/www.repricer.com\\\/de\\\/kontakt-verkauf\\\/#breadcrumb\",\"itemListElement\":[{\"@type\":\"ListItem\",\"position\":1,\"name\":\"Home\",\"item\":\"https:\\\/\\\/www.repricer.com\\\/de\\\/home-2\\\/\"},{\"@type\":\"ListItem\",\"position\":2,\"name\":\"Kontakt Vertrieb\"}]},{\"@type\":\"WebSite\",\"@id\":\"https:\\\/\\\/www.repricer.com\\\/de\\\/#website\",\"url\":\"https:\\\/\\\/www.repricer.com\\\/de\\\/\",\"name\":\"The Fastest Amazon Repricer | Repricer.com\",\"description\":\"Machen Sie Repricer.com zu Ihrer zentralen Drehscheibe f\u00fcr die Preisgestaltung, indem Sie alle Ihre Verkaufskan\u00e4le verbinden, einschlie\u00dflich Amazon, eBay, Walmart, Shopify und mehr.\",\"publisher\":{\"@id\":\"https:\\\/\\\/www.repricer.com\\\/de\\\/#organization\"},\"potentialAction\":[{\"@type\":\"SearchAction\",\"target\":{\"@type\":\"EntryPoint\",\"urlTemplate\":\"https:\\\/\\\/www.repricer.com\\\/de\\\/?s={search_term_string}\"},\"query-input\":{\"@type\":\"PropertyValueSpecification\",\"valueRequired\":true,\"valueName\":\"search_term_string\"}}],\"inLanguage\":\"de\"},{\"@type\":\"Organization\",\"@id\":\"https:\\\/\\\/www.repricer.com\\\/de\\\/#organization\",\"name\":\"Repricer.com\",\"url\":\"https:\\\/\\\/www.repricer.com\\\/de\\\/\",\"logo\":{\"@type\":\"ImageObject\",\"inLanguage\":\"de\",\"@id\":\"https:\\\/\\\/www.repricer.com\\\/de\\\/#\\\/schema\\\/logo\\\/image\\\/\",\"url\":\"https:\\\/\\\/www.repricer.com\\\/wp-content\\\/uploads\\\/2022\\\/01\\\/updated-repricer-logo-black.png\",\"contentUrl\":\"https:\\\/\\\/www.repricer.com\\\/wp-content\\\/uploads\\\/2022\\\/01\\\/updated-repricer-logo-black.png\",\"width\":481,\"height\":83,\"caption\":\"Repricer.com\"},\"image\":{\"@id\":\"https:\\\/\\\/www.repricer.com\\\/de\\\/#\\\/schema\\\/logo\\\/image\\\/\"},\"sameAs\":[\"https:\\\/\\\/www.facebook.com\\\/repricer\",\"https:\\\/\\\/x.com\\\/repricer\",\"https:\\\/\\\/www.instagram.com\\\/repricer\\\/\",\"https:\\\/\\\/www.youtube.com\\\/channel\\\/UC_pT73zbB2TIA-jS12y93fA\"]}]}<\/script>\n<!-- \/ Yoast SEO Premium plugin. -->","yoast_head_json":{"title":"Kontakt Vertrieb - The Fastest Amazon Repricer","description":"Sprechen Sie mit unserem Team und erfahren Sie, wie eDesk Ihren eCommerce-Kundenservice verbessern kann.","robots":{"index":"index","follow":"follow","max-snippet":"max-snippet:-1","max-image-preview":"max-image-preview:large","max-video-preview":"max-video-preview:-1"},"canonical":"https:\/\/www.repricer.com\/de\/kontakt-verkauf\/","og_locale":"de_DE","og_type":"article","og_title":"Kontakt Vertrieb","og_description":"Sprechen Sie mit unserem Team und erfahren Sie, wie eDesk Ihren eCommerce-Kundenservice verbessern kann.","og_url":"https:\/\/www.repricer.com\/de\/kontakt-verkauf\/","og_site_name":"The Fastest Amazon Repricer | Repricer.com","article_publisher":"https:\/\/www.facebook.com\/repricer","article_modified_time":"2023-10-20T10:26:25+00:00","og_image":[{"width":101,"height":64,"url":"https:\/\/www.repricer.com\/wp-content\/uploads\/2022\/01\/Vector-4.png","type":"image\/png"}],"twitter_card":"summary_large_image","twitter_site":"@repricer","schema":{"@context":"https:\/\/schema.org","@graph":[{"@type":"WebPage","@id":"https:\/\/www.repricer.com\/de\/kontakt-verkauf\/","url":"https:\/\/www.repricer.com\/de\/kontakt-verkauf\/","name":"Kontakt Vertrieb - The Fastest Amazon Repricer","isPartOf":{"@id":"https:\/\/www.repricer.com\/de\/#website"},"primaryImageOfPage":{"@id":"https:\/\/www.repricer.com\/de\/kontakt-verkauf\/#primaryimage"},"image":{"@id":"https:\/\/www.repricer.com\/de\/kontakt-verkauf\/#primaryimage"},"thumbnailUrl":"https:\/\/www.repricer.com\/wp-content\/uploads\/2022\/01\/Vector-4.png","datePublished":"2022-02-10T14:40:11+00:00","dateModified":"2023-10-20T10:26:25+00:00","description":"Sprechen Sie mit unserem Team und erfahren Sie, wie eDesk Ihren eCommerce-Kundenservice verbessern kann.","breadcrumb":{"@id":"https:\/\/www.repricer.com\/de\/kontakt-verkauf\/#breadcrumb"},"inLanguage":"de","potentialAction":[{"@type":"ReadAction","target":["https:\/\/www.repricer.com\/de\/kontakt-verkauf\/"]}]},{"@type":"ImageObject","inLanguage":"de","@id":"https:\/\/www.repricer.com\/de\/kontakt-verkauf\/#primaryimage","url":"https:\/\/www.repricer.com\/wp-content\/uploads\/2022\/01\/Vector-4.png","contentUrl":"https:\/\/www.repricer.com\/wp-content\/uploads\/2022\/01\/Vector-4.png","width":101,"height":64,"caption":"Repricer logo"},{"@type":"BreadcrumbList","@id":"https:\/\/www.repricer.com\/de\/kontakt-verkauf\/#breadcrumb","itemListElement":[{"@type":"ListItem","position":1,"name":"Home","item":"https:\/\/www.repricer.com\/de\/home-2\/"},{"@type":"ListItem","position":2,"name":"Kontakt Vertrieb"}]},{"@type":"WebSite","@id":"https:\/\/www.repricer.com\/de\/#website","url":"https:\/\/www.repricer.com\/de\/","name":"The Fastest Amazon Repricer | Repricer.com","description":"Machen Sie Repricer.com zu Ihrer zentralen Drehscheibe f\u00fcr die Preisgestaltung, indem Sie alle Ihre Verkaufskan\u00e4le verbinden, einschlie\u00dflich Amazon, eBay, Walmart, Shopify und mehr.","publisher":{"@id":"https:\/\/www.repricer.com\/de\/#organization"},"potentialAction":[{"@type":"SearchAction","target":{"@type":"EntryPoint","urlTemplate":"https:\/\/www.repricer.com\/de\/?s={search_term_string}"},"query-input":{"@type":"PropertyValueSpecification","valueRequired":true,"valueName":"search_term_string"}}],"inLanguage":"de"},{"@type":"Organization","@id":"https:\/\/www.repricer.com\/de\/#organization","name":"Repricer.com","url":"https:\/\/www.repricer.com\/de\/","logo":{"@type":"ImageObject","inLanguage":"de","@id":"https:\/\/www.repricer.com\/de\/#\/schema\/logo\/image\/","url":"https:\/\/www.repricer.com\/wp-content\/uploads\/2022\/01\/updated-repricer-logo-black.png","contentUrl":"https:\/\/www.repricer.com\/wp-content\/uploads\/2022\/01\/updated-repricer-logo-black.png","width":481,"height":83,"caption":"Repricer.com"},"image":{"@id":"https:\/\/www.repricer.com\/de\/#\/schema\/logo\/image\/"},"sameAs":["https:\/\/www.facebook.com\/repricer","https:\/\/x.com\/repricer","https:\/\/www.instagram.com\/repricer\/","https:\/\/www.youtube.com\/channel\/UC_pT73zbB2TIA-jS12y93fA"]}]}},"_links":{"self":[{"href":"https:\/\/www.repricer.com\/de\/wp-json\/wp\/v2\/pages\/3738","targetHints":{"allow":["GET"]}}],"collection":[{"href":"https:\/\/www.repricer.com\/de\/wp-json\/wp\/v2\/pages"}],"about":[{"href":"https:\/\/www.repricer.com\/de\/wp-json\/wp\/v2\/types\/page"}],"author":[{"embeddable":true,"href":"https:\/\/www.repricer.com\/de\/wp-json\/wp\/v2\/users\/12"}],"replies":[{"embeddable":true,"href":"https:\/\/www.repricer.com\/de\/wp-json\/wp\/v2\/comments?post=3738"}],"version-history":[{"count":0,"href":"https:\/\/www.repricer.com\/de\/wp-json\/wp\/v2\/pages\/3738\/revisions"}],"wp:featuredmedia":[{"embeddable":true,"href":"https:\/\/www.repricer.com\/de\/wp-json\/wp\/v2\/media\/18305"}],"wp:attachment":[{"href":"https:\/\/www.repricer.com\/de\/wp-json\/wp\/v2\/media?parent=3738"}],"curies":[{"name":"wp","href":"https:\/\/api.w.org\/{rel}","templated":true}]}}