{"id":3820,"date":"2022-02-18T17:18:24","date_gmt":"2022-02-18T17:18:24","guid":{"rendered":"https:\/\/www2.repricer.com\/cookie-notice\/"},"modified":"2026-01-30T13:07:50","modified_gmt":"2026-01-30T13:07:50","slug":"cookie-notice","status":"publish","type":"page","link":"https:\/\/www.repricer.com\/de\/cookie-notice\/","title":{"rendered":"Cookie-Hinweis"},"content":{"rendered":"\t\t<div data-elementor-type=\"wp-page\" data-elementor-id=\"3820\" class=\"elementor elementor-3820 elementor-3609\" data-elementor-post-type=\"page\">\n\t\t\t\t\t\t<section class=\"elementor-section elementor-top-section elementor-element elementor-element-8ba90fe elementor-section-boxed elementor-section-height-default elementor-section-height-default\" data-id=\"8ba90fe\" data-element_type=\"section\" data-e-type=\"section\">\n\t\t\t\t\t\t<div class=\"elementor-container elementor-column-gap-default\">\n\t\t\t\t\t<div class=\"elementor-column elementor-col-100 elementor-top-column elementor-element elementor-element-9dacc04\" data-id=\"9dacc04\" data-element_type=\"column\" data-e-type=\"column\">\n\t\t\t<div class=\"elementor-widget-wrap elementor-element-populated\">\n\t\t\t\t\t\t<div class=\"elementor-element elementor-element-14016b0 elementor-widget elementor-widget-heading\" data-id=\"14016b0\" data-element_type=\"widget\" data-e-type=\"widget\" data-widget_type=\"heading.default\">\n\t\t\t\t<div class=\"elementor-widget-container\">\n\t\t\t\t\t<h1 class=\"elementor-heading-title elementor-size-default\"><b>Repricer Cookie-Hinweis<\/b><\/h1>\t\t\t\t<\/div>\n\t\t\t\t<\/div>\n\t\t\t\t<div class=\"elementor-element elementor-element-d49120d elementor-widget elementor-widget-text-editor\" data-id=\"d49120d\" data-element_type=\"widget\" data-e-type=\"widget\" data-widget_type=\"text-editor.default\">\n\t\t\t\t<div class=\"elementor-widget-container\">\n\t\t\t\t\t\t\t\t\t<p><strong>Mai 2025<\/strong><\/p><p>Dieser Cookie-Hinweis informiert Sie \u00fcber die Cookies, die wir auf unseren Websites xsellco.com, edesk.com, repricer.com und replymanager.com verwenden, und \u00fcber die Zwecke, f\u00fcr die wir sie einsetzen.<\/p><h2><strong style=\"color: inherit; font-family: inherit; background-color: var( --e-global-color-706ed4c );\">Was sind Cookies?<\/strong><\/h2><p>Cookies sind kleine Dateneinheiten, die von den von Ihnen besuchten Websites auf Ihrem Computer gespeichert werden. Sie werden h\u00e4ufig verwendet, um Websites effizienter zu gestalten, Informationen \u00fcber die Nutzung der Website zu liefern und Informationen f\u00fcr Marketingzwecke bereitzustellen.<\/p><p>Die Dauer der Speicherung von Cookies in Ihrem Browser h\u00e4ngt vom jeweiligen Cookie ab. Einige Cookies bleiben nur f\u00fcr Ihre Online-Sitzung bestehen, w\u00e4hrend andere f\u00fcr einen l\u00e4ngeren Zeitraum in Ihrem Browser gespeichert bleiben.<\/p><h3><b style=\"color: inherit; letter-spacing: -0.7px; background-color: var( --e-global-color-706ed4c );\">Von uns verwendete Cookies<\/b><\/h3><h4>Funktionale Cookies<\/h4><p>Diese Cookies sorgen daf\u00fcr, dass unsere Websites ordnungsgem\u00e4\u00df funktionieren und Ihnen eine gute Erfahrung bei der Nutzung unserer Websites bieten. Wir haben diese Cookies im Folgenden aufgelistet, von denen einige von Dritten gesetzt werden, die uns Dienstleistungen anbieten.<\/p><figure class=\"wp-block-table\"><table><thead><tr><th scope=\"col\">Cookie<\/th><th scope=\"col\">Zu welchem Zweck?<\/th><\/tr><\/thead><tbody><tr><td>Cookie-Zustimmung<\/td><td>Dieses Cookie wird verwendet, um Ihre Entscheidungen \u00fcber Cookies auf unseren Websites zu speichern<\/td><\/tr><tr><td>xSellco<\/td><td>Um die Leistung des Webservers f\u00fcr die Benutzer zu optimieren und um die Erfahrung unserer angemeldeten Benutzer zu personalisieren<\/td><\/tr><tr><td>eDesk<\/td><td>Um zu verstehen, wie unsere Benutzer auf unseren Websites surfen und mit ihnen interagieren, und um die Erfahrung unserer angemeldeten Benutzer zu personalisieren<\/td><\/tr><\/tbody><\/table><\/figure><h4> <\/h4><h4><b>Cookies, die uns helfen, unsere Websites zu verbessern<\/b><\/h4><p>Wir verwenden diese Cookies, um zu verstehen, wie die Besucher unsere Websites nutzen. Wir k\u00f6nnen diese Daten dann nutzen, um die Funktionsweise unserer Websites zu verbessern. So k\u00f6nnen wir z. B. Analytik-Anbieter nutzen, um die Besuche auf unseren Websites zu identifizieren und zu z\u00e4hlen und um zu sehen, welche Seiten die Besucher besuchen und wie sie sich auf der Seite bewegen.<\/p><p>Wir arbeiten mit Dienstleistern zusammen, deren Cookies uns diese Informationen zur Verf\u00fcgung stellen.<\/p><figure class=\"wp-block-table\"><table><thead><tr><th scope=\"col\">Cookie<\/th><th scope=\"col\">Zu welchem Zweck?<\/th><\/tr><\/thead><tbody><tr><td>Google Analytics<\/td><td>Damit wir nachvollziehen k\u00f6nnen, wie Sie unsere Websites nutzen und mit ihnen interagieren<\/td><\/tr><tr><td>Hotjar<\/td><td>Um zu verstehen, wie Benutzer mit bestimmten Seiten interagieren und um bestimmte Seiten zu personalisieren<\/td><\/tr><\/tbody><\/table><\/figure><h4> <\/h4><h4><b>Cookies, die das Marketing unterst\u00fctzen<\/b><\/h4><p>Wir und unsere Partner verwenden diese Cookies, um zu verstehen, was Sie auf unseren Websites und in den sozialen Medien interessiert. Diese Cookies k\u00f6nnen auch erkennen, welche anderen Websites Sie auf unsere Websites verwiesen haben. Auf diese Weise k\u00f6nnen wir oder unsere Partner unser Marketing f\u00fcr Sie personalisieren, einschlie\u00dflich Online-Werbung, E-Mail und soziale Medien.<\/p><p>Wir arbeiten mit Dienstleistern und Dritten zusammen, die ebenfalls diese Art von Cookies auf unseren Websites setzen.<\/p><figure class=\"wp-block-table\"><table><thead><tr><th scope=\"col\">Cookie<\/th><th scope=\"col\">Zu welchem Zweck?<\/th><\/tr><\/thead><tbody><tr><td>Facebook<\/td><td>Um uns dabei zu helfen, personalisierte Werbung zu liefern, die auf einer Segmentierung auf der Grundlage Ihres Surfverhaltens basiert, und um die Leistung unserer digitalen Werbung zu messen und um Ihnen zu erm\u00f6glichen, Seiten unserer Website auf Facebook zu teilen<\/td><\/tr><tr><td>Google-Anzeigen<\/td><td>Um uns dabei zu helfen, personalisierte Werbung auf der Grundlage von Segmentierungen zu liefern, die auf Ihrem Surfverhalten basieren, und um die Leistung unserer digitalen Werbung zu messen<\/td><\/tr><tr><td>Google Optimieren<\/td><td>Damit wir den Besuchern der Website unterschiedliche Erfahrungen bieten k\u00f6nnen, um die Leistung der Website zu verbessern. Tests sind anonym<\/td><\/tr><tr><td>Google Analytics<\/td><td>Um uns dabei zu helfen, personalisierte Werbung zu liefern, die auf einer Segmentierung auf der Grundlage Ihres Surfverhaltens basiert, und um die Leistung unserer digitalen Werbung zu messen<\/td><\/tr><tr><td>LinkedIn<\/td><td>Um uns dabei zu helfen, personalisierte Werbung auf der Grundlage einer Segmentierung zu liefern, die auf Ihrem Surfverhalten basiert, und um die Leistung unserer digitalen Werbung zu messen und um Ihnen zu erm\u00f6glichen, Seiten unserer Website auf LinkedIn zu teilen<\/td><\/tr><tr><td>Microsoft (Bing)<\/td><td>Um uns dabei zu helfen, personalisierte Werbung zu liefern, die auf der Segmentierung Ihres Surfverhaltens basiert, und um die Leistung unserer digitalen Werbung zu messen<\/td><\/tr><tr><td>Hubspot<\/td><td>Um uns dabei zu helfen, personalisiertes Marketing auf der Grundlage Ihres Surfverhaltens zu betreiben und um die Leistung unserer digitalen Werbung zu messen<\/td><\/tr><tr><td>Amazon<\/td><td>Um uns dabei zu helfen, personalisierte Werbung zu liefern, die auf der Segmentierung Ihres Surfverhaltens basiert, und um die Leistung unserer digitalen Werbung zu messen<\/td><\/tr><tr><td>Tapfiliate<\/td><td>Damit wir Partner belohnen k\u00f6nnen, die uns neue Kunden schicken<\/td><\/tr><tr><td>Quora<\/td><td>Damit wir die Ergebnisse der Werbung auf der Quora-Website verfolgen k\u00f6nnen<\/td><\/tr><tr><td>DoubleClick<\/td><td>So pr\u00fcfen Sie, ob Ihr Browser Cookies unterst\u00fctzt<\/td><\/tr><\/tbody><\/table><\/figure><h3> <\/h3><h3><b>Cookies und Ihre Browsereinstellungen<\/b><\/h3><p>Um bereits gesetzte Cookies aus Ihrem Browser zu l\u00f6schen, m\u00fcssen Sie Ihre Browserdaten l\u00f6schen.<\/p><p>Sie k\u00f6nnen auch die Einstellungen Ihres Browsers verwenden, um Cookies zu verwalten, z. B. um ein Cookie ganz auszuschalten. Wenn Sie dies tun, kann dies dazu f\u00fchren, dass Teile unserer Website nicht korrekt funktionieren.<\/p><p>Weitere Informationen \u00fcber die Verwaltung von Cookies in g\u00e4ngigen Browsern finden Sie unter den folgenden Links:<\/p><ol><li><a href=\"https:\/\/support.google.com\/accounts\/answer\/61416?co=GENIE.Platform%253DDesktop&amp;hl=en\" target=\"_blank\" rel=\"noreferrer noopener\">Google Chrome<\/a><\/li><li><a href=\"https:\/\/support.microsoft.com\/en-us\/help\/4468242\/microsoft-edge-browsing-data-and-privacy-microsoft-privacy\" target=\"_blank\" rel=\"noreferrer noopener\">Microsoft Edge<\/a><\/li><li><a href=\"https:\/\/support.mozilla.org\/en-US\/kb\/enable-and-disable-cookies-website-preferences\" target=\"_blank\" rel=\"noreferrer noopener\">Mozilla Firefox<\/a><\/li><li><a href=\"https:\/\/support.microsoft.com\/en-gb\/help\/17442\/windows-internet-explorer-delete-manage-cookies\" target=\"_blank\" rel=\"noreferrer noopener\">Microsoft Internet Explorer<\/a><\/li><li><a href=\"https:\/\/help.opera.com\/en\/latest\/\" target=\"_blank\" rel=\"noreferrer noopener\">Oper<\/a><\/li><li><a href=\"https:\/\/support.apple.com\/en-gb\/safari\" target=\"_blank\" rel=\"noreferrer noopener\">Apple Safari<\/a><\/li><\/ol><h3><b> <\/b><b style=\"color: inherit; letter-spacing: -0.7px; background-color: var( --e-global-color-706ed4c );\">Cookies und Ihr Datenschutz<\/b><\/h3><p>Die Informationen, die Cookies sammeln, und die Art und Weise, wie wir diese Informationen verwenden, k\u00f6nnen als personenbezogene Daten gelten. M\u00f6glicherweise k\u00f6nnen wir Sie auch anhand Ihres Namens, Ihrer IP-Adresse oder Ihrer Sitzungs-ID identifizieren. Sie haben Rechte in Bezug auf die Art und Weise, wie wir Ihre personenbezogenen Daten erfassen, speichern und verwenden.<\/p><p>In unserer <a href=\"https:\/\/www.repricer.com\/de\/privacy-policy\/\">Datenschutzerkl\u00e4rung<\/a> erfahren Sie mehr \u00fcber die Verwendung Ihrer personenbezogenen Daten.<\/p>\t\t\t\t\t\t\t\t<\/div>\n\t\t\t\t<\/div>\n\t\t\t\t\t<\/div>\n\t\t<\/div>\n\t\t\t\t\t<\/div>\n\t\t<\/section>\n\t\t\t\t<\/div>\n\t\t","protected":false},"excerpt":{"rendered":"<p>Repricer Cookie-Hinweis Mai 2025 Dieser Cookie-Hinweis informiert Sie \u00fcber die Cookies, die wir auf unseren Websites xsellco.com, edesk.com, repricer.com und replymanager.com verwenden, und \u00fcber die Zwecke, f\u00fcr die wir sie einsetzen. Was sind Cookies? Cookies sind kleine Dateneinheiten, die von den von Ihnen besuchten Websites auf Ihrem Computer gespeichert werden. Sie werden h\u00e4ufig verwendet, um [&hellip;]<\/p>\n","protected":false},"author":12,"featured_media":0,"parent":0,"menu_order":0,"comment_status":"closed","ping_status":"closed","template":"","meta":{"inline_featured_image":false,"footnotes":""},"class_list":["post-3820","page","type-page","status-publish","hentry"],"yoast_head":"<!-- This site is optimized with the Yoast SEO Premium plugin v27.4 (Yoast SEO v27.4) - https:\/\/yoast.com\/product\/yoast-seo-premium-wordpress\/ -->\n<title>Cookie-Hinweis - The Fastest Amazon Repricer | Repricer.com<\/title>\n<meta name=\"description\" content=\"Offizieller Cookie-Hinweis von Repricer, in dem erkl\u00e4rt wird, wie Cookies auf dieser Website verwendet werden und wie Besucher die Einstellungen und Pr\u00e4ferenzen jederzeit einfach hier verwalten k\u00f6nnen\" \/>\n<meta name=\"robots\" content=\"index, follow, max-snippet:-1, max-image-preview:large, max-video-preview:-1\" \/>\n<link rel=\"canonical\" href=\"https:\/\/www.repricer.com\/de\/cookie-notice\/\" \/>\n<meta property=\"og:locale\" content=\"de_DE\" \/>\n<meta property=\"og:type\" content=\"article\" \/>\n<meta property=\"og:title\" content=\"Cookie-Hinweis\" \/>\n<meta property=\"og:description\" content=\"Offizieller Cookie-Hinweis von Repricer, in dem erkl\u00e4rt wird, wie Cookies auf dieser Website verwendet werden und wie Besucher die Einstellungen und Pr\u00e4ferenzen jederzeit einfach hier verwalten k\u00f6nnen\" \/>\n<meta property=\"og:url\" content=\"https:\/\/www.repricer.com\/de\/cookie-notice\/\" \/>\n<meta property=\"og:site_name\" content=\"The Fastest Amazon Repricer | Repricer.com\" \/>\n<meta property=\"article:publisher\" content=\"https:\/\/www.facebook.com\/repricer\" \/>\n<meta property=\"article:modified_time\" content=\"2026-01-30T13:07:50+00:00\" \/>\n<meta name=\"twitter:card\" content=\"summary_large_image\" \/>\n<meta name=\"twitter:site\" content=\"@repricer\" \/>\n<meta name=\"twitter:label1\" content=\"Gesch\u00e4tzte Lesezeit\" \/>\n\t<meta name=\"twitter:data1\" content=\"4\u00a0Minuten\" \/>\n<script type=\"application\/ld+json\" class=\"yoast-schema-graph\">{\"@context\":\"https:\\\/\\\/schema.org\",\"@graph\":[{\"@type\":\"WebPage\",\"@id\":\"https:\\\/\\\/www.repricer.com\\\/de\\\/cookie-notice\\\/\",\"url\":\"https:\\\/\\\/www.repricer.com\\\/de\\\/cookie-notice\\\/\",\"name\":\"Cookie-Hinweis - The Fastest Amazon Repricer | Repricer.com\",\"isPartOf\":{\"@id\":\"https:\\\/\\\/www.repricer.com\\\/de\\\/#website\"},\"datePublished\":\"2022-02-18T17:18:24+00:00\",\"dateModified\":\"2026-01-30T13:07:50+00:00\",\"description\":\"Offizieller Cookie-Hinweis von Repricer, in dem erkl\u00e4rt wird, wie Cookies auf dieser Website verwendet werden und wie Besucher die Einstellungen und Pr\u00e4ferenzen jederzeit einfach hier verwalten k\u00f6nnen\",\"breadcrumb\":{\"@id\":\"https:\\\/\\\/www.repricer.com\\\/de\\\/cookie-notice\\\/#breadcrumb\"},\"inLanguage\":\"de\",\"potentialAction\":[{\"@type\":\"ReadAction\",\"target\":[\"https:\\\/\\\/www.repricer.com\\\/de\\\/cookie-notice\\\/\"]}]},{\"@type\":\"BreadcrumbList\",\"@id\":\"https:\\\/\\\/www.repricer.com\\\/de\\\/cookie-notice\\\/#breadcrumb\",\"itemListElement\":[{\"@type\":\"ListItem\",\"position\":1,\"name\":\"Home\",\"item\":\"https:\\\/\\\/www.repricer.com\\\/de\\\/home-2\\\/\"},{\"@type\":\"ListItem\",\"position\":2,\"name\":\"Cookie-Hinweis\"}]},{\"@type\":\"WebSite\",\"@id\":\"https:\\\/\\\/www.repricer.com\\\/de\\\/#website\",\"url\":\"https:\\\/\\\/www.repricer.com\\\/de\\\/\",\"name\":\"The Fastest Amazon Repricer | Repricer.com\",\"description\":\"Machen Sie Repricer.com zu Ihrer zentralen Drehscheibe f\u00fcr die Preisgestaltung, indem Sie alle Ihre Verkaufskan\u00e4le verbinden, einschlie\u00dflich Amazon, eBay, Walmart, Shopify und mehr.\",\"publisher\":{\"@id\":\"https:\\\/\\\/www.repricer.com\\\/de\\\/#organization\"},\"potentialAction\":[{\"@type\":\"SearchAction\",\"target\":{\"@type\":\"EntryPoint\",\"urlTemplate\":\"https:\\\/\\\/www.repricer.com\\\/de\\\/?s={search_term_string}\"},\"query-input\":{\"@type\":\"PropertyValueSpecification\",\"valueRequired\":true,\"valueName\":\"search_term_string\"}}],\"inLanguage\":\"de\"},{\"@type\":\"Organization\",\"@id\":\"https:\\\/\\\/www.repricer.com\\\/de\\\/#organization\",\"name\":\"Repricer.com\",\"url\":\"https:\\\/\\\/www.repricer.com\\\/de\\\/\",\"logo\":{\"@type\":\"ImageObject\",\"inLanguage\":\"de\",\"@id\":\"https:\\\/\\\/www.repricer.com\\\/de\\\/#\\\/schema\\\/logo\\\/image\\\/\",\"url\":\"https:\\\/\\\/www.repricer.com\\\/wp-content\\\/uploads\\\/2022\\\/01\\\/updated-repricer-logo-black.png\",\"contentUrl\":\"https:\\\/\\\/www.repricer.com\\\/wp-content\\\/uploads\\\/2022\\\/01\\\/updated-repricer-logo-black.png\",\"width\":481,\"height\":83,\"caption\":\"Repricer.com\"},\"image\":{\"@id\":\"https:\\\/\\\/www.repricer.com\\\/de\\\/#\\\/schema\\\/logo\\\/image\\\/\"},\"sameAs\":[\"https:\\\/\\\/www.facebook.com\\\/repricer\",\"https:\\\/\\\/x.com\\\/repricer\",\"https:\\\/\\\/www.instagram.com\\\/repricer\\\/\",\"https:\\\/\\\/www.youtube.com\\\/channel\\\/UC_pT73zbB2TIA-jS12y93fA\"]}]}<\/script>\n<!-- \/ Yoast SEO Premium plugin. -->","yoast_head_json":{"title":"Cookie-Hinweis - The Fastest Amazon Repricer | Repricer.com","description":"Offizieller Cookie-Hinweis von Repricer, in dem erkl\u00e4rt wird, wie Cookies auf dieser Website verwendet werden und wie Besucher die Einstellungen und Pr\u00e4ferenzen jederzeit einfach hier verwalten k\u00f6nnen","robots":{"index":"index","follow":"follow","max-snippet":"max-snippet:-1","max-image-preview":"max-image-preview:large","max-video-preview":"max-video-preview:-1"},"canonical":"https:\/\/www.repricer.com\/de\/cookie-notice\/","og_locale":"de_DE","og_type":"article","og_title":"Cookie-Hinweis","og_description":"Offizieller Cookie-Hinweis von Repricer, in dem erkl\u00e4rt wird, wie Cookies auf dieser Website verwendet werden und wie Besucher die Einstellungen und Pr\u00e4ferenzen jederzeit einfach hier verwalten k\u00f6nnen","og_url":"https:\/\/www.repricer.com\/de\/cookie-notice\/","og_site_name":"The Fastest Amazon Repricer | Repricer.com","article_publisher":"https:\/\/www.facebook.com\/repricer","article_modified_time":"2026-01-30T13:07:50+00:00","twitter_card":"summary_large_image","twitter_site":"@repricer","twitter_misc":{"Gesch\u00e4tzte Lesezeit":"4\u00a0Minuten"},"schema":{"@context":"https:\/\/schema.org","@graph":[{"@type":"WebPage","@id":"https:\/\/www.repricer.com\/de\/cookie-notice\/","url":"https:\/\/www.repricer.com\/de\/cookie-notice\/","name":"Cookie-Hinweis - The Fastest Amazon Repricer | Repricer.com","isPartOf":{"@id":"https:\/\/www.repricer.com\/de\/#website"},"datePublished":"2022-02-18T17:18:24+00:00","dateModified":"2026-01-30T13:07:50+00:00","description":"Offizieller Cookie-Hinweis von Repricer, in dem erkl\u00e4rt wird, wie Cookies auf dieser Website verwendet werden und wie Besucher die Einstellungen und Pr\u00e4ferenzen jederzeit einfach hier verwalten k\u00f6nnen","breadcrumb":{"@id":"https:\/\/www.repricer.com\/de\/cookie-notice\/#breadcrumb"},"inLanguage":"de","potentialAction":[{"@type":"ReadAction","target":["https:\/\/www.repricer.com\/de\/cookie-notice\/"]}]},{"@type":"BreadcrumbList","@id":"https:\/\/www.repricer.com\/de\/cookie-notice\/#breadcrumb","itemListElement":[{"@type":"ListItem","position":1,"name":"Home","item":"https:\/\/www.repricer.com\/de\/home-2\/"},{"@type":"ListItem","position":2,"name":"Cookie-Hinweis"}]},{"@type":"WebSite","@id":"https:\/\/www.repricer.com\/de\/#website","url":"https:\/\/www.repricer.com\/de\/","name":"The Fastest Amazon Repricer | Repricer.com","description":"Machen Sie Repricer.com zu Ihrer zentralen Drehscheibe f\u00fcr die Preisgestaltung, indem Sie alle Ihre Verkaufskan\u00e4le verbinden, einschlie\u00dflich Amazon, eBay, Walmart, Shopify und mehr.","publisher":{"@id":"https:\/\/www.repricer.com\/de\/#organization"},"potentialAction":[{"@type":"SearchAction","target":{"@type":"EntryPoint","urlTemplate":"https:\/\/www.repricer.com\/de\/?s={search_term_string}"},"query-input":{"@type":"PropertyValueSpecification","valueRequired":true,"valueName":"search_term_string"}}],"inLanguage":"de"},{"@type":"Organization","@id":"https:\/\/www.repricer.com\/de\/#organization","name":"Repricer.com","url":"https:\/\/www.repricer.com\/de\/","logo":{"@type":"ImageObject","inLanguage":"de","@id":"https:\/\/www.repricer.com\/de\/#\/schema\/logo\/image\/","url":"https:\/\/www.repricer.com\/wp-content\/uploads\/2022\/01\/updated-repricer-logo-black.png","contentUrl":"https:\/\/www.repricer.com\/wp-content\/uploads\/2022\/01\/updated-repricer-logo-black.png","width":481,"height":83,"caption":"Repricer.com"},"image":{"@id":"https:\/\/www.repricer.com\/de\/#\/schema\/logo\/image\/"},"sameAs":["https:\/\/www.facebook.com\/repricer","https:\/\/x.com\/repricer","https:\/\/www.instagram.com\/repricer\/","https:\/\/www.youtube.com\/channel\/UC_pT73zbB2TIA-jS12y93fA"]}]}},"_links":{"self":[{"href":"https:\/\/www.repricer.com\/de\/wp-json\/wp\/v2\/pages\/3820","targetHints":{"allow":["GET"]}}],"collection":[{"href":"https:\/\/www.repricer.com\/de\/wp-json\/wp\/v2\/pages"}],"about":[{"href":"https:\/\/www.repricer.com\/de\/wp-json\/wp\/v2\/types\/page"}],"author":[{"embeddable":true,"href":"https:\/\/www.repricer.com\/de\/wp-json\/wp\/v2\/users\/12"}],"replies":[{"embeddable":true,"href":"https:\/\/www.repricer.com\/de\/wp-json\/wp\/v2\/comments?post=3820"}],"version-history":[{"count":9,"href":"https:\/\/www.repricer.com\/de\/wp-json\/wp\/v2\/pages\/3820\/revisions"}],"predecessor-version":[{"id":50276,"href":"https:\/\/www.repricer.com\/de\/wp-json\/wp\/v2\/pages\/3820\/revisions\/50276"}],"wp:attachment":[{"href":"https:\/\/www.repricer.com\/de\/wp-json\/wp\/v2\/media?parent=3820"}],"curies":[{"name":"wp","href":"https:\/\/api.w.org\/{rel}","templated":true}]}}