{"id":43083,"date":"2022-02-15T16:43:51","date_gmt":"2022-02-15T16:43:51","guid":{"rendered":"https:\/\/www.repricer.com\/tagungen\/"},"modified":"2026-01-30T13:08:33","modified_gmt":"2026-01-30T13:08:33","slug":"tagungen","status":"publish","type":"page","link":"https:\/\/www.repricer.com\/de\/tagungen\/","title":{"rendered":"Tagungen"},"content":{"rendered":"","protected":false},"excerpt":{"rendered":"","protected":false},"author":12,"featured_media":0,"parent":0,"menu_order":0,"comment_status":"closed","ping_status":"closed","template":"","meta":{"inline_featured_image":false,"footnotes":""},"class_list":["post-43083","page","type-page","status-publish","hentry"],"yoast_head":"<!-- This site is optimized with the Yoast SEO Premium plugin v27.4 (Yoast SEO v27.5) - https:\/\/yoast.com\/product\/yoast-seo-premium-wordpress\/ -->\n<title>Tagungen - The Fastest Amazon Repricer | Repricer.com<\/title>\n<meta name=\"description\" content=\"Vereinbaren Sie einen Gespr\u00e4chstermin mit einem Repricer-Spezialisten, um zu erfahren, wie die automatisierte Preisanpassung dazu beitragen kann, den Umsatz zu steigern, Margen zu sch\u00fctzen und die Preisgestaltung auf dem Markt zu vereinfachen.\" \/>\n<meta name=\"robots\" content=\"index, follow, max-snippet:-1, max-image-preview:large, max-video-preview:-1\" \/>\n<link rel=\"canonical\" href=\"https:\/\/www.repricer.com\/de\/tagungen\/\" \/>\n<meta property=\"og:locale\" content=\"de_DE\" \/>\n<meta property=\"og:type\" content=\"article\" \/>\n<meta property=\"og:title\" content=\"Tagungen\" \/>\n<meta property=\"og:description\" content=\"Vereinbaren Sie einen Gespr\u00e4chstermin mit einem Repricer-Spezialisten, um zu erfahren, wie die automatisierte Preisanpassung dazu beitragen kann, den Umsatz zu steigern, Margen zu sch\u00fctzen und die Preisgestaltung auf dem Markt zu vereinfachen.\" \/>\n<meta property=\"og:url\" content=\"https:\/\/www.repricer.com\/de\/tagungen\/\" \/>\n<meta property=\"og:site_name\" content=\"The Fastest Amazon Repricer | Repricer.com\" \/>\n<meta property=\"article:publisher\" content=\"https:\/\/www.facebook.com\/repricer\" \/>\n<meta property=\"article:modified_time\" content=\"2026-01-30T13:08:33+00:00\" \/>\n<meta name=\"twitter:card\" content=\"summary_large_image\" \/>\n<meta name=\"twitter:site\" content=\"@repricer\" \/>\n<script type=\"application\/ld+json\" class=\"yoast-schema-graph\">{\"@context\":\"https:\\\/\\\/schema.org\",\"@graph\":[{\"@type\":\"WebPage\",\"@id\":\"https:\\\/\\\/www.repricer.com\\\/de\\\/tagungen\\\/\",\"url\":\"https:\\\/\\\/www.repricer.com\\\/de\\\/tagungen\\\/\",\"name\":\"Tagungen - The Fastest Amazon Repricer | Repricer.com\",\"isPartOf\":{\"@id\":\"https:\\\/\\\/www.repricer.com\\\/de\\\/#website\"},\"datePublished\":\"2022-02-15T16:43:51+00:00\",\"dateModified\":\"2026-01-30T13:08:33+00:00\",\"description\":\"Vereinbaren Sie einen Gespr\u00e4chstermin mit einem Repricer-Spezialisten, um zu erfahren, wie die automatisierte Preisanpassung dazu beitragen kann, den Umsatz zu steigern, Margen zu sch\u00fctzen und die Preisgestaltung auf dem Markt zu vereinfachen.\",\"breadcrumb\":{\"@id\":\"https:\\\/\\\/www.repricer.com\\\/de\\\/tagungen\\\/#breadcrumb\"},\"inLanguage\":\"de\",\"potentialAction\":[{\"@type\":\"ReadAction\",\"target\":[\"https:\\\/\\\/www.repricer.com\\\/de\\\/tagungen\\\/\"]}]},{\"@type\":\"BreadcrumbList\",\"@id\":\"https:\\\/\\\/www.repricer.com\\\/de\\\/tagungen\\\/#breadcrumb\",\"itemListElement\":[{\"@type\":\"ListItem\",\"position\":1,\"name\":\"Home\",\"item\":\"https:\\\/\\\/www.repricer.com\\\/de\\\/home-2\\\/\"},{\"@type\":\"ListItem\",\"position\":2,\"name\":\"Tagungen\"}]},{\"@type\":\"WebSite\",\"@id\":\"https:\\\/\\\/www.repricer.com\\\/de\\\/#website\",\"url\":\"https:\\\/\\\/www.repricer.com\\\/de\\\/\",\"name\":\"The Fastest Amazon Repricer | Repricer.com\",\"description\":\"Machen Sie Repricer.com zu Ihrer zentralen Drehscheibe f\u00fcr die Preisgestaltung, indem Sie alle Ihre Verkaufskan\u00e4le verbinden, einschlie\u00dflich Amazon, eBay, Walmart, Shopify und mehr.\",\"publisher\":{\"@id\":\"https:\\\/\\\/www.repricer.com\\\/de\\\/#organization\"},\"potentialAction\":[{\"@type\":\"SearchAction\",\"target\":{\"@type\":\"EntryPoint\",\"urlTemplate\":\"https:\\\/\\\/www.repricer.com\\\/de\\\/?s={search_term_string}\"},\"query-input\":{\"@type\":\"PropertyValueSpecification\",\"valueRequired\":true,\"valueName\":\"search_term_string\"}}],\"inLanguage\":\"de\"},{\"@type\":\"Organization\",\"@id\":\"https:\\\/\\\/www.repricer.com\\\/de\\\/#organization\",\"name\":\"Repricer.com\",\"url\":\"https:\\\/\\\/www.repricer.com\\\/de\\\/\",\"logo\":{\"@type\":\"ImageObject\",\"inLanguage\":\"de\",\"@id\":\"https:\\\/\\\/www.repricer.com\\\/de\\\/#\\\/schema\\\/logo\\\/image\\\/\",\"url\":\"https:\\\/\\\/www.repricer.com\\\/wp-content\\\/uploads\\\/2022\\\/01\\\/updated-repricer-logo-black.png\",\"contentUrl\":\"https:\\\/\\\/www.repricer.com\\\/wp-content\\\/uploads\\\/2022\\\/01\\\/updated-repricer-logo-black.png\",\"width\":481,\"height\":83,\"caption\":\"Repricer.com\"},\"image\":{\"@id\":\"https:\\\/\\\/www.repricer.com\\\/de\\\/#\\\/schema\\\/logo\\\/image\\\/\"},\"sameAs\":[\"https:\\\/\\\/www.facebook.com\\\/repricer\",\"https:\\\/\\\/x.com\\\/repricer\",\"https:\\\/\\\/www.instagram.com\\\/repricer\\\/\",\"https:\\\/\\\/www.youtube.com\\\/channel\\\/UC_pT73zbB2TIA-jS12y93fA\"]}]}<\/script>\n<!-- \/ Yoast SEO Premium plugin. -->","yoast_head_json":{"title":"Tagungen - The Fastest Amazon Repricer | Repricer.com","description":"Vereinbaren Sie einen Gespr\u00e4chstermin mit einem Repricer-Spezialisten, um zu erfahren, wie die automatisierte Preisanpassung dazu beitragen kann, den Umsatz zu steigern, Margen zu sch\u00fctzen und die Preisgestaltung auf dem Markt zu vereinfachen.","robots":{"index":"index","follow":"follow","max-snippet":"max-snippet:-1","max-image-preview":"max-image-preview:large","max-video-preview":"max-video-preview:-1"},"canonical":"https:\/\/www.repricer.com\/de\/tagungen\/","og_locale":"de_DE","og_type":"article","og_title":"Tagungen","og_description":"Vereinbaren Sie einen Gespr\u00e4chstermin mit einem Repricer-Spezialisten, um zu erfahren, wie die automatisierte Preisanpassung dazu beitragen kann, den Umsatz zu steigern, Margen zu sch\u00fctzen und die Preisgestaltung auf dem Markt zu vereinfachen.","og_url":"https:\/\/www.repricer.com\/de\/tagungen\/","og_site_name":"The Fastest Amazon Repricer | Repricer.com","article_publisher":"https:\/\/www.facebook.com\/repricer","article_modified_time":"2026-01-30T13:08:33+00:00","twitter_card":"summary_large_image","twitter_site":"@repricer","schema":{"@context":"https:\/\/schema.org","@graph":[{"@type":"WebPage","@id":"https:\/\/www.repricer.com\/de\/tagungen\/","url":"https:\/\/www.repricer.com\/de\/tagungen\/","name":"Tagungen - The Fastest Amazon Repricer | Repricer.com","isPartOf":{"@id":"https:\/\/www.repricer.com\/de\/#website"},"datePublished":"2022-02-15T16:43:51+00:00","dateModified":"2026-01-30T13:08:33+00:00","description":"Vereinbaren Sie einen Gespr\u00e4chstermin mit einem Repricer-Spezialisten, um zu erfahren, wie die automatisierte Preisanpassung dazu beitragen kann, den Umsatz zu steigern, Margen zu sch\u00fctzen und die Preisgestaltung auf dem Markt zu vereinfachen.","breadcrumb":{"@id":"https:\/\/www.repricer.com\/de\/tagungen\/#breadcrumb"},"inLanguage":"de","potentialAction":[{"@type":"ReadAction","target":["https:\/\/www.repricer.com\/de\/tagungen\/"]}]},{"@type":"BreadcrumbList","@id":"https:\/\/www.repricer.com\/de\/tagungen\/#breadcrumb","itemListElement":[{"@type":"ListItem","position":1,"name":"Home","item":"https:\/\/www.repricer.com\/de\/home-2\/"},{"@type":"ListItem","position":2,"name":"Tagungen"}]},{"@type":"WebSite","@id":"https:\/\/www.repricer.com\/de\/#website","url":"https:\/\/www.repricer.com\/de\/","name":"The Fastest Amazon Repricer | Repricer.com","description":"Machen Sie Repricer.com zu Ihrer zentralen Drehscheibe f\u00fcr die Preisgestaltung, indem Sie alle Ihre Verkaufskan\u00e4le verbinden, einschlie\u00dflich Amazon, eBay, Walmart, Shopify und mehr.","publisher":{"@id":"https:\/\/www.repricer.com\/de\/#organization"},"potentialAction":[{"@type":"SearchAction","target":{"@type":"EntryPoint","urlTemplate":"https:\/\/www.repricer.com\/de\/?s={search_term_string}"},"query-input":{"@type":"PropertyValueSpecification","valueRequired":true,"valueName":"search_term_string"}}],"inLanguage":"de"},{"@type":"Organization","@id":"https:\/\/www.repricer.com\/de\/#organization","name":"Repricer.com","url":"https:\/\/www.repricer.com\/de\/","logo":{"@type":"ImageObject","inLanguage":"de","@id":"https:\/\/www.repricer.com\/de\/#\/schema\/logo\/image\/","url":"https:\/\/www.repricer.com\/wp-content\/uploads\/2022\/01\/updated-repricer-logo-black.png","contentUrl":"https:\/\/www.repricer.com\/wp-content\/uploads\/2022\/01\/updated-repricer-logo-black.png","width":481,"height":83,"caption":"Repricer.com"},"image":{"@id":"https:\/\/www.repricer.com\/de\/#\/schema\/logo\/image\/"},"sameAs":["https:\/\/www.facebook.com\/repricer","https:\/\/x.com\/repricer","https:\/\/www.instagram.com\/repricer\/","https:\/\/www.youtube.com\/channel\/UC_pT73zbB2TIA-jS12y93fA"]}]}},"_links":{"self":[{"href":"https:\/\/www.repricer.com\/de\/wp-json\/wp\/v2\/pages\/43083","targetHints":{"allow":["GET"]}}],"collection":[{"href":"https:\/\/www.repricer.com\/de\/wp-json\/wp\/v2\/pages"}],"about":[{"href":"https:\/\/www.repricer.com\/de\/wp-json\/wp\/v2\/types\/page"}],"author":[{"embeddable":true,"href":"https:\/\/www.repricer.com\/de\/wp-json\/wp\/v2\/users\/12"}],"replies":[{"embeddable":true,"href":"https:\/\/www.repricer.com\/de\/wp-json\/wp\/v2\/comments?post=43083"}],"version-history":[{"count":1,"href":"https:\/\/www.repricer.com\/de\/wp-json\/wp\/v2\/pages\/43083\/revisions"}],"predecessor-version":[{"id":50295,"href":"https:\/\/www.repricer.com\/de\/wp-json\/wp\/v2\/pages\/43083\/revisions\/50295"}],"wp:attachment":[{"href":"https:\/\/www.repricer.com\/de\/wp-json\/wp\/v2\/media?parent=43083"}],"curies":[{"name":"wp","href":"https:\/\/api.w.org\/{rel}","templated":true}]}}