{"id":45759,"date":"2025-07-21T13:01:45","date_gmt":"2025-07-21T13:01:45","guid":{"rendered":"https:\/\/www.repricer.com\/zugaenglichkeitserklaerung-fuer-repricer-com\/"},"modified":"2025-08-19T13:37:24","modified_gmt":"2025-08-19T13:37:24","slug":"zugaenglichkeitserklaerung-fuer-repricer-com","status":"publish","type":"page","link":"https:\/\/www.repricer.com\/de\/zugaenglichkeitserklaerung-fuer-repricer-com\/","title":{"rendered":"Erkl\u00e4rung zur Zug\u00e4nglichkeit"},"content":{"rendered":"\t\t<div data-elementor-type=\"wp-page\" data-elementor-id=\"45759\" class=\"elementor elementor-45759 elementor-45696\" data-elementor-post-type=\"page\">\n\t\t\t\t<div class=\"elementor-element elementor-element-5fe4285 e-flex e-con-boxed e-con e-parent\" data-id=\"5fe4285\" data-element_type=\"container\" data-e-type=\"container\">\n\t\t\t\t\t<div class=\"e-con-inner\">\n\t\t\t\t<div class=\"elementor-element elementor-element-cdb9a94 elementor-widget elementor-widget-text-editor\" data-id=\"cdb9a94\" data-element_type=\"widget\" data-e-type=\"widget\" data-widget_type=\"text-editor.default\">\n\t\t\t\t<div class=\"elementor-widget-container\">\n\t\t\t\t\t\t\t\t\t<p><a href=\"https:\/\/www.repricer.com\/de\/\">Repricer.com<\/a> setzt sich daf\u00fcr ein, die digitale Zug\u00e4nglichkeit f\u00fcr alle Benutzer, einschlie\u00dflich Menschen mit Behinderungen, zu gew\u00e4hrleisten. Wir verbessern st\u00e4ndig die Benutzerfreundlichkeit f\u00fcr alle und wenden relevante Zug\u00e4nglichkeitsstandards an. <\/p><h2>Ma\u00dfnahmen zur Unterst\u00fctzung der Barrierefreiheit<\/h2><p>Wir ergreifen die folgenden Ma\u00dfnahmen, um die Zug\u00e4nglichkeit von <a href=\"https:\/\/www.repricer.com\/de\/\">Repricer.com<\/a> zu gew\u00e4hrleisten:<\/p><ul><li>Barrierefreiheit als Teil unserer Mission und Entwicklungspraktiken einbeziehen<\/li><li>Verwenden Sie semantisches HTML und eine korrekte \u00dcberschriftenstruktur<\/li><li>Optimieren Sie die Website-Navigation f\u00fcr Tastaturbenutzer<\/li><li>F\u00fchren Sie regelm\u00e4\u00dfig Audits und Tests zur Barrierefreiheit durch<\/li><li>Bieten Sie Textalternativen f\u00fcr alle Nicht-Text-Inhalte an<\/li><\/ul><h2>Konformit\u00e4tsstatus<\/h2><p>Unser Ziel ist es, die<strong> Web Content Accessibility Guidelines (WCAG) 2.1 Level AA<\/strong> zu erf\u00fcllen. Wir arbeiten aktiv daran, diese Standards auf allen Seiten und Merkmalen der Website zu erf\u00fcllen. <\/p><h2>Tests und Tools<\/h2><p>Wir verwenden regelm\u00e4\u00dfig Tools wie:<\/p><ul><li>Bericht \u00fcber die Zug\u00e4nglichkeit des Leuchtturms<\/li><li>Axe Accessibility Checker<\/li><li>Bildschirmleser wie NVDA und VoiceOver, um Probleme mit der Barrierefreiheit zu erkennen und zu beheben.<\/li><\/ul><h2>Feedback<\/h2><p>Wir freuen uns \u00fcber Ihr Feedback zur Zug\u00e4nglichkeit von <a href=\"https:\/\/www.repricer.com\/de\/\">Repricer.com<\/a>. Wenn Sie auf Barrieren sto\u00dfen, lassen Sie es uns bitte wissen: <\/p><p>E-Mail: <a href=\"mailto:support@repricer.com\">support@repricer.com<\/a><\/p><p>Telefon:<a href=\"tel:+35316856340\"> +353 1 685 6340<\/a><\/p><p>Wir bem\u00fchen uns, innerhalb von 2-3 Werktagen auf Ihr Feedback zur Erreichbarkeit zu antworten.<\/p><h3>Erkl\u00e4rung aktualisiert<\/h3><p>Diese Zug\u00e4nglichkeitserkl\u00e4rung wurde zuletzt aktualisiert am: 21. Juli 2025<\/p>\t\t\t\t\t\t\t\t<\/div>\n\t\t\t\t<\/div>\n\t\t\t\t\t<\/div>\n\t\t\t\t<\/div>\n\t\t\t\t<\/div>\n\t\t","protected":false},"excerpt":{"rendered":"<p>Repricer.com setzt sich daf\u00fcr ein, die digitale Zug\u00e4nglichkeit f\u00fcr alle Benutzer, einschlie\u00dflich Menschen mit Behinderungen, zu gew\u00e4hrleisten. Wir verbessern st\u00e4ndig die Benutzerfreundlichkeit f\u00fcr alle und wenden relevante Zug\u00e4nglichkeitsstandards an. Ma\u00dfnahmen zur Unterst\u00fctzung der Barrierefreiheit Wir ergreifen die folgenden Ma\u00dfnahmen, um die Zug\u00e4nglichkeit von Repricer.com zu gew\u00e4hrleisten: Barrierefreiheit als Teil unserer Mission und Entwicklungspraktiken einbeziehen Verwenden [&hellip;]<\/p>\n","protected":false},"author":52,"featured_media":0,"parent":0,"menu_order":0,"comment_status":"closed","ping_status":"closed","template":"","meta":{"inline_featured_image":false,"footnotes":""},"class_list":["post-45759","page","type-page","status-publish","hentry"],"yoast_head":"<!-- This site is optimized with the Yoast SEO Premium plugin v27.4 (Yoast SEO v27.6) - https:\/\/yoast.com\/product\/yoast-seo-premium-wordpress\/ -->\n<title>Erkl\u00e4rung zur Zug\u00e4nglichkeit - The Fastest Amazon Repricer | Repricer.com<\/title>\n<meta name=\"description\" content=\"Reprice setzt sich f\u00fcr digitale Barrierefreiheit f\u00fcr alle ein. Lesen Sie unsere Erkl\u00e4rung zur Zug\u00e4nglichkeit, um mehr \u00fcber unser Engagement und unsere Merkmale zu erfahren.\" \/>\n<meta name=\"robots\" content=\"index, follow, max-snippet:-1, max-image-preview:large, max-video-preview:-1\" \/>\n<link rel=\"canonical\" href=\"https:\/\/www.repricer.com\/de\/zugaenglichkeitserklaerung-fuer-repricer-com\/\" \/>\n<meta property=\"og:locale\" content=\"de_DE\" \/>\n<meta property=\"og:type\" content=\"article\" \/>\n<meta property=\"og:title\" content=\"Erkl\u00e4rung zur Zug\u00e4nglichkeit\" \/>\n<meta property=\"og:description\" content=\"Reprice setzt sich f\u00fcr digitale Barrierefreiheit f\u00fcr alle ein. Lesen Sie unsere Erkl\u00e4rung zur Zug\u00e4nglichkeit, um mehr \u00fcber unser Engagement und unsere Merkmale zu erfahren.\" \/>\n<meta property=\"og:url\" content=\"https:\/\/www.repricer.com\/de\/zugaenglichkeitserklaerung-fuer-repricer-com\/\" \/>\n<meta property=\"og:site_name\" content=\"The Fastest Amazon Repricer | Repricer.com\" \/>\n<meta property=\"article:publisher\" content=\"https:\/\/www.facebook.com\/repricer\" \/>\n<meta property=\"article:modified_time\" content=\"2025-08-19T13:37:24+00:00\" \/>\n<meta name=\"twitter:card\" content=\"summary_large_image\" \/>\n<meta name=\"twitter:site\" content=\"@repricer\" \/>\n<meta name=\"twitter:label1\" content=\"Gesch\u00e4tzte Lesezeit\" \/>\n\t<meta name=\"twitter:data1\" content=\"1\u00a0Minute\" \/>\n<script type=\"application\/ld+json\" class=\"yoast-schema-graph\">{\"@context\":\"https:\\\/\\\/schema.org\",\"@graph\":[{\"@type\":\"WebPage\",\"@id\":\"https:\\\/\\\/www.repricer.com\\\/de\\\/zugaenglichkeitserklaerung-fuer-repricer-com\\\/\",\"url\":\"https:\\\/\\\/www.repricer.com\\\/de\\\/zugaenglichkeitserklaerung-fuer-repricer-com\\\/\",\"name\":\"Erkl\u00e4rung zur Zug\u00e4nglichkeit - The Fastest Amazon Repricer | Repricer.com\",\"isPartOf\":{\"@id\":\"https:\\\/\\\/www.repricer.com\\\/de\\\/#website\"},\"datePublished\":\"2025-07-21T13:01:45+00:00\",\"dateModified\":\"2025-08-19T13:37:24+00:00\",\"description\":\"Reprice setzt sich f\u00fcr digitale Barrierefreiheit f\u00fcr alle ein. Lesen Sie unsere Erkl\u00e4rung zur Zug\u00e4nglichkeit, um mehr \u00fcber unser Engagement und unsere Merkmale zu erfahren.\",\"breadcrumb\":{\"@id\":\"https:\\\/\\\/www.repricer.com\\\/de\\\/zugaenglichkeitserklaerung-fuer-repricer-com\\\/#breadcrumb\"},\"inLanguage\":\"de\",\"potentialAction\":[{\"@type\":\"ReadAction\",\"target\":[\"https:\\\/\\\/www.repricer.com\\\/de\\\/zugaenglichkeitserklaerung-fuer-repricer-com\\\/\"]}]},{\"@type\":\"BreadcrumbList\",\"@id\":\"https:\\\/\\\/www.repricer.com\\\/de\\\/zugaenglichkeitserklaerung-fuer-repricer-com\\\/#breadcrumb\",\"itemListElement\":[{\"@type\":\"ListItem\",\"position\":1,\"name\":\"Home\",\"item\":\"https:\\\/\\\/www.repricer.com\\\/de\\\/home-2\\\/\"},{\"@type\":\"ListItem\",\"position\":2,\"name\":\"Erkl\u00e4rung zur Zug\u00e4nglichkeit\"}]},{\"@type\":\"WebSite\",\"@id\":\"https:\\\/\\\/www.repricer.com\\\/de\\\/#website\",\"url\":\"https:\\\/\\\/www.repricer.com\\\/de\\\/\",\"name\":\"The Fastest Amazon Repricer | Repricer.com\",\"description\":\"Machen Sie Repricer.com zu Ihrer zentralen Drehscheibe f\u00fcr die Preisgestaltung, indem Sie alle Ihre Verkaufskan\u00e4le verbinden, einschlie\u00dflich Amazon, eBay, Walmart, Shopify und mehr.\",\"publisher\":{\"@id\":\"https:\\\/\\\/www.repricer.com\\\/de\\\/#organization\"},\"potentialAction\":[{\"@type\":\"SearchAction\",\"target\":{\"@type\":\"EntryPoint\",\"urlTemplate\":\"https:\\\/\\\/www.repricer.com\\\/de\\\/?s={search_term_string}\"},\"query-input\":{\"@type\":\"PropertyValueSpecification\",\"valueRequired\":true,\"valueName\":\"search_term_string\"}}],\"inLanguage\":\"de\"},{\"@type\":\"Organization\",\"@id\":\"https:\\\/\\\/www.repricer.com\\\/de\\\/#organization\",\"name\":\"Repricer.com\",\"url\":\"https:\\\/\\\/www.repricer.com\\\/de\\\/\",\"logo\":{\"@type\":\"ImageObject\",\"inLanguage\":\"de\",\"@id\":\"https:\\\/\\\/www.repricer.com\\\/de\\\/#\\\/schema\\\/logo\\\/image\\\/\",\"url\":\"https:\\\/\\\/www.repricer.com\\\/wp-content\\\/uploads\\\/2022\\\/01\\\/updated-repricer-logo-black.png\",\"contentUrl\":\"https:\\\/\\\/www.repricer.com\\\/wp-content\\\/uploads\\\/2022\\\/01\\\/updated-repricer-logo-black.png\",\"width\":481,\"height\":83,\"caption\":\"Repricer.com\"},\"image\":{\"@id\":\"https:\\\/\\\/www.repricer.com\\\/de\\\/#\\\/schema\\\/logo\\\/image\\\/\"},\"sameAs\":[\"https:\\\/\\\/www.facebook.com\\\/repricer\",\"https:\\\/\\\/x.com\\\/repricer\",\"https:\\\/\\\/www.instagram.com\\\/repricer\\\/\",\"https:\\\/\\\/www.youtube.com\\\/channel\\\/UC_pT73zbB2TIA-jS12y93fA\"]}]}<\/script>\n<!-- \/ Yoast SEO Premium plugin. -->","yoast_head_json":{"title":"Erkl\u00e4rung zur Zug\u00e4nglichkeit - The Fastest Amazon Repricer | Repricer.com","description":"Reprice setzt sich f\u00fcr digitale Barrierefreiheit f\u00fcr alle ein. Lesen Sie unsere Erkl\u00e4rung zur Zug\u00e4nglichkeit, um mehr \u00fcber unser Engagement und unsere Merkmale zu erfahren.","robots":{"index":"index","follow":"follow","max-snippet":"max-snippet:-1","max-image-preview":"max-image-preview:large","max-video-preview":"max-video-preview:-1"},"canonical":"https:\/\/www.repricer.com\/de\/zugaenglichkeitserklaerung-fuer-repricer-com\/","og_locale":"de_DE","og_type":"article","og_title":"Erkl\u00e4rung zur Zug\u00e4nglichkeit","og_description":"Reprice setzt sich f\u00fcr digitale Barrierefreiheit f\u00fcr alle ein. Lesen Sie unsere Erkl\u00e4rung zur Zug\u00e4nglichkeit, um mehr \u00fcber unser Engagement und unsere Merkmale zu erfahren.","og_url":"https:\/\/www.repricer.com\/de\/zugaenglichkeitserklaerung-fuer-repricer-com\/","og_site_name":"The Fastest Amazon Repricer | Repricer.com","article_publisher":"https:\/\/www.facebook.com\/repricer","article_modified_time":"2025-08-19T13:37:24+00:00","twitter_card":"summary_large_image","twitter_site":"@repricer","twitter_misc":{"Gesch\u00e4tzte Lesezeit":"1\u00a0Minute"},"schema":{"@context":"https:\/\/schema.org","@graph":[{"@type":"WebPage","@id":"https:\/\/www.repricer.com\/de\/zugaenglichkeitserklaerung-fuer-repricer-com\/","url":"https:\/\/www.repricer.com\/de\/zugaenglichkeitserklaerung-fuer-repricer-com\/","name":"Erkl\u00e4rung zur Zug\u00e4nglichkeit - The Fastest Amazon Repricer | Repricer.com","isPartOf":{"@id":"https:\/\/www.repricer.com\/de\/#website"},"datePublished":"2025-07-21T13:01:45+00:00","dateModified":"2025-08-19T13:37:24+00:00","description":"Reprice setzt sich f\u00fcr digitale Barrierefreiheit f\u00fcr alle ein. Lesen Sie unsere Erkl\u00e4rung zur Zug\u00e4nglichkeit, um mehr \u00fcber unser Engagement und unsere Merkmale zu erfahren.","breadcrumb":{"@id":"https:\/\/www.repricer.com\/de\/zugaenglichkeitserklaerung-fuer-repricer-com\/#breadcrumb"},"inLanguage":"de","potentialAction":[{"@type":"ReadAction","target":["https:\/\/www.repricer.com\/de\/zugaenglichkeitserklaerung-fuer-repricer-com\/"]}]},{"@type":"BreadcrumbList","@id":"https:\/\/www.repricer.com\/de\/zugaenglichkeitserklaerung-fuer-repricer-com\/#breadcrumb","itemListElement":[{"@type":"ListItem","position":1,"name":"Home","item":"https:\/\/www.repricer.com\/de\/home-2\/"},{"@type":"ListItem","position":2,"name":"Erkl\u00e4rung zur Zug\u00e4nglichkeit"}]},{"@type":"WebSite","@id":"https:\/\/www.repricer.com\/de\/#website","url":"https:\/\/www.repricer.com\/de\/","name":"The Fastest Amazon Repricer | Repricer.com","description":"Machen Sie Repricer.com zu Ihrer zentralen Drehscheibe f\u00fcr die Preisgestaltung, indem Sie alle Ihre Verkaufskan\u00e4le verbinden, einschlie\u00dflich Amazon, eBay, Walmart, Shopify und mehr.","publisher":{"@id":"https:\/\/www.repricer.com\/de\/#organization"},"potentialAction":[{"@type":"SearchAction","target":{"@type":"EntryPoint","urlTemplate":"https:\/\/www.repricer.com\/de\/?s={search_term_string}"},"query-input":{"@type":"PropertyValueSpecification","valueRequired":true,"valueName":"search_term_string"}}],"inLanguage":"de"},{"@type":"Organization","@id":"https:\/\/www.repricer.com\/de\/#organization","name":"Repricer.com","url":"https:\/\/www.repricer.com\/de\/","logo":{"@type":"ImageObject","inLanguage":"de","@id":"https:\/\/www.repricer.com\/de\/#\/schema\/logo\/image\/","url":"https:\/\/www.repricer.com\/wp-content\/uploads\/2022\/01\/updated-repricer-logo-black.png","contentUrl":"https:\/\/www.repricer.com\/wp-content\/uploads\/2022\/01\/updated-repricer-logo-black.png","width":481,"height":83,"caption":"Repricer.com"},"image":{"@id":"https:\/\/www.repricer.com\/de\/#\/schema\/logo\/image\/"},"sameAs":["https:\/\/www.facebook.com\/repricer","https:\/\/x.com\/repricer","https:\/\/www.instagram.com\/repricer\/","https:\/\/www.youtube.com\/channel\/UC_pT73zbB2TIA-jS12y93fA"]}]}},"_links":{"self":[{"href":"https:\/\/www.repricer.com\/de\/wp-json\/wp\/v2\/pages\/45759","targetHints":{"allow":["GET"]}}],"collection":[{"href":"https:\/\/www.repricer.com\/de\/wp-json\/wp\/v2\/pages"}],"about":[{"href":"https:\/\/www.repricer.com\/de\/wp-json\/wp\/v2\/types\/page"}],"author":[{"embeddable":true,"href":"https:\/\/www.repricer.com\/de\/wp-json\/wp\/v2\/users\/52"}],"replies":[{"embeddable":true,"href":"https:\/\/www.repricer.com\/de\/wp-json\/wp\/v2\/comments?post=45759"}],"version-history":[{"count":7,"href":"https:\/\/www.repricer.com\/de\/wp-json\/wp\/v2\/pages\/45759\/revisions"}],"predecessor-version":[{"id":46960,"href":"https:\/\/www.repricer.com\/de\/wp-json\/wp\/v2\/pages\/45759\/revisions\/46960"}],"wp:attachment":[{"href":"https:\/\/www.repricer.com\/de\/wp-json\/wp\/v2\/media?parent=45759"}],"curies":[{"name":"wp","href":"https:\/\/api.w.org\/{rel}","templated":true}]}}