{"id":11907,"date":"2022-02-15T16:31:06","date_gmt":"2022-02-15T16:31:06","guid":{"rendered":"https:\/\/repricer.kinsta.cloud\/libro-demo\/"},"modified":"2025-04-02T14:41:25","modified_gmt":"2025-04-02T14:41:25","slug":"libro-demo","status":"publish","type":"page","link":"https:\/\/www.repricer.com\/es\/libro-demo\/","title":{"rendered":"Reserva una demostraci\u00f3n"},"content":{"rendered":"\t\t<div data-elementor-type=\"wp-page\" data-elementor-id=\"11907\" class=\"elementor elementor-11907 elementor-3530\" data-elementor-post-type=\"page\">\n\t\t\t\t<div class=\"elementor-element elementor-element-4fb943d6 e-flex e-con-boxed e-con e-parent\" data-id=\"4fb943d6\" data-element_type=\"container\" data-e-type=\"container\">\n\t\t\t\t\t<div class=\"e-con-inner\">\n\t\t<div class=\"elementor-element elementor-element-2da32950 e-con-full e-flex e-con e-child\" data-id=\"2da32950\" data-element_type=\"container\" data-e-type=\"container\">\n\t\t\t\t<div class=\"elementor-element elementor-element-b2fa106 elementor-widget elementor-widget-text-editor\" data-id=\"b2fa106\" data-element_type=\"widget\" data-e-type=\"widget\" data-widget_type=\"text-editor.default\">\n\t\t\t\t<div class=\"elementor-widget-container\">\n\t\t\t\t\t\t\t\t\t<p><span class=\"tag--main tag--purple\">Reserve una demostraci\u00f3n<\/span><\/p>\n\t\t\t\t\t\t\t\t<\/div>\n\t\t\t\t<\/div>\n\t\t\t\t<div class=\"elementor-element elementor-element-77a9bec elementor-widget elementor-widget-heading\" data-id=\"77a9bec\" data-element_type=\"widget\" data-e-type=\"widget\" data-widget_type=\"heading.default\">\n\t\t\t\t<div class=\"elementor-widget-container\">\n\t\t\t\t\t<h2 class=\"elementor-heading-title elementor-size-default\">Hable con un experto en revalorizaci\u00f3n a la hora que m\u00e1s le convenga<\/h2>\t\t\t\t<\/div>\n\t\t\t\t<\/div>\n\t\t\t\t<div class=\"elementor-element elementor-element-160fd8a7 elementor-widget elementor-widget-heading\" data-id=\"160fd8a7\" data-element_type=\"widget\" data-e-type=\"widget\" data-widget_type=\"heading.default\">\n\t\t\t\t<div class=\"elementor-widget-container\">\n\t\t\t\t\t<h2 class=\"elementor-heading-title elementor-size-default\">Obtenga un recorrido personalizado de Repricer y vea c\u00f3mo puede ayudarle a obtener m\u00e1s ventas y beneficios en Amazon por:<\/h2>\t\t\t\t<\/div>\n\t\t\t\t<\/div>\n\t\t\t\t<div class=\"elementor-element elementor-element-2c1334e8 elementor-icon-list--layout-traditional elementor-list-item-link-full_width elementor-widget elementor-widget-icon-list\" data-id=\"2c1334e8\" data-element_type=\"widget\" data-e-type=\"widget\" data-widget_type=\"icon-list.default\">\n\t\t\t\t<div class=\"elementor-widget-container\">\n\t\t\t\t\t\t\t<ul class=\"elementor-icon-list-items\">\n\t\t\t\t\t\t\t<li class=\"elementor-icon-list-item\">\n\t\t\t\t\t\t\t\t\t\t\t<span class=\"elementor-icon-list-icon\">\n\t\t\t\t\t\t\t<svg xmlns=\"http:\/\/www.w3.org\/2000\/svg\" width=\"24\" height=\"24\" viewBox=\"0 0 24 24\" fill=\"none\"><path d=\"M10.525 16.55L17.6 9.475L16.45 8.35L10.525 14.275L7.525 11.275L6.4 12.4L10.525 16.55ZM12 22C10.6333 22 9.34167 21.7375 8.125 21.2125C6.90833 20.6875 5.84583 19.9708 4.9375 19.0625C4.02917 18.1542 3.3125 17.0917 2.7875 15.875C2.2625 14.6583 2 13.3667 2 12C2 10.6167 2.2625 9.31667 2.7875 8.1C3.3125 6.88333 4.02917 5.825 4.9375 4.925C5.84583 4.025 6.90833 3.3125 8.125 2.7875C9.34167 2.2625 10.6333 2 12 2C13.3833 2 14.6833 2.2625 15.9 2.7875C17.1167 3.3125 18.175 4.025 19.075 4.925C19.975 5.825 20.6875 6.88333 21.2125 8.1C21.7375 9.31667 22 10.6167 22 12C22 13.3667 21.7375 14.6583 21.2125 15.875C20.6875 17.0917 19.975 18.1542 19.075 19.0625C18.175 19.9708 17.1167 20.6875 15.9 21.2125C14.6833 21.7375 13.3833 22 12 22Z\" fill=\"#0AB01B\"><\/path><\/svg>\t\t\t\t\t\t<\/span>\n\t\t\t\t\t\t\t\t\t\t<span class=\"elementor-icon-list-text\">Reacci\u00f3n instant\u00e1nea a los cambios de precios de los competidores para obtener la Buy Box m\u00e1s a menudo.<\/span>\n\t\t\t\t\t\t\t\t\t<\/li>\n\t\t\t\t\t\t\t\t<li class=\"elementor-icon-list-item\">\n\t\t\t\t\t\t\t\t\t\t\t<span class=\"elementor-icon-list-icon\">\n\t\t\t\t\t\t\t<svg xmlns=\"http:\/\/www.w3.org\/2000\/svg\" width=\"24\" height=\"24\" viewBox=\"0 0 24 24\" fill=\"none\"><path d=\"M10.525 16.55L17.6 9.475L16.45 8.35L10.525 14.275L7.525 11.275L6.4 12.4L10.525 16.55ZM12 22C10.6333 22 9.34167 21.7375 8.125 21.2125C6.90833 20.6875 5.84583 19.9708 4.9375 19.0625C4.02917 18.1542 3.3125 17.0917 2.7875 15.875C2.2625 14.6583 2 13.3667 2 12C2 10.6167 2.2625 9.31667 2.7875 8.1C3.3125 6.88333 4.02917 5.825 4.9375 4.925C5.84583 4.025 6.90833 3.3125 8.125 2.7875C9.34167 2.2625 10.6333 2 12 2C13.3833 2 14.6833 2.2625 15.9 2.7875C17.1167 3.3125 18.175 4.025 19.075 4.925C19.975 5.825 20.6875 6.88333 21.2125 8.1C21.7375 9.31667 22 10.6167 22 12C22 13.3667 21.7375 14.6583 21.2125 15.875C20.6875 17.0917 19.975 18.1542 19.075 19.0625C18.175 19.9708 17.1167 20.6875 15.9 21.2125C14.6833 21.7375 13.3833 22 12 22Z\" fill=\"#0AB01B\"><\/path><\/svg>\t\t\t\t\t\t<\/span>\n\t\t\t\t\t\t\t\t\t\t<span class=\"elementor-icon-list-text\">Incremento del precio al ganar la Buy Box<\/span>\n\t\t\t\t\t\t\t\t\t<\/li>\n\t\t\t\t\t\t\t\t<li class=\"elementor-icon-list-item\">\n\t\t\t\t\t\t\t\t\t\t\t<span class=\"elementor-icon-list-icon\">\n\t\t\t\t\t\t\t<svg xmlns=\"http:\/\/www.w3.org\/2000\/svg\" width=\"24\" height=\"24\" viewBox=\"0 0 24 24\" fill=\"none\"><path d=\"M10.525 16.55L17.6 9.475L16.45 8.35L10.525 14.275L7.525 11.275L6.4 12.4L10.525 16.55ZM12 22C10.6333 22 9.34167 21.7375 8.125 21.2125C6.90833 20.6875 5.84583 19.9708 4.9375 19.0625C4.02917 18.1542 3.3125 17.0917 2.7875 15.875C2.2625 14.6583 2 13.3667 2 12C2 10.6167 2.2625 9.31667 2.7875 8.1C3.3125 6.88333 4.02917 5.825 4.9375 4.925C5.84583 4.025 6.90833 3.3125 8.125 2.7875C9.34167 2.2625 10.6333 2 12 2C13.3833 2 14.6833 2.2625 15.9 2.7875C17.1167 3.3125 18.175 4.025 19.075 4.925C19.975 5.825 20.6875 6.88333 21.2125 8.1C21.7375 9.31667 22 10.6167 22 12C22 13.3667 21.7375 14.6583 21.2125 15.875C20.6875 17.0917 19.975 18.1542 19.075 19.0625C18.175 19.9708 17.1167 20.6875 15.9 21.2125C14.6833 21.7375 13.3833 22 12 22Z\" fill=\"#0AB01B\"><\/path><\/svg>\t\t\t\t\t\t<\/span>\n\t\t\t\t\t\t\t\t\t\t<span class=\"elementor-icon-list-text\">Dirigirse a vendedores individuales por cumplimiento, ubicaci\u00f3n, Feedback y mucho m\u00e1s.<\/span>\n\t\t\t\t\t\t\t\t\t<\/li>\n\t\t\t\t\t\t\t\t<li class=\"elementor-icon-list-item\">\n\t\t\t\t\t\t\t\t\t\t\t<span class=\"elementor-icon-list-icon\">\n\t\t\t\t\t\t\t<svg xmlns=\"http:\/\/www.w3.org\/2000\/svg\" width=\"24\" height=\"24\" viewBox=\"0 0 24 24\" fill=\"none\"><path d=\"M10.525 16.55L17.6 9.475L16.45 8.35L10.525 14.275L7.525 11.275L6.4 12.4L10.525 16.55ZM12 22C10.6333 22 9.34167 21.7375 8.125 21.2125C6.90833 20.6875 5.84583 19.9708 4.9375 19.0625C4.02917 18.1542 3.3125 17.0917 2.7875 15.875C2.2625 14.6583 2 13.3667 2 12C2 10.6167 2.2625 9.31667 2.7875 8.1C3.3125 6.88333 4.02917 5.825 4.9375 4.925C5.84583 4.025 6.90833 3.3125 8.125 2.7875C9.34167 2.2625 10.6333 2 12 2C13.3833 2 14.6833 2.2625 15.9 2.7875C17.1167 3.3125 18.175 4.025 19.075 4.925C19.975 5.825 20.6875 6.88333 21.2125 8.1C21.7375 9.31667 22 10.6167 22 12C22 13.3667 21.7375 14.6583 21.2125 15.875C20.6875 17.0917 19.975 18.1542 19.075 19.0625C18.175 19.9708 17.1167 20.6875 15.9 21.2125C14.6833 21.7375 13.3833 22 12 22Z\" fill=\"#0AB01B\"><\/path><\/svg>\t\t\t\t\t\t<\/span>\n\t\t\t\t\t\t\t\t\t\t<span class=\"elementor-icon-list-text\">Competir con vendedores en ASIN alternativos para ganar la venta  <\/span>\n\t\t\t\t\t\t\t\t\t<\/li>\n\t\t\t\t\t\t<\/ul>\n\t\t\t\t\t\t<\/div>\n\t\t\t\t<\/div>\n\t\t\t\t<div class=\"elementor-element elementor-element-2610a495 elementor-widget elementor-widget-spacer\" data-id=\"2610a495\" data-element_type=\"widget\" data-e-type=\"widget\" data-widget_type=\"spacer.default\">\n\t\t\t\t<div class=\"elementor-widget-container\">\n\t\t\t\t\t\t\t<div class=\"elementor-spacer\">\n\t\t\t<div class=\"elementor-spacer-inner\"><\/div>\n\t\t<\/div>\n\t\t\t\t\t\t<\/div>\n\t\t\t\t<\/div>\n\t\t\t\t<\/div>\n\t\t<div class=\"elementor-element elementor-element-1b675234 e-con-full e-flex e-con e-child\" data-id=\"1b675234\" data-element_type=\"container\" data-e-type=\"container\" data-settings=\"{&quot;background_background&quot;:&quot;classic&quot;}\">\n\t\t\t\t<div class=\"elementor-element elementor-element-3ca7abdf elementor-widget elementor-widget-image\" data-id=\"3ca7abdf\" data-element_type=\"widget\" data-e-type=\"widget\" data-widget_type=\"image.default\">\n\t\t\t\t<div class=\"elementor-widget-container\">\n\t\t\t\t\t\t\t\t\t\t\t\t\t\t\t<img decoding=\"async\" width=\"248\" height=\"74\" src=\"https:\/\/www.repricer.com\/wp-content\/uploads\/2024\/02\/eDeskteam-2.png\" class=\"attachment-full size-full wp-image-22978\" alt=\"\" \/>\t\t\t\t\t\t\t\t\t\t\t\t\t\t\t<\/div>\n\t\t\t\t<\/div>\n\t\t\t\t<div class=\"elementor-element elementor-element-1535a955 elementor-widget-tablet__width-inherit elementor-widget elementor-widget-html\" data-id=\"1535a955\" data-element_type=\"widget\" data-e-type=\"widget\" data-widget_type=\"html.default\">\n\t\t\t\t<div class=\"elementor-widget-container\">\n\t\t\t\t\t<script charset=\"utf-8\" type=\"text\/javascript\" src=\"\/\/js.hsforms.net\/forms\/embed\/v2.js\"><\/script><script>hbspt.forms.create({\n    region: \"na1\",\n    portalId: \"4770908\",\n    formId: \"49933abe-d8a0-42e6-81bf-156744ca1ea6\"\n  });\n<\/script>\t\t\t\t<\/div>\n\t\t\t\t<\/div>\n\t\t\t\t<\/div>\n\t\t\t\t\t<\/div>\n\t\t\t\t<\/div>\n\t\t<div class=\"elementor-element elementor-element-2d3229a5 e-flex e-con-boxed e-con e-parent\" data-id=\"2d3229a5\" data-element_type=\"container\" data-e-type=\"container\" data-settings=\"{&quot;background_background&quot;:&quot;classic&quot;}\">\n\t\t\t\t\t<div class=\"e-con-inner\">\n\t\t<div class=\"elementor-element elementor-element-3146662c e-con-full e-flex e-con e-child\" data-id=\"3146662c\" data-element_type=\"container\" data-e-type=\"container\">\n\t\t\t\t<div class=\"elementor-element elementor-element-399eabc elementor-widget elementor-widget-spacer\" data-id=\"399eabc\" data-element_type=\"widget\" data-e-type=\"widget\" data-widget_type=\"spacer.default\">\n\t\t\t\t<div class=\"elementor-widget-container\">\n\t\t\t\t\t\t\t<div class=\"elementor-spacer\">\n\t\t\t<div class=\"elementor-spacer-inner\"><\/div>\n\t\t<\/div>\n\t\t\t\t\t\t<\/div>\n\t\t\t\t<\/div>\n\t\t\t\t<div class=\"elementor-element elementor-element-59347237 elementor-widget elementor-widget-heading\" data-id=\"59347237\" data-element_type=\"widget\" data-e-type=\"widget\" data-widget_type=\"heading.default\">\n\t\t\t\t<div class=\"elementor-widget-container\">\n\t\t\t\t\t<h2 class=\"elementor-heading-title elementor-size-default\">Apoyo a miles de vendedores de Amazon y eBay<\/h2>\t\t\t\t<\/div>\n\t\t\t\t<\/div>\n\t\t\t\t<div class=\"elementor-element elementor-element-54730117 elementor-widget elementor-widget-heading\" data-id=\"54730117\" data-element_type=\"widget\" data-e-type=\"widget\" data-widget_type=\"heading.default\">\n\t\t\t\t<div class=\"elementor-widget-container\">\n\t\t\t\t\t<h2 class=\"elementor-heading-title elementor-size-default\">\"Si quiere evitar una carrera a la baja manteniendo las ventas, esta herramienta le permite aplicar pr\u00e1cticamente cualquier estrategia que se le ocurra\".<\/h2>\t\t\t\t<\/div>\n\t\t\t\t<\/div>\n\t\t\t\t<div class=\"elementor-element elementor-element-6af487b elementor-widget elementor-widget-heading\" data-id=\"6af487b\" data-element_type=\"widget\" data-e-type=\"widget\" data-widget_type=\"heading.default\">\n\t\t\t\t<div class=\"elementor-widget-container\">\n\t\t\t\t\t<p class=\"elementor-heading-title elementor-size-default\"><b>Robin Burton<\/b>, vendedor de Amazon<\/p>\t\t\t\t<\/div>\n\t\t\t\t<\/div>\n\t\t\t\t<div class=\"elementor-element elementor-element-5ba11273 elementor-widget elementor-widget-spacer\" data-id=\"5ba11273\" data-element_type=\"widget\" data-e-type=\"widget\" data-widget_type=\"spacer.default\">\n\t\t\t\t<div class=\"elementor-widget-container\">\n\t\t\t\t\t\t\t<div class=\"elementor-spacer\">\n\t\t\t<div class=\"elementor-spacer-inner\"><\/div>\n\t\t<\/div>\n\t\t\t\t\t\t<\/div>\n\t\t\t\t<\/div>\n\t\t\t\t<\/div>\n\t\t<div class=\"elementor-element elementor-element-6461fe6 e-con-full e-flex e-con e-child\" data-id=\"6461fe6\" data-element_type=\"container\" data-e-type=\"container\">\n\t\t\t\t<\/div>\n\t\t\t\t\t<\/div>\n\t\t\t\t<\/div>\n\t\t\t\t<\/div>\n\t\t","protected":false},"excerpt":{"rendered":"<p>Reserve una demostraci\u00f3n Hable con un experto en revalorizaci\u00f3n a la hora que m\u00e1s le convenga Obtenga un recorrido personalizado de Repricer y vea c\u00f3mo puede ayudarle a obtener m\u00e1s ventas y beneficios en Amazon por: Reacci\u00f3n instant\u00e1nea a los cambios de precios de los competidores para obtener la Buy Box m\u00e1s a menudo. Incremento [&hellip;]<\/p>\n","protected":false},"author":12,"featured_media":19809,"parent":0,"menu_order":0,"comment_status":"closed","ping_status":"closed","template":"","meta":{"inline_featured_image":false,"footnotes":""},"class_list":["post-11907","page","type-page","status-publish","has-post-thumbnail","hentry"],"yoast_head":"<!-- This site is optimized with the Yoast SEO Premium plugin v25.8 (Yoast SEO v27.3) - https:\/\/yoast.com\/product\/yoast-seo-premium-wordpress\/ -->\n<title>Reserva una demostraci\u00f3n - El Repricer m\u00e1s r\u00e1pido de Amazon | Repricer.com<\/title>\n<meta name=\"description\" content=\"Reserve hoy mismo una demostraci\u00f3n con un experto en repricing para aumentar sus ventas en Amazon.\" \/>\n<meta name=\"robots\" content=\"index, follow, max-snippet:-1, max-image-preview:large, max-video-preview:-1\" \/>\n<link rel=\"canonical\" href=\"https:\/\/www.repricer.com\/es\/libro-demo\/\" \/>\n<meta property=\"og:locale\" content=\"es_ES\" \/>\n<meta property=\"og:type\" content=\"article\" \/>\n<meta property=\"og:title\" content=\"Reserva una demostraci\u00f3n\" \/>\n<meta property=\"og:description\" content=\"Reserve hoy mismo una demostraci\u00f3n con un experto en repricing para aumentar sus ventas en Amazon.\" \/>\n<meta property=\"og:url\" content=\"https:\/\/www.repricer.com\/es\/libro-demo\/\" \/>\n<meta property=\"og:site_name\" content=\"The Fastest Amazon Repricer | Repricer.com\" \/>\n<meta property=\"article:publisher\" content=\"https:\/\/www.facebook.com\/repricer\" \/>\n<meta property=\"article:modified_time\" content=\"2025-04-02T14:41:25+00:00\" \/>\n<meta property=\"og:image\" content=\"https:\/\/www.repricer.com\/wp-content\/uploads\/2023\/10\/repricer-vector-logo.png\" \/>\n\t<meta property=\"og:image:width\" content=\"1080\" \/>\n\t<meta property=\"og:image:height\" content=\"1080\" \/>\n\t<meta property=\"og:image:type\" content=\"image\/png\" \/>\n<meta name=\"twitter:card\" content=\"summary_large_image\" \/>\n<meta name=\"twitter:site\" content=\"@repricer\" \/>\n<meta name=\"twitter:label1\" content=\"Tiempo de lectura\" \/>\n\t<meta name=\"twitter:data1\" content=\"1 minuto\" \/>\n<script type=\"application\/ld+json\" class=\"yoast-schema-graph\">{\"@context\":\"https:\\\/\\\/schema.org\",\"@graph\":[{\"@type\":\"WebPage\",\"@id\":\"https:\\\/\\\/www.repricer.com\\\/es\\\/libro-demo\\\/\",\"url\":\"https:\\\/\\\/www.repricer.com\\\/es\\\/libro-demo\\\/\",\"name\":\"Reserva una demostraci\u00f3n - El Repricer m\u00e1s r\u00e1pido de Amazon | Repricer.com\",\"isPartOf\":{\"@id\":\"https:\\\/\\\/www.repricer.com\\\/es\\\/#website\"},\"primaryImageOfPage\":{\"@id\":\"https:\\\/\\\/www.repricer.com\\\/es\\\/libro-demo\\\/#primaryimage\"},\"image\":{\"@id\":\"https:\\\/\\\/www.repricer.com\\\/es\\\/libro-demo\\\/#primaryimage\"},\"thumbnailUrl\":\"https:\\\/\\\/www.repricer.com\\\/wp-content\\\/uploads\\\/2023\\\/10\\\/repricer-vector-logo.png\",\"datePublished\":\"2022-02-15T16:31:06+00:00\",\"dateModified\":\"2025-04-02T14:41:25+00:00\",\"description\":\"Reserve hoy mismo una demostraci\u00f3n con un experto en repricing para aumentar sus ventas en Amazon.\",\"breadcrumb\":{\"@id\":\"https:\\\/\\\/www.repricer.com\\\/es\\\/libro-demo\\\/#breadcrumb\"},\"inLanguage\":\"es\",\"potentialAction\":[{\"@type\":\"ReadAction\",\"target\":[\"https:\\\/\\\/www.repricer.com\\\/es\\\/libro-demo\\\/\"]}]},{\"@type\":\"ImageObject\",\"inLanguage\":\"es\",\"@id\":\"https:\\\/\\\/www.repricer.com\\\/es\\\/libro-demo\\\/#primaryimage\",\"url\":\"https:\\\/\\\/www.repricer.com\\\/wp-content\\\/uploads\\\/2023\\\/10\\\/repricer-vector-logo.png\",\"contentUrl\":\"https:\\\/\\\/www.repricer.com\\\/wp-content\\\/uploads\\\/2023\\\/10\\\/repricer-vector-logo.png\",\"width\":1080,\"height\":1080,\"caption\":\"repricer vector logo\"},{\"@type\":\"BreadcrumbList\",\"@id\":\"https:\\\/\\\/www.repricer.com\\\/es\\\/libro-demo\\\/#breadcrumb\",\"itemListElement\":[{\"@type\":\"ListItem\",\"position\":1,\"name\":\"Home\",\"item\":\"https:\\\/\\\/www.repricer.com\\\/es\\\/casa-2\\\/\"},{\"@type\":\"ListItem\",\"position\":2,\"name\":\"Reserva una demostraci\u00f3n\"}]},{\"@type\":\"WebSite\",\"@id\":\"https:\\\/\\\/www.repricer.com\\\/es\\\/#website\",\"url\":\"https:\\\/\\\/www.repricer.com\\\/es\\\/\",\"name\":\"The Fastest Amazon Repricer | Repricer.com\",\"description\":\"Haga de Repricer.com su centro de precios \u00fanico conectando todos sus canales de venta, incluyendo Amazon, eBay, Walmart, Shopify y m\u00e1s.\",\"publisher\":{\"@id\":\"https:\\\/\\\/www.repricer.com\\\/es\\\/#organization\"},\"potentialAction\":[{\"@type\":\"SearchAction\",\"target\":{\"@type\":\"EntryPoint\",\"urlTemplate\":\"https:\\\/\\\/www.repricer.com\\\/es\\\/?s={search_term_string}\"},\"query-input\":{\"@type\":\"PropertyValueSpecification\",\"valueRequired\":true,\"valueName\":\"search_term_string\"}}],\"inLanguage\":\"es\"},{\"@type\":\"Organization\",\"@id\":\"https:\\\/\\\/www.repricer.com\\\/es\\\/#organization\",\"name\":\"Repricer.com\",\"url\":\"https:\\\/\\\/www.repricer.com\\\/es\\\/\",\"logo\":{\"@type\":\"ImageObject\",\"inLanguage\":\"es\",\"@id\":\"https:\\\/\\\/www.repricer.com\\\/es\\\/#\\\/schema\\\/logo\\\/image\\\/\",\"url\":\"https:\\\/\\\/www.repricer.com\\\/wp-content\\\/uploads\\\/2022\\\/01\\\/updated-repricer-logo-black.png\",\"contentUrl\":\"https:\\\/\\\/www.repricer.com\\\/wp-content\\\/uploads\\\/2022\\\/01\\\/updated-repricer-logo-black.png\",\"width\":481,\"height\":83,\"caption\":\"Repricer.com\"},\"image\":{\"@id\":\"https:\\\/\\\/www.repricer.com\\\/es\\\/#\\\/schema\\\/logo\\\/image\\\/\"},\"sameAs\":[\"https:\\\/\\\/www.facebook.com\\\/repricer\",\"https:\\\/\\\/x.com\\\/repricer\",\"https:\\\/\\\/www.instagram.com\\\/repricer\\\/\",\"https:\\\/\\\/www.youtube.com\\\/channel\\\/UC_pT73zbB2TIA-jS12y93fA\"]}]}<\/script>\n<!-- \/ Yoast SEO Premium plugin. -->","yoast_head_json":{"title":"Reserva una demostraci\u00f3n - El Repricer m\u00e1s r\u00e1pido de Amazon | Repricer.com","description":"Reserve hoy mismo una demostraci\u00f3n con un experto en repricing para aumentar sus ventas en Amazon.","robots":{"index":"index","follow":"follow","max-snippet":"max-snippet:-1","max-image-preview":"max-image-preview:large","max-video-preview":"max-video-preview:-1"},"canonical":"https:\/\/www.repricer.com\/es\/libro-demo\/","og_locale":"es_ES","og_type":"article","og_title":"Reserva una demostraci\u00f3n","og_description":"Reserve hoy mismo una demostraci\u00f3n con un experto en repricing para aumentar sus ventas en Amazon.","og_url":"https:\/\/www.repricer.com\/es\/libro-demo\/","og_site_name":"The Fastest Amazon Repricer | Repricer.com","article_publisher":"https:\/\/www.facebook.com\/repricer","article_modified_time":"2025-04-02T14:41:25+00:00","og_image":[{"width":1080,"height":1080,"url":"https:\/\/www.repricer.com\/wp-content\/uploads\/2023\/10\/repricer-vector-logo.png","type":"image\/png"}],"twitter_card":"summary_large_image","twitter_site":"@repricer","twitter_misc":{"Tiempo de lectura":"1 minuto"},"schema":{"@context":"https:\/\/schema.org","@graph":[{"@type":"WebPage","@id":"https:\/\/www.repricer.com\/es\/libro-demo\/","url":"https:\/\/www.repricer.com\/es\/libro-demo\/","name":"Reserva una demostraci\u00f3n - El Repricer m\u00e1s r\u00e1pido de Amazon | Repricer.com","isPartOf":{"@id":"https:\/\/www.repricer.com\/es\/#website"},"primaryImageOfPage":{"@id":"https:\/\/www.repricer.com\/es\/libro-demo\/#primaryimage"},"image":{"@id":"https:\/\/www.repricer.com\/es\/libro-demo\/#primaryimage"},"thumbnailUrl":"https:\/\/www.repricer.com\/wp-content\/uploads\/2023\/10\/repricer-vector-logo.png","datePublished":"2022-02-15T16:31:06+00:00","dateModified":"2025-04-02T14:41:25+00:00","description":"Reserve hoy mismo una demostraci\u00f3n con un experto en repricing para aumentar sus ventas en Amazon.","breadcrumb":{"@id":"https:\/\/www.repricer.com\/es\/libro-demo\/#breadcrumb"},"inLanguage":"es","potentialAction":[{"@type":"ReadAction","target":["https:\/\/www.repricer.com\/es\/libro-demo\/"]}]},{"@type":"ImageObject","inLanguage":"es","@id":"https:\/\/www.repricer.com\/es\/libro-demo\/#primaryimage","url":"https:\/\/www.repricer.com\/wp-content\/uploads\/2023\/10\/repricer-vector-logo.png","contentUrl":"https:\/\/www.repricer.com\/wp-content\/uploads\/2023\/10\/repricer-vector-logo.png","width":1080,"height":1080,"caption":"repricer vector logo"},{"@type":"BreadcrumbList","@id":"https:\/\/www.repricer.com\/es\/libro-demo\/#breadcrumb","itemListElement":[{"@type":"ListItem","position":1,"name":"Home","item":"https:\/\/www.repricer.com\/es\/casa-2\/"},{"@type":"ListItem","position":2,"name":"Reserva una demostraci\u00f3n"}]},{"@type":"WebSite","@id":"https:\/\/www.repricer.com\/es\/#website","url":"https:\/\/www.repricer.com\/es\/","name":"The Fastest Amazon Repricer | Repricer.com","description":"Haga de Repricer.com su centro de precios \u00fanico conectando todos sus canales de venta, incluyendo Amazon, eBay, Walmart, Shopify y m\u00e1s.","publisher":{"@id":"https:\/\/www.repricer.com\/es\/#organization"},"potentialAction":[{"@type":"SearchAction","target":{"@type":"EntryPoint","urlTemplate":"https:\/\/www.repricer.com\/es\/?s={search_term_string}"},"query-input":{"@type":"PropertyValueSpecification","valueRequired":true,"valueName":"search_term_string"}}],"inLanguage":"es"},{"@type":"Organization","@id":"https:\/\/www.repricer.com\/es\/#organization","name":"Repricer.com","url":"https:\/\/www.repricer.com\/es\/","logo":{"@type":"ImageObject","inLanguage":"es","@id":"https:\/\/www.repricer.com\/es\/#\/schema\/logo\/image\/","url":"https:\/\/www.repricer.com\/wp-content\/uploads\/2022\/01\/updated-repricer-logo-black.png","contentUrl":"https:\/\/www.repricer.com\/wp-content\/uploads\/2022\/01\/updated-repricer-logo-black.png","width":481,"height":83,"caption":"Repricer.com"},"image":{"@id":"https:\/\/www.repricer.com\/es\/#\/schema\/logo\/image\/"},"sameAs":["https:\/\/www.facebook.com\/repricer","https:\/\/x.com\/repricer","https:\/\/www.instagram.com\/repricer\/","https:\/\/www.youtube.com\/channel\/UC_pT73zbB2TIA-jS12y93fA"]}]}},"_links":{"self":[{"href":"https:\/\/www.repricer.com\/es\/wp-json\/wp\/v2\/pages\/11907","targetHints":{"allow":["GET"]}}],"collection":[{"href":"https:\/\/www.repricer.com\/es\/wp-json\/wp\/v2\/pages"}],"about":[{"href":"https:\/\/www.repricer.com\/es\/wp-json\/wp\/v2\/types\/page"}],"author":[{"embeddable":true,"href":"https:\/\/www.repricer.com\/es\/wp-json\/wp\/v2\/users\/12"}],"replies":[{"embeddable":true,"href":"https:\/\/www.repricer.com\/es\/wp-json\/wp\/v2\/comments?post=11907"}],"version-history":[{"count":3,"href":"https:\/\/www.repricer.com\/es\/wp-json\/wp\/v2\/pages\/11907\/revisions"}],"predecessor-version":[{"id":38105,"href":"https:\/\/www.repricer.com\/es\/wp-json\/wp\/v2\/pages\/11907\/revisions\/38105"}],"wp:featuredmedia":[{"embeddable":true,"href":"https:\/\/www.repricer.com\/es\/wp-json\/wp\/v2\/media\/19809"}],"wp:attachment":[{"href":"https:\/\/www.repricer.com\/es\/wp-json\/wp\/v2\/media?parent=11907"}],"curies":[{"name":"wp","href":"https:\/\/api.w.org\/{rel}","templated":true}]}}