{"id":12964,"date":"2022-11-10T17:17:39","date_gmt":"2022-11-10T17:17:39","guid":{"rendered":"https:\/\/repricer.kinsta.cloud\/girar-el-dial-a-11\/"},"modified":"2023-05-22T13:38:45","modified_gmt":"2023-05-22T13:38:45","slug":"girar-el-dial-a-11","status":"publish","type":"page","link":"https:\/\/www.repricer.com\/es\/girar-el-dial-a-11\/","title":{"rendered":"Gire el dial al 11"},"content":{"rendered":"\t\t<div data-elementor-type=\"wp-page\" data-elementor-id=\"12964\" class=\"elementor elementor-12964 elementor-8691\" data-elementor-post-type=\"page\">\n\t\t\t\t\t\t<section class=\"elementor-section elementor-top-section elementor-element elementor-element-7272a1c elementor-section-boxed elementor-section-height-default elementor-section-height-default\" data-id=\"7272a1c\" data-element_type=\"section\" data-e-type=\"section\">\n\t\t\t\t\t\t<div class=\"elementor-container elementor-column-gap-default\">\n\t\t\t\t\t<div class=\"elementor-column elementor-col-100 elementor-top-column elementor-element elementor-element-8ba770b\" data-id=\"8ba770b\" data-element_type=\"column\" data-e-type=\"column\">\n\t\t\t<div class=\"elementor-widget-wrap elementor-element-populated\">\n\t\t\t\t\t\t<div class=\"elementor-element elementor-element-badda64 elementor-widget elementor-widget-spacer\" data-id=\"badda64\" data-element_type=\"widget\" data-e-type=\"widget\" data-widget_type=\"spacer.default\">\n\t\t\t\t<div class=\"elementor-widget-container\">\n\t\t\t\t\t\t\t<div class=\"elementor-spacer\">\n\t\t\t<div class=\"elementor-spacer-inner\"><\/div>\n\t\t<\/div>\n\t\t\t\t\t\t<\/div>\n\t\t\t\t<\/div>\n\t\t\t\t\t<\/div>\n\t\t<\/div>\n\t\t\t\t\t<\/div>\n\t\t<\/section>\n\t\t\t\t<section class=\"elementor-section elementor-top-section elementor-element elementor-element-6c8797f elementor-section-boxed elementor-section-height-default elementor-section-height-default\" data-id=\"6c8797f\" data-element_type=\"section\" data-e-type=\"section\">\n\t\t\t\t\t\t<div class=\"elementor-container elementor-column-gap-default\">\n\t\t\t\t\t<div class=\"elementor-column elementor-col-50 elementor-top-column elementor-element elementor-element-6934e55\" data-id=\"6934e55\" data-element_type=\"column\" data-e-type=\"column\">\n\t\t\t<div class=\"elementor-widget-wrap elementor-element-populated\">\n\t\t\t\t\t\t<div class=\"elementor-element elementor-element-2814a47 elementor-widget elementor-widget-heading\" data-id=\"2814a47\" data-element_type=\"widget\" data-e-type=\"widget\" data-widget_type=\"heading.default\">\n\t\t\t\t<div class=\"elementor-widget-container\">\n\t\t\t\t\t<h1 class=\"elementor-heading-title elementor-size-default\">Gire el dial al 11<\/h1>\t\t\t\t<\/div>\n\t\t\t\t<\/div>\n\t\t\t\t<div class=\"elementor-element elementor-element-f87e4e3 elementor-widget elementor-widget-text-editor\" data-id=\"f87e4e3\" data-element_type=\"widget\" data-e-type=\"widget\" data-widget_type=\"text-editor.default\">\n\t\t\t\t<div class=\"elementor-widget-container\">\n\t\t\t\t\t\t\t\t\t<p><span style=\"font-weight: 400;\">Probablemente nos estemos haciendo mayores con esta referencia, pero en Repricer s\u00ed que subimos la potencia&#8230; a <\/span><b>11<\/b><span style=\"font-weight: 400;\">.<\/span><\/p>\n<p><span style=\"font-weight: 400;\">Repricer est\u00e1 alojado en<\/span><b> servicios en la nube de Amazon<\/b><span style=\"font-weight: 400;\"> &#8211; lo m\u00e1s cerca posible de las notificaciones de precios de Amazon, lo que nos permite reaccionar a los cambios de precios al instante.<\/span><\/p>\n\t\t\t\t\t\t\t\t<\/div>\n\t\t\t\t<\/div>\n\t\t\t\t\t<\/div>\n\t\t<\/div>\n\t\t\t\t<div class=\"elementor-column elementor-col-50 elementor-top-column elementor-element elementor-element-124161f\" data-id=\"124161f\" data-element_type=\"column\" data-e-type=\"column\">\n\t\t\t<div class=\"elementor-widget-wrap elementor-element-populated\">\n\t\t\t\t\t\t<div class=\"elementor-element elementor-element-68f7c55 elementor-widget elementor-widget-image\" data-id=\"68f7c55\" data-element_type=\"widget\" data-e-type=\"widget\" data-widget_type=\"image.default\">\n\t\t\t\t<div class=\"elementor-widget-container\">\n\t\t\t\t\t\t\t\t\t\t\t\t\t\t\t<img fetchpriority=\"high\" decoding=\"async\" width=\"800\" height=\"404\" src=\"https:\/\/www.repricer.com\/wp-content\/uploads\/2022\/11\/turn-the-dial-to-11-1024x517.png\" class=\"attachment-large size-large wp-image-8698\" alt=\"gire el dial hasta 11\" srcset=\"https:\/\/www.repricer.com\/wp-content\/uploads\/2022\/11\/turn-the-dial-to-11-1024x517.png 1024w, https:\/\/www.repricer.com\/wp-content\/uploads\/2022\/11\/turn-the-dial-to-11-300x151.png 300w, https:\/\/www.repricer.com\/wp-content\/uploads\/2022\/11\/turn-the-dial-to-11-768x388.png 768w, https:\/\/www.repricer.com\/wp-content\/uploads\/2022\/11\/turn-the-dial-to-11-1536x775.png 1536w, https:\/\/www.repricer.com\/wp-content\/uploads\/2022\/11\/turn-the-dial-to-11.png 2048w\" sizes=\"(max-width: 800px) 100vw, 800px\" \/>\t\t\t\t\t\t\t\t\t\t\t\t\t\t\t<\/div>\n\t\t\t\t<\/div>\n\t\t\t\t\t<\/div>\n\t\t<\/div>\n\t\t\t\t\t<\/div>\n\t\t<\/section>\n\t\t\t\t<section class=\"elementor-section elementor-top-section elementor-element elementor-element-0b8c120 elementor-section-boxed elementor-section-height-default elementor-section-height-default\" data-id=\"0b8c120\" data-element_type=\"section\" data-e-type=\"section\">\n\t\t\t\t\t\t<div class=\"elementor-container elementor-column-gap-default\">\n\t\t\t\t\t<div class=\"elementor-column elementor-col-100 elementor-top-column elementor-element elementor-element-0069d1d\" data-id=\"0069d1d\" data-element_type=\"column\" data-e-type=\"column\">\n\t\t\t<div class=\"elementor-widget-wrap elementor-element-populated\">\n\t\t\t\t\t\t<div class=\"elementor-element elementor-element-cae76f2 elementor-widget elementor-widget-text-editor\" data-id=\"cae76f2\" data-element_type=\"widget\" data-e-type=\"widget\" data-widget_type=\"text-editor.default\">\n\t\t\t\t<div class=\"elementor-widget-container\">\n\t\t\t\t\t\t\t\t\t<p><span style=\"font-weight: 400;\">Disponemos de una<\/span><b> arquitectura premium<\/b><span style=\"font-weight: 400;\">  &#8211; que es escalable para todas las necesidades de nuestros clientes. Tenemos vendedores con<\/span> <b> m\u00e1s de 10 millones de SKUs<\/b><span style=\"font-weight: 400;\"> en su cuenta &#8211; vendiendo a trav\u00e9s de m\u00faltiples canales &#8211; y Repricer asegura que incluso con estos grandes inventarios sus precios se mantienen competitivos y actualizados.<\/span><\/p>\n<p><span style=\"font-weight: 400;\">Procesamos regularmente<\/span><b> de 3.000 a 4.000 millones <\/b><span style=\"font-weight: 400;\">de cambios de precios cada semana. <\/span><span style=\"font-weight: 400;\">S\u00ed, as\u00ed es: <span style=\"text-decoration: underline;\">\u00a1miles de millones!<\/span><\/span><\/p>\n\t\t\t\t\t\t\t\t<\/div>\n\t\t\t\t<\/div>\n\t\t\t\t\t<\/div>\n\t\t<\/div>\n\t\t\t\t\t<\/div>\n\t\t<\/section>\n\t\t\t\t<section class=\"elementor-section elementor-top-section elementor-element elementor-element-16e73e1 elementor-section-boxed elementor-section-height-default elementor-section-height-default\" data-id=\"16e73e1\" data-element_type=\"section\" data-e-type=\"section\">\n\t\t\t\t\t\t<div class=\"elementor-container elementor-column-gap-default\">\n\t\t\t\t\t<div class=\"elementor-column elementor-col-100 elementor-top-column elementor-element elementor-element-ac71c0a\" data-id=\"ac71c0a\" data-element_type=\"column\" data-e-type=\"column\">\n\t\t\t<div class=\"elementor-widget-wrap elementor-element-populated\">\n\t\t\t\t\t\t<div class=\"elementor-element elementor-element-e24c2a4 elementor-widget elementor-widget-spacer\" data-id=\"e24c2a4\" data-element_type=\"widget\" data-e-type=\"widget\" data-widget_type=\"spacer.default\">\n\t\t\t\t<div class=\"elementor-widget-container\">\n\t\t\t\t\t\t\t<div class=\"elementor-spacer\">\n\t\t\t<div class=\"elementor-spacer-inner\"><\/div>\n\t\t<\/div>\n\t\t\t\t\t\t<\/div>\n\t\t\t\t<\/div>\n\t\t\t\t\t<\/div>\n\t\t<\/div>\n\t\t\t\t\t<\/div>\n\t\t<\/section>\n\t\t\t\t<section class=\"elementor-section elementor-top-section elementor-element elementor-element-6b1acbc elementor-section-boxed elementor-section-height-default elementor-section-height-default\" data-id=\"6b1acbc\" data-element_type=\"section\" data-e-type=\"section\">\n\t\t\t\t\t\t<div class=\"elementor-container elementor-column-gap-default\">\n\t\t\t\t\t<div class=\"elementor-column elementor-col-50 elementor-top-column elementor-element elementor-element-24d8e67\" data-id=\"24d8e67\" data-element_type=\"column\" data-e-type=\"column\">\n\t\t\t<div class=\"elementor-widget-wrap elementor-element-populated\">\n\t\t\t\t\t\t<div class=\"elementor-element elementor-element-9c84467 elementor-widget elementor-widget-image\" data-id=\"9c84467\" data-element_type=\"widget\" data-e-type=\"widget\" data-widget_type=\"image.default\">\n\t\t\t\t<div class=\"elementor-widget-container\">\n\t\t\t\t\t\t\t\t\t\t\t\t\t\t\t<img decoding=\"async\" width=\"300\" height=\"300\" src=\"https:\/\/www.repricer.com\/wp-content\/uploads\/2022\/11\/epm-power-packs-300x300.png\" class=\"attachment-medium size-medium wp-image-8703\" alt=\"epm power packs\" srcset=\"https:\/\/www.repricer.com\/wp-content\/uploads\/2022\/11\/epm-power-packs-300x300.png 300w, https:\/\/www.repricer.com\/wp-content\/uploads\/2022\/11\/epm-power-packs-1024x1024.png 1024w, https:\/\/www.repricer.com\/wp-content\/uploads\/2022\/11\/epm-power-packs-150x150.png 150w, https:\/\/www.repricer.com\/wp-content\/uploads\/2022\/11\/epm-power-packs-768x768.png 768w, https:\/\/www.repricer.com\/wp-content\/uploads\/2022\/11\/epm-power-packs-1536x1536.png 1536w, https:\/\/www.repricer.com\/wp-content\/uploads\/2022\/11\/epm-power-packs.png 2048w\" sizes=\"(max-width: 300px) 100vw, 300px\" \/>\t\t\t\t\t\t\t\t\t\t\t\t\t\t\t<\/div>\n\t\t\t\t<\/div>\n\t\t\t\t\t<\/div>\n\t\t<\/div>\n\t\t\t\t<div class=\"elementor-column elementor-col-50 elementor-top-column elementor-element elementor-element-1296a05\" data-id=\"1296a05\" data-element_type=\"column\" data-e-type=\"column\">\n\t\t\t<div class=\"elementor-widget-wrap elementor-element-populated\">\n\t\t\t\t\t\t<div class=\"elementor-element elementor-element-da5c680 elementor-widget elementor-widget-text-editor\" data-id=\"da5c680\" data-element_type=\"widget\" data-e-type=\"widget\" data-widget_type=\"text-editor.default\">\n\t\t\t\t<div class=\"elementor-widget-container\">\n\t\t\t\t\t\t\t\t\t<p><span style=\"font-weight: 400;\">Tambi\u00e9n disponemos de <\/span><b>amplificadores de potencia<\/b><span style=\"font-weight: 400;\">  para cualquier vendedor que los necesite. Los llamamos &#8216;<\/span><b>Potenciadores EPM<\/b><span style=\"font-weight: 400;\"> (eventos por minuto), que permiten a los vendedores de sectores o \u00e9pocas del a\u00f1o con mucha actividad a\u00f1adir a\u00fan m\u00e1s potencia a su gesti\u00f3n de precios. <\/span> <\/p>\n<p><span style=\"font-weight: 400;\">Mientras que otros repricers pueden simplemente ignorar algunos cambios de precio en horas punta o para inventarios m\u00e1s grandes, nuestros paquetes EPM garantizan que los vendedores nunca se pierdan un cambio de precio de la competencia y que su repricing sea tan r\u00e1pido como sea necesario, cuando sea necesario.<\/span><\/p>\n\t\t\t\t\t\t\t\t<\/div>\n\t\t\t\t<\/div>\n\t\t\t\t\t<\/div>\n\t\t<\/div>\n\t\t\t\t\t<\/div>\n\t\t<\/section>\n\t\t\t\t<section class=\"elementor-section elementor-top-section elementor-element elementor-element-16e6a7f elementor-section-boxed elementor-section-height-default elementor-section-height-default\" data-id=\"16e6a7f\" data-element_type=\"section\" data-e-type=\"section\">\n\t\t\t\t\t\t<div class=\"elementor-container elementor-column-gap-default\">\n\t\t\t\t\t<div class=\"elementor-column elementor-col-100 elementor-top-column elementor-element elementor-element-069b138\" data-id=\"069b138\" data-element_type=\"column\" data-e-type=\"column\">\n\t\t\t<div class=\"elementor-widget-wrap elementor-element-populated\">\n\t\t\t\t\t\t<div class=\"elementor-element elementor-element-ca3c542 elementor-widget elementor-widget-html\" data-id=\"ca3c542\" data-element_type=\"widget\" data-e-type=\"widget\" data-widget_type=\"html.default\">\n\t\t\t\t<div class=\"elementor-widget-container\">\n\t\t\t\t\t<aside id=\"custom_html-8\" class=\"widget_text widget_custom_html amr_widget \"><div class=\"textwidget custom-html-widget\"><div>\r\n\t\r\n\t<a href=\"https:\/\/dashboard.repricer.com\/register\/do\/repricer\"><img decoding=\"async\" class=\"aligncenter wp-image-3001 size-large\" src=\"\/wp-content\/uploads\/2022\/01\/repricer-free-trial-1024x440-1.png\" alt=\"Repricer free trial\" width=\"1024\" height=\"440\" \/><\/a>\r\n\t\r\n\t<\/div><\/div><\/aside>\t\t\t\t<\/div>\n\t\t\t\t<\/div>\n\t\t\t\t\t<\/div>\n\t\t<\/div>\n\t\t\t\t\t<\/div>\n\t\t<\/section>\n\t\t\t\t<\/div>\n\t\t","protected":false},"excerpt":{"rendered":"<p>Gire el dial al 11 Probablemente nos estemos haciendo mayores con esta referencia, pero en Repricer s\u00ed que subimos la potencia&#8230; a 11. Repricer est\u00e1 alojado en servicios en la nube de Amazon &#8211; lo m\u00e1s cerca posible de las notificaciones de precios de Amazon, lo que nos permite reaccionar a los cambios de precios [&hellip;]<\/p>\n","protected":false},"author":34,"featured_media":7422,"parent":0,"menu_order":0,"comment_status":"closed","ping_status":"closed","template":"","meta":{"inline_featured_image":false,"footnotes":""},"class_list":["post-12964","page","type-page","status-publish","has-post-thumbnail","hentry"],"yoast_head":"<!-- This site is optimized with the Yoast SEO Premium plugin v27.4 (Yoast SEO v27.4) - https:\/\/yoast.com\/product\/yoast-seo-premium-wordpress\/ -->\n<title>Gire el dial al 11 - The Fastest Amazon Repricer | Repricer.com<\/title>\n<meta name=\"description\" content=\"Ha llegado el momento de subir el list\u00f3n de la revalorizaci\u00f3n. Con nuestra arquitectura de retarificaci\u00f3n superr\u00e1pida y los potenciadores de EPM, \u00a1podr\u00e1 retarificar a otra escala!\" \/>\n<meta name=\"robots\" content=\"index, follow, max-snippet:-1, max-image-preview:large, max-video-preview:-1\" \/>\n<link rel=\"canonical\" href=\"https:\/\/www.repricer.com\/es\/girar-el-dial-a-11\/\" \/>\n<meta property=\"og:locale\" content=\"es_ES\" \/>\n<meta property=\"og:type\" content=\"article\" \/>\n<meta property=\"og:title\" content=\"Gire el dial al 11\" \/>\n<meta property=\"og:description\" content=\"Ha llegado el momento de subir el list\u00f3n de la revalorizaci\u00f3n. Con nuestra arquitectura de retarificaci\u00f3n superr\u00e1pida y los potenciadores de EPM, \u00a1podr\u00e1 retarificar a otra escala!\" \/>\n<meta property=\"og:url\" content=\"https:\/\/www.repricer.com\/es\/girar-el-dial-a-11\/\" \/>\n<meta property=\"og:site_name\" content=\"The Fastest Amazon Repricer | Repricer.com\" \/>\n<meta property=\"article:publisher\" content=\"https:\/\/www.facebook.com\/repricer\" \/>\n<meta property=\"article:modified_time\" content=\"2023-05-22T13:38:45+00:00\" \/>\n<meta property=\"og:image\" content=\"https:\/\/www.repricer.com\/wp-content\/uploads\/2022\/07\/Repricer-logo-.png\" \/>\n\t<meta property=\"og:image:width\" content=\"1080\" \/>\n\t<meta property=\"og:image:height\" content=\"1080\" \/>\n\t<meta property=\"og:image:type\" content=\"image\/png\" \/>\n<meta name=\"twitter:card\" content=\"summary_large_image\" \/>\n<meta name=\"twitter:site\" content=\"@repricer\" \/>\n<meta name=\"twitter:label1\" content=\"Tiempo de lectura\" \/>\n\t<meta name=\"twitter:data1\" content=\"1 minuto\" \/>\n<script type=\"application\/ld+json\" class=\"yoast-schema-graph\">{\"@context\":\"https:\\\/\\\/schema.org\",\"@graph\":[{\"@type\":\"WebPage\",\"@id\":\"https:\\\/\\\/www.repricer.com\\\/es\\\/girar-el-dial-a-11\\\/\",\"url\":\"https:\\\/\\\/www.repricer.com\\\/es\\\/girar-el-dial-a-11\\\/\",\"name\":\"Gire el dial al 11 - The Fastest Amazon Repricer | Repricer.com\",\"isPartOf\":{\"@id\":\"https:\\\/\\\/www.repricer.com\\\/es\\\/#website\"},\"primaryImageOfPage\":{\"@id\":\"https:\\\/\\\/www.repricer.com\\\/es\\\/girar-el-dial-a-11\\\/#primaryimage\"},\"image\":{\"@id\":\"https:\\\/\\\/www.repricer.com\\\/es\\\/girar-el-dial-a-11\\\/#primaryimage\"},\"thumbnailUrl\":\"https:\\\/\\\/www.repricer.com\\\/wp-content\\\/uploads\\\/2022\\\/07\\\/Repricer-logo-.png\",\"datePublished\":\"2022-11-10T17:17:39+00:00\",\"dateModified\":\"2023-05-22T13:38:45+00:00\",\"description\":\"Ha llegado el momento de subir el list\u00f3n de la revalorizaci\u00f3n. Con nuestra arquitectura de retarificaci\u00f3n superr\u00e1pida y los potenciadores de EPM, \u00a1podr\u00e1 retarificar a otra escala!\",\"breadcrumb\":{\"@id\":\"https:\\\/\\\/www.repricer.com\\\/es\\\/girar-el-dial-a-11\\\/#breadcrumb\"},\"inLanguage\":\"es\",\"potentialAction\":[{\"@type\":\"ReadAction\",\"target\":[\"https:\\\/\\\/www.repricer.com\\\/es\\\/girar-el-dial-a-11\\\/\"]}]},{\"@type\":\"ImageObject\",\"inLanguage\":\"es\",\"@id\":\"https:\\\/\\\/www.repricer.com\\\/es\\\/girar-el-dial-a-11\\\/#primaryimage\",\"url\":\"https:\\\/\\\/www.repricer.com\\\/wp-content\\\/uploads\\\/2022\\\/07\\\/Repricer-logo-.png\",\"contentUrl\":\"https:\\\/\\\/www.repricer.com\\\/wp-content\\\/uploads\\\/2022\\\/07\\\/Repricer-logo-.png\",\"width\":1080,\"height\":1080,\"caption\":\"Logotipo de Repricer\"},{\"@type\":\"BreadcrumbList\",\"@id\":\"https:\\\/\\\/www.repricer.com\\\/es\\\/girar-el-dial-a-11\\\/#breadcrumb\",\"itemListElement\":[{\"@type\":\"ListItem\",\"position\":1,\"name\":\"Home\",\"item\":\"https:\\\/\\\/www.repricer.com\\\/es\\\/casa-2\\\/\"},{\"@type\":\"ListItem\",\"position\":2,\"name\":\"Gire el dial al 11\"}]},{\"@type\":\"WebSite\",\"@id\":\"https:\\\/\\\/www.repricer.com\\\/es\\\/#website\",\"url\":\"https:\\\/\\\/www.repricer.com\\\/es\\\/\",\"name\":\"The Fastest Amazon Repricer | Repricer.com\",\"description\":\"Haga de Repricer.com su centro de precios \u00fanico conectando todos sus canales de venta, incluyendo Amazon, eBay, Walmart, Shopify y m\u00e1s.\",\"publisher\":{\"@id\":\"https:\\\/\\\/www.repricer.com\\\/es\\\/#organization\"},\"potentialAction\":[{\"@type\":\"SearchAction\",\"target\":{\"@type\":\"EntryPoint\",\"urlTemplate\":\"https:\\\/\\\/www.repricer.com\\\/es\\\/?s={search_term_string}\"},\"query-input\":{\"@type\":\"PropertyValueSpecification\",\"valueRequired\":true,\"valueName\":\"search_term_string\"}}],\"inLanguage\":\"es\"},{\"@type\":\"Organization\",\"@id\":\"https:\\\/\\\/www.repricer.com\\\/es\\\/#organization\",\"name\":\"Repricer.com\",\"url\":\"https:\\\/\\\/www.repricer.com\\\/es\\\/\",\"logo\":{\"@type\":\"ImageObject\",\"inLanguage\":\"es\",\"@id\":\"https:\\\/\\\/www.repricer.com\\\/es\\\/#\\\/schema\\\/logo\\\/image\\\/\",\"url\":\"https:\\\/\\\/www.repricer.com\\\/wp-content\\\/uploads\\\/2022\\\/01\\\/updated-repricer-logo-black.png\",\"contentUrl\":\"https:\\\/\\\/www.repricer.com\\\/wp-content\\\/uploads\\\/2022\\\/01\\\/updated-repricer-logo-black.png\",\"width\":481,\"height\":83,\"caption\":\"Repricer.com\"},\"image\":{\"@id\":\"https:\\\/\\\/www.repricer.com\\\/es\\\/#\\\/schema\\\/logo\\\/image\\\/\"},\"sameAs\":[\"https:\\\/\\\/www.facebook.com\\\/repricer\",\"https:\\\/\\\/x.com\\\/repricer\",\"https:\\\/\\\/www.instagram.com\\\/repricer\\\/\",\"https:\\\/\\\/www.youtube.com\\\/channel\\\/UC_pT73zbB2TIA-jS12y93fA\"]}]}<\/script>\n<!-- \/ Yoast SEO Premium plugin. -->","yoast_head_json":{"title":"Gire el dial al 11 - The Fastest Amazon Repricer | Repricer.com","description":"Ha llegado el momento de subir el list\u00f3n de la revalorizaci\u00f3n. Con nuestra arquitectura de retarificaci\u00f3n superr\u00e1pida y los potenciadores de EPM, \u00a1podr\u00e1 retarificar a otra escala!","robots":{"index":"index","follow":"follow","max-snippet":"max-snippet:-1","max-image-preview":"max-image-preview:large","max-video-preview":"max-video-preview:-1"},"canonical":"https:\/\/www.repricer.com\/es\/girar-el-dial-a-11\/","og_locale":"es_ES","og_type":"article","og_title":"Gire el dial al 11","og_description":"Ha llegado el momento de subir el list\u00f3n de la revalorizaci\u00f3n. Con nuestra arquitectura de retarificaci\u00f3n superr\u00e1pida y los potenciadores de EPM, \u00a1podr\u00e1 retarificar a otra escala!","og_url":"https:\/\/www.repricer.com\/es\/girar-el-dial-a-11\/","og_site_name":"The Fastest Amazon Repricer | Repricer.com","article_publisher":"https:\/\/www.facebook.com\/repricer","article_modified_time":"2023-05-22T13:38:45+00:00","og_image":[{"width":1080,"height":1080,"url":"https:\/\/www.repricer.com\/wp-content\/uploads\/2022\/07\/Repricer-logo-.png","type":"image\/png"}],"twitter_card":"summary_large_image","twitter_site":"@repricer","twitter_misc":{"Tiempo de lectura":"1 minuto"},"schema":{"@context":"https:\/\/schema.org","@graph":[{"@type":"WebPage","@id":"https:\/\/www.repricer.com\/es\/girar-el-dial-a-11\/","url":"https:\/\/www.repricer.com\/es\/girar-el-dial-a-11\/","name":"Gire el dial al 11 - The Fastest Amazon Repricer | Repricer.com","isPartOf":{"@id":"https:\/\/www.repricer.com\/es\/#website"},"primaryImageOfPage":{"@id":"https:\/\/www.repricer.com\/es\/girar-el-dial-a-11\/#primaryimage"},"image":{"@id":"https:\/\/www.repricer.com\/es\/girar-el-dial-a-11\/#primaryimage"},"thumbnailUrl":"https:\/\/www.repricer.com\/wp-content\/uploads\/2022\/07\/Repricer-logo-.png","datePublished":"2022-11-10T17:17:39+00:00","dateModified":"2023-05-22T13:38:45+00:00","description":"Ha llegado el momento de subir el list\u00f3n de la revalorizaci\u00f3n. Con nuestra arquitectura de retarificaci\u00f3n superr\u00e1pida y los potenciadores de EPM, \u00a1podr\u00e1 retarificar a otra escala!","breadcrumb":{"@id":"https:\/\/www.repricer.com\/es\/girar-el-dial-a-11\/#breadcrumb"},"inLanguage":"es","potentialAction":[{"@type":"ReadAction","target":["https:\/\/www.repricer.com\/es\/girar-el-dial-a-11\/"]}]},{"@type":"ImageObject","inLanguage":"es","@id":"https:\/\/www.repricer.com\/es\/girar-el-dial-a-11\/#primaryimage","url":"https:\/\/www.repricer.com\/wp-content\/uploads\/2022\/07\/Repricer-logo-.png","contentUrl":"https:\/\/www.repricer.com\/wp-content\/uploads\/2022\/07\/Repricer-logo-.png","width":1080,"height":1080,"caption":"Logotipo de Repricer"},{"@type":"BreadcrumbList","@id":"https:\/\/www.repricer.com\/es\/girar-el-dial-a-11\/#breadcrumb","itemListElement":[{"@type":"ListItem","position":1,"name":"Home","item":"https:\/\/www.repricer.com\/es\/casa-2\/"},{"@type":"ListItem","position":2,"name":"Gire el dial al 11"}]},{"@type":"WebSite","@id":"https:\/\/www.repricer.com\/es\/#website","url":"https:\/\/www.repricer.com\/es\/","name":"The Fastest Amazon Repricer | Repricer.com","description":"Haga de Repricer.com su centro de precios \u00fanico conectando todos sus canales de venta, incluyendo Amazon, eBay, Walmart, Shopify y m\u00e1s.","publisher":{"@id":"https:\/\/www.repricer.com\/es\/#organization"},"potentialAction":[{"@type":"SearchAction","target":{"@type":"EntryPoint","urlTemplate":"https:\/\/www.repricer.com\/es\/?s={search_term_string}"},"query-input":{"@type":"PropertyValueSpecification","valueRequired":true,"valueName":"search_term_string"}}],"inLanguage":"es"},{"@type":"Organization","@id":"https:\/\/www.repricer.com\/es\/#organization","name":"Repricer.com","url":"https:\/\/www.repricer.com\/es\/","logo":{"@type":"ImageObject","inLanguage":"es","@id":"https:\/\/www.repricer.com\/es\/#\/schema\/logo\/image\/","url":"https:\/\/www.repricer.com\/wp-content\/uploads\/2022\/01\/updated-repricer-logo-black.png","contentUrl":"https:\/\/www.repricer.com\/wp-content\/uploads\/2022\/01\/updated-repricer-logo-black.png","width":481,"height":83,"caption":"Repricer.com"},"image":{"@id":"https:\/\/www.repricer.com\/es\/#\/schema\/logo\/image\/"},"sameAs":["https:\/\/www.facebook.com\/repricer","https:\/\/x.com\/repricer","https:\/\/www.instagram.com\/repricer\/","https:\/\/www.youtube.com\/channel\/UC_pT73zbB2TIA-jS12y93fA"]}]}},"_links":{"self":[{"href":"https:\/\/www.repricer.com\/es\/wp-json\/wp\/v2\/pages\/12964","targetHints":{"allow":["GET"]}}],"collection":[{"href":"https:\/\/www.repricer.com\/es\/wp-json\/wp\/v2\/pages"}],"about":[{"href":"https:\/\/www.repricer.com\/es\/wp-json\/wp\/v2\/types\/page"}],"author":[{"embeddable":true,"href":"https:\/\/www.repricer.com\/es\/wp-json\/wp\/v2\/users\/34"}],"replies":[{"embeddable":true,"href":"https:\/\/www.repricer.com\/es\/wp-json\/wp\/v2\/comments?post=12964"}],"version-history":[{"count":0,"href":"https:\/\/www.repricer.com\/es\/wp-json\/wp\/v2\/pages\/12964\/revisions"}],"wp:featuredmedia":[{"embeddable":true,"href":"https:\/\/www.repricer.com\/es\/wp-json\/wp\/v2\/media\/7422"}],"wp:attachment":[{"href":"https:\/\/www.repricer.com\/es\/wp-json\/wp\/v2\/media?parent=12964"}],"curies":[{"name":"wp","href":"https:\/\/api.w.org\/{rel}","templated":true}]}}