{"id":26181,"date":"2024-11-19T15:57:37","date_gmt":"2024-11-19T15:57:37","guid":{"rendered":"https:\/\/repricer.kinsta.cloud\/historia-de-exito\/relato-de-un-cliente-de-repricer-com-forde-baker\/"},"modified":"2024-12-20T10:58:12","modified_gmt":"2024-12-20T10:58:12","slug":"relato-de-un-cliente-de-repricer-com-forde-baker","status":"publish","type":"page","link":"https:\/\/www.repricer.com\/es\/historia-de-exito\/relato-de-un-cliente-de-repricer-com-forde-baker\/","title":{"rendered":"Relato de un cliente de Repricer.com &#8211; Forde Baker"},"content":{"rendered":"\t\t<div data-elementor-type=\"wp-page\" data-elementor-id=\"26181\" class=\"elementor elementor-26181 elementor-25883\" data-elementor-post-type=\"page\">\n\t\t\t\t<div class=\"elementor-element elementor-element-93b0aad e-flex e-con-boxed e-con e-parent\" data-id=\"93b0aad\" data-element_type=\"container\" data-e-type=\"container\">\n\t\t\t\t\t<div class=\"e-con-inner\">\n\t\t<div class=\"elementor-element elementor-element-67eae65 e-flex e-con-boxed e-con e-child\" data-id=\"67eae65\" data-element_type=\"container\" data-e-type=\"container\" data-settings=\"{&quot;background_background&quot;:&quot;classic&quot;}\">\n\t\t\t\t\t<div class=\"e-con-inner\">\n\t\t<div class=\"elementor-element elementor-element-43ffee4 e-con-full e-flex e-con e-child\" data-id=\"43ffee4\" data-element_type=\"container\" data-e-type=\"container\">\n\t\t\t\t<div class=\"elementor-element elementor-element-3b2f563 elementor-widget elementor-widget-heading\" data-id=\"3b2f563\" data-element_type=\"widget\" data-e-type=\"widget\" data-widget_type=\"heading.default\">\n\t\t\t\t<div class=\"elementor-widget-container\">\n\t\t\t\t\t<h1 class=\"elementor-heading-title elementor-size-default\">C\u00f3mo FordeBaker aument\u00f3 la tasa de ganancias de la Caja de la Compra del 25% al 90%  <\/h1>\t\t\t\t<\/div>\n\t\t\t\t<\/div>\n\t\t\t\t<div class=\"elementor-element elementor-element-1d2234c elementor-widget elementor-widget-spacer\" data-id=\"1d2234c\" data-element_type=\"widget\" data-e-type=\"widget\" data-widget_type=\"spacer.default\">\n\t\t\t\t<div class=\"elementor-widget-container\">\n\t\t\t\t\t\t\t<div class=\"elementor-spacer\">\n\t\t\t<div class=\"elementor-spacer-inner\"><\/div>\n\t\t<\/div>\n\t\t\t\t\t\t<\/div>\n\t\t\t\t<\/div>\n\t\t\t\t<div class=\"elementor-element elementor-element-68c7b69 elementor-widget elementor-widget-text-editor\" data-id=\"68c7b69\" data-element_type=\"widget\" data-e-type=\"widget\" data-widget_type=\"text-editor.default\">\n\t\t\t\t<div class=\"elementor-widget-container\">\n\t\t\t\t\t\t\t\t\t<p>Tom Baker, Director General de FordeBaker<\/p>\n\t\t\t\t\t\t\t\t<\/div>\n\t\t\t\t<\/div>\n\t\t\t\t<div class=\"elementor-element elementor-element-f94a0fb elementor-mobile-align-center elementor-widget elementor-widget-button\" data-id=\"f94a0fb\" data-element_type=\"widget\" data-e-type=\"widget\" data-widget_type=\"button.default\">\n\t\t\t\t<div class=\"elementor-widget-container\">\n\t\t\t\t\t\t\t\t\t<div class=\"elementor-button-wrapper\">\n\t\t\t\t\t<a class=\"elementor-button elementor-button-link elementor-size-xl\" href=\"https:\/\/www.repricer.com\/es\/libro-demo\/\" data-button=\"trial_cta\">\n\t\t\t\t\t\t<span class=\"elementor-button-content-wrapper\">\n\t\t\t\t\t\t\t\t\t<span class=\"elementor-button-text\">Reserva tu demostraci\u00f3n gratuita<\/span>\n\t\t\t\t\t<\/span>\n\t\t\t\t\t<\/a>\n\t\t\t\t<\/div>\n\t\t\t\t\t\t\t\t<\/div>\n\t\t\t\t<\/div>\n\t\t\t\t<\/div>\n\t\t<div class=\"elementor-element elementor-element-8e1f103 e-con-full e-flex e-con e-child\" data-id=\"8e1f103\" data-element_type=\"container\" data-e-type=\"container\">\n\t\t\t\t<div class=\"elementor-element elementor-element-cd454ef elementor-widget-mobile__width-inherit elementor-widget elementor-widget-html\" data-id=\"cd454ef\" data-element_type=\"widget\" data-e-type=\"widget\" data-widget_type=\"html.default\">\n\t\t\t\t<div class=\"elementor-widget-container\">\n\t\t\t\t\t<script src=\"https:\/\/fast.wistia.com\/embed\/medias\/drvo15ksex.jsonp\" async=\"\"><\/script><script src=\"https:\/\/fast.wistia.com\/assets\/external\/E-v1.js\" async=\"\"><\/script><div class=\"wistia_responsive_padding\" style=\"padding:56.25% 0 0 0;position:relative;\"><div class=\"wistia_responsive_wrapper\" style=\"height:100%;left:0;position:absolute;top:0;width:100%;\"><div class=\"wistia_embed wistia_async_drvo15ksex seo=true videoFoam=true\" style=\"height:100%;position:relative;width:100%\"><div class=\"wistia_swatch\" style=\"height:100%;left:0;opacity:0;overflow:hidden;position:absolute;top:0;transition:opacity 200ms;width:100%;\"><img decoding=\"async\" src=\"https:\/\/fast.wistia.com\/embed\/medias\/drvo15ksex\/swatch\" style=\"filter:blur(5px);height:100%;object-fit:contain;width:100%;\" alt=\"\" aria-hidden=\"true\" onload=\"this.parentNode.style.opacity=1;\"><\/div><\/div><\/div><\/div>\t\t\t\t<\/div>\n\t\t\t\t<\/div>\n\t\t\t\t<\/div>\n\t\t\t\t\t<\/div>\n\t\t\t\t<\/div>\n\t\t\t\t\t<\/div>\n\t\t\t\t<\/div>\n\t\t\t\t<section class=\"elementor-section elementor-top-section elementor-element elementor-element-23ae5d8 elementor-section-boxed elementor-section-height-default elementor-section-height-default\" data-id=\"23ae5d8\" data-element_type=\"section\" data-e-type=\"section\">\n\t\t\t\t\t\t<div class=\"elementor-container elementor-column-gap-default\">\n\t\t\t\t\t<div class=\"elementor-column elementor-col-50 elementor-top-column elementor-element elementor-element-ee2df04\" data-id=\"ee2df04\" data-element_type=\"column\" data-e-type=\"column\">\n\t\t\t<div class=\"elementor-widget-wrap elementor-element-populated\">\n\t\t\t\t\t\t<div class=\"elementor-element elementor-element-6c7f1b9 elementor-widget elementor-widget-heading\" data-id=\"6c7f1b9\" data-element_type=\"widget\" data-e-type=\"widget\" data-widget_type=\"heading.default\">\n\t\t\t\t<div class=\"elementor-widget-container\">\n\t\t\t\t\t<h2 class=\"elementor-heading-title elementor-size-default\">Acerca de FordeBaker<\/h2>\t\t\t\t<\/div>\n\t\t\t\t<\/div>\n\t\t\t\t<div class=\"elementor-element elementor-element-14a08f5 elementor-widget__width-initial elementor-widget elementor-widget-text-editor\" data-id=\"14a08f5\" data-element_type=\"widget\" data-e-type=\"widget\" data-widget_type=\"text-editor.default\">\n\t\t\t\t<div class=\"elementor-widget-container\">\n\t\t\t\t\t\t\t\t\t<p>FordeBaker es una agencia de mercado global especializada en convertir marcas en superventas en plataformas como Amazon, Walmart y TikTok Shop. Dirigidos por el director general Tom Baker, se encargan de todo, desde el marketing hasta las operaciones, centr\u00e1ndose en impulsar el crecimiento mediante la gesti\u00f3n estrat\u00e9gica del mercado. <\/p>\n\t\t\t\t\t\t\t\t<\/div>\n\t\t\t\t<\/div>\n\t\t\t\t\t<\/div>\n\t\t<\/div>\n\t\t\t\t<div class=\"elementor-column elementor-col-50 elementor-top-column elementor-element elementor-element-d837025\" data-id=\"d837025\" data-element_type=\"column\" data-e-type=\"column\">\n\t\t\t<div class=\"elementor-widget-wrap elementor-element-populated\">\n\t\t\t\t\t\t<div class=\"elementor-element elementor-element-df530fc elementor-widget__width-initial elementor-widget elementor-widget-image\" data-id=\"df530fc\" data-element_type=\"widget\" data-e-type=\"widget\" data-widget_type=\"image.default\">\n\t\t\t\t<div class=\"elementor-widget-container\">\n\t\t\t\t\t\t\t\t\t\t\t\t\t\t\t<img decoding=\"async\" width=\"236\" height=\"136\" src=\"https:\/\/www.repricer.com\/wp-content\/uploads\/2024\/11\/FordeBaker-Logos-Black.png.webp\" class=\"attachment-full size-full wp-image-26027\" alt=\"Forde Baker\" \/>\t\t\t\t\t\t\t\t\t\t\t\t\t\t\t<\/div>\n\t\t\t\t<\/div>\n\t\t\t\t\t<\/div>\n\t\t<\/div>\n\t\t\t\t\t<\/div>\n\t\t<\/section>\n\t\t\t\t<section class=\"elementor-section elementor-top-section elementor-element elementor-element-9e02ee0 elementor-section-boxed elementor-section-height-default elementor-section-height-default\" data-id=\"9e02ee0\" data-element_type=\"section\" data-e-type=\"section\">\n\t\t\t\t\t\t<div class=\"elementor-container elementor-column-gap-default\">\n\t\t\t\t\t<div class=\"elementor-column elementor-col-100 elementor-top-column elementor-element elementor-element-de429fa\" data-id=\"de429fa\" data-element_type=\"column\" data-e-type=\"column\">\n\t\t\t<div class=\"elementor-widget-wrap elementor-element-populated\">\n\t\t\t\t\t\t<div class=\"elementor-element elementor-element-a84cab2 elementor-widget elementor-widget-heading\" data-id=\"a84cab2\" data-element_type=\"widget\" data-e-type=\"widget\" data-widget_type=\"heading.default\">\n\t\t\t\t<div class=\"elementor-widget-container\">\n\t\t\t\t\t<h3 class=\"elementor-heading-title elementor-size-default\">\"Repricer.com cambi\u00f3 las reglas del juego para nuestros clientes. <br> Nos permiti\u00f3 adaptarnos r\u00e1pidamente, gestionar eficazmente a los revendedores y lograr un crecimiento incre\u00edble.\" - Tom Baker, Director General de FordeBaker<\/h3>\t\t\t\t<\/div>\n\t\t\t\t<\/div>\n\t\t\t\t\t<\/div>\n\t\t<\/div>\n\t\t\t\t\t<\/div>\n\t\t<\/section>\n\t\t\t\t<section class=\"elementor-section elementor-top-section elementor-element elementor-element-72ce872 elementor-section-boxed elementor-section-height-default elementor-section-height-default\" data-id=\"72ce872\" data-element_type=\"section\" data-e-type=\"section\">\n\t\t\t\t\t\t<div class=\"elementor-container elementor-column-gap-default\">\n\t\t\t\t\t<div class=\"elementor-column elementor-col-100 elementor-top-column elementor-element elementor-element-45c749f\" data-id=\"45c749f\" data-element_type=\"column\" data-e-type=\"column\">\n\t\t\t<div class=\"elementor-widget-wrap elementor-element-populated\">\n\t\t\t\t<div class=\"elementor-element elementor-element-e759704 e-con-full e-flex e-con e-parent\" data-id=\"e759704\" data-element_type=\"container\" data-e-type=\"container\">\n\t\t\t\t<div class=\"elementor-element elementor-element-b92bf0e elementor-widget elementor-widget-heading\" data-id=\"b92bf0e\" data-element_type=\"widget\" data-e-type=\"widget\" data-widget_type=\"heading.default\">\n\t\t\t\t<div class=\"elementor-widget-container\">\n\t\t\t\t\t<h2 class=\"elementor-heading-title elementor-size-default\">El desaf\u00edo<\/h2>\t\t\t\t<\/div>\n\t\t\t\t<\/div>\n\t\t\t\t<div class=\"elementor-element elementor-element-cff3444 elementor-widget elementor-widget-text-editor\" data-id=\"cff3444\" data-element_type=\"widget\" data-e-type=\"widget\" data-widget_type=\"text-editor.default\">\n\t\t\t\t<div class=\"elementor-widget-container\">\n\t\t\t\t\t\t\t\t\t<p>Las herramientas tradicionales de fijaci\u00f3n de precios no ofrec\u00edan la velocidad, la fiabilidad ni los controles avanzados que necesitaban. FordeBaker necesitaba una soluci\u00f3n potente para: <\/p>\n<ul>\n<li><strong>Ganar la batalla de la Buy Box:<\/strong> Aumentar las tasas de \u00e9xito de la Caja de la Compra de sus clientes.<\/li>\n<li><strong>Control de precios para revendedores:<\/strong> Controla los precios de los revendedores para mantener la rentabilidad.<\/li>\n<li data-stringify-indent=\"0\" data-stringify-border=\"0\"><strong>Adel\u00e1ntate a la competencia:<\/strong> Ad\u00e1ptate r\u00e1pidamente a la competencia del mercado de Amazon y Walmart.<\/li>\n<\/ul>\n\t\t\t\t\t\t\t\t<\/div>\n\t\t\t\t<\/div>\n\t\t\t\t<\/div>\n\t\t<div class=\"elementor-element elementor-element-37de88d e-flex e-con-boxed e-con e-parent\" data-id=\"37de88d\" data-element_type=\"container\" data-e-type=\"container\">\n\t\t\t\t\t<div class=\"e-con-inner\">\n\t\t\t\t<div class=\"elementor-element elementor-element-b71986a elementor-widget elementor-widget-heading\" data-id=\"b71986a\" data-element_type=\"widget\" data-e-type=\"widget\" data-widget_type=\"heading.default\">\n\t\t\t\t<div class=\"elementor-widget-container\">\n\t\t\t\t\t<h2 class=\"elementor-heading-title elementor-size-default\">La soluci\u00f3n<\/h2>\t\t\t\t<\/div>\n\t\t\t\t<\/div>\n\t\t\t\t<div class=\"elementor-element elementor-element-216f0ec elementor-widget__width-initial elementor-widget elementor-widget-text-editor\" data-id=\"216f0ec\" data-element_type=\"widget\" data-e-type=\"widget\" data-widget_type=\"text-editor.default\">\n\t\t\t\t<div class=\"elementor-widget-container\">\n\t\t\t\t\t\t\t\t\t<p>Proporcionado por Repricer.com:<\/p>\n<ul>\n<li><strong>Velocidad y fiabilidad inigualables:<\/strong> Reprecios automatizados que se actualizan en tiempo real.<\/li>\n<li><strong>Reglas avanzadas de fijaci\u00f3n de precios:<\/strong> Control total sobre las estrategias de precios de cada producto.<\/li>\n<li><strong>Gesti\u00f3n de Revendedores:<\/strong> Herramientas para estabilizar los precios y recuperar el control cuando sea necesario.<\/li>\n<\/ul>\n\t\t\t\t\t\t\t\t<\/div>\n\t\t\t\t<\/div>\n\t\t\t\t<div class=\"elementor-element elementor-element-dd3c4ad elementor-widget elementor-widget-heading\" data-id=\"dd3c4ad\" data-element_type=\"widget\" data-e-type=\"widget\" data-widget_type=\"heading.default\">\n\t\t\t\t<div class=\"elementor-widget-container\">\n\t\t\t\t\t<h2 class=\"elementor-heading-title elementor-size-default\">Resultados<\/h2>\t\t\t\t<\/div>\n\t\t\t\t<\/div>\n\t\t\t\t<div class=\"elementor-element elementor-element-391a24f elementor-widget__width-initial elementor-widget elementor-widget-text-editor\" data-id=\"391a24f\" data-element_type=\"widget\" data-e-type=\"widget\" data-widget_type=\"text-editor.default\">\n\t\t\t\t<div class=\"elementor-widget-container\">\n\t\t\t\t\t\t\t\t\t<ul>\n<li><strong>\u00c9xito de la Buy Box:<\/strong> Aumento de la tasa de ganancias de la Buy Box del 25% a m\u00e1s del 90% en s\u00f3lo 6 semanas.<\/li>\n<li><strong>Crecimiento de los ingresos:<\/strong> Ayud\u00f3 a los clientes de FordeBaker a aumentar sus ventas anuales por encima del mill\u00f3n de libras.<\/li>\n<li><strong>Integraciones sin esfuerzo:<\/strong> F\u00e1cil configuraci\u00f3n con una curva de aprendizaje m\u00ednima.<\/li>\n<\/ul>\n\t\t\t\t\t\t\t\t<\/div>\n\t\t\t\t<\/div>\n\t\t\t\t\t<\/div>\n\t\t\t\t<\/div>\n\t\t\t\t<div class=\"elementor-element elementor-element-6e85419 elementor-widget elementor-widget-heading\" data-id=\"6e85419\" data-element_type=\"widget\" data-e-type=\"widget\" data-widget_type=\"heading.default\">\n\t\t\t\t<div class=\"elementor-widget-container\">\n\t\t\t\t\t<h3 class=\"elementor-heading-title elementor-size-default\">\"Repricer.com super\u00f3 nuestras expectativas. Transform\u00f3 nuestro negocio, aumentando significativamente los ingresos y el \u00e9xito de Buy Box\". - Tom Baker, Director General de FordeBaker<\/h3>\t\t\t\t<\/div>\n\t\t\t\t<\/div>\n\t\t\t\t\t<\/div>\n\t\t<\/div>\n\t\t\t\t\t<\/div>\n\t\t<\/section>\n\t\t\t\t<section class=\"elementor-section elementor-top-section elementor-element elementor-element-05ccbc7 elementor-section-boxed elementor-section-height-default elementor-section-height-default\" data-id=\"05ccbc7\" data-element_type=\"section\" data-e-type=\"section\">\n\t\t\t\t\t\t<div class=\"elementor-container elementor-column-gap-default\">\n\t\t\t\t\t<div class=\"elementor-column elementor-col-100 elementor-top-column elementor-element elementor-element-720e963\" data-id=\"720e963\" data-element_type=\"column\" data-e-type=\"column\">\n\t\t\t<div class=\"elementor-widget-wrap\">\n\t\t\t\t\t\t\t<\/div>\n\t\t<\/div>\n\t\t\t\t\t<\/div>\n\t\t<\/section>\n\t\t\t\t<\/div>\n\t\t","protected":false},"excerpt":{"rendered":"<p>C\u00f3mo FordeBaker aument\u00f3 la tasa de ganancias de la Caja de la Compra del 25% al 90% Tom Baker, Director General de FordeBaker Reserva tu demostraci\u00f3n gratuita Acerca de FordeBaker FordeBaker es una agencia de mercado global especializada en convertir marcas en superventas en plataformas como Amazon, Walmart y TikTok Shop. Dirigidos por el director [&hellip;]<\/p>\n","protected":false},"author":46,"featured_media":0,"parent":3734,"menu_order":0,"comment_status":"closed","ping_status":"closed","template":"","meta":{"inline_featured_image":false,"footnotes":""},"class_list":["post-26181","page","type-page","status-publish","hentry"],"yoast_head":"<!-- This site is optimized with the Yoast SEO Premium plugin v27.4 (Yoast SEO v27.5) - https:\/\/yoast.com\/product\/yoast-seo-premium-wordpress\/ -->\n<title>Relato de Forde Baker, cliente destacado de Repricer.com<\/title>\n<meta name=\"description\" content=\"Repricer.com transform\u00f3 nuestro negocio, permiti\u00e9ndonos adaptarnos, gestionar revendedores y crecer r\u00e1pidamente. - Tom Baker, CEO de FordeBaker.\" \/>\n<meta name=\"robots\" content=\"noindex, follow\" \/>\n<meta property=\"og:locale\" content=\"es_ES\" \/>\n<meta property=\"og:type\" content=\"article\" \/>\n<meta property=\"og:title\" content=\"Relato de un cliente de Repricer.com - Forde Baker\" \/>\n<meta property=\"og:description\" content=\"Repricer.com transform\u00f3 nuestro negocio, permiti\u00e9ndonos adaptarnos, gestionar revendedores y crecer r\u00e1pidamente. - Tom Baker, CEO de FordeBaker.\" \/>\n<meta property=\"og:url\" content=\"https:\/\/www.repricer.com\/es\/historia-de-exito\/relato-de-un-cliente-de-repricer-com-forde-baker\/\" \/>\n<meta property=\"og:site_name\" content=\"The Fastest Amazon Repricer | Repricer.com\" \/>\n<meta property=\"article:publisher\" content=\"https:\/\/www.facebook.com\/repricer\" \/>\n<meta property=\"article:modified_time\" content=\"2024-12-20T10:58:12+00:00\" \/>\n<meta property=\"og:image\" content=\"https:\/\/fast.wistia.com\/embed\/medias\/drvo15ksex\/swatch\" \/>\n<meta name=\"twitter:card\" content=\"summary_large_image\" \/>\n<meta name=\"twitter:site\" content=\"@repricer\" \/>\n<meta name=\"twitter:label1\" content=\"Tiempo de lectura\" \/>\n\t<meta name=\"twitter:data1\" content=\"2 minutos\" \/>\n<script type=\"application\/ld+json\" class=\"yoast-schema-graph\">{\"@context\":\"https:\\\/\\\/schema.org\",\"@graph\":[{\"@type\":\"WebPage\",\"@id\":\"https:\\\/\\\/www.repricer.com\\\/es\\\/historia-de-exito\\\/relato-de-un-cliente-de-repricer-com-forde-baker\\\/\",\"url\":\"https:\\\/\\\/www.repricer.com\\\/es\\\/historia-de-exito\\\/relato-de-un-cliente-de-repricer-com-forde-baker\\\/\",\"name\":\"Relato de Forde Baker, cliente destacado de Repricer.com\",\"isPartOf\":{\"@id\":\"https:\\\/\\\/www.repricer.com\\\/es\\\/#website\"},\"primaryImageOfPage\":{\"@id\":\"https:\\\/\\\/www.repricer.com\\\/es\\\/historia-de-exito\\\/relato-de-un-cliente-de-repricer-com-forde-baker\\\/#primaryimage\"},\"image\":{\"@id\":\"https:\\\/\\\/www.repricer.com\\\/es\\\/historia-de-exito\\\/relato-de-un-cliente-de-repricer-com-forde-baker\\\/#primaryimage\"},\"thumbnailUrl\":\"https:\\\/\\\/fast.wistia.com\\\/embed\\\/medias\\\/drvo15ksex\\\/swatch\",\"datePublished\":\"2024-11-19T15:57:37+00:00\",\"dateModified\":\"2024-12-20T10:58:12+00:00\",\"description\":\"Repricer.com transform\u00f3 nuestro negocio, permiti\u00e9ndonos adaptarnos, gestionar revendedores y crecer r\u00e1pidamente. - Tom Baker, CEO de FordeBaker.\",\"breadcrumb\":{\"@id\":\"https:\\\/\\\/www.repricer.com\\\/es\\\/historia-de-exito\\\/relato-de-un-cliente-de-repricer-com-forde-baker\\\/#breadcrumb\"},\"inLanguage\":\"es\",\"potentialAction\":[{\"@type\":\"ReadAction\",\"target\":[\"https:\\\/\\\/www.repricer.com\\\/es\\\/historia-de-exito\\\/relato-de-un-cliente-de-repricer-com-forde-baker\\\/\"]}]},{\"@type\":\"ImageObject\",\"inLanguage\":\"es\",\"@id\":\"https:\\\/\\\/www.repricer.com\\\/es\\\/historia-de-exito\\\/relato-de-un-cliente-de-repricer-com-forde-baker\\\/#primaryimage\",\"url\":\"https:\\\/\\\/fast.wistia.com\\\/embed\\\/medias\\\/drvo15ksex\\\/swatch\",\"contentUrl\":\"https:\\\/\\\/fast.wistia.com\\\/embed\\\/medias\\\/drvo15ksex\\\/swatch\"},{\"@type\":\"BreadcrumbList\",\"@id\":\"https:\\\/\\\/www.repricer.com\\\/es\\\/historia-de-exito\\\/relato-de-un-cliente-de-repricer-com-forde-baker\\\/#breadcrumb\",\"itemListElement\":[{\"@type\":\"ListItem\",\"position\":1,\"name\":\"Home\",\"item\":\"https:\\\/\\\/www.repricer.com\\\/es\\\/casa-2\\\/\"},{\"@type\":\"ListItem\",\"position\":2,\"name\":\"historia de \u00e9xito\",\"item\":\"https:\\\/\\\/www.repricer.com\\\/es\\\/historia-de-exito\\\/\"},{\"@type\":\"ListItem\",\"position\":3,\"name\":\"Relato de un cliente de Repricer.com &#8211; Forde Baker\"}]},{\"@type\":\"WebSite\",\"@id\":\"https:\\\/\\\/www.repricer.com\\\/es\\\/#website\",\"url\":\"https:\\\/\\\/www.repricer.com\\\/es\\\/\",\"name\":\"The Fastest Amazon Repricer | Repricer.com\",\"description\":\"Haga de Repricer.com su centro de precios \u00fanico conectando todos sus canales de venta, incluyendo Amazon, eBay, Walmart, Shopify y m\u00e1s.\",\"publisher\":{\"@id\":\"https:\\\/\\\/www.repricer.com\\\/es\\\/#organization\"},\"potentialAction\":[{\"@type\":\"SearchAction\",\"target\":{\"@type\":\"EntryPoint\",\"urlTemplate\":\"https:\\\/\\\/www.repricer.com\\\/es\\\/?s={search_term_string}\"},\"query-input\":{\"@type\":\"PropertyValueSpecification\",\"valueRequired\":true,\"valueName\":\"search_term_string\"}}],\"inLanguage\":\"es\"},{\"@type\":\"Organization\",\"@id\":\"https:\\\/\\\/www.repricer.com\\\/es\\\/#organization\",\"name\":\"Repricer.com\",\"url\":\"https:\\\/\\\/www.repricer.com\\\/es\\\/\",\"logo\":{\"@type\":\"ImageObject\",\"inLanguage\":\"es\",\"@id\":\"https:\\\/\\\/www.repricer.com\\\/es\\\/#\\\/schema\\\/logo\\\/image\\\/\",\"url\":\"https:\\\/\\\/www.repricer.com\\\/wp-content\\\/uploads\\\/2022\\\/01\\\/updated-repricer-logo-black.png\",\"contentUrl\":\"https:\\\/\\\/www.repricer.com\\\/wp-content\\\/uploads\\\/2022\\\/01\\\/updated-repricer-logo-black.png\",\"width\":481,\"height\":83,\"caption\":\"Repricer.com\"},\"image\":{\"@id\":\"https:\\\/\\\/www.repricer.com\\\/es\\\/#\\\/schema\\\/logo\\\/image\\\/\"},\"sameAs\":[\"https:\\\/\\\/www.facebook.com\\\/repricer\",\"https:\\\/\\\/x.com\\\/repricer\",\"https:\\\/\\\/www.instagram.com\\\/repricer\\\/\",\"https:\\\/\\\/www.youtube.com\\\/channel\\\/UC_pT73zbB2TIA-jS12y93fA\"]}]}<\/script>\n<!-- \/ Yoast SEO Premium plugin. -->","yoast_head_json":{"title":"Relato de Forde Baker, cliente destacado de Repricer.com","description":"Repricer.com transform\u00f3 nuestro negocio, permiti\u00e9ndonos adaptarnos, gestionar revendedores y crecer r\u00e1pidamente. - Tom Baker, CEO de FordeBaker.","robots":{"index":"noindex","follow":"follow"},"og_locale":"es_ES","og_type":"article","og_title":"Relato de un cliente de Repricer.com - Forde Baker","og_description":"Repricer.com transform\u00f3 nuestro negocio, permiti\u00e9ndonos adaptarnos, gestionar revendedores y crecer r\u00e1pidamente. - Tom Baker, CEO de FordeBaker.","og_url":"https:\/\/www.repricer.com\/es\/historia-de-exito\/relato-de-un-cliente-de-repricer-com-forde-baker\/","og_site_name":"The Fastest Amazon Repricer | Repricer.com","article_publisher":"https:\/\/www.facebook.com\/repricer","article_modified_time":"2024-12-20T10:58:12+00:00","og_image":[{"url":"https:\/\/fast.wistia.com\/embed\/medias\/drvo15ksex\/swatch","type":"","width":"","height":""}],"twitter_card":"summary_large_image","twitter_site":"@repricer","twitter_misc":{"Tiempo de lectura":"2 minutos"},"schema":{"@context":"https:\/\/schema.org","@graph":[{"@type":"WebPage","@id":"https:\/\/www.repricer.com\/es\/historia-de-exito\/relato-de-un-cliente-de-repricer-com-forde-baker\/","url":"https:\/\/www.repricer.com\/es\/historia-de-exito\/relato-de-un-cliente-de-repricer-com-forde-baker\/","name":"Relato de Forde Baker, cliente destacado de Repricer.com","isPartOf":{"@id":"https:\/\/www.repricer.com\/es\/#website"},"primaryImageOfPage":{"@id":"https:\/\/www.repricer.com\/es\/historia-de-exito\/relato-de-un-cliente-de-repricer-com-forde-baker\/#primaryimage"},"image":{"@id":"https:\/\/www.repricer.com\/es\/historia-de-exito\/relato-de-un-cliente-de-repricer-com-forde-baker\/#primaryimage"},"thumbnailUrl":"https:\/\/fast.wistia.com\/embed\/medias\/drvo15ksex\/swatch","datePublished":"2024-11-19T15:57:37+00:00","dateModified":"2024-12-20T10:58:12+00:00","description":"Repricer.com transform\u00f3 nuestro negocio, permiti\u00e9ndonos adaptarnos, gestionar revendedores y crecer r\u00e1pidamente. - Tom Baker, CEO de FordeBaker.","breadcrumb":{"@id":"https:\/\/www.repricer.com\/es\/historia-de-exito\/relato-de-un-cliente-de-repricer-com-forde-baker\/#breadcrumb"},"inLanguage":"es","potentialAction":[{"@type":"ReadAction","target":["https:\/\/www.repricer.com\/es\/historia-de-exito\/relato-de-un-cliente-de-repricer-com-forde-baker\/"]}]},{"@type":"ImageObject","inLanguage":"es","@id":"https:\/\/www.repricer.com\/es\/historia-de-exito\/relato-de-un-cliente-de-repricer-com-forde-baker\/#primaryimage","url":"https:\/\/fast.wistia.com\/embed\/medias\/drvo15ksex\/swatch","contentUrl":"https:\/\/fast.wistia.com\/embed\/medias\/drvo15ksex\/swatch"},{"@type":"BreadcrumbList","@id":"https:\/\/www.repricer.com\/es\/historia-de-exito\/relato-de-un-cliente-de-repricer-com-forde-baker\/#breadcrumb","itemListElement":[{"@type":"ListItem","position":1,"name":"Home","item":"https:\/\/www.repricer.com\/es\/casa-2\/"},{"@type":"ListItem","position":2,"name":"historia de \u00e9xito","item":"https:\/\/www.repricer.com\/es\/historia-de-exito\/"},{"@type":"ListItem","position":3,"name":"Relato de un cliente de Repricer.com &#8211; Forde Baker"}]},{"@type":"WebSite","@id":"https:\/\/www.repricer.com\/es\/#website","url":"https:\/\/www.repricer.com\/es\/","name":"The Fastest Amazon Repricer | Repricer.com","description":"Haga de Repricer.com su centro de precios \u00fanico conectando todos sus canales de venta, incluyendo Amazon, eBay, Walmart, Shopify y m\u00e1s.","publisher":{"@id":"https:\/\/www.repricer.com\/es\/#organization"},"potentialAction":[{"@type":"SearchAction","target":{"@type":"EntryPoint","urlTemplate":"https:\/\/www.repricer.com\/es\/?s={search_term_string}"},"query-input":{"@type":"PropertyValueSpecification","valueRequired":true,"valueName":"search_term_string"}}],"inLanguage":"es"},{"@type":"Organization","@id":"https:\/\/www.repricer.com\/es\/#organization","name":"Repricer.com","url":"https:\/\/www.repricer.com\/es\/","logo":{"@type":"ImageObject","inLanguage":"es","@id":"https:\/\/www.repricer.com\/es\/#\/schema\/logo\/image\/","url":"https:\/\/www.repricer.com\/wp-content\/uploads\/2022\/01\/updated-repricer-logo-black.png","contentUrl":"https:\/\/www.repricer.com\/wp-content\/uploads\/2022\/01\/updated-repricer-logo-black.png","width":481,"height":83,"caption":"Repricer.com"},"image":{"@id":"https:\/\/www.repricer.com\/es\/#\/schema\/logo\/image\/"},"sameAs":["https:\/\/www.facebook.com\/repricer","https:\/\/x.com\/repricer","https:\/\/www.instagram.com\/repricer\/","https:\/\/www.youtube.com\/channel\/UC_pT73zbB2TIA-jS12y93fA"]}]}},"_links":{"self":[{"href":"https:\/\/www.repricer.com\/es\/wp-json\/wp\/v2\/pages\/26181","targetHints":{"allow":["GET"]}}],"collection":[{"href":"https:\/\/www.repricer.com\/es\/wp-json\/wp\/v2\/pages"}],"about":[{"href":"https:\/\/www.repricer.com\/es\/wp-json\/wp\/v2\/types\/page"}],"author":[{"embeddable":true,"href":"https:\/\/www.repricer.com\/es\/wp-json\/wp\/v2\/users\/46"}],"replies":[{"embeddable":true,"href":"https:\/\/www.repricer.com\/es\/wp-json\/wp\/v2\/comments?post=26181"}],"version-history":[{"count":0,"href":"https:\/\/www.repricer.com\/es\/wp-json\/wp\/v2\/pages\/26181\/revisions"}],"up":[{"embeddable":true,"href":"https:\/\/www.repricer.com\/es\/wp-json\/wp\/v2\/pages\/3734"}],"wp:attachment":[{"href":"https:\/\/www.repricer.com\/es\/wp-json\/wp\/v2\/media?parent=26181"}],"curies":[{"name":"wp","href":"https:\/\/api.w.org\/{rel}","templated":true}]}}