{"id":3704,"date":"2022-02-21T16:55:23","date_gmt":"2022-02-21T16:55:23","guid":{"rendered":"https:\/\/www2.repricer.com\/investigacion-comunidad\/"},"modified":"2026-01-30T13:07:44","modified_gmt":"2026-01-30T13:07:44","slug":"investigacion-comunidad","status":"publish","type":"page","link":"https:\/\/www.repricer.com\/es\/investigacion-comunidad\/","title":{"rendered":"Comunidad de investigaci\u00f3n"},"content":{"rendered":"\t\t<div data-elementor-type=\"wp-page\" data-elementor-id=\"3704\" class=\"elementor elementor-3704 elementor-3642\" data-elementor-post-type=\"page\">\n\t\t\t\t\t\t<section class=\"elementor-section elementor-top-section elementor-element elementor-element-f2a4518 elementor-section-boxed elementor-section-height-default elementor-section-height-default\" data-id=\"f2a4518\" data-element_type=\"section\" data-e-type=\"section\" data-settings=\"{&quot;background_background&quot;:&quot;classic&quot;}\">\n\t\t\t\t\t\t<div class=\"elementor-container elementor-column-gap-default\">\n\t\t\t\t\t<div class=\"elementor-column elementor-col-50 elementor-top-column elementor-element elementor-element-d141076\" data-id=\"d141076\" data-element_type=\"column\" data-e-type=\"column\">\n\t\t\t<div class=\"elementor-widget-wrap elementor-element-populated\">\n\t\t\t\t\t\t<div class=\"elementor-element elementor-element-e3ff089 elementor-widget elementor-widget-spacer\" data-id=\"e3ff089\" data-element_type=\"widget\" data-e-type=\"widget\" data-widget_type=\"spacer.default\">\n\t\t\t\t<div class=\"elementor-widget-container\">\n\t\t\t\t\t\t\t<div class=\"elementor-spacer\">\n\t\t\t<div class=\"elementor-spacer-inner\"><\/div>\n\t\t<\/div>\n\t\t\t\t\t\t<\/div>\n\t\t\t\t<\/div>\n\t\t\t\t<div class=\"elementor-element elementor-element-681a21d elementor-widget elementor-widget-heading\" data-id=\"681a21d\" data-element_type=\"widget\" data-e-type=\"widget\" data-widget_type=\"heading.default\">\n\t\t\t\t<div class=\"elementor-widget-container\">\n\t\t\t\t\t<h1 class=\"elementor-heading-title elementor-size-default\">Comunidad de investigaci\u00f3n Repricer<\/h1>\t\t\t\t<\/div>\n\t\t\t\t<\/div>\n\t\t\t\t<div class=\"elementor-element elementor-element-8444ce0 elementor-widget elementor-widget-text-editor\" data-id=\"8444ce0\" data-element_type=\"widget\" data-e-type=\"widget\" data-widget_type=\"text-editor.default\">\n\t\t\t\t<div class=\"elementor-widget-container\">\n\t\t\t\t\t\t\t\t\tEstamos aqu\u00ed para crear un producto que facilite su trabajo y haga que su negocio sea m\u00e1s eficaz, pero no podemos hacerlo sin escucharle primero. \u00danase a nuestra comunidad de investigaci\u00f3n para influir en el futuro de Repricer: su voz resonar\u00e1 en las hojas de ruta, los prototipos y, lo que es m\u00e1s importante, en el producto final.\t\t\t\t\t\t\t\t<\/div>\n\t\t\t\t<\/div>\n\t\t\t\t<div class=\"elementor-element elementor-element-63879d3 elementor-widget__width-auto elementor-widget elementor-widget-button\" data-id=\"63879d3\" data-element_type=\"widget\" data-e-type=\"widget\" data-widget_type=\"button.default\">\n\t\t\t\t<div class=\"elementor-widget-container\">\n\t\t\t\t\t\t\t\t\t<div class=\"elementor-button-wrapper\">\n\t\t\t\t\t<a class=\"elementor-button elementor-button-link elementor-size-md\" href=\"https:\/\/offers.repricer.com\/en\/research-community\">\n\t\t\t\t\t\t<span class=\"elementor-button-content-wrapper\">\n\t\t\t\t\t\t\t\t\t<span class=\"elementor-button-text\">\u00danete ahora<\/span>\n\t\t\t\t\t<\/span>\n\t\t\t\t\t<\/a>\n\t\t\t\t<\/div>\n\t\t\t\t\t\t\t\t<\/div>\n\t\t\t\t<\/div>\n\t\t\t\t<div class=\"elementor-element elementor-element-dbce309 elementor-widget elementor-widget-spacer\" data-id=\"dbce309\" data-element_type=\"widget\" data-e-type=\"widget\" data-widget_type=\"spacer.default\">\n\t\t\t\t<div class=\"elementor-widget-container\">\n\t\t\t\t\t\t\t<div class=\"elementor-spacer\">\n\t\t\t<div class=\"elementor-spacer-inner\"><\/div>\n\t\t<\/div>\n\t\t\t\t\t\t<\/div>\n\t\t\t\t<\/div>\n\t\t\t\t\t<\/div>\n\t\t<\/div>\n\t\t\t\t<div class=\"elementor-column elementor-col-50 elementor-top-column elementor-element elementor-element-93bbe0f\" data-id=\"93bbe0f\" data-element_type=\"column\" data-e-type=\"column\">\n\t\t\t<div class=\"elementor-widget-wrap\">\n\t\t\t\t\t\t\t<\/div>\n\t\t<\/div>\n\t\t\t\t\t<\/div>\n\t\t<\/section>\n\t\t\t\t<section class=\"elementor-section elementor-top-section elementor-element elementor-element-e3ccae6 elementor-reverse-tablet elementor-reverse-mobile elementor-section-boxed elementor-section-height-default elementor-section-height-default\" data-id=\"e3ccae6\" data-element_type=\"section\" data-e-type=\"section\">\n\t\t\t\t\t\t<div class=\"elementor-container elementor-column-gap-default\">\n\t\t\t\t\t<div class=\"elementor-column elementor-col-66 elementor-top-column elementor-element elementor-element-3da3554\" data-id=\"3da3554\" data-element_type=\"column\" data-e-type=\"column\">\n\t\t\t<div class=\"elementor-widget-wrap elementor-element-populated\">\n\t\t\t\t\t\t<div class=\"elementor-element elementor-element-9456216 elementor-widget elementor-widget-spacer\" data-id=\"9456216\" data-element_type=\"widget\" data-e-type=\"widget\" data-widget_type=\"spacer.default\">\n\t\t\t\t<div class=\"elementor-widget-container\">\n\t\t\t\t\t\t\t<div class=\"elementor-spacer\">\n\t\t\t<div class=\"elementor-spacer-inner\"><\/div>\n\t\t<\/div>\n\t\t\t\t\t\t<\/div>\n\t\t\t\t<\/div>\n\t\t\t\t<div class=\"elementor-element elementor-element-50d1bb4 elementor-widget elementor-widget-heading\" data-id=\"50d1bb4\" data-element_type=\"widget\" data-e-type=\"widget\" data-widget_type=\"heading.default\">\n\t\t\t\t<div class=\"elementor-widget-container\">\n\t\t\t\t\t<h2 class=\"elementor-heading-title elementor-size-default\">\u00bfPor qu\u00e9 unirse?<\/h2>\t\t\t\t<\/div>\n\t\t\t\t<\/div>\n\t\t\t\t<div class=\"elementor-element elementor-element-f9f2105 elementor-widget elementor-widget-heading\" data-id=\"f9f2105\" data-element_type=\"widget\" data-e-type=\"widget\" data-widget_type=\"heading.default\">\n\t\t\t\t<div class=\"elementor-widget-container\">\n\t\t\t\t\t<h5 class=\"elementor-heading-title elementor-size-default\">Tendr\u00e1 una conexi\u00f3n directa con el equipo de producto y dise\u00f1o de Repricer.<\/h5>\t\t\t\t<\/div>\n\t\t\t\t<\/div>\n\t\t\t\t<div class=\"elementor-element elementor-element-1d2fedc elementor-widget elementor-widget-text-editor\" data-id=\"1d2fedc\" data-element_type=\"widget\" data-e-type=\"widget\" data-widget_type=\"text-editor.default\">\n\t\t\t\t<div class=\"elementor-widget-container\">\n\t\t\t\t\t\t\t\t\t<p>Adem\u00e1s, ser\u00e1s el primero en enterarte de cualquier novedad en Repricer, \u00bfemocionante verdad?<\/p>\t\t\t\t\t\t\t\t<\/div>\n\t\t\t\t<\/div>\n\t\t\t\t<div class=\"elementor-element elementor-element-af42083 elementor-widget elementor-widget-spacer\" data-id=\"af42083\" data-element_type=\"widget\" data-e-type=\"widget\" data-widget_type=\"spacer.default\">\n\t\t\t\t<div class=\"elementor-widget-container\">\n\t\t\t\t\t\t\t<div class=\"elementor-spacer\">\n\t\t\t<div class=\"elementor-spacer-inner\"><\/div>\n\t\t<\/div>\n\t\t\t\t\t\t<\/div>\n\t\t\t\t<\/div>\n\t\t\t\t\t<\/div>\n\t\t<\/div>\n\t\t\t\t<div class=\"elementor-column elementor-col-33 elementor-top-column elementor-element elementor-element-41c210b\" data-id=\"41c210b\" data-element_type=\"column\" data-e-type=\"column\">\n\t\t\t<div class=\"elementor-widget-wrap\">\n\t\t\t\t\t\t\t<\/div>\n\t\t<\/div>\n\t\t\t\t\t<\/div>\n\t\t<\/section>\n\t\t\t\t<section class=\"elementor-section elementor-top-section elementor-element elementor-element-2b7f617 elementor-section-boxed elementor-section-height-default elementor-section-height-default\" data-id=\"2b7f617\" data-element_type=\"section\" data-e-type=\"section\" data-settings=\"{&quot;background_background&quot;:&quot;classic&quot;}\">\n\t\t\t\t\t\t<div class=\"elementor-container elementor-column-gap-default\">\n\t\t\t\t\t<div class=\"elementor-column elementor-col-33 elementor-top-column elementor-element elementor-element-9a150a9\" data-id=\"9a150a9\" data-element_type=\"column\" data-e-type=\"column\">\n\t\t\t<div class=\"elementor-widget-wrap\">\n\t\t\t\t\t\t\t<\/div>\n\t\t<\/div>\n\t\t\t\t<div class=\"elementor-column elementor-col-66 elementor-top-column elementor-element elementor-element-1ff5e12\" data-id=\"1ff5e12\" data-element_type=\"column\" data-e-type=\"column\">\n\t\t\t<div class=\"elementor-widget-wrap elementor-element-populated\">\n\t\t\t\t\t\t<div class=\"elementor-element elementor-element-ff7f219 elementor-widget elementor-widget-spacer\" data-id=\"ff7f219\" data-element_type=\"widget\" data-e-type=\"widget\" data-widget_type=\"spacer.default\">\n\t\t\t\t<div class=\"elementor-widget-container\">\n\t\t\t\t\t\t\t<div class=\"elementor-spacer\">\n\t\t\t<div class=\"elementor-spacer-inner\"><\/div>\n\t\t<\/div>\n\t\t\t\t\t\t<\/div>\n\t\t\t\t<\/div>\n\t\t\t\t<div class=\"elementor-element elementor-element-d22b346 elementor-widget elementor-widget-heading\" data-id=\"d22b346\" data-element_type=\"widget\" data-e-type=\"widget\" data-widget_type=\"heading.default\">\n\t\t\t\t<div class=\"elementor-widget-container\">\n\t\t\t\t\t<h2 class=\"elementor-heading-title elementor-size-default\">\u00bfQu\u00e9 hay que hacer?<\/h2>\t\t\t\t<\/div>\n\t\t\t\t<\/div>\n\t\t\t\t<div class=\"elementor-element elementor-element-cf5a41c elementor-widget elementor-widget-heading\" data-id=\"cf5a41c\" data-element_type=\"widget\" data-e-type=\"widget\" data-widget_type=\"heading.default\">\n\t\t\t\t<div class=\"elementor-widget-container\">\n\t\t\t\t\t<h5 class=\"elementor-heading-title elementor-size-default\">S\u00f3lo nos pondremos en contacto con usted cuando haya un estudio que sea relevante para su perfil.<\/h5>\t\t\t\t<\/div>\n\t\t\t\t<\/div>\n\t\t\t\t<div class=\"elementor-element elementor-element-d2ce7f9 elementor-widget elementor-widget-text-editor\" data-id=\"d2ce7f9\" data-element_type=\"widget\" data-e-type=\"widget\" data-widget_type=\"text-editor.default\">\n\t\t\t\t<div class=\"elementor-widget-container\">\n\t\t\t\t\t\t\t\t\t<p>Una llamada de treinta minutos una vez al mes o una breve encuesta aqu\u00ed y all\u00e1: un esfuerzo m\u00ednimo, un impacto m\u00e1ximo.<\/p>\t\t\t\t\t\t\t\t<\/div>\n\t\t\t\t<\/div>\n\t\t\t\t<div class=\"elementor-element elementor-element-0115d03 elementor-widget elementor-widget-spacer\" data-id=\"0115d03\" data-element_type=\"widget\" data-e-type=\"widget\" data-widget_type=\"spacer.default\">\n\t\t\t\t<div class=\"elementor-widget-container\">\n\t\t\t\t\t\t\t<div class=\"elementor-spacer\">\n\t\t\t<div class=\"elementor-spacer-inner\"><\/div>\n\t\t<\/div>\n\t\t\t\t\t\t<\/div>\n\t\t\t\t<\/div>\n\t\t\t\t\t<\/div>\n\t\t<\/div>\n\t\t\t\t\t<\/div>\n\t\t<\/section>\n\t\t\t\t<section class=\"elementor-section elementor-top-section elementor-element elementor-element-2b3a3bc elementor-section-boxed elementor-section-height-default elementor-section-height-default\" data-id=\"2b3a3bc\" data-element_type=\"section\" data-e-type=\"section\">\n\t\t\t\t\t\t<div class=\"elementor-container elementor-column-gap-default\">\n\t\t\t\t\t<div class=\"elementor-column elementor-col-100 elementor-top-column elementor-element elementor-element-e8d663a\" data-id=\"e8d663a\" data-element_type=\"column\" data-e-type=\"column\">\n\t\t\t<div class=\"elementor-widget-wrap elementor-element-populated\">\n\t\t\t\t\t\t<div class=\"elementor-element elementor-element-699ab32 elementor-widget elementor-widget-spacer\" data-id=\"699ab32\" data-element_type=\"widget\" data-e-type=\"widget\" data-widget_type=\"spacer.default\">\n\t\t\t\t<div class=\"elementor-widget-container\">\n\t\t\t\t\t\t\t<div class=\"elementor-spacer\">\n\t\t\t<div class=\"elementor-spacer-inner\"><\/div>\n\t\t<\/div>\n\t\t\t\t\t\t<\/div>\n\t\t\t\t<\/div>\n\t\t\t\t<div class=\"elementor-element elementor-element-057e748 elementor-widget elementor-widget-heading\" data-id=\"057e748\" data-element_type=\"widget\" data-e-type=\"widget\" data-widget_type=\"heading.default\">\n\t\t\t\t<div class=\"elementor-widget-container\">\n\t\t\t\t\t<h2 class=\"elementor-heading-title elementor-size-default\">Cualquiera puede unirse a la <span class=\"span-orange\">Comunidad de Investigaci\u00f3n Repricer<\/span>.<\/h2>\t\t\t\t<\/div>\n\t\t\t\t<\/div>\n\t\t\t\t<div class=\"elementor-element elementor-element-ffc4491 elementor-widget elementor-widget-text-editor\" data-id=\"ffc4491\" data-element_type=\"widget\" data-e-type=\"widget\" data-widget_type=\"text-editor.default\">\n\t\t\t\t<div class=\"elementor-widget-container\">\n\t\t\t\t\t\t\t\t\tEstamos interesados en hablar con cualquier persona que tenga acceso a Repricer, tanto si lo hace a diario como de vez en cuando.\t\t\t\t\t\t\t\t<\/div>\n\t\t\t\t<\/div>\n\t\t\t\t<div class=\"elementor-element elementor-element-6688fc3 elementor-widget__width-auto elementor-widget elementor-widget-button\" data-id=\"6688fc3\" data-element_type=\"widget\" data-e-type=\"widget\" data-widget_type=\"button.default\">\n\t\t\t\t<div class=\"elementor-widget-container\">\n\t\t\t\t\t\t\t\t\t<div class=\"elementor-button-wrapper\">\n\t\t\t\t\t<a class=\"elementor-button elementor-button-link elementor-size-md\" href=\"https:\/\/offers.repricer.com\/en\/research-community\">\n\t\t\t\t\t\t<span class=\"elementor-button-content-wrapper\">\n\t\t\t\t\t\t\t\t\t<span class=\"elementor-button-text\">\u00danete ahora<\/span>\n\t\t\t\t\t<\/span>\n\t\t\t\t\t<\/a>\n\t\t\t\t<\/div>\n\t\t\t\t\t\t\t\t<\/div>\n\t\t\t\t<\/div>\n\t\t\t\t\t<\/div>\n\t\t<\/div>\n\t\t\t\t\t<\/div>\n\t\t<\/section>\n\t\t\t\t<\/div>\n\t\t","protected":false},"excerpt":{"rendered":"<p>Comunidad de investigaci\u00f3n Repricer Estamos aqu\u00ed para crear un producto que facilite su trabajo y haga que su negocio sea m\u00e1s eficaz, pero no podemos hacerlo sin escucharle primero. \u00danase a nuestra comunidad de investigaci\u00f3n para influir en el futuro de Repricer: su voz resonar\u00e1 en las hojas de ruta, los prototipos y, lo que [&hellip;]<\/p>\n","protected":false},"author":12,"featured_media":0,"parent":0,"menu_order":0,"comment_status":"closed","ping_status":"closed","template":"","meta":{"inline_featured_image":false,"footnotes":""},"class_list":["post-3704","page","type-page","status-publish","hentry"],"yoast_head":"<!-- This site is optimized with the Yoast SEO Premium plugin v27.4 (Yoast SEO v27.5) - https:\/\/yoast.com\/product\/yoast-seo-premium-wordpress\/ -->\n<title>Comunidad de investigaci\u00f3n - The Fastest Amazon Repricer | Repricer.com<\/title>\n<meta name=\"description\" content=\"\u00danete a la comunidad de investigaci\u00f3n de Repricer y ayuda a dar forma a las caracter\u00edsticas futuras compartiendo comentarios y Rese\u00f1as para mejorar las herramientas para los vendedores online.\" \/>\n<meta name=\"robots\" content=\"index, follow, max-snippet:-1, max-image-preview:large, max-video-preview:-1\" \/>\n<link rel=\"canonical\" href=\"https:\/\/www.repricer.com\/es\/investigacion-comunidad\/\" \/>\n<meta property=\"og:locale\" content=\"es_ES\" \/>\n<meta property=\"og:type\" content=\"article\" \/>\n<meta property=\"og:title\" content=\"Comunidad de investigaci\u00f3n\" \/>\n<meta property=\"og:description\" content=\"\u00danete a la comunidad de investigaci\u00f3n de Repricer y ayuda a dar forma a las caracter\u00edsticas futuras compartiendo comentarios y Rese\u00f1as para mejorar las herramientas para los vendedores online.\" \/>\n<meta property=\"og:url\" content=\"https:\/\/www.repricer.com\/es\/investigacion-comunidad\/\" \/>\n<meta property=\"og:site_name\" content=\"The Fastest Amazon Repricer | Repricer.com\" \/>\n<meta property=\"article:publisher\" content=\"https:\/\/www.facebook.com\/repricer\" \/>\n<meta property=\"article:modified_time\" content=\"2026-01-30T13:07:44+00:00\" \/>\n<meta name=\"twitter:card\" content=\"summary_large_image\" \/>\n<meta name=\"twitter:site\" content=\"@repricer\" \/>\n<meta name=\"twitter:label1\" content=\"Tiempo de lectura\" \/>\n\t<meta name=\"twitter:data1\" content=\"1 minuto\" \/>\n<script type=\"application\/ld+json\" class=\"yoast-schema-graph\">{\"@context\":\"https:\\\/\\\/schema.org\",\"@graph\":[{\"@type\":\"WebPage\",\"@id\":\"https:\\\/\\\/www.repricer.com\\\/es\\\/investigacion-comunidad\\\/\",\"url\":\"https:\\\/\\\/www.repricer.com\\\/es\\\/investigacion-comunidad\\\/\",\"name\":\"Comunidad de investigaci\u00f3n - The Fastest Amazon Repricer | Repricer.com\",\"isPartOf\":{\"@id\":\"https:\\\/\\\/www.repricer.com\\\/es\\\/#website\"},\"datePublished\":\"2022-02-21T16:55:23+00:00\",\"dateModified\":\"2026-01-30T13:07:44+00:00\",\"description\":\"\u00danete a la comunidad de investigaci\u00f3n de Repricer y ayuda a dar forma a las caracter\u00edsticas futuras compartiendo comentarios y Rese\u00f1as para mejorar las herramientas para los vendedores online.\",\"breadcrumb\":{\"@id\":\"https:\\\/\\\/www.repricer.com\\\/es\\\/investigacion-comunidad\\\/#breadcrumb\"},\"inLanguage\":\"es\",\"potentialAction\":[{\"@type\":\"ReadAction\",\"target\":[\"https:\\\/\\\/www.repricer.com\\\/es\\\/investigacion-comunidad\\\/\"]}]},{\"@type\":\"BreadcrumbList\",\"@id\":\"https:\\\/\\\/www.repricer.com\\\/es\\\/investigacion-comunidad\\\/#breadcrumb\",\"itemListElement\":[{\"@type\":\"ListItem\",\"position\":1,\"name\":\"Home\",\"item\":\"https:\\\/\\\/www.repricer.com\\\/es\\\/casa-2\\\/\"},{\"@type\":\"ListItem\",\"position\":2,\"name\":\"Comunidad de investigaci\u00f3n\"}]},{\"@type\":\"WebSite\",\"@id\":\"https:\\\/\\\/www.repricer.com\\\/es\\\/#website\",\"url\":\"https:\\\/\\\/www.repricer.com\\\/es\\\/\",\"name\":\"The Fastest Amazon Repricer | Repricer.com\",\"description\":\"Haga de Repricer.com su centro de precios \u00fanico conectando todos sus canales de venta, incluyendo Amazon, eBay, Walmart, Shopify y m\u00e1s.\",\"publisher\":{\"@id\":\"https:\\\/\\\/www.repricer.com\\\/es\\\/#organization\"},\"potentialAction\":[{\"@type\":\"SearchAction\",\"target\":{\"@type\":\"EntryPoint\",\"urlTemplate\":\"https:\\\/\\\/www.repricer.com\\\/es\\\/?s={search_term_string}\"},\"query-input\":{\"@type\":\"PropertyValueSpecification\",\"valueRequired\":true,\"valueName\":\"search_term_string\"}}],\"inLanguage\":\"es\"},{\"@type\":\"Organization\",\"@id\":\"https:\\\/\\\/www.repricer.com\\\/es\\\/#organization\",\"name\":\"Repricer.com\",\"url\":\"https:\\\/\\\/www.repricer.com\\\/es\\\/\",\"logo\":{\"@type\":\"ImageObject\",\"inLanguage\":\"es\",\"@id\":\"https:\\\/\\\/www.repricer.com\\\/es\\\/#\\\/schema\\\/logo\\\/image\\\/\",\"url\":\"https:\\\/\\\/www.repricer.com\\\/wp-content\\\/uploads\\\/2022\\\/01\\\/updated-repricer-logo-black.png\",\"contentUrl\":\"https:\\\/\\\/www.repricer.com\\\/wp-content\\\/uploads\\\/2022\\\/01\\\/updated-repricer-logo-black.png\",\"width\":481,\"height\":83,\"caption\":\"Repricer.com\"},\"image\":{\"@id\":\"https:\\\/\\\/www.repricer.com\\\/es\\\/#\\\/schema\\\/logo\\\/image\\\/\"},\"sameAs\":[\"https:\\\/\\\/www.facebook.com\\\/repricer\",\"https:\\\/\\\/x.com\\\/repricer\",\"https:\\\/\\\/www.instagram.com\\\/repricer\\\/\",\"https:\\\/\\\/www.youtube.com\\\/channel\\\/UC_pT73zbB2TIA-jS12y93fA\"]}]}<\/script>\n<!-- \/ Yoast SEO Premium plugin. -->","yoast_head_json":{"title":"Comunidad de investigaci\u00f3n - The Fastest Amazon Repricer | Repricer.com","description":"\u00danete a la comunidad de investigaci\u00f3n de Repricer y ayuda a dar forma a las caracter\u00edsticas futuras compartiendo comentarios y Rese\u00f1as para mejorar las herramientas para los vendedores online.","robots":{"index":"index","follow":"follow","max-snippet":"max-snippet:-1","max-image-preview":"max-image-preview:large","max-video-preview":"max-video-preview:-1"},"canonical":"https:\/\/www.repricer.com\/es\/investigacion-comunidad\/","og_locale":"es_ES","og_type":"article","og_title":"Comunidad de investigaci\u00f3n","og_description":"\u00danete a la comunidad de investigaci\u00f3n de Repricer y ayuda a dar forma a las caracter\u00edsticas futuras compartiendo comentarios y Rese\u00f1as para mejorar las herramientas para los vendedores online.","og_url":"https:\/\/www.repricer.com\/es\/investigacion-comunidad\/","og_site_name":"The Fastest Amazon Repricer | Repricer.com","article_publisher":"https:\/\/www.facebook.com\/repricer","article_modified_time":"2026-01-30T13:07:44+00:00","twitter_card":"summary_large_image","twitter_site":"@repricer","twitter_misc":{"Tiempo de lectura":"1 minuto"},"schema":{"@context":"https:\/\/schema.org","@graph":[{"@type":"WebPage","@id":"https:\/\/www.repricer.com\/es\/investigacion-comunidad\/","url":"https:\/\/www.repricer.com\/es\/investigacion-comunidad\/","name":"Comunidad de investigaci\u00f3n - The Fastest Amazon Repricer | Repricer.com","isPartOf":{"@id":"https:\/\/www.repricer.com\/es\/#website"},"datePublished":"2022-02-21T16:55:23+00:00","dateModified":"2026-01-30T13:07:44+00:00","description":"\u00danete a la comunidad de investigaci\u00f3n de Repricer y ayuda a dar forma a las caracter\u00edsticas futuras compartiendo comentarios y Rese\u00f1as para mejorar las herramientas para los vendedores online.","breadcrumb":{"@id":"https:\/\/www.repricer.com\/es\/investigacion-comunidad\/#breadcrumb"},"inLanguage":"es","potentialAction":[{"@type":"ReadAction","target":["https:\/\/www.repricer.com\/es\/investigacion-comunidad\/"]}]},{"@type":"BreadcrumbList","@id":"https:\/\/www.repricer.com\/es\/investigacion-comunidad\/#breadcrumb","itemListElement":[{"@type":"ListItem","position":1,"name":"Home","item":"https:\/\/www.repricer.com\/es\/casa-2\/"},{"@type":"ListItem","position":2,"name":"Comunidad de investigaci\u00f3n"}]},{"@type":"WebSite","@id":"https:\/\/www.repricer.com\/es\/#website","url":"https:\/\/www.repricer.com\/es\/","name":"The Fastest Amazon Repricer | Repricer.com","description":"Haga de Repricer.com su centro de precios \u00fanico conectando todos sus canales de venta, incluyendo Amazon, eBay, Walmart, Shopify y m\u00e1s.","publisher":{"@id":"https:\/\/www.repricer.com\/es\/#organization"},"potentialAction":[{"@type":"SearchAction","target":{"@type":"EntryPoint","urlTemplate":"https:\/\/www.repricer.com\/es\/?s={search_term_string}"},"query-input":{"@type":"PropertyValueSpecification","valueRequired":true,"valueName":"search_term_string"}}],"inLanguage":"es"},{"@type":"Organization","@id":"https:\/\/www.repricer.com\/es\/#organization","name":"Repricer.com","url":"https:\/\/www.repricer.com\/es\/","logo":{"@type":"ImageObject","inLanguage":"es","@id":"https:\/\/www.repricer.com\/es\/#\/schema\/logo\/image\/","url":"https:\/\/www.repricer.com\/wp-content\/uploads\/2022\/01\/updated-repricer-logo-black.png","contentUrl":"https:\/\/www.repricer.com\/wp-content\/uploads\/2022\/01\/updated-repricer-logo-black.png","width":481,"height":83,"caption":"Repricer.com"},"image":{"@id":"https:\/\/www.repricer.com\/es\/#\/schema\/logo\/image\/"},"sameAs":["https:\/\/www.facebook.com\/repricer","https:\/\/x.com\/repricer","https:\/\/www.instagram.com\/repricer\/","https:\/\/www.youtube.com\/channel\/UC_pT73zbB2TIA-jS12y93fA"]}]}},"_links":{"self":[{"href":"https:\/\/www.repricer.com\/es\/wp-json\/wp\/v2\/pages\/3704","targetHints":{"allow":["GET"]}}],"collection":[{"href":"https:\/\/www.repricer.com\/es\/wp-json\/wp\/v2\/pages"}],"about":[{"href":"https:\/\/www.repricer.com\/es\/wp-json\/wp\/v2\/types\/page"}],"author":[{"embeddable":true,"href":"https:\/\/www.repricer.com\/es\/wp-json\/wp\/v2\/users\/12"}],"replies":[{"embeddable":true,"href":"https:\/\/www.repricer.com\/es\/wp-json\/wp\/v2\/comments?post=3704"}],"version-history":[{"count":2,"href":"https:\/\/www.repricer.com\/es\/wp-json\/wp\/v2\/pages\/3704\/revisions"}],"predecessor-version":[{"id":50263,"href":"https:\/\/www.repricer.com\/es\/wp-json\/wp\/v2\/pages\/3704\/revisions\/50263"}],"wp:attachment":[{"href":"https:\/\/www.repricer.com\/es\/wp-json\/wp\/v2\/media?parent=3704"}],"curies":[{"name":"wp","href":"https:\/\/api.w.org\/{rel}","templated":true}]}}