{"id":45755,"date":"2025-07-21T13:01:45","date_gmt":"2025-07-21T13:01:45","guid":{"rendered":"https:\/\/www.repricer.com\/declaracion-de-accesibilidad-de-repricer-com\/"},"modified":"2025-08-19T13:37:24","modified_gmt":"2025-08-19T13:37:24","slug":"declaracion-de-accesibilidad-de-repricer-com","status":"publish","type":"page","link":"https:\/\/www.repricer.com\/es\/declaracion-de-accesibilidad-de-repricer-com\/","title":{"rendered":"Declaraci\u00f3n de accesibilidad"},"content":{"rendered":"\t\t<div data-elementor-type=\"wp-page\" data-elementor-id=\"45755\" class=\"elementor elementor-45755 elementor-45696\" data-elementor-post-type=\"page\">\n\t\t\t\t<div class=\"elementor-element elementor-element-5fe4285 e-flex e-con-boxed e-con e-parent\" data-id=\"5fe4285\" data-element_type=\"container\" data-e-type=\"container\">\n\t\t\t\t\t<div class=\"e-con-inner\">\n\t\t\t\t<div class=\"elementor-element elementor-element-cdb9a94 elementor-widget elementor-widget-text-editor\" data-id=\"cdb9a94\" data-element_type=\"widget\" data-e-type=\"widget\" data-widget_type=\"text-editor.default\">\n\t\t\t\t<div class=\"elementor-widget-container\">\n\t\t\t\t\t\t\t\t\t<p><a href=\"https:\/\/www.repricer.com\/es\/\">Repricer.com<\/a> se compromete a garantizar la accesibilidad digital a todos los usuarios, incluidas las personas con discapacidad. Mejoramos continuamente la experiencia de usuario para todos y aplicamos las normas de accesibilidad pertinentes. <\/p><h2>Medidas de apoyo a la accesibilidad<\/h2><p>Tomamos las siguientes medidas para garantizar la accesibilidad de <a href=\"https:\/\/www.repricer.com\/es\/\">Repricer.com<\/a>:<\/p><ul><li>Incluir la accesibilidad como parte de nuestra misi\u00f3n y pr\u00e1cticas de desarrollo<\/li><li>Utiliza HTML sem\u00e1ntico y una estructura de encabezados adecuada<\/li><li>Optimizar la navegaci\u00f3n del sitio para los usuarios de teclado<\/li><li>Realizar peri\u00f3dicamente auditor\u00edas y pruebas de accesibilidad<\/li><li>Proporciona alternativas de texto para todos los contenidos no textuales<\/li><\/ul><h2>Estado de conformidad<\/h2><p>Nuestro objetivo es cumplir las<strong> Pautas de Accesibilidad al Contenido en la Web (WCAG) 2.1 Nivel AA<\/strong>. Estamos trabajando activamente para cumplir estas normas en todas las p\u00e1ginas y caracter\u00edsticas del sitio. <\/p><h2>Pruebas y herramientas<\/h2><p>Utilizamos regularmente herramientas como<\/p><ul><li>Informe de accesibilidad del Faro<\/li><li>Comprobador de accesibilidad Axe<\/li><li>Lectores de pantalla como NVDA y VoiceOver para identificar y solucionar problemas de accesibilidad.<\/li><\/ul><h2>Feedback<\/h2><p>Agradecemos tus comentarios sobre la accesibilidad de <a href=\"https:\/\/www.repricer.com\/es\/\">Repricer.com<\/a>. Si experimentas alg\u00fan obst\u00e1culo, h\u00e1znoslo saber: <\/p><p>Correo electr\u00f3nico: <a href=\"mailto:support@repricer.com\">support@repricer.com<\/a><\/p><p>Tel:<a href=\"tel:+35316856340\"> +353 1 685 6340<\/a><\/p><p>Nuestro objetivo es responder a los Feedback sobre accesibilidad en un plazo de 2-3 d\u00edas laborables.<\/p><h3>Declaraci\u00f3n actualizada<\/h3><p>Esta declaraci\u00f3n de accesibilidad se actualiz\u00f3 por \u00faltima vez el: 21 de julio de 2025<\/p>\t\t\t\t\t\t\t\t<\/div>\n\t\t\t\t<\/div>\n\t\t\t\t\t<\/div>\n\t\t\t\t<\/div>\n\t\t\t\t<\/div>\n\t\t","protected":false},"excerpt":{"rendered":"<p>Repricer.com se compromete a garantizar la accesibilidad digital a todos los usuarios, incluidas las personas con discapacidad. Mejoramos continuamente la experiencia de usuario para todos y aplicamos las normas de accesibilidad pertinentes. Medidas de apoyo a la accesibilidad Tomamos las siguientes medidas para garantizar la accesibilidad de Repricer.com: Incluir la accesibilidad como parte de nuestra [&hellip;]<\/p>\n","protected":false},"author":52,"featured_media":0,"parent":0,"menu_order":0,"comment_status":"closed","ping_status":"closed","template":"","meta":{"inline_featured_image":false,"footnotes":""},"class_list":["post-45755","page","type-page","status-publish","hentry"],"yoast_head":"<!-- This site is optimized with the Yoast SEO Premium plugin v27.4 (Yoast SEO v27.6) - https:\/\/yoast.com\/product\/yoast-seo-premium-wordpress\/ -->\n<title>Declaraci\u00f3n de accesibilidad - The Fastest Amazon Repricer | Repricer.com<\/title>\n<meta name=\"description\" content=\"Reprice se compromete con la accesibilidad digital para todos. Lee nuestra declaraci\u00f3n de accesibilidad para saber m\u00e1s sobre nuestro compromiso y caracter\u00edsticas.\" \/>\n<meta name=\"robots\" content=\"index, follow, max-snippet:-1, max-image-preview:large, max-video-preview:-1\" \/>\n<link rel=\"canonical\" href=\"https:\/\/www.repricer.com\/es\/declaracion-de-accesibilidad-de-repricer-com\/\" \/>\n<meta property=\"og:locale\" content=\"es_ES\" \/>\n<meta property=\"og:type\" content=\"article\" \/>\n<meta property=\"og:title\" content=\"Declaraci\u00f3n de accesibilidad\" \/>\n<meta property=\"og:description\" content=\"Reprice se compromete con la accesibilidad digital para todos. Lee nuestra declaraci\u00f3n de accesibilidad para saber m\u00e1s sobre nuestro compromiso y caracter\u00edsticas.\" \/>\n<meta property=\"og:url\" content=\"https:\/\/www.repricer.com\/es\/declaracion-de-accesibilidad-de-repricer-com\/\" \/>\n<meta property=\"og:site_name\" content=\"The Fastest Amazon Repricer | Repricer.com\" \/>\n<meta property=\"article:publisher\" content=\"https:\/\/www.facebook.com\/repricer\" \/>\n<meta property=\"article:modified_time\" content=\"2025-08-19T13:37:24+00:00\" \/>\n<meta name=\"twitter:card\" content=\"summary_large_image\" \/>\n<meta name=\"twitter:site\" content=\"@repricer\" \/>\n<meta name=\"twitter:label1\" content=\"Tiempo de lectura\" \/>\n\t<meta name=\"twitter:data1\" content=\"1 minuto\" \/>\n<script type=\"application\/ld+json\" class=\"yoast-schema-graph\">{\"@context\":\"https:\\\/\\\/schema.org\",\"@graph\":[{\"@type\":\"WebPage\",\"@id\":\"https:\\\/\\\/www.repricer.com\\\/es\\\/declaracion-de-accesibilidad-de-repricer-com\\\/\",\"url\":\"https:\\\/\\\/www.repricer.com\\\/es\\\/declaracion-de-accesibilidad-de-repricer-com\\\/\",\"name\":\"Declaraci\u00f3n de accesibilidad - The Fastest Amazon Repricer | Repricer.com\",\"isPartOf\":{\"@id\":\"https:\\\/\\\/www.repricer.com\\\/es\\\/#website\"},\"datePublished\":\"2025-07-21T13:01:45+00:00\",\"dateModified\":\"2025-08-19T13:37:24+00:00\",\"description\":\"Reprice se compromete con la accesibilidad digital para todos. Lee nuestra declaraci\u00f3n de accesibilidad para saber m\u00e1s sobre nuestro compromiso y caracter\u00edsticas.\",\"breadcrumb\":{\"@id\":\"https:\\\/\\\/www.repricer.com\\\/es\\\/declaracion-de-accesibilidad-de-repricer-com\\\/#breadcrumb\"},\"inLanguage\":\"es\",\"potentialAction\":[{\"@type\":\"ReadAction\",\"target\":[\"https:\\\/\\\/www.repricer.com\\\/es\\\/declaracion-de-accesibilidad-de-repricer-com\\\/\"]}]},{\"@type\":\"BreadcrumbList\",\"@id\":\"https:\\\/\\\/www.repricer.com\\\/es\\\/declaracion-de-accesibilidad-de-repricer-com\\\/#breadcrumb\",\"itemListElement\":[{\"@type\":\"ListItem\",\"position\":1,\"name\":\"Home\",\"item\":\"https:\\\/\\\/www.repricer.com\\\/es\\\/casa-2\\\/\"},{\"@type\":\"ListItem\",\"position\":2,\"name\":\"Declaraci\u00f3n de accesibilidad\"}]},{\"@type\":\"WebSite\",\"@id\":\"https:\\\/\\\/www.repricer.com\\\/es\\\/#website\",\"url\":\"https:\\\/\\\/www.repricer.com\\\/es\\\/\",\"name\":\"The Fastest Amazon Repricer | Repricer.com\",\"description\":\"Haga de Repricer.com su centro de precios \u00fanico conectando todos sus canales de venta, incluyendo Amazon, eBay, Walmart, Shopify y m\u00e1s.\",\"publisher\":{\"@id\":\"https:\\\/\\\/www.repricer.com\\\/es\\\/#organization\"},\"potentialAction\":[{\"@type\":\"SearchAction\",\"target\":{\"@type\":\"EntryPoint\",\"urlTemplate\":\"https:\\\/\\\/www.repricer.com\\\/es\\\/?s={search_term_string}\"},\"query-input\":{\"@type\":\"PropertyValueSpecification\",\"valueRequired\":true,\"valueName\":\"search_term_string\"}}],\"inLanguage\":\"es\"},{\"@type\":\"Organization\",\"@id\":\"https:\\\/\\\/www.repricer.com\\\/es\\\/#organization\",\"name\":\"Repricer.com\",\"url\":\"https:\\\/\\\/www.repricer.com\\\/es\\\/\",\"logo\":{\"@type\":\"ImageObject\",\"inLanguage\":\"es\",\"@id\":\"https:\\\/\\\/www.repricer.com\\\/es\\\/#\\\/schema\\\/logo\\\/image\\\/\",\"url\":\"https:\\\/\\\/www.repricer.com\\\/wp-content\\\/uploads\\\/2022\\\/01\\\/updated-repricer-logo-black.png\",\"contentUrl\":\"https:\\\/\\\/www.repricer.com\\\/wp-content\\\/uploads\\\/2022\\\/01\\\/updated-repricer-logo-black.png\",\"width\":481,\"height\":83,\"caption\":\"Repricer.com\"},\"image\":{\"@id\":\"https:\\\/\\\/www.repricer.com\\\/es\\\/#\\\/schema\\\/logo\\\/image\\\/\"},\"sameAs\":[\"https:\\\/\\\/www.facebook.com\\\/repricer\",\"https:\\\/\\\/x.com\\\/repricer\",\"https:\\\/\\\/www.instagram.com\\\/repricer\\\/\",\"https:\\\/\\\/www.youtube.com\\\/channel\\\/UC_pT73zbB2TIA-jS12y93fA\"]}]}<\/script>\n<!-- \/ Yoast SEO Premium plugin. -->","yoast_head_json":{"title":"Declaraci\u00f3n de accesibilidad - The Fastest Amazon Repricer | Repricer.com","description":"Reprice se compromete con la accesibilidad digital para todos. Lee nuestra declaraci\u00f3n de accesibilidad para saber m\u00e1s sobre nuestro compromiso y caracter\u00edsticas.","robots":{"index":"index","follow":"follow","max-snippet":"max-snippet:-1","max-image-preview":"max-image-preview:large","max-video-preview":"max-video-preview:-1"},"canonical":"https:\/\/www.repricer.com\/es\/declaracion-de-accesibilidad-de-repricer-com\/","og_locale":"es_ES","og_type":"article","og_title":"Declaraci\u00f3n de accesibilidad","og_description":"Reprice se compromete con la accesibilidad digital para todos. Lee nuestra declaraci\u00f3n de accesibilidad para saber m\u00e1s sobre nuestro compromiso y caracter\u00edsticas.","og_url":"https:\/\/www.repricer.com\/es\/declaracion-de-accesibilidad-de-repricer-com\/","og_site_name":"The Fastest Amazon Repricer | Repricer.com","article_publisher":"https:\/\/www.facebook.com\/repricer","article_modified_time":"2025-08-19T13:37:24+00:00","twitter_card":"summary_large_image","twitter_site":"@repricer","twitter_misc":{"Tiempo de lectura":"1 minuto"},"schema":{"@context":"https:\/\/schema.org","@graph":[{"@type":"WebPage","@id":"https:\/\/www.repricer.com\/es\/declaracion-de-accesibilidad-de-repricer-com\/","url":"https:\/\/www.repricer.com\/es\/declaracion-de-accesibilidad-de-repricer-com\/","name":"Declaraci\u00f3n de accesibilidad - The Fastest Amazon Repricer | Repricer.com","isPartOf":{"@id":"https:\/\/www.repricer.com\/es\/#website"},"datePublished":"2025-07-21T13:01:45+00:00","dateModified":"2025-08-19T13:37:24+00:00","description":"Reprice se compromete con la accesibilidad digital para todos. Lee nuestra declaraci\u00f3n de accesibilidad para saber m\u00e1s sobre nuestro compromiso y caracter\u00edsticas.","breadcrumb":{"@id":"https:\/\/www.repricer.com\/es\/declaracion-de-accesibilidad-de-repricer-com\/#breadcrumb"},"inLanguage":"es","potentialAction":[{"@type":"ReadAction","target":["https:\/\/www.repricer.com\/es\/declaracion-de-accesibilidad-de-repricer-com\/"]}]},{"@type":"BreadcrumbList","@id":"https:\/\/www.repricer.com\/es\/declaracion-de-accesibilidad-de-repricer-com\/#breadcrumb","itemListElement":[{"@type":"ListItem","position":1,"name":"Home","item":"https:\/\/www.repricer.com\/es\/casa-2\/"},{"@type":"ListItem","position":2,"name":"Declaraci\u00f3n de accesibilidad"}]},{"@type":"WebSite","@id":"https:\/\/www.repricer.com\/es\/#website","url":"https:\/\/www.repricer.com\/es\/","name":"The Fastest Amazon Repricer | Repricer.com","description":"Haga de Repricer.com su centro de precios \u00fanico conectando todos sus canales de venta, incluyendo Amazon, eBay, Walmart, Shopify y m\u00e1s.","publisher":{"@id":"https:\/\/www.repricer.com\/es\/#organization"},"potentialAction":[{"@type":"SearchAction","target":{"@type":"EntryPoint","urlTemplate":"https:\/\/www.repricer.com\/es\/?s={search_term_string}"},"query-input":{"@type":"PropertyValueSpecification","valueRequired":true,"valueName":"search_term_string"}}],"inLanguage":"es"},{"@type":"Organization","@id":"https:\/\/www.repricer.com\/es\/#organization","name":"Repricer.com","url":"https:\/\/www.repricer.com\/es\/","logo":{"@type":"ImageObject","inLanguage":"es","@id":"https:\/\/www.repricer.com\/es\/#\/schema\/logo\/image\/","url":"https:\/\/www.repricer.com\/wp-content\/uploads\/2022\/01\/updated-repricer-logo-black.png","contentUrl":"https:\/\/www.repricer.com\/wp-content\/uploads\/2022\/01\/updated-repricer-logo-black.png","width":481,"height":83,"caption":"Repricer.com"},"image":{"@id":"https:\/\/www.repricer.com\/es\/#\/schema\/logo\/image\/"},"sameAs":["https:\/\/www.facebook.com\/repricer","https:\/\/x.com\/repricer","https:\/\/www.instagram.com\/repricer\/","https:\/\/www.youtube.com\/channel\/UC_pT73zbB2TIA-jS12y93fA"]}]}},"_links":{"self":[{"href":"https:\/\/www.repricer.com\/es\/wp-json\/wp\/v2\/pages\/45755","targetHints":{"allow":["GET"]}}],"collection":[{"href":"https:\/\/www.repricer.com\/es\/wp-json\/wp\/v2\/pages"}],"about":[{"href":"https:\/\/www.repricer.com\/es\/wp-json\/wp\/v2\/types\/page"}],"author":[{"embeddable":true,"href":"https:\/\/www.repricer.com\/es\/wp-json\/wp\/v2\/users\/52"}],"replies":[{"embeddable":true,"href":"https:\/\/www.repricer.com\/es\/wp-json\/wp\/v2\/comments?post=45755"}],"version-history":[{"count":3,"href":"https:\/\/www.repricer.com\/es\/wp-json\/wp\/v2\/pages\/45755\/revisions"}],"predecessor-version":[{"id":46448,"href":"https:\/\/www.repricer.com\/es\/wp-json\/wp\/v2\/pages\/45755\/revisions\/46448"}],"wp:attachment":[{"href":"https:\/\/www.repricer.com\/es\/wp-json\/wp\/v2\/media?parent=45755"}],"curies":[{"name":"wp","href":"https:\/\/api.w.org\/{rel}","templated":true}]}}