{"id":8447,"date":"2022-10-17T08:30:52","date_gmt":"2022-10-17T08:30:52","guid":{"rendered":"https:\/\/repricer.kinsta.cloud\/repricer-sales-app\/"},"modified":"2025-06-05T09:42:23","modified_gmt":"2025-06-05T09:42:23","slug":"repricer-sales-app","status":"publish","type":"page","link":"https:\/\/www.repricer.com\/es\/repricer-sales-app\/","title":{"rendered":"Aplicaci\u00f3n de ventas Repricer"},"content":{"rendered":"\t\t<div data-elementor-type=\"wp-page\" data-elementor-id=\"8447\" class=\"elementor elementor-8447 elementor-8213\" data-elementor-post-type=\"page\">\n\t\t\t\t\t\t<section class=\"elementor-section elementor-top-section elementor-element elementor-element-94ab7d7 elementor-section-boxed elementor-section-height-default elementor-section-height-default\" data-id=\"94ab7d7\" data-element_type=\"section\" data-e-type=\"section\">\n\t\t\t\t\t\t<div class=\"elementor-container elementor-column-gap-default\">\n\t\t\t\t\t<div class=\"elementor-column elementor-col-50 elementor-top-column elementor-element elementor-element-2f41c7e\" data-id=\"2f41c7e\" data-element_type=\"column\" data-e-type=\"column\">\n\t\t\t<div class=\"elementor-widget-wrap elementor-element-populated\">\n\t\t\t\t\t\t<div class=\"elementor-element elementor-element-e5684d9 elementor-widget elementor-widget-heading\" data-id=\"e5684d9\" data-element_type=\"widget\" data-e-type=\"widget\" data-widget_type=\"heading.default\">\n\t\t\t\t<div class=\"elementor-widget-container\">\n\t\t\t\t\t<h1 class=\"elementor-heading-title elementor-size-default\">Tus Pedidos y Feedback, en la palma de tu mano<\/h1>\t\t\t\t<\/div>\n\t\t\t\t<\/div>\n\t\t\t\t<div class=\"elementor-element elementor-element-35d457b elementor-widget elementor-widget-text-editor\" data-id=\"35d457b\" data-element_type=\"widget\" data-e-type=\"widget\" data-widget_type=\"text-editor.default\">\n\t\t\t\t<div class=\"elementor-widget-container\">\n\t\t\t\t\t\t\t\t\t<p style=\"margin-bottom: 15px; color: #000000; font-family: acumin-pro, sans-serif; letter-spacing: normal; white-space: normal;\"><span style=\"white-space: pre-wrap;\">\u00bfDe paseo? Nunca ha sido tan sencillo controlar tus ventas y Feedback mientras te desplazas.<\/span><\/p><p style=\"margin-bottom: 15px; color: #000000; font-family: acumin-pro, sans-serif; letter-spacing: normal; white-space: normal;\"><span style=\"white-space: pre-wrap; color: var( --e-global-color-text ); font-family: var( --e-global-typography-0f7a463-font-family ), Sans-serif; font-size: var( --e-global-typography-0f7a463-font-size ); letter-spacing: var( --e-global-typography-0f7a463-letter-spacing ); word-spacing: var( --e-global-typography-0f7a463-word-spacing ); font-weight: var( --e-global-typography-text-font-weight );\">Siga sus ventas de comercio electr\u00f3nico multicanal en tiempo real con la aplicaci\u00f3n m\u00f3vil gratuita Repricer eDesk.  <\/span><\/p>\t\t\t\t\t\t\t\t<\/div>\n\t\t\t\t<\/div>\n\t\t\t\t<section class=\"elementor-section elementor-inner-section elementor-element elementor-element-78a6935 elementor-section-boxed elementor-section-height-default elementor-section-height-default\" data-id=\"78a6935\" data-element_type=\"section\" data-e-type=\"section\">\n\t\t\t\t\t\t<div class=\"elementor-container elementor-column-gap-default\">\n\t\t\t\t\t<div class=\"elementor-column elementor-col-33 elementor-inner-column elementor-element elementor-element-cbc4da0\" data-id=\"cbc4da0\" data-element_type=\"column\" data-e-type=\"column\">\n\t\t\t<div class=\"elementor-widget-wrap elementor-element-populated\">\n\t\t\t\t\t\t<div class=\"elementor-element elementor-element-89e9921 elementor-widget elementor-widget-image\" data-id=\"89e9921\" data-element_type=\"widget\" data-e-type=\"widget\" data-widget_type=\"image.default\">\n\t\t\t\t<div class=\"elementor-widget-container\">\n\t\t\t\t\t\t\t\t\t\t\t\t\t\t\t\t<a href=\"https:\/\/play.google.com\/store\/apps\/details?id=com.xsellco.dashboard&#038;hl=en\">\n\t\t\t\t\t\t\t<img decoding=\"async\" src=\"https:\/\/www.repricer.com\/wp-content\/uploads\/elementor\/thumbs\/btn-google-r26503k6bxclue9xe0q6fsfl4azgpiuvxgkjt76gk8.webp\" title=\"btn-google\" alt=\"btn-google\" loading=\"lazy\" \/>\t\t\t\t\t\t\t\t<\/a>\n\t\t\t\t\t\t\t\t\t\t\t\t\t\t\t<\/div>\n\t\t\t\t<\/div>\n\t\t\t\t\t<\/div>\n\t\t<\/div>\n\t\t\t\t<div class=\"elementor-column elementor-col-33 elementor-inner-column elementor-element elementor-element-4c7570e\" data-id=\"4c7570e\" data-element_type=\"column\" data-e-type=\"column\">\n\t\t\t<div class=\"elementor-widget-wrap elementor-element-populated\">\n\t\t\t\t\t\t<div class=\"elementor-element elementor-element-8779dbb elementor-widget elementor-widget-image\" data-id=\"8779dbb\" data-element_type=\"widget\" data-e-type=\"widget\" data-widget_type=\"image.default\">\n\t\t\t\t<div class=\"elementor-widget-container\">\n\t\t\t\t\t\t\t\t\t\t\t\t\t\t\t\t<a href=\"https:\/\/apps.apple.com\/us\/app\/xsellco-insights\/id1480812205?ls=1\">\n\t\t\t\t\t\t\t<img decoding=\"async\" src=\"https:\/\/www.repricer.com\/wp-content\/uploads\/elementor\/thumbs\/btn-apple-r264zivq5kkaqz3yqrsdwxng1tte06ksim7v9414d4.webp\" title=\"btn-apple\" alt=\"btn-apple\" loading=\"lazy\" \/>\t\t\t\t\t\t\t\t<\/a>\n\t\t\t\t\t\t\t\t\t\t\t\t\t\t\t<\/div>\n\t\t\t\t<\/div>\n\t\t\t\t\t<\/div>\n\t\t<\/div>\n\t\t\t\t<div class=\"elementor-column elementor-col-33 elementor-inner-column elementor-element elementor-element-330ed89\" data-id=\"330ed89\" data-element_type=\"column\" data-e-type=\"column\">\n\t\t\t<div class=\"elementor-widget-wrap\">\n\t\t\t\t\t\t\t<\/div>\n\t\t<\/div>\n\t\t\t\t\t<\/div>\n\t\t<\/section>\n\t\t\t\t\t<\/div>\n\t\t<\/div>\n\t\t\t\t<div class=\"elementor-column elementor-col-50 elementor-top-column elementor-element elementor-element-12e08a2\" data-id=\"12e08a2\" data-element_type=\"column\" data-e-type=\"column\">\n\t\t\t<div class=\"elementor-widget-wrap\">\n\t\t\t\t\t\t\t<\/div>\n\t\t<\/div>\n\t\t\t\t\t<\/div>\n\t\t<\/section>\n\t\t\t\t<section class=\"elementor-section elementor-top-section elementor-element elementor-element-6382757 elementor-section-boxed elementor-section-height-default elementor-section-height-default\" data-id=\"6382757\" data-element_type=\"section\" data-e-type=\"section\">\n\t\t\t\t\t\t<div class=\"elementor-container elementor-column-gap-default\">\n\t\t\t\t\t<div class=\"elementor-column elementor-col-100 elementor-top-column elementor-element elementor-element-1adf08a\" data-id=\"1adf08a\" data-element_type=\"column\" data-e-type=\"column\">\n\t\t\t<div class=\"elementor-widget-wrap elementor-element-populated\">\n\t\t\t\t\t\t<div class=\"elementor-element elementor-element-b6de2d3 elementor-widget-divider--view-line elementor-widget elementor-widget-divider\" data-id=\"b6de2d3\" data-element_type=\"widget\" data-e-type=\"widget\" data-widget_type=\"divider.default\">\n\t\t\t\t<div class=\"elementor-widget-container\">\n\t\t\t\t\t\t\t<div class=\"elementor-divider\">\n\t\t\t<span class=\"elementor-divider-separator\">\n\t\t\t\t\t\t<\/span>\n\t\t<\/div>\n\t\t\t\t\t\t<\/div>\n\t\t\t\t<\/div>\n\t\t\t\t<div class=\"elementor-element elementor-element-18d303c elementor-widget elementor-widget-text-editor\" data-id=\"18d303c\" data-element_type=\"widget\" data-e-type=\"widget\" data-widget_type=\"text-editor.default\">\n\t\t\t\t<div class=\"elementor-widget-container\">\n\t\t\t\t\t\t\t\t\t<h1 style=\"text-align: center;\">\u00bfC\u00f3mo funciona?<\/h1>\t\t\t\t\t\t\t\t<\/div>\n\t\t\t\t<\/div>\n\t\t\t\t<div class=\"elementor-element elementor-element-538e006 elementor-widget elementor-widget-text-editor\" data-id=\"538e006\" data-element_type=\"widget\" data-e-type=\"widget\" data-widget_type=\"text-editor.default\">\n\t\t\t\t<div class=\"elementor-widget-container\">\n\t\t\t\t\t\t\t\t\t<div class=\"elementor-element elementor-element-368d5043 elementor-widget elementor-widget-text-editor\" data-id=\"368d5043\" data-element_type=\"widget\" data-widget_type=\"text-editor.default\"><div class=\"elementor-widget-container\"><h5 style=\"text-align: center;\">Utilizando sus datos de acceso a Repricer, puede acceder a esos importantes datos que necesita, sobre la marcha.<\/h5><\/div><\/div>\t\t\t\t\t\t\t\t<\/div>\n\t\t\t\t<\/div>\n\t\t\t\t\t<\/div>\n\t\t<\/div>\n\t\t\t\t\t<\/div>\n\t\t<\/section>\n\t\t\t\t<section class=\"elementor-section elementor-top-section elementor-element elementor-element-5073a8f elementor-section-boxed elementor-section-height-default elementor-section-height-default\" data-id=\"5073a8f\" data-element_type=\"section\" data-e-type=\"section\">\n\t\t\t\t\t\t<div class=\"elementor-container elementor-column-gap-default\">\n\t\t\t\t\t<div class=\"elementor-column elementor-col-20 elementor-top-column elementor-element elementor-element-1321577\" data-id=\"1321577\" data-element_type=\"column\" data-e-type=\"column\">\n\t\t\t<div class=\"elementor-widget-wrap\">\n\t\t\t\t\t\t\t<\/div>\n\t\t<\/div>\n\t\t\t\t<div class=\"elementor-column elementor-col-20 elementor-top-column elementor-element elementor-element-0091306\" data-id=\"0091306\" data-element_type=\"column\" data-e-type=\"column\">\n\t\t\t<div class=\"elementor-widget-wrap elementor-element-populated\">\n\t\t\t\t\t\t<div class=\"elementor-element elementor-element-62b5007 elementor-view-default elementor-widget elementor-widget-icon\" data-id=\"62b5007\" data-element_type=\"widget\" data-e-type=\"widget\" data-widget_type=\"icon.default\">\n\t\t\t\t<div class=\"elementor-widget-container\">\n\t\t\t\t\t\t\t<div class=\"elementor-icon-wrapper\">\n\t\t\t<div class=\"elementor-icon\">\n\t\t\t<i aria-hidden=\"true\" class=\"fas fa-shopping-cart\"><\/i>\t\t\t<\/div>\n\t\t<\/div>\n\t\t\t\t\t\t<\/div>\n\t\t\t\t<\/div>\n\t\t\t\t<div class=\"elementor-element elementor-element-67ac8b7 elementor-widget elementor-widget-text-editor\" data-id=\"67ac8b7\" data-element_type=\"widget\" data-e-type=\"widget\" data-widget_type=\"text-editor.default\">\n\t\t\t\t<div class=\"elementor-widget-container\">\n\t\t\t\t\t\t\t\t\t<h3 class=\"elementor-icon-box-title\" style=\"text-align: center;\">Pide a <br>Rese\u00f1as<\/h3>\t\t\t\t\t\t\t\t<\/div>\n\t\t\t\t<\/div>\n\t\t\t\t<div class=\"elementor-element elementor-element-095b4c9 elementor-widget elementor-widget-text-editor\" data-id=\"095b4c9\" data-element_type=\"widget\" data-e-type=\"widget\" data-widget_type=\"text-editor.default\">\n\t\t\t\t<div class=\"elementor-widget-container\">\n\t\t\t\t\t\t\t\t\t<p style=\"text-align: center;\">Compruebe sus ventas globales, la cantidad total de pedidos y vea c\u00f3mo se distribuyen sus ventas entre sus canales.<\/p>\t\t\t\t\t\t\t\t<\/div>\n\t\t\t\t<\/div>\n\t\t\t\t\t<\/div>\n\t\t<\/div>\n\t\t\t\t<div class=\"elementor-column elementor-col-20 elementor-top-column elementor-element elementor-element-b839a2e\" data-id=\"b839a2e\" data-element_type=\"column\" data-e-type=\"column\">\n\t\t\t<div class=\"elementor-widget-wrap\">\n\t\t\t\t\t\t\t<\/div>\n\t\t<\/div>\n\t\t\t\t<div class=\"elementor-column elementor-col-20 elementor-top-column elementor-element elementor-element-d502ea7\" data-id=\"d502ea7\" data-element_type=\"column\" data-e-type=\"column\">\n\t\t\t<div class=\"elementor-widget-wrap elementor-element-populated\">\n\t\t\t\t\t\t<div class=\"elementor-element elementor-element-13e8235 elementor-view-default elementor-widget elementor-widget-icon\" data-id=\"13e8235\" data-element_type=\"widget\" data-e-type=\"widget\" data-widget_type=\"icon.default\">\n\t\t\t\t<div class=\"elementor-widget-container\">\n\t\t\t\t\t\t\t<div class=\"elementor-icon-wrapper\">\n\t\t\t<div class=\"elementor-icon\">\n\t\t\t<i aria-hidden=\"true\" class=\"fas fa-star\"><\/i>\t\t\t<\/div>\n\t\t<\/div>\n\t\t\t\t\t\t<\/div>\n\t\t\t\t<\/div>\n\t\t\t\t<div class=\"elementor-element elementor-element-0480b15 elementor-widget elementor-widget-text-editor\" data-id=\"0480b15\" data-element_type=\"widget\" data-e-type=\"widget\" data-widget_type=\"text-editor.default\">\n\t\t\t\t<div class=\"elementor-widget-container\">\n\t\t\t\t\t\t\t\t\t<h3 class=\"elementor-icon-box-title\" style=\"text-align: center;\">Opiniones y Feedback<\/h3>\t\t\t\t\t\t\t\t<\/div>\n\t\t\t\t<\/div>\n\t\t\t\t<div class=\"elementor-element elementor-element-bcd45f5 elementor-widget elementor-widget-text-editor\" data-id=\"bcd45f5\" data-element_type=\"widget\" data-e-type=\"widget\" data-widget_type=\"text-editor.default\">\n\t\t\t\t<div class=\"elementor-widget-container\">\n\t\t\t\t\t\t\t\t\t<p style=\"text-align: center;\">Consulta las Opiniones Negativas recientes de Amazon y los Feedback Negativos de eBay para poder actuar en un tiempo r\u00e9cord.<\/p>\t\t\t\t\t\t\t\t<\/div>\n\t\t\t\t<\/div>\n\t\t\t\t\t<\/div>\n\t\t<\/div>\n\t\t\t\t<div class=\"elementor-column elementor-col-20 elementor-top-column elementor-element elementor-element-be22275\" data-id=\"be22275\" data-element_type=\"column\" data-e-type=\"column\">\n\t\t\t<div class=\"elementor-widget-wrap\">\n\t\t\t\t\t\t\t<\/div>\n\t\t<\/div>\n\t\t\t\t\t<\/div>\n\t\t<\/section>\n\t\t\t\t<\/div>\n\t\t","protected":false},"excerpt":{"rendered":"<p>Tus Pedidos y Feedback, en la palma de tu mano \u00bfDe paseo? Nunca ha sido tan sencillo controlar tus ventas y Feedback mientras te desplazas. Siga sus ventas de comercio electr\u00f3nico multicanal en tiempo real con la aplicaci\u00f3n m\u00f3vil gratuita Repricer eDesk. \u00bfC\u00f3mo funciona? Utilizando sus datos de acceso a Repricer, puede acceder a esos [&hellip;]<\/p>\n","protected":false},"author":35,"featured_media":0,"parent":0,"menu_order":0,"comment_status":"closed","ping_status":"closed","template":"","meta":{"inline_featured_image":false,"footnotes":""},"class_list":["post-8447","page","type-page","status-publish","hentry"],"yoast_head":"<!-- This site is optimized with the Yoast SEO Premium plugin v25.8 (Yoast SEO v27.3) - https:\/\/yoast.com\/product\/yoast-seo-premium-wordpress\/ -->\n<title>Aplicaci\u00f3n de ventas Repricer - Ganar a la competencia en la &quot;caja de compra&quot; de eBay<\/title>\n<meta name=\"description\" content=\"Revalorice los productos del cat\u00e1logo de eBay al instante y supere a sus competidores de &quot;C\u00f3mpralo ya&quot; con nuestro revalorizador s\u00faper r\u00e1pido de eBay.\" \/>\n<meta name=\"robots\" content=\"index, follow, max-snippet:-1, max-image-preview:large, max-video-preview:-1\" \/>\n<link rel=\"canonical\" href=\"https:\/\/www.repricer.com\/es\/repricer-sales-app\/\" \/>\n<meta property=\"og:locale\" content=\"es_ES\" \/>\n<meta property=\"og:type\" content=\"article\" \/>\n<meta property=\"og:title\" content=\"Aplicaci\u00f3n de ventas Repricer\" \/>\n<meta property=\"og:description\" content=\"Revalorice los productos del cat\u00e1logo de eBay al instante y supere a sus competidores de &quot;C\u00f3mpralo ya&quot; con nuestro revalorizador s\u00faper r\u00e1pido de eBay.\" \/>\n<meta property=\"og:url\" content=\"https:\/\/www.repricer.com\/es\/repricer-sales-app\/\" \/>\n<meta property=\"og:site_name\" content=\"The Fastest Amazon Repricer | Repricer.com\" \/>\n<meta property=\"article:publisher\" content=\"https:\/\/www.facebook.com\/repricer\" \/>\n<meta property=\"article:modified_time\" content=\"2025-06-05T09:42:23+00:00\" \/>\n<meta property=\"og:image\" content=\"https:\/\/www.repricer.com\/wp-content\/uploads\/elementor\/thumbs\/btn-google-r26503k6bxclue9xe0q6fsfl4azgpiuvxgkjt76gk8.webp\" \/>\n<meta name=\"twitter:card\" content=\"summary_large_image\" \/>\n<meta name=\"twitter:site\" content=\"@repricer\" \/>\n<meta name=\"twitter:label1\" content=\"Tiempo de lectura\" \/>\n\t<meta name=\"twitter:data1\" content=\"1 minuto\" \/>\n<script type=\"application\/ld+json\" class=\"yoast-schema-graph\">{\"@context\":\"https:\\\/\\\/schema.org\",\"@graph\":[{\"@type\":\"WebPage\",\"@id\":\"https:\\\/\\\/www.repricer.com\\\/es\\\/repricer-sales-app\\\/\",\"url\":\"https:\\\/\\\/www.repricer.com\\\/es\\\/repricer-sales-app\\\/\",\"name\":\"Aplicaci\u00f3n de ventas Repricer - Ganar a la competencia en la \\\"caja de compra\\\" de eBay\",\"isPartOf\":{\"@id\":\"https:\\\/\\\/www.repricer.com\\\/es\\\/#website\"},\"primaryImageOfPage\":{\"@id\":\"https:\\\/\\\/www.repricer.com\\\/es\\\/repricer-sales-app\\\/#primaryimage\"},\"image\":{\"@id\":\"https:\\\/\\\/www.repricer.com\\\/es\\\/repricer-sales-app\\\/#primaryimage\"},\"thumbnailUrl\":\"https:\\\/\\\/www.repricer.com\\\/wp-content\\\/uploads\\\/elementor\\\/thumbs\\\/btn-google-r26503k6bxclue9xe0q6fsfl4azgpiuvxgkjt76gk8.webp\",\"datePublished\":\"2022-10-17T08:30:52+00:00\",\"dateModified\":\"2025-06-05T09:42:23+00:00\",\"description\":\"Revalorice los productos del cat\u00e1logo de eBay al instante y supere a sus competidores de \\\"C\u00f3mpralo ya\\\" con nuestro revalorizador s\u00faper r\u00e1pido de eBay.\",\"breadcrumb\":{\"@id\":\"https:\\\/\\\/www.repricer.com\\\/es\\\/repricer-sales-app\\\/#breadcrumb\"},\"inLanguage\":\"es\",\"potentialAction\":[{\"@type\":\"ReadAction\",\"target\":[\"https:\\\/\\\/www.repricer.com\\\/es\\\/repricer-sales-app\\\/\"]}]},{\"@type\":\"ImageObject\",\"inLanguage\":\"es\",\"@id\":\"https:\\\/\\\/www.repricer.com\\\/es\\\/repricer-sales-app\\\/#primaryimage\",\"url\":\"https:\\\/\\\/www.repricer.com\\\/wp-content\\\/uploads\\\/elementor\\\/thumbs\\\/btn-google-r26503k6bxclue9xe0q6fsfl4azgpiuvxgkjt76gk8.webp\",\"contentUrl\":\"https:\\\/\\\/www.repricer.com\\\/wp-content\\\/uploads\\\/elementor\\\/thumbs\\\/btn-google-r26503k6bxclue9xe0q6fsfl4azgpiuvxgkjt76gk8.webp\"},{\"@type\":\"BreadcrumbList\",\"@id\":\"https:\\\/\\\/www.repricer.com\\\/es\\\/repricer-sales-app\\\/#breadcrumb\",\"itemListElement\":[{\"@type\":\"ListItem\",\"position\":1,\"name\":\"Home\",\"item\":\"https:\\\/\\\/www.repricer.com\\\/es\\\/casa-2\\\/\"},{\"@type\":\"ListItem\",\"position\":2,\"name\":\"Aplicaci\u00f3n de ventas Repricer\"}]},{\"@type\":\"WebSite\",\"@id\":\"https:\\\/\\\/www.repricer.com\\\/es\\\/#website\",\"url\":\"https:\\\/\\\/www.repricer.com\\\/es\\\/\",\"name\":\"The Fastest Amazon Repricer | Repricer.com\",\"description\":\"Haga de Repricer.com su centro de precios \u00fanico conectando todos sus canales de venta, incluyendo Amazon, eBay, Walmart, Shopify y m\u00e1s.\",\"publisher\":{\"@id\":\"https:\\\/\\\/www.repricer.com\\\/es\\\/#organization\"},\"potentialAction\":[{\"@type\":\"SearchAction\",\"target\":{\"@type\":\"EntryPoint\",\"urlTemplate\":\"https:\\\/\\\/www.repricer.com\\\/es\\\/?s={search_term_string}\"},\"query-input\":{\"@type\":\"PropertyValueSpecification\",\"valueRequired\":true,\"valueName\":\"search_term_string\"}}],\"inLanguage\":\"es\"},{\"@type\":\"Organization\",\"@id\":\"https:\\\/\\\/www.repricer.com\\\/es\\\/#organization\",\"name\":\"Repricer.com\",\"url\":\"https:\\\/\\\/www.repricer.com\\\/es\\\/\",\"logo\":{\"@type\":\"ImageObject\",\"inLanguage\":\"es\",\"@id\":\"https:\\\/\\\/www.repricer.com\\\/es\\\/#\\\/schema\\\/logo\\\/image\\\/\",\"url\":\"https:\\\/\\\/www.repricer.com\\\/wp-content\\\/uploads\\\/2022\\\/01\\\/updated-repricer-logo-black.png\",\"contentUrl\":\"https:\\\/\\\/www.repricer.com\\\/wp-content\\\/uploads\\\/2022\\\/01\\\/updated-repricer-logo-black.png\",\"width\":481,\"height\":83,\"caption\":\"Repricer.com\"},\"image\":{\"@id\":\"https:\\\/\\\/www.repricer.com\\\/es\\\/#\\\/schema\\\/logo\\\/image\\\/\"},\"sameAs\":[\"https:\\\/\\\/www.facebook.com\\\/repricer\",\"https:\\\/\\\/x.com\\\/repricer\",\"https:\\\/\\\/www.instagram.com\\\/repricer\\\/\",\"https:\\\/\\\/www.youtube.com\\\/channel\\\/UC_pT73zbB2TIA-jS12y93fA\"]}]}<\/script>\n<!-- \/ Yoast SEO Premium plugin. -->","yoast_head_json":{"title":"Aplicaci\u00f3n de ventas Repricer - Ganar a la competencia en la \"caja de compra\" de eBay","description":"Revalorice los productos del cat\u00e1logo de eBay al instante y supere a sus competidores de \"C\u00f3mpralo ya\" con nuestro revalorizador s\u00faper r\u00e1pido de eBay.","robots":{"index":"index","follow":"follow","max-snippet":"max-snippet:-1","max-image-preview":"max-image-preview:large","max-video-preview":"max-video-preview:-1"},"canonical":"https:\/\/www.repricer.com\/es\/repricer-sales-app\/","og_locale":"es_ES","og_type":"article","og_title":"Aplicaci\u00f3n de ventas Repricer","og_description":"Revalorice los productos del cat\u00e1logo de eBay al instante y supere a sus competidores de \"C\u00f3mpralo ya\" con nuestro revalorizador s\u00faper r\u00e1pido de eBay.","og_url":"https:\/\/www.repricer.com\/es\/repricer-sales-app\/","og_site_name":"The Fastest Amazon Repricer | Repricer.com","article_publisher":"https:\/\/www.facebook.com\/repricer","article_modified_time":"2025-06-05T09:42:23+00:00","og_image":[{"url":"https:\/\/www.repricer.com\/wp-content\/uploads\/elementor\/thumbs\/btn-google-r26503k6bxclue9xe0q6fsfl4azgpiuvxgkjt76gk8.webp","type":"","width":"","height":""}],"twitter_card":"summary_large_image","twitter_site":"@repricer","twitter_misc":{"Tiempo de lectura":"1 minuto"},"schema":{"@context":"https:\/\/schema.org","@graph":[{"@type":"WebPage","@id":"https:\/\/www.repricer.com\/es\/repricer-sales-app\/","url":"https:\/\/www.repricer.com\/es\/repricer-sales-app\/","name":"Aplicaci\u00f3n de ventas Repricer - Ganar a la competencia en la \"caja de compra\" de eBay","isPartOf":{"@id":"https:\/\/www.repricer.com\/es\/#website"},"primaryImageOfPage":{"@id":"https:\/\/www.repricer.com\/es\/repricer-sales-app\/#primaryimage"},"image":{"@id":"https:\/\/www.repricer.com\/es\/repricer-sales-app\/#primaryimage"},"thumbnailUrl":"https:\/\/www.repricer.com\/wp-content\/uploads\/elementor\/thumbs\/btn-google-r26503k6bxclue9xe0q6fsfl4azgpiuvxgkjt76gk8.webp","datePublished":"2022-10-17T08:30:52+00:00","dateModified":"2025-06-05T09:42:23+00:00","description":"Revalorice los productos del cat\u00e1logo de eBay al instante y supere a sus competidores de \"C\u00f3mpralo ya\" con nuestro revalorizador s\u00faper r\u00e1pido de eBay.","breadcrumb":{"@id":"https:\/\/www.repricer.com\/es\/repricer-sales-app\/#breadcrumb"},"inLanguage":"es","potentialAction":[{"@type":"ReadAction","target":["https:\/\/www.repricer.com\/es\/repricer-sales-app\/"]}]},{"@type":"ImageObject","inLanguage":"es","@id":"https:\/\/www.repricer.com\/es\/repricer-sales-app\/#primaryimage","url":"https:\/\/www.repricer.com\/wp-content\/uploads\/elementor\/thumbs\/btn-google-r26503k6bxclue9xe0q6fsfl4azgpiuvxgkjt76gk8.webp","contentUrl":"https:\/\/www.repricer.com\/wp-content\/uploads\/elementor\/thumbs\/btn-google-r26503k6bxclue9xe0q6fsfl4azgpiuvxgkjt76gk8.webp"},{"@type":"BreadcrumbList","@id":"https:\/\/www.repricer.com\/es\/repricer-sales-app\/#breadcrumb","itemListElement":[{"@type":"ListItem","position":1,"name":"Home","item":"https:\/\/www.repricer.com\/es\/casa-2\/"},{"@type":"ListItem","position":2,"name":"Aplicaci\u00f3n de ventas Repricer"}]},{"@type":"WebSite","@id":"https:\/\/www.repricer.com\/es\/#website","url":"https:\/\/www.repricer.com\/es\/","name":"The Fastest Amazon Repricer | Repricer.com","description":"Haga de Repricer.com su centro de precios \u00fanico conectando todos sus canales de venta, incluyendo Amazon, eBay, Walmart, Shopify y m\u00e1s.","publisher":{"@id":"https:\/\/www.repricer.com\/es\/#organization"},"potentialAction":[{"@type":"SearchAction","target":{"@type":"EntryPoint","urlTemplate":"https:\/\/www.repricer.com\/es\/?s={search_term_string}"},"query-input":{"@type":"PropertyValueSpecification","valueRequired":true,"valueName":"search_term_string"}}],"inLanguage":"es"},{"@type":"Organization","@id":"https:\/\/www.repricer.com\/es\/#organization","name":"Repricer.com","url":"https:\/\/www.repricer.com\/es\/","logo":{"@type":"ImageObject","inLanguage":"es","@id":"https:\/\/www.repricer.com\/es\/#\/schema\/logo\/image\/","url":"https:\/\/www.repricer.com\/wp-content\/uploads\/2022\/01\/updated-repricer-logo-black.png","contentUrl":"https:\/\/www.repricer.com\/wp-content\/uploads\/2022\/01\/updated-repricer-logo-black.png","width":481,"height":83,"caption":"Repricer.com"},"image":{"@id":"https:\/\/www.repricer.com\/es\/#\/schema\/logo\/image\/"},"sameAs":["https:\/\/www.facebook.com\/repricer","https:\/\/x.com\/repricer","https:\/\/www.instagram.com\/repricer\/","https:\/\/www.youtube.com\/channel\/UC_pT73zbB2TIA-jS12y93fA"]}]}},"_links":{"self":[{"href":"https:\/\/www.repricer.com\/es\/wp-json\/wp\/v2\/pages\/8447","targetHints":{"allow":["GET"]}}],"collection":[{"href":"https:\/\/www.repricer.com\/es\/wp-json\/wp\/v2\/pages"}],"about":[{"href":"https:\/\/www.repricer.com\/es\/wp-json\/wp\/v2\/types\/page"}],"author":[{"embeddable":true,"href":"https:\/\/www.repricer.com\/es\/wp-json\/wp\/v2\/users\/35"}],"replies":[{"embeddable":true,"href":"https:\/\/www.repricer.com\/es\/wp-json\/wp\/v2\/comments?post=8447"}],"version-history":[{"count":2,"href":"https:\/\/www.repricer.com\/es\/wp-json\/wp\/v2\/pages\/8447\/revisions"}],"predecessor-version":[{"id":43000,"href":"https:\/\/www.repricer.com\/es\/wp-json\/wp\/v2\/pages\/8447\/revisions\/43000"}],"wp:attachment":[{"href":"https:\/\/www.repricer.com\/es\/wp-json\/wp\/v2\/media?parent=8447"}],"curies":[{"name":"wp","href":"https:\/\/api.w.org\/{rel}","templated":true}]}}