{"id":12929,"date":"2023-05-22T09:58:37","date_gmt":"2023-05-22T09:58:37","guid":{"rendered":"https:\/\/repricer.kinsta.cloud\/danum-fulfilment-services\/"},"modified":"2025-06-05T09:42:09","modified_gmt":"2025-06-05T09:42:09","slug":"danum-fulfilment-services","status":"publish","type":"page","link":"https:\/\/www.repricer.com\/fr\/danum-fulfilment-services\/","title":{"rendered":"Page des partenaires de Danum Fulfilment Services"},"content":{"rendered":"\t\t<div data-elementor-type=\"wp-page\" data-elementor-id=\"12929\" class=\"elementor elementor-12929 elementor-12898\" data-elementor-post-type=\"page\">\n\t\t\t\t\t\t<section class=\"elementor-section elementor-top-section elementor-element elementor-element-c7e55b7 elementor-section-boxed elementor-section-height-default elementor-section-height-default\" data-id=\"c7e55b7\" data-element_type=\"section\" data-e-type=\"section\">\n\t\t\t\t\t\t<div class=\"elementor-container elementor-column-gap-default\">\n\t\t\t\t\t<div class=\"elementor-column elementor-col-100 elementor-top-column elementor-element elementor-element-d9d5ed6\" data-id=\"d9d5ed6\" data-element_type=\"column\" data-e-type=\"column\">\n\t\t\t<div class=\"elementor-widget-wrap elementor-element-populated\">\n\t\t\t\t\t\t<div class=\"elementor-element elementor-element-aef701a elementor-widget elementor-widget-spacer\" data-id=\"aef701a\" data-element_type=\"widget\" data-e-type=\"widget\" data-widget_type=\"spacer.default\">\n\t\t\t\t<div class=\"elementor-widget-container\">\n\t\t\t\t\t\t\t<div class=\"elementor-spacer\">\n\t\t\t<div class=\"elementor-spacer-inner\"><\/div>\n\t\t<\/div>\n\t\t\t\t\t\t<\/div>\n\t\t\t\t<\/div>\n\t\t\t\t\t<\/div>\n\t\t<\/div>\n\t\t\t\t\t<\/div>\n\t\t<\/section>\n\t\t\t\t<section class=\"elementor-section elementor-top-section elementor-element elementor-element-e5a4c66 elementor-section-boxed elementor-section-height-default elementor-section-height-default\" data-id=\"e5a4c66\" data-element_type=\"section\" data-e-type=\"section\">\n\t\t\t\t\t\t<div class=\"elementor-container elementor-column-gap-default\">\n\t\t\t\t\t<div class=\"elementor-column elementor-col-50 elementor-top-column elementor-element elementor-element-567b133\" data-id=\"567b133\" data-element_type=\"column\" data-e-type=\"column\">\n\t\t\t<div class=\"elementor-widget-wrap elementor-element-populated\">\n\t\t\t\t\t\t<div class=\"elementor-element elementor-element-4353d99 elementor-widget elementor-widget-image\" data-id=\"4353d99\" data-element_type=\"widget\" data-e-type=\"widget\" data-widget_type=\"image.default\">\n\t\t\t\t<div class=\"elementor-widget-container\">\n\t\t\t\t\t\t\t\t\t\t\t\t\t\t\t<img fetchpriority=\"high\" decoding=\"async\" width=\"2560\" height=\"974\" src=\"https:\/\/www.repricer.com\/wp-content\/uploads\/2024\/02\/Danum-Logo-v2.0-scaled.jpg\" class=\"attachment-full size-full wp-image-22867\" alt=\"Danum Logo\" srcset=\"https:\/\/www.repricer.com\/wp-content\/uploads\/2024\/02\/Danum-Logo-v2.0-scaled.jpg 2560w, https:\/\/www.repricer.com\/wp-content\/uploads\/2024\/02\/Danum-Logo-v2.0-300x114.jpg 300w, https:\/\/www.repricer.com\/wp-content\/uploads\/2024\/02\/Danum-Logo-v2.0-1024x390.jpg 1024w, https:\/\/www.repricer.com\/wp-content\/uploads\/2024\/02\/Danum-Logo-v2.0-768x292.jpg 768w, https:\/\/www.repricer.com\/wp-content\/uploads\/2024\/02\/Danum-Logo-v2.0-1536x584.jpg 1536w, https:\/\/www.repricer.com\/wp-content\/uploads\/2024\/02\/Danum-Logo-v2.0-2048x779.jpg 2048w\" sizes=\"(max-width: 2560px) 100vw, 2560px\" \/>\t\t\t\t\t\t\t\t\t\t\t\t\t\t\t<\/div>\n\t\t\t\t<\/div>\n\t\t\t\t<div class=\"elementor-element elementor-element-60173bc elementor-widget elementor-widget-spacer\" data-id=\"60173bc\" data-element_type=\"widget\" data-e-type=\"widget\" data-widget_type=\"spacer.default\">\n\t\t\t\t<div class=\"elementor-widget-container\">\n\t\t\t\t\t\t\t<div class=\"elementor-spacer\">\n\t\t\t<div class=\"elementor-spacer-inner\"><\/div>\n\t\t<\/div>\n\t\t\t\t\t\t<\/div>\n\t\t\t\t<\/div>\n\t\t\t\t<section class=\"elementor-section elementor-inner-section elementor-element elementor-element-915df8d elementor-section-boxed elementor-section-height-default elementor-section-height-default\" data-id=\"915df8d\" data-element_type=\"section\" data-e-type=\"section\">\n\t\t\t\t\t\t<div class=\"elementor-container elementor-column-gap-default\">\n\t\t\t\t\t<div class=\"elementor-column elementor-col-50 elementor-inner-column elementor-element elementor-element-9d3cbed\" data-id=\"9d3cbed\" data-element_type=\"column\" data-e-type=\"column\">\n\t\t\t<div class=\"elementor-widget-wrap elementor-element-populated\">\n\t\t\t\t\t\t<div class=\"elementor-element elementor-element-0ba206e elementor-view-default elementor-widget elementor-widget-icon\" data-id=\"0ba206e\" data-element_type=\"widget\" data-e-type=\"widget\" data-widget_type=\"icon.default\">\n\t\t\t\t<div class=\"elementor-widget-container\">\n\t\t\t\t\t\t\t<div class=\"elementor-icon-wrapper\">\n\t\t\t<div class=\"elementor-icon\">\n\t\t\t<i aria-hidden=\"true\" class=\"fas fa-map-marker-alt\"><\/i>\t\t\t<\/div>\n\t\t<\/div>\n\t\t\t\t\t\t<\/div>\n\t\t\t\t<\/div>\n\t\t\t\t\t<\/div>\n\t\t<\/div>\n\t\t\t\t<div class=\"elementor-column elementor-col-50 elementor-inner-column elementor-element elementor-element-0557044\" data-id=\"0557044\" data-element_type=\"column\" data-e-type=\"column\">\n\t\t\t<div class=\"elementor-widget-wrap elementor-element-populated\">\n\t\t\t\t\t\t<div class=\"elementor-element elementor-element-2472255 elementor-widget elementor-widget-heading\" data-id=\"2472255\" data-element_type=\"widget\" data-e-type=\"widget\" data-widget_type=\"heading.default\">\n\t\t\t\t<div class=\"elementor-widget-container\">\n\t\t\t\t\t<h5 class=\"elementor-heading-title elementor-size-default\">South Yorkshire, Royaume-Uni<\/h5>\t\t\t\t<\/div>\n\t\t\t\t<\/div>\n\t\t\t\t\t<\/div>\n\t\t<\/div>\n\t\t\t\t\t<\/div>\n\t\t<\/section>\n\t\t\t\t\t<\/div>\n\t\t<\/div>\n\t\t\t\t<div class=\"elementor-column elementor-col-50 elementor-top-column elementor-element elementor-element-8d9edf1\" data-id=\"8d9edf1\" data-element_type=\"column\" data-e-type=\"column\">\n\t\t\t<div class=\"elementor-widget-wrap\">\n\t\t\t\t\t\t\t<\/div>\n\t\t<\/div>\n\t\t\t\t\t<\/div>\n\t\t<\/section>\n\t\t\t\t<section class=\"elementor-section elementor-top-section elementor-element elementor-element-976ded2 elementor-section-boxed elementor-section-height-default elementor-section-height-default\" data-id=\"976ded2\" data-element_type=\"section\" data-e-type=\"section\">\n\t\t\t\t\t\t<div class=\"elementor-container elementor-column-gap-default\">\n\t\t\t\t\t<div class=\"elementor-column elementor-col-100 elementor-top-column elementor-element elementor-element-ce4ebc9\" data-id=\"ce4ebc9\" data-element_type=\"column\" data-e-type=\"column\">\n\t\t\t<div class=\"elementor-widget-wrap elementor-element-populated\">\n\t\t\t\t\t\t<div class=\"elementor-element elementor-element-af4bc64 elementor-widget elementor-widget-spacer\" data-id=\"af4bc64\" data-element_type=\"widget\" data-e-type=\"widget\" data-widget_type=\"spacer.default\">\n\t\t\t\t<div class=\"elementor-widget-container\">\n\t\t\t\t\t\t\t<div class=\"elementor-spacer\">\n\t\t\t<div class=\"elementor-spacer-inner\"><\/div>\n\t\t<\/div>\n\t\t\t\t\t\t<\/div>\n\t\t\t\t<\/div>\n\t\t\t\t<div class=\"elementor-element elementor-element-2e05265 elementor-widget elementor-widget-heading\" data-id=\"2e05265\" data-element_type=\"widget\" data-e-type=\"widget\" data-widget_type=\"heading.default\">\n\t\t\t\t<div class=\"elementor-widget-container\">\n\t\t\t\t\t<h4 class=\"elementor-heading-title elementor-size-default\">\u00c0 propos de Danum Fulfilment Services<\/h4>\t\t\t\t<\/div>\n\t\t\t\t<\/div>\n\t\t\t\t\t<\/div>\n\t\t<\/div>\n\t\t\t\t\t<\/div>\n\t\t<\/section>\n\t\t\t\t<section class=\"elementor-section elementor-top-section elementor-element elementor-element-60e056d elementor-section-boxed elementor-section-height-default elementor-section-height-default\" data-id=\"60e056d\" data-element_type=\"section\" data-e-type=\"section\">\n\t\t\t\t\t\t<div class=\"elementor-container elementor-column-gap-default\">\n\t\t\t\t\t<div class=\"elementor-column elementor-col-100 elementor-top-column elementor-element elementor-element-44b01f8\" data-id=\"44b01f8\" data-element_type=\"column\" data-e-type=\"column\">\n\t\t\t<div class=\"elementor-widget-wrap elementor-element-populated\">\n\t\t\t\t\t\t<div class=\"elementor-element elementor-element-e0cb1fe elementor-widget elementor-widget-text-editor\" data-id=\"e0cb1fe\" data-element_type=\"widget\" data-e-type=\"widget\" data-widget_type=\"text-editor.default\">\n\t\t\t\t<div class=\"elementor-widget-container\">\n\t\t\t\t\t\t\t\t\t<p>Danum Fulfilment Services est bas\u00e9 dans le South Yorkshire, au Royaume-Uni, et propose une gamme compl\u00e8te de solutions d&rsquo;ex\u00e9cution et de pr\u00e9paration avec un grand souci du d\u00e9tail.<\/p><p>\u00c0 des tarifs tr\u00e8s comp\u00e9titifs, vos marges b\u00e9n\u00e9ficiaires seront grandement am\u00e9lior\u00e9es, sans sacrifier la rapidit\u00e9 ou la qualit\u00e9. En tant que vendeurs Amazon et d\u00e9taillants en ligne, l&rsquo;\u00e9quipe de Danum est pr\u00eate \u00e0 faire passer votre entreprise au niveau sup\u00e9rieur.<\/p>\t\t\t\t\t\t\t\t<\/div>\n\t\t\t\t<\/div>\n\t\t\t\t<div class=\"elementor-element elementor-element-38d5ec2 elementor-widget elementor-widget-heading\" data-id=\"38d5ec2\" data-element_type=\"widget\" data-e-type=\"widget\" data-widget_type=\"heading.default\">\n\t\t\t\t<div class=\"elementor-widget-container\">\n\t\t\t\t\t<h5 class=\"elementor-heading-title elementor-size-default\">** Offre sp\u00e9ciale Repricer **<\/h5>\t\t\t\t<\/div>\n\t\t\t\t<\/div>\n\t\t\t\t<div class=\"elementor-element elementor-element-c1430ad elementor-widget elementor-widget-text-editor\" data-id=\"c1430ad\" data-element_type=\"widget\" data-e-type=\"widget\" data-widget_type=\"text-editor.default\">\n\t\t\t\t<div class=\"elementor-widget-container\">\n\t\t\t\t\t\t\t\t\t<p>Les clients se verront offrir un cr\u00e9dit de 500 livres sterling sur leur facture, qu&rsquo;ils pourront utiliser au cours du premier trimestre d&rsquo;activit\u00e9 de Danum Fulfilment Services. Ce montant sera automatiquement d\u00e9duit des factures jusqu&rsquo;\u00e0 ce que le cr\u00e9dit soit \u00e9puis\u00e9.<\/p><p>En outre, jusqu&rsquo;\u00e0 60 jours de stockage gratuit pendant 1 an. Cette offre sera disponible jusqu&rsquo;\u00e0 la fin de l&rsquo;ann\u00e9e 2024.<\/p><p>L&rsquo;int\u00e9gration sera gratuite si vous vous adressez \u00e0 Danum pour compl\u00e9ter les informations sur vos produits pour le contr\u00f4le des stocks, l&rsquo;application d&rsquo;\u00e9tiquettes, etc.<\/p><p>Profitez de cette offre sp\u00e9ciale en envoyant un courriel \u00e0 <a href=\"mailto:info@danum3pl.com\" target=\"_blank\" rel=\"noopener\">info@danum3pl.com<\/a> en mentionnant <strong>REP500<\/strong>.<\/p>\t\t\t\t\t\t\t\t<\/div>\n\t\t\t\t<\/div>\n\t\t\t\t<div class=\"elementor-element elementor-element-eb907f2 elementor-mobile-align-center elementor-widget elementor-widget-button\" data-id=\"eb907f2\" data-element_type=\"widget\" data-e-type=\"widget\" data-widget_type=\"button.default\">\n\t\t\t\t<div class=\"elementor-widget-container\">\n\t\t\t\t\t\t\t\t\t<div class=\"elementor-button-wrapper\">\n\t\t\t\t\t<a class=\"elementor-button elementor-button-link elementor-size-md\" href=\"https:\/\/www.danum3pl.com\" target=\"_blank\">\n\t\t\t\t\t\t<span class=\"elementor-button-content-wrapper\">\n\t\t\t\t\t\t\t\t\t<span class=\"elementor-button-text\">Visitez Danum Fulfilment Services<\/span>\n\t\t\t\t\t<\/span>\n\t\t\t\t\t<\/a>\n\t\t\t\t<\/div>\n\t\t\t\t\t\t\t\t<\/div>\n\t\t\t\t<\/div>\n\t\t\t\t\t<\/div>\n\t\t<\/div>\n\t\t\t\t\t<\/div>\n\t\t<\/section>\n\t\t\t\t<\/div>\n\t\t","protected":false},"excerpt":{"rendered":"<p>South Yorkshire, Royaume-Uni \u00c0 propos de Danum Fulfilment Services Danum Fulfilment Services est bas\u00e9 dans le South Yorkshire, au Royaume-Uni, et propose une gamme compl\u00e8te de solutions d&rsquo;ex\u00e9cution et de pr\u00e9paration avec un grand souci du d\u00e9tail. \u00c0 des tarifs tr\u00e8s comp\u00e9titifs, vos marges b\u00e9n\u00e9ficiaires seront grandement am\u00e9lior\u00e9es, sans sacrifier la rapidit\u00e9 ou la qualit\u00e9. [&hellip;]<\/p>\n","protected":false},"author":34,"featured_media":20209,"parent":0,"menu_order":0,"comment_status":"closed","ping_status":"closed","template":"","meta":{"inline_featured_image":false,"footnotes":""},"class_list":["post-12929","page","type-page","status-publish","has-post-thumbnail","hentry"],"yoast_head":"<!-- This site is optimized with the Yoast SEO Premium plugin v27.4 (Yoast SEO v27.5) - https:\/\/yoast.com\/product\/yoast-seo-premium-wordpress\/ -->\n<title>Page partenaires de Danum Fulfilment Services<\/title>\n<meta name=\"description\" content=\"Repricer.com est le num\u00e9ro 1 de l&#039;Internet. Amazon repricer qui aide les vendeurs en ligne \u00e0 optimiser leur strat\u00e9gie de prix pour augmenter leurs ventes et leurs profits !\" \/>\n<meta name=\"robots\" content=\"noindex, nofollow\" \/>\n<meta property=\"og:locale\" content=\"fr_FR\" \/>\n<meta property=\"og:type\" content=\"article\" \/>\n<meta property=\"og:title\" content=\"Page des partenaires de Danum Fulfilment Services\" \/>\n<meta property=\"og:description\" content=\"Repricer.com est le num\u00e9ro 1 de l&#039;Internet. Amazon repricer qui aide les vendeurs en ligne \u00e0 optimiser leur strat\u00e9gie de prix pour augmenter leurs ventes et leurs profits !\" \/>\n<meta property=\"og:url\" content=\"https:\/\/www.repricer.com\/fr\/danum-fulfilment-services\/\" \/>\n<meta property=\"og:site_name\" content=\"The Fastest Amazon Repricer | Repricer.com\" \/>\n<meta property=\"article:publisher\" content=\"https:\/\/www.facebook.com\/repricer\" \/>\n<meta property=\"article:modified_time\" content=\"2025-06-05T09:42:09+00:00\" \/>\n<meta property=\"og:image\" content=\"https:\/\/www.repricer.com\/wp-content\/uploads\/2023\/11\/repricer-vector-logo.png\" \/>\n\t<meta property=\"og:image:width\" content=\"1080\" \/>\n\t<meta property=\"og:image:height\" content=\"1080\" \/>\n\t<meta property=\"og:image:type\" content=\"image\/png\" \/>\n<meta name=\"twitter:card\" content=\"summary_large_image\" \/>\n<meta name=\"twitter:site\" content=\"@repricer\" \/>\n<meta name=\"twitter:label1\" content=\"Dur\u00e9e de lecture estim\u00e9e\" \/>\n\t<meta name=\"twitter:data1\" content=\"1 minute\" \/>\n<script type=\"application\/ld+json\" class=\"yoast-schema-graph\">{\"@context\":\"https:\\\/\\\/schema.org\",\"@graph\":[{\"@type\":\"WebPage\",\"@id\":\"https:\\\/\\\/www.repricer.com\\\/fr\\\/danum-fulfilment-services\\\/\",\"url\":\"https:\\\/\\\/www.repricer.com\\\/fr\\\/danum-fulfilment-services\\\/\",\"name\":\"Page partenaires de Danum Fulfilment Services\",\"isPartOf\":{\"@id\":\"https:\\\/\\\/www.repricer.com\\\/fr\\\/#website\"},\"primaryImageOfPage\":{\"@id\":\"https:\\\/\\\/www.repricer.com\\\/fr\\\/danum-fulfilment-services\\\/#primaryimage\"},\"image\":{\"@id\":\"https:\\\/\\\/www.repricer.com\\\/fr\\\/danum-fulfilment-services\\\/#primaryimage\"},\"thumbnailUrl\":\"https:\\\/\\\/www.repricer.com\\\/wp-content\\\/uploads\\\/2023\\\/11\\\/repricer-vector-logo.png\",\"datePublished\":\"2023-05-22T09:58:37+00:00\",\"dateModified\":\"2025-06-05T09:42:09+00:00\",\"description\":\"Repricer.com est le num\u00e9ro 1 de l'Internet. Amazon repricer qui aide les vendeurs en ligne \u00e0 optimiser leur strat\u00e9gie de prix pour augmenter leurs ventes et leurs profits !\",\"breadcrumb\":{\"@id\":\"https:\\\/\\\/www.repricer.com\\\/fr\\\/danum-fulfilment-services\\\/#breadcrumb\"},\"inLanguage\":\"fr-FR\",\"potentialAction\":[{\"@type\":\"ReadAction\",\"target\":[\"https:\\\/\\\/www.repricer.com\\\/fr\\\/danum-fulfilment-services\\\/\"]}]},{\"@type\":\"ImageObject\",\"inLanguage\":\"fr-FR\",\"@id\":\"https:\\\/\\\/www.repricer.com\\\/fr\\\/danum-fulfilment-services\\\/#primaryimage\",\"url\":\"https:\\\/\\\/www.repricer.com\\\/wp-content\\\/uploads\\\/2023\\\/11\\\/repricer-vector-logo.png\",\"contentUrl\":\"https:\\\/\\\/www.repricer.com\\\/wp-content\\\/uploads\\\/2023\\\/11\\\/repricer-vector-logo.png\",\"width\":1080,\"height\":1080},{\"@type\":\"BreadcrumbList\",\"@id\":\"https:\\\/\\\/www.repricer.com\\\/fr\\\/danum-fulfilment-services\\\/#breadcrumb\",\"itemListElement\":[{\"@type\":\"ListItem\",\"position\":1,\"name\":\"Home\",\"item\":\"https:\\\/\\\/www.repricer.com\\\/fr\\\/home-2\\\/\"},{\"@type\":\"ListItem\",\"position\":2,\"name\":\"Page des partenaires de Danum Fulfilment Services\"}]},{\"@type\":\"WebSite\",\"@id\":\"https:\\\/\\\/www.repricer.com\\\/fr\\\/#website\",\"url\":\"https:\\\/\\\/www.repricer.com\\\/fr\\\/\",\"name\":\"The Fastest Amazon Repricer | Repricer.com\",\"description\":\"Faites de Repricer.com votre centre de tarification unique en connectant tous vos canaux de vente, y compris Amazon, eBay, Walmart, Shopify et plus encore.\",\"publisher\":{\"@id\":\"https:\\\/\\\/www.repricer.com\\\/fr\\\/#organization\"},\"potentialAction\":[{\"@type\":\"SearchAction\",\"target\":{\"@type\":\"EntryPoint\",\"urlTemplate\":\"https:\\\/\\\/www.repricer.com\\\/fr\\\/?s={search_term_string}\"},\"query-input\":{\"@type\":\"PropertyValueSpecification\",\"valueRequired\":true,\"valueName\":\"search_term_string\"}}],\"inLanguage\":\"fr-FR\"},{\"@type\":\"Organization\",\"@id\":\"https:\\\/\\\/www.repricer.com\\\/fr\\\/#organization\",\"name\":\"Repricer.com\",\"url\":\"https:\\\/\\\/www.repricer.com\\\/fr\\\/\",\"logo\":{\"@type\":\"ImageObject\",\"inLanguage\":\"fr-FR\",\"@id\":\"https:\\\/\\\/www.repricer.com\\\/fr\\\/#\\\/schema\\\/logo\\\/image\\\/\",\"url\":\"https:\\\/\\\/www.repricer.com\\\/wp-content\\\/uploads\\\/2022\\\/01\\\/updated-repricer-logo-black.png\",\"contentUrl\":\"https:\\\/\\\/www.repricer.com\\\/wp-content\\\/uploads\\\/2022\\\/01\\\/updated-repricer-logo-black.png\",\"width\":481,\"height\":83,\"caption\":\"Repricer.com\"},\"image\":{\"@id\":\"https:\\\/\\\/www.repricer.com\\\/fr\\\/#\\\/schema\\\/logo\\\/image\\\/\"},\"sameAs\":[\"https:\\\/\\\/www.facebook.com\\\/repricer\",\"https:\\\/\\\/x.com\\\/repricer\",\"https:\\\/\\\/www.instagram.com\\\/repricer\\\/\",\"https:\\\/\\\/www.youtube.com\\\/channel\\\/UC_pT73zbB2TIA-jS12y93fA\"]}]}<\/script>\n<!-- \/ Yoast SEO Premium plugin. -->","yoast_head_json":{"title":"Page partenaires de Danum Fulfilment Services","description":"Repricer.com est le num\u00e9ro 1 de l'Internet. Amazon repricer qui aide les vendeurs en ligne \u00e0 optimiser leur strat\u00e9gie de prix pour augmenter leurs ventes et leurs profits !","robots":{"index":"noindex","follow":"nofollow"},"og_locale":"fr_FR","og_type":"article","og_title":"Page des partenaires de Danum Fulfilment Services","og_description":"Repricer.com est le num\u00e9ro 1 de l'Internet. Amazon repricer qui aide les vendeurs en ligne \u00e0 optimiser leur strat\u00e9gie de prix pour augmenter leurs ventes et leurs profits !","og_url":"https:\/\/www.repricer.com\/fr\/danum-fulfilment-services\/","og_site_name":"The Fastest Amazon Repricer | Repricer.com","article_publisher":"https:\/\/www.facebook.com\/repricer","article_modified_time":"2025-06-05T09:42:09+00:00","og_image":[{"width":1080,"height":1080,"url":"https:\/\/www.repricer.com\/wp-content\/uploads\/2023\/11\/repricer-vector-logo.png","type":"image\/png"}],"twitter_card":"summary_large_image","twitter_site":"@repricer","twitter_misc":{"Dur\u00e9e de lecture estim\u00e9e":"1 minute"},"schema":{"@context":"https:\/\/schema.org","@graph":[{"@type":"WebPage","@id":"https:\/\/www.repricer.com\/fr\/danum-fulfilment-services\/","url":"https:\/\/www.repricer.com\/fr\/danum-fulfilment-services\/","name":"Page partenaires de Danum Fulfilment Services","isPartOf":{"@id":"https:\/\/www.repricer.com\/fr\/#website"},"primaryImageOfPage":{"@id":"https:\/\/www.repricer.com\/fr\/danum-fulfilment-services\/#primaryimage"},"image":{"@id":"https:\/\/www.repricer.com\/fr\/danum-fulfilment-services\/#primaryimage"},"thumbnailUrl":"https:\/\/www.repricer.com\/wp-content\/uploads\/2023\/11\/repricer-vector-logo.png","datePublished":"2023-05-22T09:58:37+00:00","dateModified":"2025-06-05T09:42:09+00:00","description":"Repricer.com est le num\u00e9ro 1 de l'Internet. Amazon repricer qui aide les vendeurs en ligne \u00e0 optimiser leur strat\u00e9gie de prix pour augmenter leurs ventes et leurs profits !","breadcrumb":{"@id":"https:\/\/www.repricer.com\/fr\/danum-fulfilment-services\/#breadcrumb"},"inLanguage":"fr-FR","potentialAction":[{"@type":"ReadAction","target":["https:\/\/www.repricer.com\/fr\/danum-fulfilment-services\/"]}]},{"@type":"ImageObject","inLanguage":"fr-FR","@id":"https:\/\/www.repricer.com\/fr\/danum-fulfilment-services\/#primaryimage","url":"https:\/\/www.repricer.com\/wp-content\/uploads\/2023\/11\/repricer-vector-logo.png","contentUrl":"https:\/\/www.repricer.com\/wp-content\/uploads\/2023\/11\/repricer-vector-logo.png","width":1080,"height":1080},{"@type":"BreadcrumbList","@id":"https:\/\/www.repricer.com\/fr\/danum-fulfilment-services\/#breadcrumb","itemListElement":[{"@type":"ListItem","position":1,"name":"Home","item":"https:\/\/www.repricer.com\/fr\/home-2\/"},{"@type":"ListItem","position":2,"name":"Page des partenaires de Danum Fulfilment Services"}]},{"@type":"WebSite","@id":"https:\/\/www.repricer.com\/fr\/#website","url":"https:\/\/www.repricer.com\/fr\/","name":"The Fastest Amazon Repricer | Repricer.com","description":"Faites de Repricer.com votre centre de tarification unique en connectant tous vos canaux de vente, y compris Amazon, eBay, Walmart, Shopify et plus encore.","publisher":{"@id":"https:\/\/www.repricer.com\/fr\/#organization"},"potentialAction":[{"@type":"SearchAction","target":{"@type":"EntryPoint","urlTemplate":"https:\/\/www.repricer.com\/fr\/?s={search_term_string}"},"query-input":{"@type":"PropertyValueSpecification","valueRequired":true,"valueName":"search_term_string"}}],"inLanguage":"fr-FR"},{"@type":"Organization","@id":"https:\/\/www.repricer.com\/fr\/#organization","name":"Repricer.com","url":"https:\/\/www.repricer.com\/fr\/","logo":{"@type":"ImageObject","inLanguage":"fr-FR","@id":"https:\/\/www.repricer.com\/fr\/#\/schema\/logo\/image\/","url":"https:\/\/www.repricer.com\/wp-content\/uploads\/2022\/01\/updated-repricer-logo-black.png","contentUrl":"https:\/\/www.repricer.com\/wp-content\/uploads\/2022\/01\/updated-repricer-logo-black.png","width":481,"height":83,"caption":"Repricer.com"},"image":{"@id":"https:\/\/www.repricer.com\/fr\/#\/schema\/logo\/image\/"},"sameAs":["https:\/\/www.facebook.com\/repricer","https:\/\/x.com\/repricer","https:\/\/www.instagram.com\/repricer\/","https:\/\/www.youtube.com\/channel\/UC_pT73zbB2TIA-jS12y93fA"]}]}},"_links":{"self":[{"href":"https:\/\/www.repricer.com\/fr\/wp-json\/wp\/v2\/pages\/12929","targetHints":{"allow":["GET"]}}],"collection":[{"href":"https:\/\/www.repricer.com\/fr\/wp-json\/wp\/v2\/pages"}],"about":[{"href":"https:\/\/www.repricer.com\/fr\/wp-json\/wp\/v2\/types\/page"}],"author":[{"embeddable":true,"href":"https:\/\/www.repricer.com\/fr\/wp-json\/wp\/v2\/users\/34"}],"replies":[{"embeddable":true,"href":"https:\/\/www.repricer.com\/fr\/wp-json\/wp\/v2\/comments?post=12929"}],"version-history":[{"count":2,"href":"https:\/\/www.repricer.com\/fr\/wp-json\/wp\/v2\/pages\/12929\/revisions"}],"predecessor-version":[{"id":42991,"href":"https:\/\/www.repricer.com\/fr\/wp-json\/wp\/v2\/pages\/12929\/revisions\/42991"}],"wp:featuredmedia":[{"embeddable":true,"href":"https:\/\/www.repricer.com\/fr\/wp-json\/wp\/v2\/media\/20209"}],"wp:attachment":[{"href":"https:\/\/www.repricer.com\/fr\/wp-json\/wp\/v2\/media?parent=12929"}],"curies":[{"name":"wp","href":"https:\/\/api.w.org\/{rel}","templated":true}]}}