{"id":26170,"date":"2024-11-19T15:57:37","date_gmt":"2024-11-19T15:57:37","guid":{"rendered":"https:\/\/repricer.kinsta.cloud\/histoire-de-reussite\/temoignage-dun-client-de-repricer-com-forde-baker\/"},"modified":"2024-12-20T10:58:09","modified_gmt":"2024-12-20T10:58:09","slug":"temoignage-dun-client-de-repricer-com-forde-baker","status":"publish","type":"page","link":"https:\/\/www.repricer.com\/fr\/histoire-de-reussite\/temoignage-dun-client-de-repricer-com-forde-baker\/","title":{"rendered":"T\u00e9moignage d&rsquo;un client de Repricer.com &#8211; Forde Baker"},"content":{"rendered":"\t\t<div data-elementor-type=\"wp-page\" data-elementor-id=\"26170\" class=\"elementor elementor-26170 elementor-25883\" data-elementor-post-type=\"page\">\n\t\t\t\t<div class=\"elementor-element elementor-element-93b0aad e-flex e-con-boxed e-con e-parent\" data-id=\"93b0aad\" data-element_type=\"container\" data-e-type=\"container\">\n\t\t\t\t\t<div class=\"e-con-inner\">\n\t\t<div class=\"elementor-element elementor-element-67eae65 e-flex e-con-boxed e-con e-child\" data-id=\"67eae65\" data-element_type=\"container\" data-e-type=\"container\" data-settings=\"{&quot;background_background&quot;:&quot;classic&quot;}\">\n\t\t\t\t\t<div class=\"e-con-inner\">\n\t\t<div class=\"elementor-element elementor-element-43ffee4 e-con-full e-flex e-con e-child\" data-id=\"43ffee4\" data-element_type=\"container\" data-e-type=\"container\">\n\t\t\t\t<div class=\"elementor-element elementor-element-3b2f563 elementor-widget elementor-widget-heading\" data-id=\"3b2f563\" data-element_type=\"widget\" data-e-type=\"widget\" data-widget_type=\"heading.default\">\n\t\t\t\t<div class=\"elementor-widget-container\">\n\t\t\t\t\t<h1 class=\"elementor-heading-title elementor-size-default\">Comment FordeBaker a augment\u00e9 le taux de r\u00e9ussite de Buy Box de 25% \u00e0 90%.  <\/h1>\t\t\t\t<\/div>\n\t\t\t\t<\/div>\n\t\t\t\t<div class=\"elementor-element elementor-element-1d2234c elementor-widget elementor-widget-spacer\" data-id=\"1d2234c\" data-element_type=\"widget\" data-e-type=\"widget\" data-widget_type=\"spacer.default\">\n\t\t\t\t<div class=\"elementor-widget-container\">\n\t\t\t\t\t\t\t<div class=\"elementor-spacer\">\n\t\t\t<div class=\"elementor-spacer-inner\"><\/div>\n\t\t<\/div>\n\t\t\t\t\t\t<\/div>\n\t\t\t\t<\/div>\n\t\t\t\t<div class=\"elementor-element elementor-element-68c7b69 elementor-widget elementor-widget-text-editor\" data-id=\"68c7b69\" data-element_type=\"widget\" data-e-type=\"widget\" data-widget_type=\"text-editor.default\">\n\t\t\t\t<div class=\"elementor-widget-container\">\n\t\t\t\t\t\t\t\t\t<p>Tom Baker, PDG de FordeBaker<\/p>\n\t\t\t\t\t\t\t\t<\/div>\n\t\t\t\t<\/div>\n\t\t\t\t<div class=\"elementor-element elementor-element-f94a0fb elementor-mobile-align-center elementor-widget elementor-widget-button\" data-id=\"f94a0fb\" data-element_type=\"widget\" data-e-type=\"widget\" data-widget_type=\"button.default\">\n\t\t\t\t<div class=\"elementor-widget-container\">\n\t\t\t\t\t\t\t\t\t<div class=\"elementor-button-wrapper\">\n\t\t\t\t\t<a class=\"elementor-button elementor-button-link elementor-size-xl\" href=\"https:\/\/www.repricer.com\/fr\/livre-demo\/\" data-button=\"trial_cta\">\n\t\t\t\t\t\t<span class=\"elementor-button-content-wrapper\">\n\t\t\t\t\t\t\t\t\t<span class=\"elementor-button-text\">R\u00e9servez votre d\u00e9monstration gratuite<\/span>\n\t\t\t\t\t<\/span>\n\t\t\t\t\t<\/a>\n\t\t\t\t<\/div>\n\t\t\t\t\t\t\t\t<\/div>\n\t\t\t\t<\/div>\n\t\t\t\t<\/div>\n\t\t<div class=\"elementor-element elementor-element-8e1f103 e-con-full e-flex e-con e-child\" data-id=\"8e1f103\" data-element_type=\"container\" data-e-type=\"container\">\n\t\t\t\t<div class=\"elementor-element elementor-element-cd454ef elementor-widget-mobile__width-inherit elementor-widget elementor-widget-html\" data-id=\"cd454ef\" data-element_type=\"widget\" data-e-type=\"widget\" data-widget_type=\"html.default\">\n\t\t\t\t<div class=\"elementor-widget-container\">\n\t\t\t\t\t<script src=\"https:\/\/fast.wistia.com\/embed\/medias\/drvo15ksex.jsonp\" async=\"\"><\/script><script src=\"https:\/\/fast.wistia.com\/assets\/external\/E-v1.js\" async=\"\"><\/script><div class=\"wistia_responsive_padding\" style=\"padding:56.25% 0 0 0;position:relative;\"><div class=\"wistia_responsive_wrapper\" style=\"height:100%;left:0;position:absolute;top:0;width:100%;\"><div class=\"wistia_embed wistia_async_drvo15ksex seo=true videoFoam=true\" style=\"height:100%;position:relative;width:100%\"><div class=\"wistia_swatch\" style=\"height:100%;left:0;opacity:0;overflow:hidden;position:absolute;top:0;transition:opacity 200ms;width:100%;\"><img decoding=\"async\" src=\"https:\/\/fast.wistia.com\/embed\/medias\/drvo15ksex\/swatch\" style=\"filter:blur(5px);height:100%;object-fit:contain;width:100%;\" alt=\"\" aria-hidden=\"true\" onload=\"this.parentNode.style.opacity=1;\"><\/div><\/div><\/div><\/div>\t\t\t\t<\/div>\n\t\t\t\t<\/div>\n\t\t\t\t<\/div>\n\t\t\t\t\t<\/div>\n\t\t\t\t<\/div>\n\t\t\t\t\t<\/div>\n\t\t\t\t<\/div>\n\t\t\t\t<section class=\"elementor-section elementor-top-section elementor-element elementor-element-23ae5d8 elementor-section-boxed elementor-section-height-default elementor-section-height-default\" data-id=\"23ae5d8\" data-element_type=\"section\" data-e-type=\"section\">\n\t\t\t\t\t\t<div class=\"elementor-container elementor-column-gap-default\">\n\t\t\t\t\t<div class=\"elementor-column elementor-col-50 elementor-top-column elementor-element elementor-element-ee2df04\" data-id=\"ee2df04\" data-element_type=\"column\" data-e-type=\"column\">\n\t\t\t<div class=\"elementor-widget-wrap elementor-element-populated\">\n\t\t\t\t\t\t<div class=\"elementor-element elementor-element-6c7f1b9 elementor-widget elementor-widget-heading\" data-id=\"6c7f1b9\" data-element_type=\"widget\" data-e-type=\"widget\" data-widget_type=\"heading.default\">\n\t\t\t\t<div class=\"elementor-widget-container\">\n\t\t\t\t\t<h2 class=\"elementor-heading-title elementor-size-default\">\u00c0 propos de FordeBaker<\/h2>\t\t\t\t<\/div>\n\t\t\t\t<\/div>\n\t\t\t\t<div class=\"elementor-element elementor-element-14a08f5 elementor-widget__width-initial elementor-widget elementor-widget-text-editor\" data-id=\"14a08f5\" data-element_type=\"widget\" data-e-type=\"widget\" data-widget_type=\"text-editor.default\">\n\t\t\t\t<div class=\"elementor-widget-container\">\n\t\t\t\t\t\t\t\t\t<p>FordeBaker est une agence mondiale sp\u00e9cialis\u00e9e dans la transformation de marques en best-sellers sur des plateformes telles qu&rsquo;Amazon, Walmart et TikTok Shop. Dirig\u00e9e par le PDG Tom Baker, l&rsquo;agence s&rsquo;occupe de tout, du marketing aux op\u00e9rations, en se concentrant sur la croissance gr\u00e2ce \u00e0 une gestion strat\u00e9gique de la place de march\u00e9. <\/p>\n\t\t\t\t\t\t\t\t<\/div>\n\t\t\t\t<\/div>\n\t\t\t\t\t<\/div>\n\t\t<\/div>\n\t\t\t\t<div class=\"elementor-column elementor-col-50 elementor-top-column elementor-element elementor-element-d837025\" data-id=\"d837025\" data-element_type=\"column\" data-e-type=\"column\">\n\t\t\t<div class=\"elementor-widget-wrap elementor-element-populated\">\n\t\t\t\t\t\t<div class=\"elementor-element elementor-element-df530fc elementor-widget__width-initial elementor-widget elementor-widget-image\" data-id=\"df530fc\" data-element_type=\"widget\" data-e-type=\"widget\" data-widget_type=\"image.default\">\n\t\t\t\t<div class=\"elementor-widget-container\">\n\t\t\t\t\t\t\t\t\t\t\t\t\t\t\t<img decoding=\"async\" width=\"236\" height=\"136\" src=\"https:\/\/www.repricer.com\/wp-content\/uploads\/2024\/11\/FordeBaker-Logos-Black.png.webp\" class=\"attachment-full size-full wp-image-26024\" alt=\"Forde Baker\" \/>\t\t\t\t\t\t\t\t\t\t\t\t\t\t\t<\/div>\n\t\t\t\t<\/div>\n\t\t\t\t\t<\/div>\n\t\t<\/div>\n\t\t\t\t\t<\/div>\n\t\t<\/section>\n\t\t\t\t<section class=\"elementor-section elementor-top-section elementor-element elementor-element-9e02ee0 elementor-section-boxed elementor-section-height-default elementor-section-height-default\" data-id=\"9e02ee0\" data-element_type=\"section\" data-e-type=\"section\">\n\t\t\t\t\t\t<div class=\"elementor-container elementor-column-gap-default\">\n\t\t\t\t\t<div class=\"elementor-column elementor-col-100 elementor-top-column elementor-element elementor-element-de429fa\" data-id=\"de429fa\" data-element_type=\"column\" data-e-type=\"column\">\n\t\t\t<div class=\"elementor-widget-wrap elementor-element-populated\">\n\t\t\t\t\t\t<div class=\"elementor-element elementor-element-a84cab2 elementor-widget elementor-widget-heading\" data-id=\"a84cab2\" data-element_type=\"widget\" data-e-type=\"widget\" data-widget_type=\"heading.default\">\n\t\t\t\t<div class=\"elementor-widget-container\">\n\t\t\t\t\t<h3 class=\"elementor-heading-title elementor-size-default\">\"Repricer.com a chang\u00e9 la donne pour nos clients. <br> Il nous a permis de nous adapter rapidement, de g\u00e9rer efficacement les revendeurs et d'atteindre une croissance incroyable\". - Tom Baker, PDG de FordeBaker<\/h3>\t\t\t\t<\/div>\n\t\t\t\t<\/div>\n\t\t\t\t\t<\/div>\n\t\t<\/div>\n\t\t\t\t\t<\/div>\n\t\t<\/section>\n\t\t\t\t<section class=\"elementor-section elementor-top-section elementor-element elementor-element-72ce872 elementor-section-boxed elementor-section-height-default elementor-section-height-default\" data-id=\"72ce872\" data-element_type=\"section\" data-e-type=\"section\">\n\t\t\t\t\t\t<div class=\"elementor-container elementor-column-gap-default\">\n\t\t\t\t\t<div class=\"elementor-column elementor-col-100 elementor-top-column elementor-element elementor-element-45c749f\" data-id=\"45c749f\" data-element_type=\"column\" data-e-type=\"column\">\n\t\t\t<div class=\"elementor-widget-wrap elementor-element-populated\">\n\t\t\t\t<div class=\"elementor-element elementor-element-e759704 e-con-full e-flex e-con e-parent\" data-id=\"e759704\" data-element_type=\"container\" data-e-type=\"container\">\n\t\t\t\t<div class=\"elementor-element elementor-element-b92bf0e elementor-widget elementor-widget-heading\" data-id=\"b92bf0e\" data-element_type=\"widget\" data-e-type=\"widget\" data-widget_type=\"heading.default\">\n\t\t\t\t<div class=\"elementor-widget-container\">\n\t\t\t\t\t<h2 class=\"elementor-heading-title elementor-size-default\">Le d\u00e9fi<\/h2>\t\t\t\t<\/div>\n\t\t\t\t<\/div>\n\t\t\t\t<div class=\"elementor-element elementor-element-cff3444 elementor-widget elementor-widget-text-editor\" data-id=\"cff3444\" data-element_type=\"widget\" data-e-type=\"widget\" data-widget_type=\"text-editor.default\">\n\t\t\t\t<div class=\"elementor-widget-container\">\n\t\t\t\t\t\t\t\t\t<p>Les outils de tarification traditionnels n&rsquo;offraient pas la vitesse, la fiabilit\u00e9 ou les contr\u00f4les avanc\u00e9s dont ils avaient besoin. FordeBaker avait besoin d&rsquo;une solution puissante pour : <\/p>\n<ul>\n<li><strong>Gagner la bataille du Buy Box :<\/strong> Augmenter les taux de r\u00e9ussite de leurs clients dans la Buy Box.<\/li>\n<li><strong>Contr\u00f4le de la tarification des revendeurs :<\/strong> Contr\u00f4lez la tarification des revendeurs pour maintenir la rentabilit\u00e9.<\/li>\n<li data-stringify-indent=\"0\" data-stringify-border=\"0\"><strong>Gardez une longueur d&rsquo;avance sur la concurrence :<\/strong> Adaptez-vous rapidement \u00e0 la concurrence sur les march\u00e9s d&rsquo;Amazon et de Walmart.<\/li>\n<\/ul>\n\t\t\t\t\t\t\t\t<\/div>\n\t\t\t\t<\/div>\n\t\t\t\t<\/div>\n\t\t<div class=\"elementor-element elementor-element-37de88d e-flex e-con-boxed e-con e-parent\" data-id=\"37de88d\" data-element_type=\"container\" data-e-type=\"container\">\n\t\t\t\t\t<div class=\"e-con-inner\">\n\t\t\t\t<div class=\"elementor-element elementor-element-b71986a elementor-widget elementor-widget-heading\" data-id=\"b71986a\" data-element_type=\"widget\" data-e-type=\"widget\" data-widget_type=\"heading.default\">\n\t\t\t\t<div class=\"elementor-widget-container\">\n\t\t\t\t\t<h2 class=\"elementor-heading-title elementor-size-default\">La solution<\/h2>\t\t\t\t<\/div>\n\t\t\t\t<\/div>\n\t\t\t\t<div class=\"elementor-element elementor-element-216f0ec elementor-widget__width-initial elementor-widget elementor-widget-text-editor\" data-id=\"216f0ec\" data-element_type=\"widget\" data-e-type=\"widget\" data-widget_type=\"text-editor.default\">\n\t\t\t\t<div class=\"elementor-widget-container\">\n\t\t\t\t\t\t\t\t\t<p>Repricer.com a fourni :<\/p>\n<ul>\n<li><strong>Vitesse et fiabilit\u00e9 in\u00e9gal\u00e9es :<\/strong> Refonte automatis\u00e9e des prix avec mise \u00e0 jour en temps r\u00e9el.<\/li>\n<li><strong>R\u00e8gles de tarification avanc\u00e9es :<\/strong> Contr\u00f4le total des strat\u00e9gies de tarification pour chaque produit.<\/li>\n<li><strong>Gestion des revendeurs :<\/strong> Outils permettant de stabiliser les prix et de reprendre le contr\u00f4le en cas de besoin.<\/li>\n<\/ul>\n\t\t\t\t\t\t\t\t<\/div>\n\t\t\t\t<\/div>\n\t\t\t\t<div class=\"elementor-element elementor-element-dd3c4ad elementor-widget elementor-widget-heading\" data-id=\"dd3c4ad\" data-element_type=\"widget\" data-e-type=\"widget\" data-widget_type=\"heading.default\">\n\t\t\t\t<div class=\"elementor-widget-container\">\n\t\t\t\t\t<h2 class=\"elementor-heading-title elementor-size-default\">Les r\u00e9sultats<\/h2>\t\t\t\t<\/div>\n\t\t\t\t<\/div>\n\t\t\t\t<div class=\"elementor-element elementor-element-391a24f elementor-widget__width-initial elementor-widget elementor-widget-text-editor\" data-id=\"391a24f\" data-element_type=\"widget\" data-e-type=\"widget\" data-widget_type=\"text-editor.default\">\n\t\t\t\t<div class=\"elementor-widget-container\">\n\t\t\t\t\t\t\t\t\t<ul>\n<li><strong>Succ\u00e8s du Buy Box :<\/strong> Augmentation du taux de r\u00e9ussite de la Buy Box de 25 % \u00e0 plus de 90 % en seulement 6 semaines.<\/li>\n<li><strong>Croissance du chiffre d&rsquo;affaires :<\/strong> A aid\u00e9 les clients de FordeBaker \u00e0 augmenter leurs ventes annuelles jusqu&rsquo;\u00e0 plus d&rsquo;un million de livres sterling.<\/li>\n<li><strong>Int\u00e9gration facile :<\/strong> Installation facile avec une courbe d&rsquo;apprentissage minimale.<\/li>\n<\/ul>\n\t\t\t\t\t\t\t\t<\/div>\n\t\t\t\t<\/div>\n\t\t\t\t\t<\/div>\n\t\t\t\t<\/div>\n\t\t\t\t<div class=\"elementor-element elementor-element-6e85419 elementor-widget elementor-widget-heading\" data-id=\"6e85419\" data-element_type=\"widget\" data-e-type=\"widget\" data-widget_type=\"heading.default\">\n\t\t\t\t<div class=\"elementor-widget-container\">\n\t\t\t\t\t<h3 class=\"elementor-heading-title elementor-size-default\">\"Repricer.com a d\u00e9pass\u00e9 nos attentes. Il a transform\u00e9 notre activit\u00e9, en augmentant de mani\u00e8re significative les revenus et le succ\u00e8s de Buy Box\". - Tom Baker, PDG de FordeBaker<\/h3>\t\t\t\t<\/div>\n\t\t\t\t<\/div>\n\t\t\t\t\t<\/div>\n\t\t<\/div>\n\t\t\t\t\t<\/div>\n\t\t<\/section>\n\t\t\t\t<section class=\"elementor-section elementor-top-section elementor-element elementor-element-05ccbc7 elementor-section-boxed elementor-section-height-default elementor-section-height-default\" data-id=\"05ccbc7\" data-element_type=\"section\" data-e-type=\"section\">\n\t\t\t\t\t\t<div class=\"elementor-container elementor-column-gap-default\">\n\t\t\t\t\t<div class=\"elementor-column elementor-col-100 elementor-top-column elementor-element elementor-element-720e963\" data-id=\"720e963\" data-element_type=\"column\" data-e-type=\"column\">\n\t\t\t<div class=\"elementor-widget-wrap\">\n\t\t\t\t\t\t\t<\/div>\n\t\t<\/div>\n\t\t\t\t\t<\/div>\n\t\t<\/section>\n\t\t\t\t<\/div>\n\t\t","protected":false},"excerpt":{"rendered":"<p>Comment FordeBaker a augment\u00e9 le taux de r\u00e9ussite de Buy Box de 25% \u00e0 90%. Tom Baker, PDG de FordeBaker R\u00e9servez votre d\u00e9monstration gratuite \u00c0 propos de FordeBaker FordeBaker est une agence mondiale sp\u00e9cialis\u00e9e dans la transformation de marques en best-sellers sur des plateformes telles qu&rsquo;Amazon, Walmart et TikTok Shop. Dirig\u00e9e par le PDG Tom [&hellip;]<\/p>\n","protected":false},"author":46,"featured_media":0,"parent":3721,"menu_order":0,"comment_status":"closed","ping_status":"closed","template":"","meta":{"inline_featured_image":false,"footnotes":""},"class_list":["post-26170","page","type-page","status-publish","hentry"],"yoast_head":"<!-- This site is optimized with the Yoast SEO Premium plugin v27.4 (Yoast SEO v27.5) - https:\/\/yoast.com\/product\/yoast-seo-premium-wordpress\/ -->\n<title>T\u00e9moignage client : Forde Baker &amp; Repricer.com<\/title>\n<meta name=\"description\" content=\"D\u00e9couvrez comment Repricer a transform\u00e9 les strat\u00e9gies de prix de nos clients et favoris\u00e9 leur croissance.\" \/>\n<meta name=\"robots\" content=\"noindex, follow\" \/>\n<meta property=\"og:locale\" content=\"fr_FR\" \/>\n<meta property=\"og:type\" content=\"article\" \/>\n<meta property=\"og:title\" content=\"T\u00e9moignage d&#039;un client de Repricer.com - Forde Baker\" \/>\n<meta property=\"og:description\" content=\"D\u00e9couvrez comment Repricer a transform\u00e9 les strat\u00e9gies de prix de nos clients et favoris\u00e9 leur croissance.\" \/>\n<meta property=\"og:url\" content=\"https:\/\/www.repricer.com\/fr\/histoire-de-reussite\/temoignage-dun-client-de-repricer-com-forde-baker\/\" \/>\n<meta property=\"og:site_name\" content=\"The Fastest Amazon Repricer | Repricer.com\" \/>\n<meta property=\"article:publisher\" content=\"https:\/\/www.facebook.com\/repricer\" \/>\n<meta property=\"article:modified_time\" content=\"2024-12-20T10:58:09+00:00\" \/>\n<meta property=\"og:image\" content=\"https:\/\/fast.wistia.com\/embed\/medias\/drvo15ksex\/swatch\" \/>\n<meta name=\"twitter:card\" content=\"summary_large_image\" \/>\n<meta name=\"twitter:site\" content=\"@repricer\" \/>\n<meta name=\"twitter:label1\" content=\"Dur\u00e9e de lecture estim\u00e9e\" \/>\n\t<meta name=\"twitter:data1\" content=\"2 minutes\" \/>\n<script type=\"application\/ld+json\" class=\"yoast-schema-graph\">{\"@context\":\"https:\\\/\\\/schema.org\",\"@graph\":[{\"@type\":\"WebPage\",\"@id\":\"https:\\\/\\\/www.repricer.com\\\/fr\\\/histoire-de-reussite\\\/temoignage-dun-client-de-repricer-com-forde-baker\\\/\",\"url\":\"https:\\\/\\\/www.repricer.com\\\/fr\\\/histoire-de-reussite\\\/temoignage-dun-client-de-repricer-com-forde-baker\\\/\",\"name\":\"T\u00e9moignage client : Forde Baker & Repricer.com\",\"isPartOf\":{\"@id\":\"https:\\\/\\\/www.repricer.com\\\/fr\\\/#website\"},\"primaryImageOfPage\":{\"@id\":\"https:\\\/\\\/www.repricer.com\\\/fr\\\/histoire-de-reussite\\\/temoignage-dun-client-de-repricer-com-forde-baker\\\/#primaryimage\"},\"image\":{\"@id\":\"https:\\\/\\\/www.repricer.com\\\/fr\\\/histoire-de-reussite\\\/temoignage-dun-client-de-repricer-com-forde-baker\\\/#primaryimage\"},\"thumbnailUrl\":\"https:\\\/\\\/fast.wistia.com\\\/embed\\\/medias\\\/drvo15ksex\\\/swatch\",\"datePublished\":\"2024-11-19T15:57:37+00:00\",\"dateModified\":\"2024-12-20T10:58:09+00:00\",\"description\":\"D\u00e9couvrez comment Repricer a transform\u00e9 les strat\u00e9gies de prix de nos clients et favoris\u00e9 leur croissance.\",\"breadcrumb\":{\"@id\":\"https:\\\/\\\/www.repricer.com\\\/fr\\\/histoire-de-reussite\\\/temoignage-dun-client-de-repricer-com-forde-baker\\\/#breadcrumb\"},\"inLanguage\":\"fr-FR\",\"potentialAction\":[{\"@type\":\"ReadAction\",\"target\":[\"https:\\\/\\\/www.repricer.com\\\/fr\\\/histoire-de-reussite\\\/temoignage-dun-client-de-repricer-com-forde-baker\\\/\"]}]},{\"@type\":\"ImageObject\",\"inLanguage\":\"fr-FR\",\"@id\":\"https:\\\/\\\/www.repricer.com\\\/fr\\\/histoire-de-reussite\\\/temoignage-dun-client-de-repricer-com-forde-baker\\\/#primaryimage\",\"url\":\"https:\\\/\\\/fast.wistia.com\\\/embed\\\/medias\\\/drvo15ksex\\\/swatch\",\"contentUrl\":\"https:\\\/\\\/fast.wistia.com\\\/embed\\\/medias\\\/drvo15ksex\\\/swatch\"},{\"@type\":\"BreadcrumbList\",\"@id\":\"https:\\\/\\\/www.repricer.com\\\/fr\\\/histoire-de-reussite\\\/temoignage-dun-client-de-repricer-com-forde-baker\\\/#breadcrumb\",\"itemListElement\":[{\"@type\":\"ListItem\",\"position\":1,\"name\":\"Home\",\"item\":\"https:\\\/\\\/www.repricer.com\\\/fr\\\/home-2\\\/\"},{\"@type\":\"ListItem\",\"position\":2,\"name\":\"histoire de r\u00e9ussite\",\"item\":\"https:\\\/\\\/www.repricer.com\\\/fr\\\/histoire-de-reussite\\\/\"},{\"@type\":\"ListItem\",\"position\":3,\"name\":\"T\u00e9moignage d&rsquo;un client de Repricer.com &#8211; Forde Baker\"}]},{\"@type\":\"WebSite\",\"@id\":\"https:\\\/\\\/www.repricer.com\\\/fr\\\/#website\",\"url\":\"https:\\\/\\\/www.repricer.com\\\/fr\\\/\",\"name\":\"The Fastest Amazon Repricer | Repricer.com\",\"description\":\"Faites de Repricer.com votre centre de tarification unique en connectant tous vos canaux de vente, y compris Amazon, eBay, Walmart, Shopify et plus encore.\",\"publisher\":{\"@id\":\"https:\\\/\\\/www.repricer.com\\\/fr\\\/#organization\"},\"potentialAction\":[{\"@type\":\"SearchAction\",\"target\":{\"@type\":\"EntryPoint\",\"urlTemplate\":\"https:\\\/\\\/www.repricer.com\\\/fr\\\/?s={search_term_string}\"},\"query-input\":{\"@type\":\"PropertyValueSpecification\",\"valueRequired\":true,\"valueName\":\"search_term_string\"}}],\"inLanguage\":\"fr-FR\"},{\"@type\":\"Organization\",\"@id\":\"https:\\\/\\\/www.repricer.com\\\/fr\\\/#organization\",\"name\":\"Repricer.com\",\"url\":\"https:\\\/\\\/www.repricer.com\\\/fr\\\/\",\"logo\":{\"@type\":\"ImageObject\",\"inLanguage\":\"fr-FR\",\"@id\":\"https:\\\/\\\/www.repricer.com\\\/fr\\\/#\\\/schema\\\/logo\\\/image\\\/\",\"url\":\"https:\\\/\\\/www.repricer.com\\\/wp-content\\\/uploads\\\/2022\\\/01\\\/updated-repricer-logo-black.png\",\"contentUrl\":\"https:\\\/\\\/www.repricer.com\\\/wp-content\\\/uploads\\\/2022\\\/01\\\/updated-repricer-logo-black.png\",\"width\":481,\"height\":83,\"caption\":\"Repricer.com\"},\"image\":{\"@id\":\"https:\\\/\\\/www.repricer.com\\\/fr\\\/#\\\/schema\\\/logo\\\/image\\\/\"},\"sameAs\":[\"https:\\\/\\\/www.facebook.com\\\/repricer\",\"https:\\\/\\\/x.com\\\/repricer\",\"https:\\\/\\\/www.instagram.com\\\/repricer\\\/\",\"https:\\\/\\\/www.youtube.com\\\/channel\\\/UC_pT73zbB2TIA-jS12y93fA\"]}]}<\/script>\n<!-- \/ Yoast SEO Premium plugin. -->","yoast_head_json":{"title":"T\u00e9moignage client : Forde Baker & Repricer.com","description":"D\u00e9couvrez comment Repricer a transform\u00e9 les strat\u00e9gies de prix de nos clients et favoris\u00e9 leur croissance.","robots":{"index":"noindex","follow":"follow"},"og_locale":"fr_FR","og_type":"article","og_title":"T\u00e9moignage d'un client de Repricer.com - Forde Baker","og_description":"D\u00e9couvrez comment Repricer a transform\u00e9 les strat\u00e9gies de prix de nos clients et favoris\u00e9 leur croissance.","og_url":"https:\/\/www.repricer.com\/fr\/histoire-de-reussite\/temoignage-dun-client-de-repricer-com-forde-baker\/","og_site_name":"The Fastest Amazon Repricer | Repricer.com","article_publisher":"https:\/\/www.facebook.com\/repricer","article_modified_time":"2024-12-20T10:58:09+00:00","og_image":[{"url":"https:\/\/fast.wistia.com\/embed\/medias\/drvo15ksex\/swatch","type":"","width":"","height":""}],"twitter_card":"summary_large_image","twitter_site":"@repricer","twitter_misc":{"Dur\u00e9e de lecture estim\u00e9e":"2 minutes"},"schema":{"@context":"https:\/\/schema.org","@graph":[{"@type":"WebPage","@id":"https:\/\/www.repricer.com\/fr\/histoire-de-reussite\/temoignage-dun-client-de-repricer-com-forde-baker\/","url":"https:\/\/www.repricer.com\/fr\/histoire-de-reussite\/temoignage-dun-client-de-repricer-com-forde-baker\/","name":"T\u00e9moignage client : Forde Baker & Repricer.com","isPartOf":{"@id":"https:\/\/www.repricer.com\/fr\/#website"},"primaryImageOfPage":{"@id":"https:\/\/www.repricer.com\/fr\/histoire-de-reussite\/temoignage-dun-client-de-repricer-com-forde-baker\/#primaryimage"},"image":{"@id":"https:\/\/www.repricer.com\/fr\/histoire-de-reussite\/temoignage-dun-client-de-repricer-com-forde-baker\/#primaryimage"},"thumbnailUrl":"https:\/\/fast.wistia.com\/embed\/medias\/drvo15ksex\/swatch","datePublished":"2024-11-19T15:57:37+00:00","dateModified":"2024-12-20T10:58:09+00:00","description":"D\u00e9couvrez comment Repricer a transform\u00e9 les strat\u00e9gies de prix de nos clients et favoris\u00e9 leur croissance.","breadcrumb":{"@id":"https:\/\/www.repricer.com\/fr\/histoire-de-reussite\/temoignage-dun-client-de-repricer-com-forde-baker\/#breadcrumb"},"inLanguage":"fr-FR","potentialAction":[{"@type":"ReadAction","target":["https:\/\/www.repricer.com\/fr\/histoire-de-reussite\/temoignage-dun-client-de-repricer-com-forde-baker\/"]}]},{"@type":"ImageObject","inLanguage":"fr-FR","@id":"https:\/\/www.repricer.com\/fr\/histoire-de-reussite\/temoignage-dun-client-de-repricer-com-forde-baker\/#primaryimage","url":"https:\/\/fast.wistia.com\/embed\/medias\/drvo15ksex\/swatch","contentUrl":"https:\/\/fast.wistia.com\/embed\/medias\/drvo15ksex\/swatch"},{"@type":"BreadcrumbList","@id":"https:\/\/www.repricer.com\/fr\/histoire-de-reussite\/temoignage-dun-client-de-repricer-com-forde-baker\/#breadcrumb","itemListElement":[{"@type":"ListItem","position":1,"name":"Home","item":"https:\/\/www.repricer.com\/fr\/home-2\/"},{"@type":"ListItem","position":2,"name":"histoire de r\u00e9ussite","item":"https:\/\/www.repricer.com\/fr\/histoire-de-reussite\/"},{"@type":"ListItem","position":3,"name":"T\u00e9moignage d&rsquo;un client de Repricer.com &#8211; Forde Baker"}]},{"@type":"WebSite","@id":"https:\/\/www.repricer.com\/fr\/#website","url":"https:\/\/www.repricer.com\/fr\/","name":"The Fastest Amazon Repricer | Repricer.com","description":"Faites de Repricer.com votre centre de tarification unique en connectant tous vos canaux de vente, y compris Amazon, eBay, Walmart, Shopify et plus encore.","publisher":{"@id":"https:\/\/www.repricer.com\/fr\/#organization"},"potentialAction":[{"@type":"SearchAction","target":{"@type":"EntryPoint","urlTemplate":"https:\/\/www.repricer.com\/fr\/?s={search_term_string}"},"query-input":{"@type":"PropertyValueSpecification","valueRequired":true,"valueName":"search_term_string"}}],"inLanguage":"fr-FR"},{"@type":"Organization","@id":"https:\/\/www.repricer.com\/fr\/#organization","name":"Repricer.com","url":"https:\/\/www.repricer.com\/fr\/","logo":{"@type":"ImageObject","inLanguage":"fr-FR","@id":"https:\/\/www.repricer.com\/fr\/#\/schema\/logo\/image\/","url":"https:\/\/www.repricer.com\/wp-content\/uploads\/2022\/01\/updated-repricer-logo-black.png","contentUrl":"https:\/\/www.repricer.com\/wp-content\/uploads\/2022\/01\/updated-repricer-logo-black.png","width":481,"height":83,"caption":"Repricer.com"},"image":{"@id":"https:\/\/www.repricer.com\/fr\/#\/schema\/logo\/image\/"},"sameAs":["https:\/\/www.facebook.com\/repricer","https:\/\/x.com\/repricer","https:\/\/www.instagram.com\/repricer\/","https:\/\/www.youtube.com\/channel\/UC_pT73zbB2TIA-jS12y93fA"]}]}},"_links":{"self":[{"href":"https:\/\/www.repricer.com\/fr\/wp-json\/wp\/v2\/pages\/26170","targetHints":{"allow":["GET"]}}],"collection":[{"href":"https:\/\/www.repricer.com\/fr\/wp-json\/wp\/v2\/pages"}],"about":[{"href":"https:\/\/www.repricer.com\/fr\/wp-json\/wp\/v2\/types\/page"}],"author":[{"embeddable":true,"href":"https:\/\/www.repricer.com\/fr\/wp-json\/wp\/v2\/users\/46"}],"replies":[{"embeddable":true,"href":"https:\/\/www.repricer.com\/fr\/wp-json\/wp\/v2\/comments?post=26170"}],"version-history":[{"count":0,"href":"https:\/\/www.repricer.com\/fr\/wp-json\/wp\/v2\/pages\/26170\/revisions"}],"up":[{"embeddable":true,"href":"https:\/\/www.repricer.com\/fr\/wp-json\/wp\/v2\/pages\/3721"}],"wp:attachment":[{"href":"https:\/\/www.repricer.com\/fr\/wp-json\/wp\/v2\/media?parent=26170"}],"curies":[{"name":"wp","href":"https:\/\/api.w.org\/{rel}","templated":true}]}}