{"id":3721,"date":"2022-02-16T15:36:10","date_gmt":"2022-02-16T15:36:10","guid":{"rendered":"https:\/\/www2.repricer.com\/histoire-de-reussite\/"},"modified":"2026-01-30T13:08:33","modified_gmt":"2026-01-30T13:08:33","slug":"histoire-de-reussite","status":"publish","type":"page","link":"https:\/\/www.repricer.com\/fr\/histoire-de-reussite\/","title":{"rendered":"histoire de r\u00e9ussite"},"content":{"rendered":"","protected":false},"excerpt":{"rendered":"","protected":false},"author":12,"featured_media":0,"parent":0,"menu_order":0,"comment_status":"closed","ping_status":"closed","template":"","meta":{"inline_featured_image":false,"footnotes":""},"class_list":["post-3721","page","type-page","status-publish","hentry"],"yoast_head":"<!-- This site is optimized with the Yoast SEO Premium plugin v27.4 (Yoast SEO v27.5) - https:\/\/yoast.com\/product\/yoast-seo-premium-wordpress\/ -->\n<title>histoire de r\u00e9ussite - The Fastest Amazon Repricer | Repricer.com<\/title>\n<meta name=\"description\" content=\"De vraies histoires de r\u00e9ussite de Repricer montrant comment les vendeurs en ligne ont augment\u00e9 leurs ventes, am\u00e9lior\u00e9 les gains de Buy Box et gagn\u00e9 du temps en utilisant des outils intelligents de repricing automatis\u00e9s.\" \/>\n<meta name=\"robots\" content=\"index, follow, max-snippet:-1, max-image-preview:large, max-video-preview:-1\" \/>\n<link rel=\"canonical\" href=\"https:\/\/www.repricer.com\/fr\/histoire-de-reussite\/\" \/>\n<meta property=\"og:locale\" content=\"fr_FR\" \/>\n<meta property=\"og:type\" content=\"article\" \/>\n<meta property=\"og:title\" content=\"histoire de r\u00e9ussite\" \/>\n<meta property=\"og:description\" content=\"De vraies histoires de r\u00e9ussite de Repricer montrant comment les vendeurs en ligne ont augment\u00e9 leurs ventes, am\u00e9lior\u00e9 les gains de Buy Box et gagn\u00e9 du temps en utilisant des outils intelligents de repricing automatis\u00e9s.\" \/>\n<meta property=\"og:url\" content=\"https:\/\/www.repricer.com\/fr\/histoire-de-reussite\/\" \/>\n<meta property=\"og:site_name\" content=\"The Fastest Amazon Repricer | Repricer.com\" \/>\n<meta property=\"article:publisher\" content=\"https:\/\/www.facebook.com\/repricer\" \/>\n<meta property=\"article:modified_time\" content=\"2026-01-30T13:08:33+00:00\" \/>\n<meta name=\"twitter:card\" content=\"summary_large_image\" \/>\n<meta name=\"twitter:site\" content=\"@repricer\" \/>\n<script type=\"application\/ld+json\" class=\"yoast-schema-graph\">{\"@context\":\"https:\\\/\\\/schema.org\",\"@graph\":[{\"@type\":\"WebPage\",\"@id\":\"https:\\\/\\\/www.repricer.com\\\/fr\\\/histoire-de-reussite\\\/\",\"url\":\"https:\\\/\\\/www.repricer.com\\\/fr\\\/histoire-de-reussite\\\/\",\"name\":\"histoire de r\u00e9ussite - The Fastest Amazon Repricer | Repricer.com\",\"isPartOf\":{\"@id\":\"https:\\\/\\\/www.repricer.com\\\/fr\\\/#website\"},\"datePublished\":\"2022-02-16T15:36:10+00:00\",\"dateModified\":\"2026-01-30T13:08:33+00:00\",\"description\":\"De vraies histoires de r\u00e9ussite de Repricer montrant comment les vendeurs en ligne ont augment\u00e9 leurs ventes, am\u00e9lior\u00e9 les gains de Buy Box et gagn\u00e9 du temps en utilisant des outils intelligents de repricing automatis\u00e9s.\",\"breadcrumb\":{\"@id\":\"https:\\\/\\\/www.repricer.com\\\/fr\\\/histoire-de-reussite\\\/#breadcrumb\"},\"inLanguage\":\"fr-FR\",\"potentialAction\":[{\"@type\":\"ReadAction\",\"target\":[\"https:\\\/\\\/www.repricer.com\\\/fr\\\/histoire-de-reussite\\\/\"]}]},{\"@type\":\"BreadcrumbList\",\"@id\":\"https:\\\/\\\/www.repricer.com\\\/fr\\\/histoire-de-reussite\\\/#breadcrumb\",\"itemListElement\":[{\"@type\":\"ListItem\",\"position\":1,\"name\":\"Home\",\"item\":\"https:\\\/\\\/www.repricer.com\\\/fr\\\/home-2\\\/\"},{\"@type\":\"ListItem\",\"position\":2,\"name\":\"histoire de r\u00e9ussite\"}]},{\"@type\":\"WebSite\",\"@id\":\"https:\\\/\\\/www.repricer.com\\\/fr\\\/#website\",\"url\":\"https:\\\/\\\/www.repricer.com\\\/fr\\\/\",\"name\":\"The Fastest Amazon Repricer | Repricer.com\",\"description\":\"Faites de Repricer.com votre centre de tarification unique en connectant tous vos canaux de vente, y compris Amazon, eBay, Walmart, Shopify et plus encore.\",\"publisher\":{\"@id\":\"https:\\\/\\\/www.repricer.com\\\/fr\\\/#organization\"},\"potentialAction\":[{\"@type\":\"SearchAction\",\"target\":{\"@type\":\"EntryPoint\",\"urlTemplate\":\"https:\\\/\\\/www.repricer.com\\\/fr\\\/?s={search_term_string}\"},\"query-input\":{\"@type\":\"PropertyValueSpecification\",\"valueRequired\":true,\"valueName\":\"search_term_string\"}}],\"inLanguage\":\"fr-FR\"},{\"@type\":\"Organization\",\"@id\":\"https:\\\/\\\/www.repricer.com\\\/fr\\\/#organization\",\"name\":\"Repricer.com\",\"url\":\"https:\\\/\\\/www.repricer.com\\\/fr\\\/\",\"logo\":{\"@type\":\"ImageObject\",\"inLanguage\":\"fr-FR\",\"@id\":\"https:\\\/\\\/www.repricer.com\\\/fr\\\/#\\\/schema\\\/logo\\\/image\\\/\",\"url\":\"https:\\\/\\\/www.repricer.com\\\/wp-content\\\/uploads\\\/2022\\\/01\\\/updated-repricer-logo-black.png\",\"contentUrl\":\"https:\\\/\\\/www.repricer.com\\\/wp-content\\\/uploads\\\/2022\\\/01\\\/updated-repricer-logo-black.png\",\"width\":481,\"height\":83,\"caption\":\"Repricer.com\"},\"image\":{\"@id\":\"https:\\\/\\\/www.repricer.com\\\/fr\\\/#\\\/schema\\\/logo\\\/image\\\/\"},\"sameAs\":[\"https:\\\/\\\/www.facebook.com\\\/repricer\",\"https:\\\/\\\/x.com\\\/repricer\",\"https:\\\/\\\/www.instagram.com\\\/repricer\\\/\",\"https:\\\/\\\/www.youtube.com\\\/channel\\\/UC_pT73zbB2TIA-jS12y93fA\"]}]}<\/script>\n<!-- \/ Yoast SEO Premium plugin. -->","yoast_head_json":{"title":"histoire de r\u00e9ussite - The Fastest Amazon Repricer | Repricer.com","description":"De vraies histoires de r\u00e9ussite de Repricer montrant comment les vendeurs en ligne ont augment\u00e9 leurs ventes, am\u00e9lior\u00e9 les gains de Buy Box et gagn\u00e9 du temps en utilisant des outils intelligents de repricing automatis\u00e9s.","robots":{"index":"index","follow":"follow","max-snippet":"max-snippet:-1","max-image-preview":"max-image-preview:large","max-video-preview":"max-video-preview:-1"},"canonical":"https:\/\/www.repricer.com\/fr\/histoire-de-reussite\/","og_locale":"fr_FR","og_type":"article","og_title":"histoire de r\u00e9ussite","og_description":"De vraies histoires de r\u00e9ussite de Repricer montrant comment les vendeurs en ligne ont augment\u00e9 leurs ventes, am\u00e9lior\u00e9 les gains de Buy Box et gagn\u00e9 du temps en utilisant des outils intelligents de repricing automatis\u00e9s.","og_url":"https:\/\/www.repricer.com\/fr\/histoire-de-reussite\/","og_site_name":"The Fastest Amazon Repricer | Repricer.com","article_publisher":"https:\/\/www.facebook.com\/repricer","article_modified_time":"2026-01-30T13:08:33+00:00","twitter_card":"summary_large_image","twitter_site":"@repricer","schema":{"@context":"https:\/\/schema.org","@graph":[{"@type":"WebPage","@id":"https:\/\/www.repricer.com\/fr\/histoire-de-reussite\/","url":"https:\/\/www.repricer.com\/fr\/histoire-de-reussite\/","name":"histoire de r\u00e9ussite - The Fastest Amazon Repricer | Repricer.com","isPartOf":{"@id":"https:\/\/www.repricer.com\/fr\/#website"},"datePublished":"2022-02-16T15:36:10+00:00","dateModified":"2026-01-30T13:08:33+00:00","description":"De vraies histoires de r\u00e9ussite de Repricer montrant comment les vendeurs en ligne ont augment\u00e9 leurs ventes, am\u00e9lior\u00e9 les gains de Buy Box et gagn\u00e9 du temps en utilisant des outils intelligents de repricing automatis\u00e9s.","breadcrumb":{"@id":"https:\/\/www.repricer.com\/fr\/histoire-de-reussite\/#breadcrumb"},"inLanguage":"fr-FR","potentialAction":[{"@type":"ReadAction","target":["https:\/\/www.repricer.com\/fr\/histoire-de-reussite\/"]}]},{"@type":"BreadcrumbList","@id":"https:\/\/www.repricer.com\/fr\/histoire-de-reussite\/#breadcrumb","itemListElement":[{"@type":"ListItem","position":1,"name":"Home","item":"https:\/\/www.repricer.com\/fr\/home-2\/"},{"@type":"ListItem","position":2,"name":"histoire de r\u00e9ussite"}]},{"@type":"WebSite","@id":"https:\/\/www.repricer.com\/fr\/#website","url":"https:\/\/www.repricer.com\/fr\/","name":"The Fastest Amazon Repricer | Repricer.com","description":"Faites de Repricer.com votre centre de tarification unique en connectant tous vos canaux de vente, y compris Amazon, eBay, Walmart, Shopify et plus encore.","publisher":{"@id":"https:\/\/www.repricer.com\/fr\/#organization"},"potentialAction":[{"@type":"SearchAction","target":{"@type":"EntryPoint","urlTemplate":"https:\/\/www.repricer.com\/fr\/?s={search_term_string}"},"query-input":{"@type":"PropertyValueSpecification","valueRequired":true,"valueName":"search_term_string"}}],"inLanguage":"fr-FR"},{"@type":"Organization","@id":"https:\/\/www.repricer.com\/fr\/#organization","name":"Repricer.com","url":"https:\/\/www.repricer.com\/fr\/","logo":{"@type":"ImageObject","inLanguage":"fr-FR","@id":"https:\/\/www.repricer.com\/fr\/#\/schema\/logo\/image\/","url":"https:\/\/www.repricer.com\/wp-content\/uploads\/2022\/01\/updated-repricer-logo-black.png","contentUrl":"https:\/\/www.repricer.com\/wp-content\/uploads\/2022\/01\/updated-repricer-logo-black.png","width":481,"height":83,"caption":"Repricer.com"},"image":{"@id":"https:\/\/www.repricer.com\/fr\/#\/schema\/logo\/image\/"},"sameAs":["https:\/\/www.facebook.com\/repricer","https:\/\/x.com\/repricer","https:\/\/www.instagram.com\/repricer\/","https:\/\/www.youtube.com\/channel\/UC_pT73zbB2TIA-jS12y93fA"]}]}},"_links":{"self":[{"href":"https:\/\/www.repricer.com\/fr\/wp-json\/wp\/v2\/pages\/3721","targetHints":{"allow":["GET"]}}],"collection":[{"href":"https:\/\/www.repricer.com\/fr\/wp-json\/wp\/v2\/pages"}],"about":[{"href":"https:\/\/www.repricer.com\/fr\/wp-json\/wp\/v2\/types\/page"}],"author":[{"embeddable":true,"href":"https:\/\/www.repricer.com\/fr\/wp-json\/wp\/v2\/users\/12"}],"replies":[{"embeddable":true,"href":"https:\/\/www.repricer.com\/fr\/wp-json\/wp\/v2\/comments?post=3721"}],"version-history":[{"count":1,"href":"https:\/\/www.repricer.com\/fr\/wp-json\/wp\/v2\/pages\/3721\/revisions"}],"predecessor-version":[{"id":50296,"href":"https:\/\/www.repricer.com\/fr\/wp-json\/wp\/v2\/pages\/3721\/revisions\/50296"}],"wp:attachment":[{"href":"https:\/\/www.repricer.com\/fr\/wp-json\/wp\/v2\/media?parent=3721"}],"curies":[{"name":"wp","href":"https:\/\/api.w.org\/{rel}","templated":true}]}}