{"id":3819,"date":"2022-02-18T17:18:24","date_gmt":"2022-02-18T17:18:24","guid":{"rendered":"https:\/\/www2.repricer.com\/cookie-notice\/"},"modified":"2026-01-30T13:07:50","modified_gmt":"2026-01-30T13:07:50","slug":"cookie-notice","status":"publish","type":"page","link":"https:\/\/www.repricer.com\/fr\/cookie-notice\/","title":{"rendered":"Avis sur les cookies"},"content":{"rendered":"\t\t<div data-elementor-type=\"wp-page\" data-elementor-id=\"3819\" class=\"elementor elementor-3819 elementor-3609\" data-elementor-post-type=\"page\">\n\t\t\t\t\t\t<section class=\"elementor-section elementor-top-section elementor-element elementor-element-8ba90fe elementor-section-boxed elementor-section-height-default elementor-section-height-default\" data-id=\"8ba90fe\" data-element_type=\"section\" data-e-type=\"section\">\n\t\t\t\t\t\t<div class=\"elementor-container elementor-column-gap-default\">\n\t\t\t\t\t<div class=\"elementor-column elementor-col-100 elementor-top-column elementor-element elementor-element-9dacc04\" data-id=\"9dacc04\" data-element_type=\"column\" data-e-type=\"column\">\n\t\t\t<div class=\"elementor-widget-wrap elementor-element-populated\">\n\t\t\t\t\t\t<div class=\"elementor-element elementor-element-14016b0 elementor-widget elementor-widget-heading\" data-id=\"14016b0\" data-element_type=\"widget\" data-e-type=\"widget\" data-widget_type=\"heading.default\">\n\t\t\t\t<div class=\"elementor-widget-container\">\n\t\t\t\t\t<h1 class=\"elementor-heading-title elementor-size-default\"><b>Avis sur les cookies de Repricer<\/b><\/h1>\t\t\t\t<\/div>\n\t\t\t\t<\/div>\n\t\t\t\t<div class=\"elementor-element elementor-element-d49120d elementor-widget elementor-widget-text-editor\" data-id=\"d49120d\" data-element_type=\"widget\" data-e-type=\"widget\" data-widget_type=\"text-editor.default\">\n\t\t\t\t<div class=\"elementor-widget-container\">\n\t\t\t\t\t\t\t\t\t<p><strong>Mai 2025<\/strong><\/p><p>Cet avis sur les cookies vous fournit des informations sur les cookies que nous utilisons sur nos sites web : xsellco.com, edesk.com, repricer.com et replymanager.com et les raisons pour lesquelles nous les utilisons.<\/p><h2><strong style=\"color: inherit; font-family: inherit; background-color: var( --e-global-color-706ed4c );\">Que sont les cookies ?<\/strong><\/h2><p>Les cookies sont de petits \u00e9l\u00e9ments de donn\u00e9es qui sont plac\u00e9s sur votre ordinateur par les sites web que vous visitez. Ils sont largement utilis\u00e9s pour am\u00e9liorer le fonctionnement des sites web, pour fournir des informations sur la fa\u00e7on dont vous utilisez le site et pour fournir des informations \u00e0 des fins de marketing.<\/p><p>La dur\u00e9e de stockage des cookies sur votre navigateur varie en fonction du cookie. Certains cookies ne durent que le temps de votre session en ligne, tandis que d&rsquo;autres restent sur votre navigateur pendant une p\u00e9riode plus longue.<\/p><h3><b style=\"color: inherit; letter-spacing: -0.7px; background-color: var( --e-global-color-706ed4c );\">Cookies que nous utilisons<\/b><\/h3><h4>Cookies fonctionnels<\/h4><p>Ces cookies permettent \u00e0 nos sites web de fonctionner correctement et de vous offrir une bonne exp\u00e9rience lors de leur utilisation. Nous avons r\u00e9pertori\u00e9 ces cookies ci-dessous, dont certains sont d\u00e9finis par des tiers qui nous fournissent des services.<\/p><figure class=\"wp-block-table\"><table><thead><tr><th scope=\"col\">Cuisinier<\/th><th scope=\"col\">Dans quel but ?<\/th><\/tr><\/thead><tbody><tr><td>Consentement \u00e0 l&rsquo;utilisation de cookies<\/td><td>Ce cookie est utilis\u00e9 pour m\u00e9moriser vos choix concernant les cookies sur nos sites web.<\/td><\/tr><tr><td>xSellco<\/td><td>Pour optimiser les performances du serveur web pour les utilisateurs et pour personnaliser l&rsquo;exp\u00e9rience de nos utilisateurs connect\u00e9s.<\/td><\/tr><tr><td>eDesk<\/td><td>Pour nous aider \u00e0 comprendre comment nos utilisateurs naviguent et interagissent avec nos sites web et pour personnaliser l&rsquo;exp\u00e9rience de nos utilisateurs connect\u00e9s.<\/td><\/tr><\/tbody><\/table><\/figure><h4> <\/h4><h4><b>Cookies qui nous aident \u00e0 am\u00e9liorer nos sites web<\/b><\/h4><p>Nous utilisons ces cookies pour nous aider \u00e0 comprendre comment les gens utilisent nos sites web. Nous pouvons ensuite utiliser ces donn\u00e9es pour am\u00e9liorer le fonctionnement de nos sites web. Par exemple, nous pouvons faire appel \u00e0 des fournisseurs de services d&rsquo;analyse pour identifier et compter les visites sur nos sites web et pour voir quelles pages les gens visitent et comment ils se d\u00e9placent sur la page.<\/p><p>Nous travaillons avec des prestataires de services dont les cookies nous fournissent ces informations.<\/p><figure class=\"wp-block-table\"><table><thead><tr><th scope=\"col\">Cuisinier<\/th><th scope=\"col\">Dans quel but ?<\/th><\/tr><\/thead><tbody><tr><td>Google Analytics<\/td><td>Pour nous permettre de comprendre comment vous utilisez nos sites Web et comment vous vous y engagez.<\/td><\/tr><tr><td>Hotjar<\/td><td>Pour nous aider \u00e0 comprendre comment les utilisateurs interagissent avec des pages sp\u00e9cifiques et pour personnaliser certaines pages.<\/td><\/tr><\/tbody><\/table><\/figure><h4> <\/h4><h4><b>Cookies qui soutiennent le marketing<\/b><\/h4><p>Nous et nos partenaires utilisons ces cookies pour comprendre ce qui vous int\u00e9resse sur nos sites web et sur les m\u00e9dias sociaux. Ces cookies peuvent \u00e9galement identifier quels autres sites web peuvent vous avoir dirig\u00e9 vers nos sites web. Cela nous permet, \u00e0 nous ou \u00e0 nos partenaires, de personnaliser les actions de marketing que nous vous adressons, y compris les publicit\u00e9s en ligne, les courriers \u00e9lectroniques et les m\u00e9dias sociaux.<\/p><p>Nous travaillons avec des prestataires de services et des tiers qui placent \u00e9galement ce type de cookie sur nos sites web.<\/p><figure class=\"wp-block-table\"><table><thead><tr><th scope=\"col\">Cuisinier<\/th><th scope=\"col\">Dans quel but ?<\/th><\/tr><\/thead><tbody><tr><td>Facebook<\/td><td>Pour nous aider \u00e0 fournir des publicit\u00e9s personnalis\u00e9es sur la base d&rsquo;une segmentation fond\u00e9e sur votre comportement de navigation, pour mesurer la performance de notre publicit\u00e9 num\u00e9rique et pour vous permettre de partager des pages de notre site web sur Facebook.<\/td><\/tr><tr><td>Annonces Google<\/td><td>Pour nous aider \u00e0 fournir des publicit\u00e9s personnalis\u00e9es bas\u00e9es sur la segmentation de votre comportement de navigation et pour mesurer la performance de notre publicit\u00e9 num\u00e9rique.<\/td><\/tr><tr><td>Optimisation de Google<\/td><td>Pour nous aider \u00e0 offrir des exp\u00e9riences diff\u00e9rentes aux visiteurs du site web dans le but d&rsquo;am\u00e9liorer les performances du site. Les tests sont anonymes<\/td><\/tr><tr><td>Google Analytics<\/td><td>Pour nous aider \u00e0 fournir des publicit\u00e9s personnalis\u00e9es bas\u00e9es sur la segmentation de votre comportement de navigation et pour mesurer la performance de notre publicit\u00e9 num\u00e9rique.<\/td><\/tr><tr><td>LinkedIn<\/td><td>Pour nous aider \u00e0 fournir des publicit\u00e9s personnalis\u00e9es bas\u00e9es sur la segmentation inform\u00e9e par votre comportement de navigation et pour mesurer la performance de notre publicit\u00e9 num\u00e9rique et pour vous permettre de partager des pages de notre site web sur LinkedIn.<\/td><\/tr><tr><td>Microsoft (Bing)<\/td><td>Pour nous aider \u00e0 fournir des publicit\u00e9s personnalis\u00e9es bas\u00e9es sur la segmentation inform\u00e9e par votre comportement de navigation et pour mesurer la performance de notre publicit\u00e9 num\u00e9rique.<\/td><\/tr><tr><td>Hubspot<\/td><td>Pour nous aider \u00e0 proposer un marketing personnalis\u00e9 bas\u00e9 sur une segmentation fond\u00e9e sur votre comportement de navigation et pour mesurer la performance de notre publicit\u00e9 num\u00e9rique.<\/td><\/tr><tr><td>Amazon<\/td><td>Pour nous aider \u00e0 fournir des publicit\u00e9s personnalis\u00e9es bas\u00e9es sur la segmentation inform\u00e9e par votre comportement de navigation et pour mesurer la performance de notre publicit\u00e9 num\u00e9rique.<\/td><\/tr><tr><td>Tapfiliate<\/td><td>Pour nous aider \u00e0 r\u00e9compenser les partenaires qui nous envoient de nouveaux clients.<\/td><\/tr><tr><td>Quora<\/td><td>Pour nous aider \u00e0 suivre les r\u00e9sultats de la publicit\u00e9 sur le site web de Quora<\/td><\/tr><tr><td>DoubleClick<\/td><td>Pour v\u00e9rifier si votre navigateur accepte les cookies<\/td><\/tr><\/tbody><\/table><\/figure><h3> <\/h3><h3><b>Cookies et param\u00e8tres de votre navigateur<\/b><\/h3><p>Pour supprimer les cookies pr\u00e9c\u00e9demment d\u00e9finis de votre navigateur, vous devez effacer les donn\u00e9es de votre navigateur.<\/p><p>Vous pouvez \u00e9galement utiliser les param\u00e8tres de votre navigateur pour g\u00e9rer les cookies, par exemple pour d\u00e9sactiver compl\u00e8tement un cookie. Si vous le faites, il se peut que certaines parties de notre site Web ne fonctionnent pas correctement.<\/p><p>Pour plus d&rsquo;informations sur la mani\u00e8re de g\u00e9rer les cookies sur les navigateurs les plus courants, cliquez sur les liens suivants :<\/p><ol><li><a href=\"https:\/\/support.google.com\/accounts\/answer\/61416?co=GENIE.Platform%253DDesktop&amp;hl=en\" target=\"_blank\" rel=\"noreferrer noopener\">Google Chrome<\/a><\/li><li><a href=\"https:\/\/support.microsoft.com\/en-us\/help\/4468242\/microsoft-edge-browsing-data-and-privacy-microsoft-privacy\" target=\"_blank\" rel=\"noreferrer noopener\">Microsoft Edge<\/a><\/li><li><a href=\"https:\/\/support.mozilla.org\/en-US\/kb\/enable-and-disable-cookies-website-preferences\" target=\"_blank\" rel=\"noreferrer noopener\">Mozilla Firefox<\/a><\/li><li><a href=\"https:\/\/support.microsoft.com\/en-gb\/help\/17442\/windows-internet-explorer-delete-manage-cookies\" target=\"_blank\" rel=\"noreferrer noopener\">Microsoft Internet Explorer<\/a><\/li><li><a href=\"https:\/\/help.opera.com\/en\/latest\/\" target=\"_blank\" rel=\"noreferrer noopener\">Op\u00e9ra<\/a><\/li><li><a href=\"https:\/\/support.apple.com\/en-gb\/safari\" target=\"_blank\" rel=\"noreferrer noopener\">Apple Safari<\/a><\/li><\/ol><h3><b> <\/b><b style=\"color: inherit; letter-spacing: -0.7px; background-color: var( --e-global-color-706ed4c );\">Les cookies et votre vie priv\u00e9e<\/b><\/h3><p>Les informations que les cookies collectent, et la mani\u00e8re dont nous utilisons ces informations, peuvent \u00eatre consid\u00e9r\u00e9es comme des donn\u00e9es \u00e0 caract\u00e8re personnel. Nous pouvons \u00e9galement \u00eatre en mesure de vous identifier par votre nom, votre adresse IP ou votre identifiant de session. Vous avez des droits concernant la mani\u00e8re dont nous collectons, conservons et utilisons vos donn\u00e9es personnelles.<\/p><p>Vous pouvez en savoir plus sur la mani\u00e8re dont nous utilisons vos donn\u00e9es personnelles dans notre <a href=\"https:\/\/www.repricer.com\/fr\/privacy-policy\/\">avis de confidentialit\u00e9<\/a>.<\/p>\t\t\t\t\t\t\t\t<\/div>\n\t\t\t\t<\/div>\n\t\t\t\t\t<\/div>\n\t\t<\/div>\n\t\t\t\t\t<\/div>\n\t\t<\/section>\n\t\t\t\t<\/div>\n\t\t","protected":false},"excerpt":{"rendered":"<p>Avis sur les cookies de Repricer Mai 2025 Cet avis sur les cookies vous fournit des informations sur les cookies que nous utilisons sur nos sites web : xsellco.com, edesk.com, repricer.com et replymanager.com et les raisons pour lesquelles nous les utilisons. Que sont les cookies ? Les cookies sont de petits \u00e9l\u00e9ments de donn\u00e9es qui [&hellip;]<\/p>\n","protected":false},"author":12,"featured_media":0,"parent":0,"menu_order":0,"comment_status":"closed","ping_status":"closed","template":"","meta":{"inline_featured_image":false,"footnotes":""},"class_list":["post-3819","page","type-page","status-publish","hentry"],"yoast_head":"<!-- This site is optimized with the Yoast SEO Premium plugin v27.4 (Yoast SEO v27.5) - https:\/\/yoast.com\/product\/yoast-seo-premium-wordpress\/ -->\n<title>Avis sur les cookies - The Fastest Amazon Repricer | Repricer.com<\/title>\n<meta name=\"description\" content=\"Avis de cookie officiel de Repricer expliquant comment les cookies sont utilis\u00e9s sur ce site et comment les visiteurs peuvent g\u00e9rer les param\u00e8tres et les pr\u00e9f\u00e9rences facilement \u00e0 tout moment ici.\" \/>\n<meta name=\"robots\" content=\"index, follow, max-snippet:-1, max-image-preview:large, max-video-preview:-1\" \/>\n<link rel=\"canonical\" href=\"https:\/\/www.repricer.com\/fr\/cookie-notice\/\" \/>\n<meta property=\"og:locale\" content=\"fr_FR\" \/>\n<meta property=\"og:type\" content=\"article\" \/>\n<meta property=\"og:title\" content=\"Avis sur les cookies\" \/>\n<meta property=\"og:description\" content=\"Avis de cookie officiel de Repricer expliquant comment les cookies sont utilis\u00e9s sur ce site et comment les visiteurs peuvent g\u00e9rer les param\u00e8tres et les pr\u00e9f\u00e9rences facilement \u00e0 tout moment ici.\" \/>\n<meta property=\"og:url\" content=\"https:\/\/www.repricer.com\/fr\/cookie-notice\/\" \/>\n<meta property=\"og:site_name\" content=\"The Fastest Amazon Repricer | Repricer.com\" \/>\n<meta property=\"article:publisher\" content=\"https:\/\/www.facebook.com\/repricer\" \/>\n<meta property=\"article:modified_time\" content=\"2026-01-30T13:07:50+00:00\" \/>\n<meta name=\"twitter:card\" content=\"summary_large_image\" \/>\n<meta name=\"twitter:site\" content=\"@repricer\" \/>\n<meta name=\"twitter:label1\" content=\"Dur\u00e9e de lecture estim\u00e9e\" \/>\n\t<meta name=\"twitter:data1\" content=\"4 minutes\" \/>\n<script type=\"application\/ld+json\" class=\"yoast-schema-graph\">{\"@context\":\"https:\\\/\\\/schema.org\",\"@graph\":[{\"@type\":\"WebPage\",\"@id\":\"https:\\\/\\\/www.repricer.com\\\/fr\\\/cookie-notice\\\/\",\"url\":\"https:\\\/\\\/www.repricer.com\\\/fr\\\/cookie-notice\\\/\",\"name\":\"Avis sur les cookies - The Fastest Amazon Repricer | Repricer.com\",\"isPartOf\":{\"@id\":\"https:\\\/\\\/www.repricer.com\\\/fr\\\/#website\"},\"datePublished\":\"2022-02-18T17:18:24+00:00\",\"dateModified\":\"2026-01-30T13:07:50+00:00\",\"description\":\"Avis de cookie officiel de Repricer expliquant comment les cookies sont utilis\u00e9s sur ce site et comment les visiteurs peuvent g\u00e9rer les param\u00e8tres et les pr\u00e9f\u00e9rences facilement \u00e0 tout moment ici.\",\"breadcrumb\":{\"@id\":\"https:\\\/\\\/www.repricer.com\\\/fr\\\/cookie-notice\\\/#breadcrumb\"},\"inLanguage\":\"fr-FR\",\"potentialAction\":[{\"@type\":\"ReadAction\",\"target\":[\"https:\\\/\\\/www.repricer.com\\\/fr\\\/cookie-notice\\\/\"]}]},{\"@type\":\"BreadcrumbList\",\"@id\":\"https:\\\/\\\/www.repricer.com\\\/fr\\\/cookie-notice\\\/#breadcrumb\",\"itemListElement\":[{\"@type\":\"ListItem\",\"position\":1,\"name\":\"Home\",\"item\":\"https:\\\/\\\/www.repricer.com\\\/fr\\\/home-2\\\/\"},{\"@type\":\"ListItem\",\"position\":2,\"name\":\"Avis sur les cookies\"}]},{\"@type\":\"WebSite\",\"@id\":\"https:\\\/\\\/www.repricer.com\\\/fr\\\/#website\",\"url\":\"https:\\\/\\\/www.repricer.com\\\/fr\\\/\",\"name\":\"The Fastest Amazon Repricer | Repricer.com\",\"description\":\"Faites de Repricer.com votre centre de tarification unique en connectant tous vos canaux de vente, y compris Amazon, eBay, Walmart, Shopify et plus encore.\",\"publisher\":{\"@id\":\"https:\\\/\\\/www.repricer.com\\\/fr\\\/#organization\"},\"potentialAction\":[{\"@type\":\"SearchAction\",\"target\":{\"@type\":\"EntryPoint\",\"urlTemplate\":\"https:\\\/\\\/www.repricer.com\\\/fr\\\/?s={search_term_string}\"},\"query-input\":{\"@type\":\"PropertyValueSpecification\",\"valueRequired\":true,\"valueName\":\"search_term_string\"}}],\"inLanguage\":\"fr-FR\"},{\"@type\":\"Organization\",\"@id\":\"https:\\\/\\\/www.repricer.com\\\/fr\\\/#organization\",\"name\":\"Repricer.com\",\"url\":\"https:\\\/\\\/www.repricer.com\\\/fr\\\/\",\"logo\":{\"@type\":\"ImageObject\",\"inLanguage\":\"fr-FR\",\"@id\":\"https:\\\/\\\/www.repricer.com\\\/fr\\\/#\\\/schema\\\/logo\\\/image\\\/\",\"url\":\"https:\\\/\\\/www.repricer.com\\\/wp-content\\\/uploads\\\/2022\\\/01\\\/updated-repricer-logo-black.png\",\"contentUrl\":\"https:\\\/\\\/www.repricer.com\\\/wp-content\\\/uploads\\\/2022\\\/01\\\/updated-repricer-logo-black.png\",\"width\":481,\"height\":83,\"caption\":\"Repricer.com\"},\"image\":{\"@id\":\"https:\\\/\\\/www.repricer.com\\\/fr\\\/#\\\/schema\\\/logo\\\/image\\\/\"},\"sameAs\":[\"https:\\\/\\\/www.facebook.com\\\/repricer\",\"https:\\\/\\\/x.com\\\/repricer\",\"https:\\\/\\\/www.instagram.com\\\/repricer\\\/\",\"https:\\\/\\\/www.youtube.com\\\/channel\\\/UC_pT73zbB2TIA-jS12y93fA\"]}]}<\/script>\n<!-- \/ Yoast SEO Premium plugin. -->","yoast_head_json":{"title":"Avis sur les cookies - The Fastest Amazon Repricer | Repricer.com","description":"Avis de cookie officiel de Repricer expliquant comment les cookies sont utilis\u00e9s sur ce site et comment les visiteurs peuvent g\u00e9rer les param\u00e8tres et les pr\u00e9f\u00e9rences facilement \u00e0 tout moment ici.","robots":{"index":"index","follow":"follow","max-snippet":"max-snippet:-1","max-image-preview":"max-image-preview:large","max-video-preview":"max-video-preview:-1"},"canonical":"https:\/\/www.repricer.com\/fr\/cookie-notice\/","og_locale":"fr_FR","og_type":"article","og_title":"Avis sur les cookies","og_description":"Avis de cookie officiel de Repricer expliquant comment les cookies sont utilis\u00e9s sur ce site et comment les visiteurs peuvent g\u00e9rer les param\u00e8tres et les pr\u00e9f\u00e9rences facilement \u00e0 tout moment ici.","og_url":"https:\/\/www.repricer.com\/fr\/cookie-notice\/","og_site_name":"The Fastest Amazon Repricer | Repricer.com","article_publisher":"https:\/\/www.facebook.com\/repricer","article_modified_time":"2026-01-30T13:07:50+00:00","twitter_card":"summary_large_image","twitter_site":"@repricer","twitter_misc":{"Dur\u00e9e de lecture estim\u00e9e":"4 minutes"},"schema":{"@context":"https:\/\/schema.org","@graph":[{"@type":"WebPage","@id":"https:\/\/www.repricer.com\/fr\/cookie-notice\/","url":"https:\/\/www.repricer.com\/fr\/cookie-notice\/","name":"Avis sur les cookies - The Fastest Amazon Repricer | Repricer.com","isPartOf":{"@id":"https:\/\/www.repricer.com\/fr\/#website"},"datePublished":"2022-02-18T17:18:24+00:00","dateModified":"2026-01-30T13:07:50+00:00","description":"Avis de cookie officiel de Repricer expliquant comment les cookies sont utilis\u00e9s sur ce site et comment les visiteurs peuvent g\u00e9rer les param\u00e8tres et les pr\u00e9f\u00e9rences facilement \u00e0 tout moment ici.","breadcrumb":{"@id":"https:\/\/www.repricer.com\/fr\/cookie-notice\/#breadcrumb"},"inLanguage":"fr-FR","potentialAction":[{"@type":"ReadAction","target":["https:\/\/www.repricer.com\/fr\/cookie-notice\/"]}]},{"@type":"BreadcrumbList","@id":"https:\/\/www.repricer.com\/fr\/cookie-notice\/#breadcrumb","itemListElement":[{"@type":"ListItem","position":1,"name":"Home","item":"https:\/\/www.repricer.com\/fr\/home-2\/"},{"@type":"ListItem","position":2,"name":"Avis sur les cookies"}]},{"@type":"WebSite","@id":"https:\/\/www.repricer.com\/fr\/#website","url":"https:\/\/www.repricer.com\/fr\/","name":"The Fastest Amazon Repricer | Repricer.com","description":"Faites de Repricer.com votre centre de tarification unique en connectant tous vos canaux de vente, y compris Amazon, eBay, Walmart, Shopify et plus encore.","publisher":{"@id":"https:\/\/www.repricer.com\/fr\/#organization"},"potentialAction":[{"@type":"SearchAction","target":{"@type":"EntryPoint","urlTemplate":"https:\/\/www.repricer.com\/fr\/?s={search_term_string}"},"query-input":{"@type":"PropertyValueSpecification","valueRequired":true,"valueName":"search_term_string"}}],"inLanguage":"fr-FR"},{"@type":"Organization","@id":"https:\/\/www.repricer.com\/fr\/#organization","name":"Repricer.com","url":"https:\/\/www.repricer.com\/fr\/","logo":{"@type":"ImageObject","inLanguage":"fr-FR","@id":"https:\/\/www.repricer.com\/fr\/#\/schema\/logo\/image\/","url":"https:\/\/www.repricer.com\/wp-content\/uploads\/2022\/01\/updated-repricer-logo-black.png","contentUrl":"https:\/\/www.repricer.com\/wp-content\/uploads\/2022\/01\/updated-repricer-logo-black.png","width":481,"height":83,"caption":"Repricer.com"},"image":{"@id":"https:\/\/www.repricer.com\/fr\/#\/schema\/logo\/image\/"},"sameAs":["https:\/\/www.facebook.com\/repricer","https:\/\/x.com\/repricer","https:\/\/www.instagram.com\/repricer\/","https:\/\/www.youtube.com\/channel\/UC_pT73zbB2TIA-jS12y93fA"]}]}},"_links":{"self":[{"href":"https:\/\/www.repricer.com\/fr\/wp-json\/wp\/v2\/pages\/3819","targetHints":{"allow":["GET"]}}],"collection":[{"href":"https:\/\/www.repricer.com\/fr\/wp-json\/wp\/v2\/pages"}],"about":[{"href":"https:\/\/www.repricer.com\/fr\/wp-json\/wp\/v2\/types\/page"}],"author":[{"embeddable":true,"href":"https:\/\/www.repricer.com\/fr\/wp-json\/wp\/v2\/users\/12"}],"replies":[{"embeddable":true,"href":"https:\/\/www.repricer.com\/fr\/wp-json\/wp\/v2\/comments?post=3819"}],"version-history":[{"count":9,"href":"https:\/\/www.repricer.com\/fr\/wp-json\/wp\/v2\/pages\/3819\/revisions"}],"predecessor-version":[{"id":50277,"href":"https:\/\/www.repricer.com\/fr\/wp-json\/wp\/v2\/pages\/3819\/revisions\/50277"}],"wp:attachment":[{"href":"https:\/\/www.repricer.com\/fr\/wp-json\/wp\/v2\/media?parent=3819"}],"curies":[{"name":"wp","href":"https:\/\/api.w.org\/{rel}","templated":true}]}}