{"id":42849,"date":"2023-10-19T11:19:16","date_gmt":"2023-10-19T11:19:16","guid":{"rendered":"https:\/\/www.repricer.com\/label-prive-repricing\/"},"modified":"2025-06-05T09:35:05","modified_gmt":"2025-06-05T09:35:05","slug":"label-prive-repricing","status":"publish","type":"page","link":"https:\/\/www.repricer.com\/fr\/label-prive-repricing\/","title":{"rendered":"Label priv\u00e9 Repricing"},"content":{"rendered":"\t\t<div data-elementor-type=\"wp-page\" data-elementor-id=\"42849\" class=\"elementor elementor-42849 elementor-18511\" data-elementor-post-type=\"page\">\n\t\t\t\t<div class=\"elementor-element elementor-element-87953d2 e-flex e-con-boxed e-con e-parent\" data-id=\"87953d2\" data-element_type=\"container\" data-e-type=\"container\">\n\t\t\t\t\t<div class=\"e-con-inner\">\n\t\t<div class=\"elementor-element elementor-element-d3a6b08 e-con-full e-flex e-con e-child\" data-id=\"d3a6b08\" data-element_type=\"container\" data-e-type=\"container\">\n\t\t\t\t<div class=\"elementor-element elementor-element-3671241 elementor-widget elementor-widget-heading\" data-id=\"3671241\" data-element_type=\"widget\" data-e-type=\"widget\" data-widget_type=\"heading.default\">\n\t\t\t\t<div class=\"elementor-widget-container\">\n\t\t\t\t\t<h1 class=\"elementor-heading-title elementor-size-default\">Label priv\u00e9 Repricing<\/h1>\t\t\t\t<\/div>\n\t\t\t\t<\/div>\n\t\t\t\t<div class=\"elementor-element elementor-element-2c24f68 elementor-widget elementor-widget-spacer\" data-id=\"2c24f68\" data-element_type=\"widget\" data-e-type=\"widget\" data-widget_type=\"spacer.default\">\n\t\t\t\t<div class=\"elementor-widget-container\">\n\t\t\t\t\t\t\t<div class=\"elementor-spacer\">\n\t\t\t<div class=\"elementor-spacer-inner\"><\/div>\n\t\t<\/div>\n\t\t\t\t\t\t<\/div>\n\t\t\t\t<\/div>\n\t\t\t\t<div class=\"elementor-element elementor-element-9b55a2c elementor-widget elementor-widget-text-editor\" data-id=\"9b55a2c\" data-element_type=\"widget\" data-e-type=\"widget\" data-widget_type=\"text-editor.default\">\n\t\t\t\t<div class=\"elementor-widget-container\">\n\t\t\t\t\t\t\t\t\t<p>Soyez proactif sur la mani\u00e8re dont vous \u00eates comp\u00e9titif et<span style=\"font-weight: 400;\">maximisez vos profits gr\u00e2ce \u00e0 un repricing optimis\u00e9 &#8211; m\u00eame lorsqu&rsquo;il n&rsquo;y a pas de concurrence.<\/span><\/p>\t\t\t\t\t\t\t\t<\/div>\n\t\t\t\t<\/div>\n\t\t\t\t<div class=\"elementor-element elementor-element-7d6b47e elementor-widget elementor-widget-button\" data-id=\"7d6b47e\" data-element_type=\"widget\" data-e-type=\"widget\" data-widget_type=\"button.default\">\n\t\t\t\t<div class=\"elementor-widget-container\">\n\t\t\t\t\t\t\t\t\t<div class=\"elementor-button-wrapper\">\n\t\t\t\t\t<a class=\"elementor-button elementor-button-link elementor-size-md\" href=\"https:\/\/dashboard.repricer.com\/register\/do\/repricer\">\n\t\t\t\t\t\t<span class=\"elementor-button-content-wrapper\">\n\t\t\t\t\t\t\t\t\t<span class=\"elementor-button-text\">Commencez gratuitement<\/span>\n\t\t\t\t\t<\/span>\n\t\t\t\t\t<\/a>\n\t\t\t\t<\/div>\n\t\t\t\t\t\t\t\t<\/div>\n\t\t\t\t<\/div>\n\t\t\t\t<\/div>\n\t\t<div class=\"elementor-element elementor-element-9bea1f1 e-con-full e-flex e-con e-child\" data-id=\"9bea1f1\" data-element_type=\"container\" data-e-type=\"container\">\n\t\t\t\t<\/div>\n\t\t\t\t\t<\/div>\n\t\t\t\t<\/div>\n\t\t<div class=\"elementor-element elementor-element-4d87955 e-flex e-con-boxed e-con e-parent\" data-id=\"4d87955\" data-element_type=\"container\" data-e-type=\"container\">\n\t\t\t\t\t<div class=\"e-con-inner\">\n\t\t\t\t<div class=\"elementor-element elementor-element-8f310e7 elementor-widget elementor-widget-spacer\" data-id=\"8f310e7\" data-element_type=\"widget\" data-e-type=\"widget\" data-widget_type=\"spacer.default\">\n\t\t\t\t<div class=\"elementor-widget-container\">\n\t\t\t\t\t\t\t<div class=\"elementor-spacer\">\n\t\t\t<div class=\"elementor-spacer-inner\"><\/div>\n\t\t<\/div>\n\t\t\t\t\t\t<\/div>\n\t\t\t\t<\/div>\n\t\t\t\t\t<\/div>\n\t\t\t\t<\/div>\n\t\t<div class=\"elementor-element elementor-element-a3c5516 e-flex e-con-boxed e-con e-parent\" data-id=\"a3c5516\" data-element_type=\"container\" data-e-type=\"container\">\n\t\t\t\t\t<div class=\"e-con-inner\">\n\t\t<div class=\"elementor-element elementor-element-aa0282f e-con-full e-flex e-con e-child\" data-id=\"aa0282f\" data-element_type=\"container\" data-e-type=\"container\">\n\t\t\t\t<div class=\"elementor-element elementor-element-1c9dddb elementor-view-default elementor-position-block-start elementor-mobile-position-block-start elementor-widget elementor-widget-icon-box\" data-id=\"1c9dddb\" data-element_type=\"widget\" data-e-type=\"widget\" data-widget_type=\"icon-box.default\">\n\t\t\t\t<div class=\"elementor-widget-container\">\n\t\t\t\t\t\t\t<div class=\"elementor-icon-box-wrapper\">\n\n\t\t\t\t\t\t<div class=\"elementor-icon-box-icon\">\n\t\t\t\t<span  class=\"elementor-icon\">\n\t\t\t\t<i aria-hidden=\"true\" class=\"fas fa-star\"><\/i>\t\t\t\t<\/span>\n\t\t\t<\/div>\n\t\t\t\n\t\t\t\t\t\t<div class=\"elementor-icon-box-content\">\n\n\t\t\t\t\t\t\t\t\t<h3 class=\"elementor-icon-box-title\">\n\t\t\t\t\t\t<span  >\n\t\t\t\t\t\t\tTrouvez le bon prix pour vos produits en fonction de vos ventes\t\t\t\t\t\t<\/span>\n\t\t\t\t\t<\/h3>\n\t\t\t\t\n\t\t\t\t\t\t\t\t\t<p class=\"elementor-icon-box-description\">\n\t\t\t\t\t\tUtilisez vos donn\u00e9es de vente pour d\u00e9terminer la tarification optimale pour votre strat\u00e9gie.\t\t\t\t\t<\/p>\n\t\t\t\t\n\t\t\t<\/div>\n\t\t\t\n\t\t<\/div>\n\t\t\t\t\t\t<\/div>\n\t\t\t\t<\/div>\n\t\t\t\t<\/div>\n\t\t<div class=\"elementor-element elementor-element-1580403 e-con-full e-flex e-con e-child\" data-id=\"1580403\" data-element_type=\"container\" data-e-type=\"container\">\n\t\t\t\t<div class=\"elementor-element elementor-element-0413fcc elementor-view-default elementor-position-block-start elementor-mobile-position-block-start elementor-widget elementor-widget-icon-box\" data-id=\"0413fcc\" data-element_type=\"widget\" data-e-type=\"widget\" data-widget_type=\"icon-box.default\">\n\t\t\t\t<div class=\"elementor-widget-container\">\n\t\t\t\t\t\t\t<div class=\"elementor-icon-box-wrapper\">\n\n\t\t\t\t\t\t<div class=\"elementor-icon-box-icon\">\n\t\t\t\t<span  class=\"elementor-icon\">\n\t\t\t\t<i aria-hidden=\"true\" class=\"fas fa-star\"><\/i>\t\t\t\t<\/span>\n\t\t\t<\/div>\n\t\t\t\n\t\t\t\t\t\t<div class=\"elementor-icon-box-content\">\n\n\t\t\t\t\t\t\t\t\t<h3 class=\"elementor-icon-box-title\">\n\t\t\t\t\t\t<span  >\n\t\t\t\t\t\t\tRestez comp\u00e9titif et faites plus de b\u00e9n\u00e9fices par rapport aux vendeurs sur d'autres ASIN.\t\t\t\t\t\t<\/span>\n\t\t\t\t\t<\/h3>\n\t\t\t\t\n\t\t\t\t\t\t\t\t\t<p class=\"elementor-icon-box-description\">\n\t\t\t\t\t\tNe passez pas \u00e0 c\u00f4t\u00e9 de gains potentiels ; maximisez vos profits en concurren\u00e7ant des produits similaires aux v\u00f4tres.\t\t\t\t\t<\/p>\n\t\t\t\t\n\t\t\t<\/div>\n\t\t\t\n\t\t<\/div>\n\t\t\t\t\t\t<\/div>\n\t\t\t\t<\/div>\n\t\t\t\t<\/div>\n\t\t\t\t\t<\/div>\n\t\t\t\t<\/div>\n\t\t<div class=\"elementor-element elementor-element-8684ec6 e-flex e-con-boxed e-con e-parent\" data-id=\"8684ec6\" data-element_type=\"container\" data-e-type=\"container\">\n\t\t\t\t\t<div class=\"e-con-inner\">\n\t\t\t\t<div class=\"elementor-element elementor-element-d705c01 elementor-widget elementor-widget-spacer\" data-id=\"d705c01\" data-element_type=\"widget\" data-e-type=\"widget\" data-widget_type=\"spacer.default\">\n\t\t\t\t<div class=\"elementor-widget-container\">\n\t\t\t\t\t\t\t<div class=\"elementor-spacer\">\n\t\t\t<div class=\"elementor-spacer-inner\"><\/div>\n\t\t<\/div>\n\t\t\t\t\t\t<\/div>\n\t\t\t\t<\/div>\n\t\t\t\t\t<\/div>\n\t\t\t\t<\/div>\n\t\t<div class=\"elementor-element elementor-element-b7f636c e-flex e-con-boxed e-con e-parent\" data-id=\"b7f636c\" data-element_type=\"container\" data-e-type=\"container\">\n\t\t\t\t\t<div class=\"e-con-inner\">\n\t\t<div class=\"elementor-element elementor-element-526077b e-con-full e-flex e-con e-child\" data-id=\"526077b\" data-element_type=\"container\" data-e-type=\"container\">\n\t\t\t\t<div class=\"elementor-element elementor-element-0bc00d2 elementor-view-default elementor-position-block-start elementor-mobile-position-block-start elementor-widget elementor-widget-icon-box\" data-id=\"0bc00d2\" data-element_type=\"widget\" data-e-type=\"widget\" data-widget_type=\"icon-box.default\">\n\t\t\t\t<div class=\"elementor-widget-container\">\n\t\t\t\t\t\t\t<div class=\"elementor-icon-box-wrapper\">\n\n\t\t\t\t\t\t<div class=\"elementor-icon-box-icon\">\n\t\t\t\t<span  class=\"elementor-icon\">\n\t\t\t\t<i aria-hidden=\"true\" class=\"fas fa-star\"><\/i>\t\t\t\t<\/span>\n\t\t\t<\/div>\n\t\t\t\n\t\t\t\t\t\t<div class=\"elementor-icon-box-content\">\n\n\t\t\t\t\t\t\t\t\t<h3 class=\"elementor-icon-box-title\">\n\t\t\t\t\t\t<span  >\n\t\t\t\t\t\t\t\u00c9liminez les t\u00e2ches manuelles fastidieuses gr\u00e2ce \u00e0 la refonte automatis\u00e9e des prix.\t\t\t\t\t\t<\/span>\n\t\t\t\t\t<\/h3>\n\t\t\t\t\n\t\t\t\t\t\t\t\t\t<p class=\"elementor-icon-box-description\">\n\t\t\t\t\t\tPassez moins de temps \u00e0 r\u00e9viser vos prix et laissez Repricer.com automatiser cette t\u00e2che.\t\t\t\t\t<\/p>\n\t\t\t\t\n\t\t\t<\/div>\n\t\t\t\n\t\t<\/div>\n\t\t\t\t\t\t<\/div>\n\t\t\t\t<\/div>\n\t\t\t\t<\/div>\n\t\t<div class=\"elementor-element elementor-element-3d08e21 e-con-full e-flex e-con e-child\" data-id=\"3d08e21\" data-element_type=\"container\" data-e-type=\"container\">\n\t\t\t\t<div class=\"elementor-element elementor-element-6da0317 elementor-view-default elementor-position-block-start elementor-mobile-position-block-start elementor-widget elementor-widget-icon-box\" data-id=\"6da0317\" data-element_type=\"widget\" data-e-type=\"widget\" data-widget_type=\"icon-box.default\">\n\t\t\t\t<div class=\"elementor-widget-container\">\n\t\t\t\t\t\t\t<div class=\"elementor-icon-box-wrapper\">\n\n\t\t\t\t\t\t<div class=\"elementor-icon-box-icon\">\n\t\t\t\t<span  class=\"elementor-icon\">\n\t\t\t\t<i aria-hidden=\"true\" class=\"fas fa-star\"><\/i>\t\t\t\t<\/span>\n\t\t\t<\/div>\n\t\t\t\n\t\t\t\t\t\t<div class=\"elementor-icon-box-content\">\n\n\t\t\t\t\t\t\t\t\t<h3 class=\"elementor-icon-box-title\">\n\t\t\t\t\t\t<span  >\n\t\t\t\t\t\t\tAugmentez automatiquement les prix en cas de hausse des ventes et baissez-les en cas d'accalmie.\t\t\t\t\t\t<\/span>\n\t\t\t\t\t<\/h3>\n\t\t\t\t\n\t\t\t\t\t\t\t\t\t<p class=\"elementor-icon-box-description\">\n\t\t\t\t\t\tTirez parti des ventes \u00e9lev\u00e9es en augmentant votre prix ou r\u00e9duisez-le en cas de baisse. Laissez Repricer.com s'en charger automatiquement pour vous. \t\t\t\t\t<\/p>\n\t\t\t\t\n\t\t\t<\/div>\n\t\t\t\n\t\t<\/div>\n\t\t\t\t\t\t<\/div>\n\t\t\t\t<\/div>\n\t\t\t\t<\/div>\n\t\t\t\t\t<\/div>\n\t\t\t\t<\/div>\n\t\t\t\t<\/div>\n\t\t","protected":false},"excerpt":{"rendered":"<p>Label priv\u00e9 Repricing Soyez proactif sur la mani\u00e8re dont vous \u00eates comp\u00e9titif etmaximisez vos profits gr\u00e2ce \u00e0 un repricing optimis\u00e9 &#8211; m\u00eame lorsqu&rsquo;il n&rsquo;y a pas de concurrence. Commencez gratuitement Trouvez le bon prix pour vos produits en fonction de vos ventes Utilisez vos donn\u00e9es de vente pour d\u00e9terminer la tarification optimale pour votre strat\u00e9gie. [&hellip;]<\/p>\n","protected":false},"author":34,"featured_media":0,"parent":0,"menu_order":0,"comment_status":"closed","ping_status":"closed","template":"","meta":{"inline_featured_image":false,"footnotes":""},"class_list":["post-42849","page","type-page","status-publish","hentry"],"yoast_head":"<!-- This site is optimized with the Yoast SEO Premium plugin v27.4 (Yoast SEO v27.4) - https:\/\/yoast.com\/product\/yoast-seo-premium-wordpress\/ -->\n<title>Label priv\u00e9 Repricing - The Fastest Amazon Repricer | Repricer.com<\/title>\n<meta name=\"description\" content=\"Augmentez vos profits gr\u00e2ce \u00e0 des strat\u00e9gies de r\u00e9\u00e9valuation des prix des marques de distributeur. Optimisez votre structure de prix pour rester comp\u00e9titif et maximiser vos marges.\" \/>\n<meta name=\"robots\" content=\"index, follow, max-snippet:-1, max-image-preview:large, max-video-preview:-1\" \/>\n<link rel=\"canonical\" href=\"https:\/\/www.repricer.com\/fr\/label-prive-repricing\/\" \/>\n<meta property=\"og:locale\" content=\"fr_FR\" \/>\n<meta property=\"og:type\" content=\"article\" \/>\n<meta property=\"og:title\" content=\"Label priv\u00e9 Repricing\" \/>\n<meta property=\"og:description\" content=\"Augmentez vos profits gr\u00e2ce \u00e0 des strat\u00e9gies de r\u00e9\u00e9valuation des prix des marques de distributeur. Optimisez votre structure de prix pour rester comp\u00e9titif et maximiser vos marges.\" \/>\n<meta property=\"og:url\" content=\"https:\/\/www.repricer.com\/fr\/label-prive-repricing\/\" \/>\n<meta property=\"og:site_name\" content=\"The Fastest Amazon Repricer | Repricer.com\" \/>\n<meta property=\"article:publisher\" content=\"https:\/\/www.facebook.com\/repricer\" \/>\n<meta property=\"article:modified_time\" content=\"2025-06-05T09:35:05+00:00\" \/>\n<meta name=\"twitter:card\" content=\"summary_large_image\" \/>\n<meta name=\"twitter:site\" content=\"@repricer\" \/>\n<meta name=\"twitter:label1\" content=\"Dur\u00e9e de lecture estim\u00e9e\" \/>\n\t<meta name=\"twitter:data1\" content=\"1 minute\" \/>\n<script type=\"application\/ld+json\" class=\"yoast-schema-graph\">{\"@context\":\"https:\\\/\\\/schema.org\",\"@graph\":[{\"@type\":\"WebPage\",\"@id\":\"https:\\\/\\\/www.repricer.com\\\/fr\\\/label-prive-repricing\\\/\",\"url\":\"https:\\\/\\\/www.repricer.com\\\/fr\\\/label-prive-repricing\\\/\",\"name\":\"Label priv\u00e9 Repricing - The Fastest Amazon Repricer | Repricer.com\",\"isPartOf\":{\"@id\":\"https:\\\/\\\/www.repricer.com\\\/fr\\\/#website\"},\"datePublished\":\"2023-10-19T11:19:16+00:00\",\"dateModified\":\"2025-06-05T09:35:05+00:00\",\"description\":\"Augmentez vos profits gr\u00e2ce \u00e0 des strat\u00e9gies de r\u00e9\u00e9valuation des prix des marques de distributeur. Optimisez votre structure de prix pour rester comp\u00e9titif et maximiser vos marges.\",\"breadcrumb\":{\"@id\":\"https:\\\/\\\/www.repricer.com\\\/fr\\\/label-prive-repricing\\\/#breadcrumb\"},\"inLanguage\":\"fr-FR\",\"potentialAction\":[{\"@type\":\"ReadAction\",\"target\":[\"https:\\\/\\\/www.repricer.com\\\/fr\\\/label-prive-repricing\\\/\"]}]},{\"@type\":\"BreadcrumbList\",\"@id\":\"https:\\\/\\\/www.repricer.com\\\/fr\\\/label-prive-repricing\\\/#breadcrumb\",\"itemListElement\":[{\"@type\":\"ListItem\",\"position\":1,\"name\":\"Home\",\"item\":\"https:\\\/\\\/www.repricer.com\\\/fr\\\/home-2\\\/\"},{\"@type\":\"ListItem\",\"position\":2,\"name\":\"Label priv\u00e9 Repricing\"}]},{\"@type\":\"WebSite\",\"@id\":\"https:\\\/\\\/www.repricer.com\\\/fr\\\/#website\",\"url\":\"https:\\\/\\\/www.repricer.com\\\/fr\\\/\",\"name\":\"The Fastest Amazon Repricer | Repricer.com\",\"description\":\"Faites de Repricer.com votre centre de tarification unique en connectant tous vos canaux de vente, y compris Amazon, eBay, Walmart, Shopify et plus encore.\",\"publisher\":{\"@id\":\"https:\\\/\\\/www.repricer.com\\\/fr\\\/#organization\"},\"potentialAction\":[{\"@type\":\"SearchAction\",\"target\":{\"@type\":\"EntryPoint\",\"urlTemplate\":\"https:\\\/\\\/www.repricer.com\\\/fr\\\/?s={search_term_string}\"},\"query-input\":{\"@type\":\"PropertyValueSpecification\",\"valueRequired\":true,\"valueName\":\"search_term_string\"}}],\"inLanguage\":\"fr-FR\"},{\"@type\":\"Organization\",\"@id\":\"https:\\\/\\\/www.repricer.com\\\/fr\\\/#organization\",\"name\":\"Repricer.com\",\"url\":\"https:\\\/\\\/www.repricer.com\\\/fr\\\/\",\"logo\":{\"@type\":\"ImageObject\",\"inLanguage\":\"fr-FR\",\"@id\":\"https:\\\/\\\/www.repricer.com\\\/fr\\\/#\\\/schema\\\/logo\\\/image\\\/\",\"url\":\"https:\\\/\\\/www.repricer.com\\\/wp-content\\\/uploads\\\/2022\\\/01\\\/updated-repricer-logo-black.png\",\"contentUrl\":\"https:\\\/\\\/www.repricer.com\\\/wp-content\\\/uploads\\\/2022\\\/01\\\/updated-repricer-logo-black.png\",\"width\":481,\"height\":83,\"caption\":\"Repricer.com\"},\"image\":{\"@id\":\"https:\\\/\\\/www.repricer.com\\\/fr\\\/#\\\/schema\\\/logo\\\/image\\\/\"},\"sameAs\":[\"https:\\\/\\\/www.facebook.com\\\/repricer\",\"https:\\\/\\\/x.com\\\/repricer\",\"https:\\\/\\\/www.instagram.com\\\/repricer\\\/\",\"https:\\\/\\\/www.youtube.com\\\/channel\\\/UC_pT73zbB2TIA-jS12y93fA\"]}]}<\/script>\n<!-- \/ Yoast SEO Premium plugin. -->","yoast_head_json":{"title":"Label priv\u00e9 Repricing - The Fastest Amazon Repricer | Repricer.com","description":"Augmentez vos profits gr\u00e2ce \u00e0 des strat\u00e9gies de r\u00e9\u00e9valuation des prix des marques de distributeur. Optimisez votre structure de prix pour rester comp\u00e9titif et maximiser vos marges.","robots":{"index":"index","follow":"follow","max-snippet":"max-snippet:-1","max-image-preview":"max-image-preview:large","max-video-preview":"max-video-preview:-1"},"canonical":"https:\/\/www.repricer.com\/fr\/label-prive-repricing\/","og_locale":"fr_FR","og_type":"article","og_title":"Label priv\u00e9 Repricing","og_description":"Augmentez vos profits gr\u00e2ce \u00e0 des strat\u00e9gies de r\u00e9\u00e9valuation des prix des marques de distributeur. Optimisez votre structure de prix pour rester comp\u00e9titif et maximiser vos marges.","og_url":"https:\/\/www.repricer.com\/fr\/label-prive-repricing\/","og_site_name":"The Fastest Amazon Repricer | Repricer.com","article_publisher":"https:\/\/www.facebook.com\/repricer","article_modified_time":"2025-06-05T09:35:05+00:00","twitter_card":"summary_large_image","twitter_site":"@repricer","twitter_misc":{"Dur\u00e9e de lecture estim\u00e9e":"1 minute"},"schema":{"@context":"https:\/\/schema.org","@graph":[{"@type":"WebPage","@id":"https:\/\/www.repricer.com\/fr\/label-prive-repricing\/","url":"https:\/\/www.repricer.com\/fr\/label-prive-repricing\/","name":"Label priv\u00e9 Repricing - The Fastest Amazon Repricer | Repricer.com","isPartOf":{"@id":"https:\/\/www.repricer.com\/fr\/#website"},"datePublished":"2023-10-19T11:19:16+00:00","dateModified":"2025-06-05T09:35:05+00:00","description":"Augmentez vos profits gr\u00e2ce \u00e0 des strat\u00e9gies de r\u00e9\u00e9valuation des prix des marques de distributeur. Optimisez votre structure de prix pour rester comp\u00e9titif et maximiser vos marges.","breadcrumb":{"@id":"https:\/\/www.repricer.com\/fr\/label-prive-repricing\/#breadcrumb"},"inLanguage":"fr-FR","potentialAction":[{"@type":"ReadAction","target":["https:\/\/www.repricer.com\/fr\/label-prive-repricing\/"]}]},{"@type":"BreadcrumbList","@id":"https:\/\/www.repricer.com\/fr\/label-prive-repricing\/#breadcrumb","itemListElement":[{"@type":"ListItem","position":1,"name":"Home","item":"https:\/\/www.repricer.com\/fr\/home-2\/"},{"@type":"ListItem","position":2,"name":"Label priv\u00e9 Repricing"}]},{"@type":"WebSite","@id":"https:\/\/www.repricer.com\/fr\/#website","url":"https:\/\/www.repricer.com\/fr\/","name":"The Fastest Amazon Repricer | Repricer.com","description":"Faites de Repricer.com votre centre de tarification unique en connectant tous vos canaux de vente, y compris Amazon, eBay, Walmart, Shopify et plus encore.","publisher":{"@id":"https:\/\/www.repricer.com\/fr\/#organization"},"potentialAction":[{"@type":"SearchAction","target":{"@type":"EntryPoint","urlTemplate":"https:\/\/www.repricer.com\/fr\/?s={search_term_string}"},"query-input":{"@type":"PropertyValueSpecification","valueRequired":true,"valueName":"search_term_string"}}],"inLanguage":"fr-FR"},{"@type":"Organization","@id":"https:\/\/www.repricer.com\/fr\/#organization","name":"Repricer.com","url":"https:\/\/www.repricer.com\/fr\/","logo":{"@type":"ImageObject","inLanguage":"fr-FR","@id":"https:\/\/www.repricer.com\/fr\/#\/schema\/logo\/image\/","url":"https:\/\/www.repricer.com\/wp-content\/uploads\/2022\/01\/updated-repricer-logo-black.png","contentUrl":"https:\/\/www.repricer.com\/wp-content\/uploads\/2022\/01\/updated-repricer-logo-black.png","width":481,"height":83,"caption":"Repricer.com"},"image":{"@id":"https:\/\/www.repricer.com\/fr\/#\/schema\/logo\/image\/"},"sameAs":["https:\/\/www.facebook.com\/repricer","https:\/\/x.com\/repricer","https:\/\/www.instagram.com\/repricer\/","https:\/\/www.youtube.com\/channel\/UC_pT73zbB2TIA-jS12y93fA"]}]}},"_links":{"self":[{"href":"https:\/\/www.repricer.com\/fr\/wp-json\/wp\/v2\/pages\/42849","targetHints":{"allow":["GET"]}}],"collection":[{"href":"https:\/\/www.repricer.com\/fr\/wp-json\/wp\/v2\/pages"}],"about":[{"href":"https:\/\/www.repricer.com\/fr\/wp-json\/wp\/v2\/types\/page"}],"author":[{"embeddable":true,"href":"https:\/\/www.repricer.com\/fr\/wp-json\/wp\/v2\/users\/34"}],"replies":[{"embeddable":true,"href":"https:\/\/www.repricer.com\/fr\/wp-json\/wp\/v2\/comments?post=42849"}],"version-history":[{"count":1,"href":"https:\/\/www.repricer.com\/fr\/wp-json\/wp\/v2\/pages\/42849\/revisions"}],"predecessor-version":[{"id":42850,"href":"https:\/\/www.repricer.com\/fr\/wp-json\/wp\/v2\/pages\/42849\/revisions\/42850"}],"wp:attachment":[{"href":"https:\/\/www.repricer.com\/fr\/wp-json\/wp\/v2\/media?parent=42849"}],"curies":[{"name":"wp","href":"https:\/\/api.w.org\/{rel}","templated":true}]}}