{"id":45761,"date":"2025-07-21T13:01:45","date_gmt":"2025-07-21T13:01:45","guid":{"rendered":"https:\/\/www.repricer.com\/declaration-daccessibilite-pour-repricer-com\/"},"modified":"2025-08-19T13:37:24","modified_gmt":"2025-08-19T13:37:24","slug":"declaration-daccessibilite-pour-repricer-com","status":"publish","type":"page","link":"https:\/\/www.repricer.com\/fr\/declaration-daccessibilite-pour-repricer-com\/","title":{"rendered":"D\u00e9claration d&rsquo;accessibilit\u00e9"},"content":{"rendered":"\t\t<div data-elementor-type=\"wp-page\" data-elementor-id=\"45761\" class=\"elementor elementor-45761 elementor-45696\" data-elementor-post-type=\"page\">\n\t\t\t\t<div class=\"elementor-element elementor-element-5fe4285 e-flex e-con-boxed e-con e-parent\" data-id=\"5fe4285\" data-element_type=\"container\" data-e-type=\"container\">\n\t\t\t\t\t<div class=\"e-con-inner\">\n\t\t\t\t<div class=\"elementor-element elementor-element-cdb9a94 elementor-widget elementor-widget-text-editor\" data-id=\"cdb9a94\" data-element_type=\"widget\" data-e-type=\"widget\" data-widget_type=\"text-editor.default\">\n\t\t\t\t<div class=\"elementor-widget-container\">\n\t\t\t\t\t\t\t\t\t<p><a href=\"https:\/\/www.repricer.com\/fr\/\">Repricer.com<\/a> s&rsquo;engage \u00e0 garantir l&rsquo;accessibilit\u00e9 num\u00e9rique pour tous les utilisateurs, y compris les personnes handicap\u00e9es. Nous am\u00e9liorons continuellement l&rsquo;exp\u00e9rience utilisateur pour tous et appliquons les normes d&rsquo;accessibilit\u00e9 pertinentes. <\/p><h2>Mesures en faveur de l&rsquo;accessibilit\u00e9<\/h2><p>Nous prenons les mesures suivantes pour garantir l&rsquo;accessibilit\u00e9 de <a href=\"https:\/\/www.repricer.com\/fr\/\">Repricer.com :<\/a><\/p><ul><li>Int\u00e9grer l&rsquo;accessibilit\u00e9 dans notre mission et nos pratiques de d\u00e9veloppement<\/li><li>Utilisez un code HTML s\u00e9mantique et une structure d&rsquo;en-t\u00eate appropri\u00e9e<\/li><li>Optimiser la navigation sur le site pour les utilisateurs de clavier<\/li><li>Effectuer r\u00e9guli\u00e8rement des audits et des tests d&rsquo;accessibilit\u00e9<\/li><li>Fournir des alternatives textuelles pour tous les contenus non textuels<\/li><\/ul><h2>\u00c9tat de conformit\u00e9<\/h2><p>Notre objectif est de nous conformer aux<strong> lignes directrices pour l&rsquo;accessibilit\u00e9 des contenus web (WCAG) 2.1 niveau AA.<\/strong> Nous nous effor\u00e7ons activement de respecter ces normes dans toutes les pages et caract\u00e9ristiques du site. <\/p><h2>Tests et outils<\/h2><p>Nous utilisons r\u00e9guli\u00e8rement des outils tels que :<\/p><ul><li>Rapport sur l&rsquo;accessibilit\u00e9 du phare<\/li><li>V\u00e9rificateur d&rsquo;accessibilit\u00e9 de la hache<\/li><li>Des lecteurs d&rsquo;\u00e9cran tels que NVDA et VoiceOver pour identifier et r\u00e9soudre les probl\u00e8mes d&rsquo;accessibilit\u00e9.<\/li><\/ul><h2>Feedback<\/h2><p>Votre Feedback sur l&rsquo;accessibilit\u00e9 de <a href=\"https:\/\/www.repricer.com\/fr\/\">Repricer.com<\/a> est le bienvenu. Si vous rencontrez des obstacles, n&rsquo;h\u00e9sitez pas \u00e0 nous en faire part : <\/p><p>Courriel : <a href=\"mailto:support@repricer.com\">support@repricer.com<\/a><\/p><p>T\u00e9l\u00e9phone : +353 1 685 6340<a href=\"tel:+35316856340\"> +353 1 685 6340<\/a><\/p><p>Nous nous effor\u00e7ons de r\u00e9pondre aux feedbacks d&rsquo;accessibilit\u00e9 dans un d\u00e9lai de 2 \u00e0 3 jours ouvrables.<\/p><h3>D\u00e9claration mise \u00e0 jour<\/h3><p>Cette d\u00e9claration d&rsquo;accessibilit\u00e9 a \u00e9t\u00e9 mise \u00e0 jour pour la derni\u00e8re fois le : 21 juillet 2025<\/p>\t\t\t\t\t\t\t\t<\/div>\n\t\t\t\t<\/div>\n\t\t\t\t\t<\/div>\n\t\t\t\t<\/div>\n\t\t\t\t<\/div>\n\t\t","protected":false},"excerpt":{"rendered":"<p>Repricer.com s&rsquo;engage \u00e0 garantir l&rsquo;accessibilit\u00e9 num\u00e9rique pour tous les utilisateurs, y compris les personnes handicap\u00e9es. Nous am\u00e9liorons continuellement l&rsquo;exp\u00e9rience utilisateur pour tous et appliquons les normes d&rsquo;accessibilit\u00e9 pertinentes. Mesures en faveur de l&rsquo;accessibilit\u00e9 Nous prenons les mesures suivantes pour garantir l&rsquo;accessibilit\u00e9 de Repricer.com : Int\u00e9grer l&rsquo;accessibilit\u00e9 dans notre mission et nos pratiques de d\u00e9veloppement Utilisez [&hellip;]<\/p>\n","protected":false},"author":52,"featured_media":0,"parent":0,"menu_order":0,"comment_status":"closed","ping_status":"closed","template":"","meta":{"inline_featured_image":false,"footnotes":""},"class_list":["post-45761","page","type-page","status-publish","hentry"],"yoast_head":"<!-- This site is optimized with the Yoast SEO Premium plugin v27.4 (Yoast SEO v27.6) - https:\/\/yoast.com\/product\/yoast-seo-premium-wordpress\/ -->\n<title>D\u00e9claration d&#039;accessibilit\u00e9 - The Fastest Amazon Repricer | Repricer.com<\/title>\n<meta name=\"description\" content=\"Reprice s&#039;engage en faveur de l&#039;accessibilit\u00e9 num\u00e9rique pour tous. Lisez notre d\u00e9claration d&#039;accessibilit\u00e9 pour en savoir plus sur notre engagement et nos caract\u00e9ristiques.\" \/>\n<meta name=\"robots\" content=\"index, follow, max-snippet:-1, max-image-preview:large, max-video-preview:-1\" \/>\n<link rel=\"canonical\" href=\"https:\/\/www.repricer.com\/fr\/declaration-daccessibilite-pour-repricer-com\/\" \/>\n<meta property=\"og:locale\" content=\"fr_FR\" \/>\n<meta property=\"og:type\" content=\"article\" \/>\n<meta property=\"og:title\" content=\"D\u00e9claration d&#039;accessibilit\u00e9\" \/>\n<meta property=\"og:description\" content=\"Reprice s&#039;engage en faveur de l&#039;accessibilit\u00e9 num\u00e9rique pour tous. Lisez notre d\u00e9claration d&#039;accessibilit\u00e9 pour en savoir plus sur notre engagement et nos caract\u00e9ristiques.\" \/>\n<meta property=\"og:url\" content=\"https:\/\/www.repricer.com\/fr\/declaration-daccessibilite-pour-repricer-com\/\" \/>\n<meta property=\"og:site_name\" content=\"The Fastest Amazon Repricer | Repricer.com\" \/>\n<meta property=\"article:publisher\" content=\"https:\/\/www.facebook.com\/repricer\" \/>\n<meta property=\"article:modified_time\" content=\"2025-08-19T13:37:24+00:00\" \/>\n<meta name=\"twitter:card\" content=\"summary_large_image\" \/>\n<meta name=\"twitter:site\" content=\"@repricer\" \/>\n<meta name=\"twitter:label1\" content=\"Dur\u00e9e de lecture estim\u00e9e\" \/>\n\t<meta name=\"twitter:data1\" content=\"1 minute\" \/>\n<script type=\"application\/ld+json\" class=\"yoast-schema-graph\">{\"@context\":\"https:\\\/\\\/schema.org\",\"@graph\":[{\"@type\":\"WebPage\",\"@id\":\"https:\\\/\\\/www.repricer.com\\\/fr\\\/declaration-daccessibilite-pour-repricer-com\\\/\",\"url\":\"https:\\\/\\\/www.repricer.com\\\/fr\\\/declaration-daccessibilite-pour-repricer-com\\\/\",\"name\":\"D\u00e9claration d'accessibilit\u00e9 - The Fastest Amazon Repricer | Repricer.com\",\"isPartOf\":{\"@id\":\"https:\\\/\\\/www.repricer.com\\\/fr\\\/#website\"},\"datePublished\":\"2025-07-21T13:01:45+00:00\",\"dateModified\":\"2025-08-19T13:37:24+00:00\",\"description\":\"Reprice s'engage en faveur de l'accessibilit\u00e9 num\u00e9rique pour tous. Lisez notre d\u00e9claration d'accessibilit\u00e9 pour en savoir plus sur notre engagement et nos caract\u00e9ristiques.\",\"breadcrumb\":{\"@id\":\"https:\\\/\\\/www.repricer.com\\\/fr\\\/declaration-daccessibilite-pour-repricer-com\\\/#breadcrumb\"},\"inLanguage\":\"fr-FR\",\"potentialAction\":[{\"@type\":\"ReadAction\",\"target\":[\"https:\\\/\\\/www.repricer.com\\\/fr\\\/declaration-daccessibilite-pour-repricer-com\\\/\"]}]},{\"@type\":\"BreadcrumbList\",\"@id\":\"https:\\\/\\\/www.repricer.com\\\/fr\\\/declaration-daccessibilite-pour-repricer-com\\\/#breadcrumb\",\"itemListElement\":[{\"@type\":\"ListItem\",\"position\":1,\"name\":\"Home\",\"item\":\"https:\\\/\\\/www.repricer.com\\\/fr\\\/home-2\\\/\"},{\"@type\":\"ListItem\",\"position\":2,\"name\":\"D\u00e9claration d&#8217;accessibilit\u00e9\"}]},{\"@type\":\"WebSite\",\"@id\":\"https:\\\/\\\/www.repricer.com\\\/fr\\\/#website\",\"url\":\"https:\\\/\\\/www.repricer.com\\\/fr\\\/\",\"name\":\"The Fastest Amazon Repricer | Repricer.com\",\"description\":\"Faites de Repricer.com votre centre de tarification unique en connectant tous vos canaux de vente, y compris Amazon, eBay, Walmart, Shopify et plus encore.\",\"publisher\":{\"@id\":\"https:\\\/\\\/www.repricer.com\\\/fr\\\/#organization\"},\"potentialAction\":[{\"@type\":\"SearchAction\",\"target\":{\"@type\":\"EntryPoint\",\"urlTemplate\":\"https:\\\/\\\/www.repricer.com\\\/fr\\\/?s={search_term_string}\"},\"query-input\":{\"@type\":\"PropertyValueSpecification\",\"valueRequired\":true,\"valueName\":\"search_term_string\"}}],\"inLanguage\":\"fr-FR\"},{\"@type\":\"Organization\",\"@id\":\"https:\\\/\\\/www.repricer.com\\\/fr\\\/#organization\",\"name\":\"Repricer.com\",\"url\":\"https:\\\/\\\/www.repricer.com\\\/fr\\\/\",\"logo\":{\"@type\":\"ImageObject\",\"inLanguage\":\"fr-FR\",\"@id\":\"https:\\\/\\\/www.repricer.com\\\/fr\\\/#\\\/schema\\\/logo\\\/image\\\/\",\"url\":\"https:\\\/\\\/www.repricer.com\\\/wp-content\\\/uploads\\\/2022\\\/01\\\/updated-repricer-logo-black.png\",\"contentUrl\":\"https:\\\/\\\/www.repricer.com\\\/wp-content\\\/uploads\\\/2022\\\/01\\\/updated-repricer-logo-black.png\",\"width\":481,\"height\":83,\"caption\":\"Repricer.com\"},\"image\":{\"@id\":\"https:\\\/\\\/www.repricer.com\\\/fr\\\/#\\\/schema\\\/logo\\\/image\\\/\"},\"sameAs\":[\"https:\\\/\\\/www.facebook.com\\\/repricer\",\"https:\\\/\\\/x.com\\\/repricer\",\"https:\\\/\\\/www.instagram.com\\\/repricer\\\/\",\"https:\\\/\\\/www.youtube.com\\\/channel\\\/UC_pT73zbB2TIA-jS12y93fA\"]}]}<\/script>\n<!-- \/ Yoast SEO Premium plugin. -->","yoast_head_json":{"title":"D\u00e9claration d'accessibilit\u00e9 - The Fastest Amazon Repricer | Repricer.com","description":"Reprice s'engage en faveur de l'accessibilit\u00e9 num\u00e9rique pour tous. Lisez notre d\u00e9claration d'accessibilit\u00e9 pour en savoir plus sur notre engagement et nos caract\u00e9ristiques.","robots":{"index":"index","follow":"follow","max-snippet":"max-snippet:-1","max-image-preview":"max-image-preview:large","max-video-preview":"max-video-preview:-1"},"canonical":"https:\/\/www.repricer.com\/fr\/declaration-daccessibilite-pour-repricer-com\/","og_locale":"fr_FR","og_type":"article","og_title":"D\u00e9claration d'accessibilit\u00e9","og_description":"Reprice s'engage en faveur de l'accessibilit\u00e9 num\u00e9rique pour tous. Lisez notre d\u00e9claration d'accessibilit\u00e9 pour en savoir plus sur notre engagement et nos caract\u00e9ristiques.","og_url":"https:\/\/www.repricer.com\/fr\/declaration-daccessibilite-pour-repricer-com\/","og_site_name":"The Fastest Amazon Repricer | Repricer.com","article_publisher":"https:\/\/www.facebook.com\/repricer","article_modified_time":"2025-08-19T13:37:24+00:00","twitter_card":"summary_large_image","twitter_site":"@repricer","twitter_misc":{"Dur\u00e9e de lecture estim\u00e9e":"1 minute"},"schema":{"@context":"https:\/\/schema.org","@graph":[{"@type":"WebPage","@id":"https:\/\/www.repricer.com\/fr\/declaration-daccessibilite-pour-repricer-com\/","url":"https:\/\/www.repricer.com\/fr\/declaration-daccessibilite-pour-repricer-com\/","name":"D\u00e9claration d'accessibilit\u00e9 - The Fastest Amazon Repricer | Repricer.com","isPartOf":{"@id":"https:\/\/www.repricer.com\/fr\/#website"},"datePublished":"2025-07-21T13:01:45+00:00","dateModified":"2025-08-19T13:37:24+00:00","description":"Reprice s'engage en faveur de l'accessibilit\u00e9 num\u00e9rique pour tous. Lisez notre d\u00e9claration d'accessibilit\u00e9 pour en savoir plus sur notre engagement et nos caract\u00e9ristiques.","breadcrumb":{"@id":"https:\/\/www.repricer.com\/fr\/declaration-daccessibilite-pour-repricer-com\/#breadcrumb"},"inLanguage":"fr-FR","potentialAction":[{"@type":"ReadAction","target":["https:\/\/www.repricer.com\/fr\/declaration-daccessibilite-pour-repricer-com\/"]}]},{"@type":"BreadcrumbList","@id":"https:\/\/www.repricer.com\/fr\/declaration-daccessibilite-pour-repricer-com\/#breadcrumb","itemListElement":[{"@type":"ListItem","position":1,"name":"Home","item":"https:\/\/www.repricer.com\/fr\/home-2\/"},{"@type":"ListItem","position":2,"name":"D\u00e9claration d&#8217;accessibilit\u00e9"}]},{"@type":"WebSite","@id":"https:\/\/www.repricer.com\/fr\/#website","url":"https:\/\/www.repricer.com\/fr\/","name":"The Fastest Amazon Repricer | Repricer.com","description":"Faites de Repricer.com votre centre de tarification unique en connectant tous vos canaux de vente, y compris Amazon, eBay, Walmart, Shopify et plus encore.","publisher":{"@id":"https:\/\/www.repricer.com\/fr\/#organization"},"potentialAction":[{"@type":"SearchAction","target":{"@type":"EntryPoint","urlTemplate":"https:\/\/www.repricer.com\/fr\/?s={search_term_string}"},"query-input":{"@type":"PropertyValueSpecification","valueRequired":true,"valueName":"search_term_string"}}],"inLanguage":"fr-FR"},{"@type":"Organization","@id":"https:\/\/www.repricer.com\/fr\/#organization","name":"Repricer.com","url":"https:\/\/www.repricer.com\/fr\/","logo":{"@type":"ImageObject","inLanguage":"fr-FR","@id":"https:\/\/www.repricer.com\/fr\/#\/schema\/logo\/image\/","url":"https:\/\/www.repricer.com\/wp-content\/uploads\/2022\/01\/updated-repricer-logo-black.png","contentUrl":"https:\/\/www.repricer.com\/wp-content\/uploads\/2022\/01\/updated-repricer-logo-black.png","width":481,"height":83,"caption":"Repricer.com"},"image":{"@id":"https:\/\/www.repricer.com\/fr\/#\/schema\/logo\/image\/"},"sameAs":["https:\/\/www.facebook.com\/repricer","https:\/\/x.com\/repricer","https:\/\/www.instagram.com\/repricer\/","https:\/\/www.youtube.com\/channel\/UC_pT73zbB2TIA-jS12y93fA"]}]}},"_links":{"self":[{"href":"https:\/\/www.repricer.com\/fr\/wp-json\/wp\/v2\/pages\/45761","targetHints":{"allow":["GET"]}}],"collection":[{"href":"https:\/\/www.repricer.com\/fr\/wp-json\/wp\/v2\/pages"}],"about":[{"href":"https:\/\/www.repricer.com\/fr\/wp-json\/wp\/v2\/types\/page"}],"author":[{"embeddable":true,"href":"https:\/\/www.repricer.com\/fr\/wp-json\/wp\/v2\/users\/52"}],"replies":[{"embeddable":true,"href":"https:\/\/www.repricer.com\/fr\/wp-json\/wp\/v2\/comments?post=45761"}],"version-history":[{"count":3,"href":"https:\/\/www.repricer.com\/fr\/wp-json\/wp\/v2\/pages\/45761\/revisions"}],"predecessor-version":[{"id":46452,"href":"https:\/\/www.repricer.com\/fr\/wp-json\/wp\/v2\/pages\/45761\/revisions\/46452"}],"wp:attachment":[{"href":"https:\/\/www.repricer.com\/fr\/wp-json\/wp\/v2\/media?parent=45761"}],"curies":[{"name":"wp","href":"https:\/\/api.w.org\/{rel}","templated":true}]}}