{"id":13053,"date":"2022-11-10T15:24:16","date_gmt":"2022-11-10T15:24:16","guid":{"rendered":"https:\/\/repricer.kinsta.cloud\/e-sicuro\/"},"modified":"2025-05-21T14:19:49","modified_gmt":"2025-05-21T14:19:49","slug":"e-sicuro","status":"publish","type":"page","link":"https:\/\/www.repricer.com\/it\/e-sicuro\/","title":{"rendered":"\u00c8 sicuro?"},"content":{"rendered":"\t\t<div data-elementor-type=\"wp-page\" data-elementor-id=\"13053\" class=\"elementor elementor-13053 elementor-8345\" data-elementor-post-type=\"page\">\n\t\t\t\t\t\t<section class=\"elementor-section elementor-top-section elementor-element elementor-element-75c5f5d elementor-section-boxed elementor-section-height-default elementor-section-height-default\" data-id=\"75c5f5d\" data-element_type=\"section\" data-e-type=\"section\">\n\t\t\t\t\t\t<div class=\"elementor-container elementor-column-gap-default\">\n\t\t\t\t\t<div class=\"elementor-column elementor-col-100 elementor-top-column elementor-element elementor-element-c07b0e7\" data-id=\"c07b0e7\" data-element_type=\"column\" data-e-type=\"column\">\n\t\t\t<div class=\"elementor-widget-wrap elementor-element-populated\">\n\t\t\t\t\t\t<div class=\"elementor-element elementor-element-a6df9c7 elementor-widget elementor-widget-spacer\" data-id=\"a6df9c7\" data-element_type=\"widget\" data-e-type=\"widget\" data-widget_type=\"spacer.default\">\n\t\t\t\t<div class=\"elementor-widget-container\">\n\t\t\t\t\t\t\t<div class=\"elementor-spacer\">\n\t\t\t<div class=\"elementor-spacer-inner\"><\/div>\n\t\t<\/div>\n\t\t\t\t\t\t<\/div>\n\t\t\t\t<\/div>\n\t\t\t\t\t<\/div>\n\t\t<\/div>\n\t\t\t\t\t<\/div>\n\t\t<\/section>\n\t\t\t\t<section class=\"elementor-section elementor-top-section elementor-element elementor-element-98ec2e3 elementor-section-boxed elementor-section-height-default elementor-section-height-default\" data-id=\"98ec2e3\" data-element_type=\"section\" data-e-type=\"section\">\n\t\t\t\t\t\t<div class=\"elementor-container elementor-column-gap-default\">\n\t\t\t\t\t<div class=\"elementor-column elementor-col-100 elementor-top-column elementor-element elementor-element-a19f826\" data-id=\"a19f826\" data-element_type=\"column\" data-e-type=\"column\">\n\t\t\t<div class=\"elementor-widget-wrap elementor-element-populated\">\n\t\t\t\t\t\t<div class=\"elementor-element elementor-element-a13113c elementor-widget elementor-widget-heading\" data-id=\"a13113c\" data-element_type=\"widget\" data-e-type=\"widget\" data-widget_type=\"heading.default\">\n\t\t\t\t<div class=\"elementor-widget-container\">\n\t\t\t\t\t<h1 class=\"elementor-heading-title elementor-size-default\">\u00c8 sicuro?<\/h1>\t\t\t\t<\/div>\n\t\t\t\t<\/div>\n\t\t\t\t\t<\/div>\n\t\t<\/div>\n\t\t\t\t\t<\/div>\n\t\t<\/section>\n\t\t\t\t<section class=\"elementor-section elementor-top-section elementor-element elementor-element-9900dfe elementor-section-boxed elementor-section-height-default elementor-section-height-default\" data-id=\"9900dfe\" data-element_type=\"section\" data-e-type=\"section\">\n\t\t\t\t\t\t<div class=\"elementor-container elementor-column-gap-default\">\n\t\t\t\t\t<div class=\"elementor-column elementor-col-100 elementor-top-column elementor-element elementor-element-16f278e\" data-id=\"16f278e\" data-element_type=\"column\" data-e-type=\"column\">\n\t\t\t<div class=\"elementor-widget-wrap elementor-element-populated\">\n\t\t\t\t\t\t<div class=\"elementor-element elementor-element-99f6559 elementor-widget elementor-widget-spacer\" data-id=\"99f6559\" data-element_type=\"widget\" data-e-type=\"widget\" data-widget_type=\"spacer.default\">\n\t\t\t\t<div class=\"elementor-widget-container\">\n\t\t\t\t\t\t\t<div class=\"elementor-spacer\">\n\t\t\t<div class=\"elementor-spacer-inner\"><\/div>\n\t\t<\/div>\n\t\t\t\t\t\t<\/div>\n\t\t\t\t<\/div>\n\t\t\t\t\t<\/div>\n\t\t<\/div>\n\t\t\t\t\t<\/div>\n\t\t<\/section>\n\t\t\t\t<section class=\"elementor-section elementor-top-section elementor-element elementor-element-bd0611d elementor-section-boxed elementor-section-height-default elementor-section-height-default\" data-id=\"bd0611d\" data-element_type=\"section\" data-e-type=\"section\">\n\t\t\t\t\t\t<div class=\"elementor-container elementor-column-gap-default\">\n\t\t\t\t\t<div class=\"elementor-column elementor-col-100 elementor-top-column elementor-element elementor-element-f3ad286\" data-id=\"f3ad286\" data-element_type=\"column\" data-e-type=\"column\">\n\t\t\t<div class=\"elementor-widget-wrap elementor-element-populated\">\n\t\t\t\t\t\t<div class=\"elementor-element elementor-element-5189740 elementor-widget elementor-widget-text-editor\" data-id=\"5189740\" data-element_type=\"widget\" data-e-type=\"widget\" data-widget_type=\"text-editor.default\">\n\t\t\t\t<div class=\"elementor-widget-container\">\n\t\t\t\t\t\t\t\t\t<p><span style=\"font-weight: 400;\">Assolutamente. Migliaia di venditori si affidano ogni giorno a Repricer per la gestione dei prezzi.<\/span><\/p><p><span style=\"font-weight: 400;\">Repricer \u00e8 un membro del <\/span><b>Consiglio degli sviluppatori di Amazon<\/b><span style=\"font-weight: 400;\"> &#8211; a cui \u00e8 invitato solo un ristretto numero di fornitori di software. <\/span> <\/p><p><span style=\"font-weight: 400;\">Siamo pienamente conformi a tutte le politiche di Amazon. Inoltre, siamo membri della comunit\u00e0 di sviluppatori di eBay &#8211; e una  <\/span><b>Partner di Google<\/b><span style=\"font-weight: 400;\">. Siamo stati controllati da Amazon, Google e altri per garantire la nostra qualit\u00e0 e sicurezza.<\/span><\/p>\t\t\t\t\t\t\t\t<\/div>\n\t\t\t\t<\/div>\n\t\t\t\t\t<\/div>\n\t\t<\/div>\n\t\t\t\t\t<\/div>\n\t\t<\/section>\n\t\t\t\t<section class=\"elementor-section elementor-top-section elementor-element elementor-element-669e1f2 elementor-section-boxed elementor-section-height-default elementor-section-height-default\" data-id=\"669e1f2\" data-element_type=\"section\" data-e-type=\"section\">\n\t\t\t\t\t\t<div class=\"elementor-container elementor-column-gap-default\">\n\t\t\t\t\t<div class=\"elementor-column elementor-col-50 elementor-top-column elementor-element elementor-element-fc49ef5\" data-id=\"fc49ef5\" data-element_type=\"column\" data-e-type=\"column\">\n\t\t\t<div class=\"elementor-widget-wrap elementor-element-populated\">\n\t\t\t\t\t\t<div class=\"elementor-element elementor-element-a965496 elementor-widget elementor-widget-image\" data-id=\"a965496\" data-element_type=\"widget\" data-e-type=\"widget\" data-widget_type=\"image.default\">\n\t\t\t\t<div class=\"elementor-widget-container\">\n\t\t\t\t\t\t\t\t\t\t\t\t\t\t\t<img decoding=\"async\" width=\"300\" height=\"91\" src=\"https:\/\/www.repricer.com\/wp-content\/uploads\/2022\/01\/amazon-marketplace-developer-council-logo-300.png\" class=\"attachment-large size-large wp-image-5923\" alt=\"Consiglio degli sviluppatori di Amazon Marketplace\" \/>\t\t\t\t\t\t\t\t\t\t\t\t\t\t\t<\/div>\n\t\t\t\t<\/div>\n\t\t\t\t\t<\/div>\n\t\t<\/div>\n\t\t\t\t<div class=\"elementor-column elementor-col-50 elementor-top-column elementor-element elementor-element-35438e8\" data-id=\"35438e8\" data-element_type=\"column\" data-e-type=\"column\">\n\t\t\t<div class=\"elementor-widget-wrap elementor-element-populated\">\n\t\t\t\t\t\t<div class=\"elementor-element elementor-element-90dc827 elementor-widget elementor-widget-image\" data-id=\"90dc827\" data-element_type=\"widget\" data-e-type=\"widget\" data-widget_type=\"image.default\">\n\t\t\t\t<div class=\"elementor-widget-container\">\n\t\t\t\t\t\t\t\t\t\t\t\t\t\t\t<img decoding=\"async\" width=\"219\" height=\"80\" src=\"https:\/\/www.repricer.com\/wp-content\/uploads\/2022\/02\/google-partner@2x.png\" class=\"attachment-full size-full wp-image-13054\" alt=\"\" \/>\t\t\t\t\t\t\t\t\t\t\t\t\t\t\t<\/div>\n\t\t\t\t<\/div>\n\t\t\t\t\t<\/div>\n\t\t<\/div>\n\t\t\t\t\t<\/div>\n\t\t<\/section>\n\t\t\t\t<section class=\"elementor-section elementor-top-section elementor-element elementor-element-e128b30 elementor-section-boxed elementor-section-height-default elementor-section-height-default\" data-id=\"e128b30\" data-element_type=\"section\" data-e-type=\"section\">\n\t\t\t\t\t\t<div class=\"elementor-container elementor-column-gap-default\">\n\t\t\t\t\t<div class=\"elementor-column elementor-col-100 elementor-top-column elementor-element elementor-element-7ca2dbc\" data-id=\"7ca2dbc\" data-element_type=\"column\" data-e-type=\"column\">\n\t\t\t<div class=\"elementor-widget-wrap elementor-element-populated\">\n\t\t\t\t\t\t<div class=\"elementor-element elementor-element-8c9674a elementor-widget elementor-widget-text-editor\" data-id=\"8c9674a\" data-element_type=\"widget\" data-e-type=\"widget\" data-widget_type=\"text-editor.default\">\n\t\t\t\t<div class=\"elementor-widget-container\">\n\t\t\t\t\t\t\t\t\t<p><span style=\"font-weight: 400;\">Abbiamo anche altri fattori che garantiscono la sicurezza del venditore. Ogni volta che collegate il vostro account a Repricer, non avremo mai pieno accesso a tutte le vostre informazioni, ma solo a quelle che Amazon\/eBay ha ritenuto necessarie per consentirci di gestire i vostri prezzi.  <\/span><\/p><p><span style=\"font-weight: 400;\">Abbiamo anche una brillante &#8220;Modalit\u00e0<strong>Sicura<\/strong><\/span><b> Mode<\/b><span style=\"font-weight: 400;\">  che molti dispositivi di riparazione non possiedono. In questo modo i venditori possono &#8220;provare&#8221; il repricing in tutta sicurezza.  <\/span><\/p><p><span style=\"font-weight: 400;\">Controlliamo comunque i prezzi dei vostri concorrenti e vi mostriamo come modificheremmo il vostro prezzo. Non ci limitiamo a caricare il prezzo in diretta sul mercato, ma vogliamo mostrare <strong>il vostro prezzo di vendita<\/strong>.<\/span><b>epricer<\/b><span style=\"font-weight: 400;\"> in piena attivit\u00e0 senza che i prezzi ne risentano.<\/span><\/p><p><span style=\"font-weight: 400;\">Poi, quando si \u00e8 soddisfatti, \u00e8 sufficiente premere un interruttore per essere operativi!<\/span><\/p><p><span style=\"font-weight: 400;\">Repricer riprezzer\u00e0 sempre entro i <\/span><b>prezzi minimi e massimi<\/b><span style=\"font-weight: 400;\"> specificati per ogni SKU. <\/span> <\/p><p><span style=\"font-weight: 400;\">Su Amazon, avete anche i vostri minimi e massimi<em> (che non aggiorniamo o modifichiamo in alcun modo)<\/em>, in modo da avere un&#8217;ulteriore rete di sicurezza.<\/span><b> rete di sicurezza aggiuntiva<\/b><span style=\"font-weight: 400;\"> per proteggervi ulteriormente.<\/span><\/p><p><span style=\"font-weight: 400;\">Abbiamo anche ottime valutazioni su siti come <a href=\"https:\/\/www.trustpilot.com\/review\/repricer.com\" target=\"_blank\" rel=\"noopener\">Trustpilot<\/a>, <a href=\"https:\/\/www.capterra.it\/software\/139793\/xsellco-repricer\" target=\"_blank\" rel=\"noopener\">Capterra<\/a>, Amazon Seller Central &#8211; controlla! <\/span><\/p><p><span style=\"font-weight: 400;\">Vedi le nostre <\/span><a href=\"https:\/\/www.repricer.com\/reviews\/\">\n  <b>recensioni<\/b>\n<\/a><span style=\"font-weight: 400;\"> per alcune citazioni di clienti soddisfatti.<\/span><\/p>\t\t\t\t\t\t\t\t<\/div>\n\t\t\t\t<\/div>\n\t\t\t\t\t<\/div>\n\t\t<\/div>\n\t\t\t\t\t<\/div>\n\t\t<\/section>\n\t\t\t\t<\/div>\n\t\t","protected":false},"excerpt":{"rendered":"<p>\u00c8 sicuro? Assolutamente. Migliaia di venditori si affidano ogni giorno a Repricer per la gestione dei prezzi. Repricer \u00e8 un membro del Consiglio degli sviluppatori di Amazon &#8211; a cui \u00e8 invitato solo un ristretto numero di fornitori di software. Siamo pienamente conformi a tutte le politiche di Amazon. Inoltre, siamo membri della comunit\u00e0 di [&hellip;]<\/p>\n","protected":false},"author":34,"featured_media":7421,"parent":0,"menu_order":0,"comment_status":"closed","ping_status":"closed","template":"","meta":{"inline_featured_image":false,"footnotes":""},"class_list":["post-13053","page","type-page","status-publish","has-post-thumbnail","hentry"],"yoast_head":"<!-- This site is optimized with the Yoast SEO Premium plugin v27.4 (Yoast SEO v27.5) - https:\/\/yoast.com\/product\/yoast-seo-premium-wordpress\/ -->\n<title>\u00c8 sicuro? - The Fastest Amazon Repricer | Repricer.com<\/title>\n<meta name=\"description\" content=\"Avere un prodotto di repricing che si occupa della vostra strategia di prezzo pu\u00f2 sembrare scoraggiante. Ma non temete, perch\u00e9 l&#039;uso di Repricer \u00e8 sicuro al 100%.\" \/>\n<meta name=\"robots\" content=\"index, follow, max-snippet:-1, max-image-preview:large, max-video-preview:-1\" \/>\n<link rel=\"canonical\" href=\"https:\/\/www.repricer.com\/it\/e-sicuro\/\" \/>\n<meta property=\"og:locale\" content=\"it_IT\" \/>\n<meta property=\"og:type\" content=\"article\" \/>\n<meta property=\"og:title\" content=\"\u00c8 sicuro?\" \/>\n<meta property=\"og:description\" content=\"Avere un prodotto di repricing che si occupa della vostra strategia di prezzo pu\u00f2 sembrare scoraggiante. Ma non temete, perch\u00e9 l&#039;uso di Repricer \u00e8 sicuro al 100%.\" \/>\n<meta property=\"og:url\" content=\"https:\/\/www.repricer.com\/it\/e-sicuro\/\" \/>\n<meta property=\"og:site_name\" content=\"The Fastest Amazon Repricer | Repricer.com\" \/>\n<meta property=\"article:publisher\" content=\"https:\/\/www.facebook.com\/repricer\" \/>\n<meta property=\"article:modified_time\" content=\"2025-05-21T14:19:49+00:00\" \/>\n<meta property=\"og:image\" content=\"https:\/\/www.repricer.com\/wp-content\/uploads\/2022\/07\/Repricer-logo-.png\" \/>\n\t<meta property=\"og:image:width\" content=\"1080\" \/>\n\t<meta property=\"og:image:height\" content=\"1080\" \/>\n\t<meta property=\"og:image:type\" content=\"image\/png\" \/>\n<meta name=\"twitter:card\" content=\"summary_large_image\" \/>\n<meta name=\"twitter:site\" content=\"@repricer\" \/>\n<meta name=\"twitter:label1\" content=\"Tempo di lettura stimato\" \/>\n\t<meta name=\"twitter:data1\" content=\"1 minuto\" \/>\n<script type=\"application\/ld+json\" class=\"yoast-schema-graph\">{\"@context\":\"https:\\\/\\\/schema.org\",\"@graph\":[{\"@type\":\"WebPage\",\"@id\":\"https:\\\/\\\/www.repricer.com\\\/it\\\/e-sicuro\\\/\",\"url\":\"https:\\\/\\\/www.repricer.com\\\/it\\\/e-sicuro\\\/\",\"name\":\"\u00c8 sicuro? - The Fastest Amazon Repricer | Repricer.com\",\"isPartOf\":{\"@id\":\"https:\\\/\\\/www.repricer.com\\\/it\\\/#website\"},\"primaryImageOfPage\":{\"@id\":\"https:\\\/\\\/www.repricer.com\\\/it\\\/e-sicuro\\\/#primaryimage\"},\"image\":{\"@id\":\"https:\\\/\\\/www.repricer.com\\\/it\\\/e-sicuro\\\/#primaryimage\"},\"thumbnailUrl\":\"https:\\\/\\\/www.repricer.com\\\/wp-content\\\/uploads\\\/2022\\\/07\\\/Repricer-logo-.png\",\"datePublished\":\"2022-11-10T15:24:16+00:00\",\"dateModified\":\"2025-05-21T14:19:49+00:00\",\"description\":\"Avere un prodotto di repricing che si occupa della vostra strategia di prezzo pu\u00f2 sembrare scoraggiante. Ma non temete, perch\u00e9 l'uso di Repricer \u00e8 sicuro al 100%.\",\"breadcrumb\":{\"@id\":\"https:\\\/\\\/www.repricer.com\\\/it\\\/e-sicuro\\\/#breadcrumb\"},\"inLanguage\":\"it-IT\",\"potentialAction\":[{\"@type\":\"ReadAction\",\"target\":[\"https:\\\/\\\/www.repricer.com\\\/it\\\/e-sicuro\\\/\"]}]},{\"@type\":\"ImageObject\",\"inLanguage\":\"it-IT\",\"@id\":\"https:\\\/\\\/www.repricer.com\\\/it\\\/e-sicuro\\\/#primaryimage\",\"url\":\"https:\\\/\\\/www.repricer.com\\\/wp-content\\\/uploads\\\/2022\\\/07\\\/Repricer-logo-.png\",\"contentUrl\":\"https:\\\/\\\/www.repricer.com\\\/wp-content\\\/uploads\\\/2022\\\/07\\\/Repricer-logo-.png\",\"width\":1080,\"height\":1080,\"caption\":\"Logo Repricer\"},{\"@type\":\"BreadcrumbList\",\"@id\":\"https:\\\/\\\/www.repricer.com\\\/it\\\/e-sicuro\\\/#breadcrumb\",\"itemListElement\":[{\"@type\":\"ListItem\",\"position\":1,\"name\":\"Home\",\"item\":\"https:\\\/\\\/www.repricer.com\\\/it\\\/casa-2\\\/\"},{\"@type\":\"ListItem\",\"position\":2,\"name\":\"\u00c8 sicuro?\"}]},{\"@type\":\"WebSite\",\"@id\":\"https:\\\/\\\/www.repricer.com\\\/it\\\/#website\",\"url\":\"https:\\\/\\\/www.repricer.com\\\/it\\\/\",\"name\":\"The Fastest Amazon Repricer | Repricer.com\",\"description\":\"Fai di Repricer.com il tuo hub di prezzi unico collegando tutti i tuoi canali di vendita, compresi Amazon, eBay, Walmart, Shopify e altri.\",\"publisher\":{\"@id\":\"https:\\\/\\\/www.repricer.com\\\/it\\\/#organization\"},\"potentialAction\":[{\"@type\":\"SearchAction\",\"target\":{\"@type\":\"EntryPoint\",\"urlTemplate\":\"https:\\\/\\\/www.repricer.com\\\/it\\\/?s={search_term_string}\"},\"query-input\":{\"@type\":\"PropertyValueSpecification\",\"valueRequired\":true,\"valueName\":\"search_term_string\"}}],\"inLanguage\":\"it-IT\"},{\"@type\":\"Organization\",\"@id\":\"https:\\\/\\\/www.repricer.com\\\/it\\\/#organization\",\"name\":\"Repricer.com\",\"url\":\"https:\\\/\\\/www.repricer.com\\\/it\\\/\",\"logo\":{\"@type\":\"ImageObject\",\"inLanguage\":\"it-IT\",\"@id\":\"https:\\\/\\\/www.repricer.com\\\/it\\\/#\\\/schema\\\/logo\\\/image\\\/\",\"url\":\"https:\\\/\\\/www.repricer.com\\\/wp-content\\\/uploads\\\/2022\\\/01\\\/updated-repricer-logo-black.png\",\"contentUrl\":\"https:\\\/\\\/www.repricer.com\\\/wp-content\\\/uploads\\\/2022\\\/01\\\/updated-repricer-logo-black.png\",\"width\":481,\"height\":83,\"caption\":\"Repricer.com\"},\"image\":{\"@id\":\"https:\\\/\\\/www.repricer.com\\\/it\\\/#\\\/schema\\\/logo\\\/image\\\/\"},\"sameAs\":[\"https:\\\/\\\/www.facebook.com\\\/repricer\",\"https:\\\/\\\/x.com\\\/repricer\",\"https:\\\/\\\/www.instagram.com\\\/repricer\\\/\",\"https:\\\/\\\/www.youtube.com\\\/channel\\\/UC_pT73zbB2TIA-jS12y93fA\"]}]}<\/script>\n<!-- \/ Yoast SEO Premium plugin. -->","yoast_head_json":{"title":"\u00c8 sicuro? - The Fastest Amazon Repricer | Repricer.com","description":"Avere un prodotto di repricing che si occupa della vostra strategia di prezzo pu\u00f2 sembrare scoraggiante. Ma non temete, perch\u00e9 l'uso di Repricer \u00e8 sicuro al 100%.","robots":{"index":"index","follow":"follow","max-snippet":"max-snippet:-1","max-image-preview":"max-image-preview:large","max-video-preview":"max-video-preview:-1"},"canonical":"https:\/\/www.repricer.com\/it\/e-sicuro\/","og_locale":"it_IT","og_type":"article","og_title":"\u00c8 sicuro?","og_description":"Avere un prodotto di repricing che si occupa della vostra strategia di prezzo pu\u00f2 sembrare scoraggiante. Ma non temete, perch\u00e9 l'uso di Repricer \u00e8 sicuro al 100%.","og_url":"https:\/\/www.repricer.com\/it\/e-sicuro\/","og_site_name":"The Fastest Amazon Repricer | Repricer.com","article_publisher":"https:\/\/www.facebook.com\/repricer","article_modified_time":"2025-05-21T14:19:49+00:00","og_image":[{"width":1080,"height":1080,"url":"https:\/\/www.repricer.com\/wp-content\/uploads\/2022\/07\/Repricer-logo-.png","type":"image\/png"}],"twitter_card":"summary_large_image","twitter_site":"@repricer","twitter_misc":{"Tempo di lettura stimato":"1 minuto"},"schema":{"@context":"https:\/\/schema.org","@graph":[{"@type":"WebPage","@id":"https:\/\/www.repricer.com\/it\/e-sicuro\/","url":"https:\/\/www.repricer.com\/it\/e-sicuro\/","name":"\u00c8 sicuro? - The Fastest Amazon Repricer | Repricer.com","isPartOf":{"@id":"https:\/\/www.repricer.com\/it\/#website"},"primaryImageOfPage":{"@id":"https:\/\/www.repricer.com\/it\/e-sicuro\/#primaryimage"},"image":{"@id":"https:\/\/www.repricer.com\/it\/e-sicuro\/#primaryimage"},"thumbnailUrl":"https:\/\/www.repricer.com\/wp-content\/uploads\/2022\/07\/Repricer-logo-.png","datePublished":"2022-11-10T15:24:16+00:00","dateModified":"2025-05-21T14:19:49+00:00","description":"Avere un prodotto di repricing che si occupa della vostra strategia di prezzo pu\u00f2 sembrare scoraggiante. Ma non temete, perch\u00e9 l'uso di Repricer \u00e8 sicuro al 100%.","breadcrumb":{"@id":"https:\/\/www.repricer.com\/it\/e-sicuro\/#breadcrumb"},"inLanguage":"it-IT","potentialAction":[{"@type":"ReadAction","target":["https:\/\/www.repricer.com\/it\/e-sicuro\/"]}]},{"@type":"ImageObject","inLanguage":"it-IT","@id":"https:\/\/www.repricer.com\/it\/e-sicuro\/#primaryimage","url":"https:\/\/www.repricer.com\/wp-content\/uploads\/2022\/07\/Repricer-logo-.png","contentUrl":"https:\/\/www.repricer.com\/wp-content\/uploads\/2022\/07\/Repricer-logo-.png","width":1080,"height":1080,"caption":"Logo Repricer"},{"@type":"BreadcrumbList","@id":"https:\/\/www.repricer.com\/it\/e-sicuro\/#breadcrumb","itemListElement":[{"@type":"ListItem","position":1,"name":"Home","item":"https:\/\/www.repricer.com\/it\/casa-2\/"},{"@type":"ListItem","position":2,"name":"\u00c8 sicuro?"}]},{"@type":"WebSite","@id":"https:\/\/www.repricer.com\/it\/#website","url":"https:\/\/www.repricer.com\/it\/","name":"The Fastest Amazon Repricer | Repricer.com","description":"Fai di Repricer.com il tuo hub di prezzi unico collegando tutti i tuoi canali di vendita, compresi Amazon, eBay, Walmart, Shopify e altri.","publisher":{"@id":"https:\/\/www.repricer.com\/it\/#organization"},"potentialAction":[{"@type":"SearchAction","target":{"@type":"EntryPoint","urlTemplate":"https:\/\/www.repricer.com\/it\/?s={search_term_string}"},"query-input":{"@type":"PropertyValueSpecification","valueRequired":true,"valueName":"search_term_string"}}],"inLanguage":"it-IT"},{"@type":"Organization","@id":"https:\/\/www.repricer.com\/it\/#organization","name":"Repricer.com","url":"https:\/\/www.repricer.com\/it\/","logo":{"@type":"ImageObject","inLanguage":"it-IT","@id":"https:\/\/www.repricer.com\/it\/#\/schema\/logo\/image\/","url":"https:\/\/www.repricer.com\/wp-content\/uploads\/2022\/01\/updated-repricer-logo-black.png","contentUrl":"https:\/\/www.repricer.com\/wp-content\/uploads\/2022\/01\/updated-repricer-logo-black.png","width":481,"height":83,"caption":"Repricer.com"},"image":{"@id":"https:\/\/www.repricer.com\/it\/#\/schema\/logo\/image\/"},"sameAs":["https:\/\/www.facebook.com\/repricer","https:\/\/x.com\/repricer","https:\/\/www.instagram.com\/repricer\/","https:\/\/www.youtube.com\/channel\/UC_pT73zbB2TIA-jS12y93fA"]}]}},"_links":{"self":[{"href":"https:\/\/www.repricer.com\/it\/wp-json\/wp\/v2\/pages\/13053","targetHints":{"allow":["GET"]}}],"collection":[{"href":"https:\/\/www.repricer.com\/it\/wp-json\/wp\/v2\/pages"}],"about":[{"href":"https:\/\/www.repricer.com\/it\/wp-json\/wp\/v2\/types\/page"}],"author":[{"embeddable":true,"href":"https:\/\/www.repricer.com\/it\/wp-json\/wp\/v2\/users\/34"}],"replies":[{"embeddable":true,"href":"https:\/\/www.repricer.com\/it\/wp-json\/wp\/v2\/comments?post=13053"}],"version-history":[{"count":4,"href":"https:\/\/www.repricer.com\/it\/wp-json\/wp\/v2\/pages\/13053\/revisions"}],"predecessor-version":[{"id":42347,"href":"https:\/\/www.repricer.com\/it\/wp-json\/wp\/v2\/pages\/13053\/revisions\/42347"}],"wp:featuredmedia":[{"embeddable":true,"href":"https:\/\/www.repricer.com\/it\/wp-json\/wp\/v2\/media\/7421"}],"wp:attachment":[{"href":"https:\/\/www.repricer.com\/it\/wp-json\/wp\/v2\/media?parent=13053"}],"curies":[{"name":"wp","href":"https:\/\/api.w.org\/{rel}","templated":true}]}}