{"id":20279,"date":"2023-10-19T12:16:31","date_gmt":"2023-10-19T12:16:31","guid":{"rendered":"https:\/\/repricer.kinsta.cloud\/modalita-sicura\/"},"modified":"2024-03-22T16:38:02","modified_gmt":"2024-03-22T16:38:02","slug":"modalita-sicura","status":"publish","type":"page","link":"https:\/\/www.repricer.com\/it\/modalita-sicura\/","title":{"rendered":"Modalit\u00e0 provvisoria"},"content":{"rendered":"\t\t<div data-elementor-type=\"wp-page\" data-elementor-id=\"20279\" class=\"elementor elementor-20279 elementor-18582\" data-elementor-post-type=\"page\">\n\t\t\t\t<div class=\"elementor-element elementor-element-0f86f4f e-flex e-con-boxed e-con e-parent\" data-id=\"0f86f4f\" data-element_type=\"container\" data-e-type=\"container\" data-settings=\"{&quot;background_background&quot;:&quot;classic&quot;}\">\n\t\t\t\t\t<div class=\"e-con-inner\">\n\t\t<div class=\"elementor-element elementor-element-a975198 e-con-full e-flex e-con e-child\" data-id=\"a975198\" data-element_type=\"container\" data-e-type=\"container\">\n\t\t\t\t<div class=\"elementor-element elementor-element-63cb12c elementor-widget elementor-widget-spacer\" data-id=\"63cb12c\" data-element_type=\"widget\" data-e-type=\"widget\" data-widget_type=\"spacer.default\">\n\t\t\t\t<div class=\"elementor-widget-container\">\n\t\t\t\t\t\t\t<div class=\"elementor-spacer\">\n\t\t\t<div class=\"elementor-spacer-inner\"><\/div>\n\t\t<\/div>\n\t\t\t\t\t\t<\/div>\n\t\t\t\t<\/div>\n\t\t\t\t<div class=\"elementor-element elementor-element-2432b76 elementor-widget elementor-widget-heading\" data-id=\"2432b76\" data-element_type=\"widget\" data-e-type=\"widget\" data-widget_type=\"heading.default\">\n\t\t\t\t<div class=\"elementor-widget-container\">\n\t\t\t\t\t<h1 class=\"elementor-heading-title elementor-size-default\">Modalit\u00e0 provvisoria<\/h1>\t\t\t\t<\/div>\n\t\t\t\t<\/div>\n\t\t\t\t<div class=\"elementor-element elementor-element-304a2e7 elementor-widget elementor-widget-text-editor\" data-id=\"304a2e7\" data-element_type=\"widget\" data-e-type=\"widget\" data-widget_type=\"text-editor.default\">\n\t\t\t\t<div class=\"elementor-widget-container\">\n\t\t\t\t\t\t\t\t\t<p>La funzione Safe Mode di Repricer analizza le variazioni di prezzo della concorrenza e suggerisce i nuovi prezzi in modo sicuro, assicurando che vengano applicati solo quando siete pronti.<\/p>\n\t\t\t\t\t\t\t\t<\/div>\n\t\t\t\t<\/div>\n\t\t<div class=\"elementor-element elementor-element-1899c48 e-flex e-con-boxed e-con e-child\" data-id=\"1899c48\" data-element_type=\"container\" data-e-type=\"container\">\n\t\t\t\t\t<div class=\"e-con-inner\">\n\t\t\t\t<div class=\"elementor-element elementor-element-4dc6016 elementor-mobile-align-center elementor-widget elementor-widget-global elementor-global-20393 elementor-global-18504 elementor-widget-button\" data-id=\"4dc6016\" data-element_type=\"widget\" data-e-type=\"widget\" data-widget_type=\"button.default\">\n\t\t\t\t<div class=\"elementor-widget-container\">\n\t\t\t\t\t\t\t\t\t<div class=\"elementor-button-wrapper\">\n\t\t\t\t\t<a class=\"elementor-button elementor-button-link elementor-size-xl\" href=\"https:\/\/dashboard.repricer.com\/register\/do\/repricer\" data-button=\"trial_cta\">\n\t\t\t\t\t\t<span class=\"elementor-button-content-wrapper\">\n\t\t\t\t\t\t\t\t\t<span class=\"elementor-button-text\">Prova Repricer gratuitamente<\/span>\n\t\t\t\t\t<\/span>\n\t\t\t\t\t<\/a>\n\t\t\t\t<\/div>\n\t\t\t\t\t\t\t\t<\/div>\n\t\t\t\t<\/div>\n\t\t\t\t<div class=\"elementor-element elementor-element-187cda6 elementor-position-inline-end elementor-mobile-position-inline-end elementor-view-default elementor-widget elementor-widget-icon-box\" data-id=\"187cda6\" data-element_type=\"widget\" data-e-type=\"widget\" data-widget_type=\"icon-box.default\">\n\t\t\t\t<div class=\"elementor-widget-container\">\n\t\t\t\t\t\t\t<div class=\"elementor-icon-box-wrapper\">\n\n\t\t\t\t\t\t<div class=\"elementor-icon-box-icon\">\n\t\t\t\t<a href=\"https:\/\/www.repricer.com\/book-demo\/\" data-button=\"demo_cta\" class=\"elementor-icon\" tabindex=\"-1\" aria-label=\"Prenota una demo\">\n\t\t\t\t<svg xmlns=\"http:\/\/www.w3.org\/2000\/svg\" xmlns:xlink=\"http:\/\/www.w3.org\/1999\/xlink\" width=\"40\" viewBox=\"0 0 30 30.000001\" height=\"40\" preserveAspectRatio=\"xMidYMid meet\"><defs><clipPath id=\"74a5fe3756\"><path d=\"M 1.070312 8 L 28.648438 8 L 28.648438 20.980469 L 1.070312 20.980469 Z M 1.070312 8 \" clip-rule=\"nonzero\"><\/path><\/clipPath><\/defs><g clip-path=\"url(#74a5fe3756)\"><path fill=\"#000000\" d=\"M 22.824219 20.59375 L 28.273438 15.144531 C 28.648438 14.765625 28.648438 14.144531 28.273438 13.765625 L 22.824219 8.304688 C 22.445312 7.925781 21.824219 7.925781 21.445312 8.304688 C 21.070312 8.683594 21.070312 9.304688 21.445312 9.683594 L 25.238281 13.472656 L 2.042969 13.472656 C 1.507812 13.472656 1.070312 13.914062 1.070312 14.449219 C 1.070312 14.984375 1.507812 15.425781 2.042969 15.425781 L 25.226562 15.425781 L 21.433594 19.214844 C 21.238281 19.410156 21.15625 19.65625 21.15625 19.910156 C 21.15625 20.167969 21.253906 20.410156 21.433594 20.605469 C 21.824219 20.972656 22.445312 20.972656 22.824219 20.59375 Z M 22.824219 20.59375 \" fill-opacity=\"1\" fill-rule=\"nonzero\"><\/path><\/g><\/svg>\t\t\t\t<\/a>\n\t\t\t<\/div>\n\t\t\t\n\t\t\t\t\t\t<div class=\"elementor-icon-box-content\">\n\n\t\t\t\t\t\t\t\t\t<h4 class=\"elementor-icon-box-title\">\n\t\t\t\t\t\t<a href=\"https:\/\/www.repricer.com\/book-demo\/\" data-button=\"demo_cta\" >\n\t\t\t\t\t\t\tPrenota una demo\t\t\t\t\t\t<\/a>\n\t\t\t\t\t<\/h4>\n\t\t\t\t\n\t\t\t\t\n\t\t\t<\/div>\n\t\t\t\n\t\t<\/div>\n\t\t\t\t\t\t<\/div>\n\t\t\t\t<\/div>\n\t\t\t\t\t<\/div>\n\t\t\t\t<\/div>\n\t\t\t\t<div class=\"elementor-element elementor-element-92ee935 elementor-widget elementor-widget-text-editor\" data-id=\"92ee935\" data-element_type=\"widget\" data-e-type=\"widget\" data-widget_type=\"text-editor.default\">\n\t\t\t\t<div class=\"elementor-widget-container\">\n\t\t\t\t\t\t\t\t\t<p>14 giorni di prova | Non \u00e8 richiesta la carta di credito | Configurazione guidata<\/p>\n\t\t\t\t\t\t\t\t<\/div>\n\t\t\t\t<\/div>\n\t\t\t\t<\/div>\n\t\t<div class=\"elementor-element elementor-element-261649f e-con-full e-flex e-con e-child\" data-id=\"261649f\" data-element_type=\"container\" data-e-type=\"container\">\n\t\t\t\t<div class=\"elementor-element elementor-element-6f9eb83 elementor-widget elementor-widget-image\" data-id=\"6f9eb83\" data-element_type=\"widget\" data-e-type=\"widget\" data-widget_type=\"image.default\">\n\t\t\t\t<div class=\"elementor-widget-container\">\n\t\t\t\t\t\t\t\t\t\t\t\t\t\t\t<img fetchpriority=\"high\" decoding=\"async\" width=\"1135\" height=\"673\" src=\"https:\/\/www.repricer.com\/wp-content\/uploads\/2023\/10\/Group-116797.png\" class=\"attachment-full size-full wp-image-18981\" alt=\"Safe Mode\" srcset=\"https:\/\/www.repricer.com\/wp-content\/uploads\/2023\/10\/Group-116797.png 1135w, https:\/\/www.repricer.com\/wp-content\/uploads\/2023\/10\/Group-116797-300x178.png 300w, https:\/\/www.repricer.com\/wp-content\/uploads\/2023\/10\/Group-116797-1024x607.png 1024w, https:\/\/www.repricer.com\/wp-content\/uploads\/2023\/10\/Group-116797-768x455.png 768w\" sizes=\"(max-width: 1135px) 100vw, 1135px\" \/>\t\t\t\t\t\t\t\t\t\t\t\t\t\t\t<\/div>\n\t\t\t\t<\/div>\n\t\t\t\t<\/div>\n\t\t\t\t\t<\/div>\n\t\t\t\t<\/div>\n\t\t<div class=\"elementor-element elementor-element-5827e04 e-flex e-con-boxed e-con e-parent\" data-id=\"5827e04\" data-element_type=\"container\" data-e-type=\"container\">\n\t\t\t\t\t<div class=\"e-con-inner\">\n\t\t\t\t<div class=\"elementor-element elementor-element-1971557 elementor-widget elementor-widget-spacer\" data-id=\"1971557\" data-element_type=\"widget\" data-e-type=\"widget\" data-widget_type=\"spacer.default\">\n\t\t\t\t<div class=\"elementor-widget-container\">\n\t\t\t\t\t\t\t<div class=\"elementor-spacer\">\n\t\t\t<div class=\"elementor-spacer-inner\"><\/div>\n\t\t<\/div>\n\t\t\t\t\t\t<\/div>\n\t\t\t\t<\/div>\n\t\t\t\t<div class=\"elementor-element elementor-element-0185473 elementor-widget elementor-widget-heading\" data-id=\"0185473\" data-element_type=\"widget\" data-e-type=\"widget\" data-widget_type=\"heading.default\">\n\t\t\t\t<div class=\"elementor-widget-container\">\n\t\t\t\t\t<h3 class=\"elementor-heading-title elementor-size-default\">Come funziona<\/h3>\t\t\t\t<\/div>\n\t\t\t\t<\/div>\n\t\t\t\t<div class=\"elementor-element elementor-element-40e09af elementor-widget elementor-widget-text-editor\" data-id=\"40e09af\" data-element_type=\"widget\" data-e-type=\"widget\" data-widget_type=\"text-editor.default\">\n\t\t\t\t<div class=\"elementor-widget-container\">\n\t\t\t\t\t\t\t\t\t<p>La modalit\u00e0 provvisoria consente di vedere il repricing in azione senza influenzare i prezzi in tempo reale.<\/p>\n<p>Repricer analizza le variazioni di prezzo dei concorrenti e calcola il nuovo prezzo di vendita in modo sicuro all&#8217;interno di Repricer, senza che i prezzi in tempo reale vengano caricati su Amazon o eBay.<\/p>\n<p>\u00c8 particolarmente utile per chi \u00e8 alle prime armi con Repricer, in quanto il vostro account ha <strong>automaticamente attivato <\/strong> la modalit\u00e0 provvisoria.  <\/p>\n<p>Quando si \u00e8 pronti, \u00e8 possibile &#8220;andare in diretta&#8221; per inviare i prezzi in diretta ad Amazon o eBay.<\/p>\n<p>La modalit\u00e0 Safe Mode pu\u00f2 essere applicata anche a livello di canale, consentendo di regolare le strategie di repricing in qualsiasi fase e di vedere i risultati senza impattare sul pricing live.  <\/p>\n\t\t\t\t\t\t\t\t<\/div>\n\t\t\t\t<\/div>\n\t\t\t\t<div class=\"elementor-element elementor-element-2a136a5 elementor-widget elementor-widget-spacer\" data-id=\"2a136a5\" data-element_type=\"widget\" data-e-type=\"widget\" data-widget_type=\"spacer.default\">\n\t\t\t\t<div class=\"elementor-widget-container\">\n\t\t\t\t\t\t\t<div class=\"elementor-spacer\">\n\t\t\t<div class=\"elementor-spacer-inner\"><\/div>\n\t\t<\/div>\n\t\t\t\t\t\t<\/div>\n\t\t\t\t<\/div>\n\t\t\t\t\t<\/div>\n\t\t\t\t<\/div>\n\t\t\t\t<\/div>\n\t\t","protected":false},"excerpt":{"rendered":"<p>Modalit\u00e0 provvisoria La funzione Safe Mode di Repricer analizza le variazioni di prezzo della concorrenza e suggerisce i nuovi prezzi in modo sicuro, assicurando che vengano applicati solo quando siete pronti. Try Repricer for free Prenota una demo 14 giorni di prova | Non \u00e8 richiesta la carta di credito | Configurazione guidata Come funziona [&hellip;]<\/p>\n","protected":false},"author":34,"featured_media":18981,"parent":0,"menu_order":0,"comment_status":"closed","ping_status":"closed","template":"","meta":{"inline_featured_image":false,"footnotes":""},"class_list":["post-20279","page","type-page","status-publish","has-post-thumbnail","hentry"],"yoast_head":"<!-- This site is optimized with the Yoast SEO Premium plugin v27.4 (Yoast SEO v27.5) - https:\/\/yoast.com\/product\/yoast-seo-premium-wordpress\/ -->\n<title>Modalit\u00e0 provvisoria - Il pi\u00f9 veloce Amazon Repricer<\/title>\n<meta name=\"description\" content=\"Modalit\u00e0 sicura: assicura che i prezzi siano pubblicati solo dopo revisione e approvazione. Controlla tutto con sicurezza.\" \/>\n<meta name=\"robots\" content=\"index, follow, max-snippet:-1, max-image-preview:large, max-video-preview:-1\" \/>\n<link rel=\"canonical\" href=\"https:\/\/www.repricer.com\/it\/modalita-sicura\/\" \/>\n<meta property=\"og:locale\" content=\"it_IT\" \/>\n<meta property=\"og:type\" content=\"article\" \/>\n<meta property=\"og:title\" content=\"Modalit\u00e0 provvisoria\" \/>\n<meta property=\"og:description\" content=\"Modalit\u00e0 sicura: assicura che i prezzi siano pubblicati solo dopo revisione e approvazione. Controlla tutto con sicurezza.\" \/>\n<meta property=\"og:url\" content=\"https:\/\/www.repricer.com\/it\/modalita-sicura\/\" \/>\n<meta property=\"og:site_name\" content=\"The Fastest Amazon Repricer | Repricer.com\" \/>\n<meta property=\"article:publisher\" content=\"https:\/\/www.facebook.com\/repricer\" \/>\n<meta property=\"article:modified_time\" content=\"2024-03-22T16:38:02+00:00\" \/>\n<meta property=\"og:image\" content=\"https:\/\/www.repricer.com\/wp-content\/uploads\/2023\/10\/Group-116797.png\" \/>\n\t<meta property=\"og:image:width\" content=\"1135\" \/>\n\t<meta property=\"og:image:height\" content=\"673\" \/>\n\t<meta property=\"og:image:type\" content=\"image\/png\" \/>\n<meta name=\"twitter:card\" content=\"summary_large_image\" \/>\n<meta name=\"twitter:site\" content=\"@repricer\" \/>\n<meta name=\"twitter:label1\" content=\"Tempo di lettura stimato\" \/>\n\t<meta name=\"twitter:data1\" content=\"1 minuto\" \/>\n<script type=\"application\/ld+json\" class=\"yoast-schema-graph\">{\"@context\":\"https:\\\/\\\/schema.org\",\"@graph\":[{\"@type\":\"WebPage\",\"@id\":\"https:\\\/\\\/www.repricer.com\\\/it\\\/modalita-sicura\\\/\",\"url\":\"https:\\\/\\\/www.repricer.com\\\/it\\\/modalita-sicura\\\/\",\"name\":\"Modalit\u00e0 provvisoria - Il pi\u00f9 veloce Amazon Repricer\",\"isPartOf\":{\"@id\":\"https:\\\/\\\/www.repricer.com\\\/it\\\/#website\"},\"primaryImageOfPage\":{\"@id\":\"https:\\\/\\\/www.repricer.com\\\/it\\\/modalita-sicura\\\/#primaryimage\"},\"image\":{\"@id\":\"https:\\\/\\\/www.repricer.com\\\/it\\\/modalita-sicura\\\/#primaryimage\"},\"thumbnailUrl\":\"https:\\\/\\\/www.repricer.com\\\/wp-content\\\/uploads\\\/2023\\\/10\\\/Group-116797.png\",\"datePublished\":\"2023-10-19T12:16:31+00:00\",\"dateModified\":\"2024-03-22T16:38:02+00:00\",\"description\":\"Modalit\u00e0 sicura: assicura che i prezzi siano pubblicati solo dopo revisione e approvazione. Controlla tutto con sicurezza.\",\"breadcrumb\":{\"@id\":\"https:\\\/\\\/www.repricer.com\\\/it\\\/modalita-sicura\\\/#breadcrumb\"},\"inLanguage\":\"it-IT\",\"potentialAction\":[{\"@type\":\"ReadAction\",\"target\":[\"https:\\\/\\\/www.repricer.com\\\/it\\\/modalita-sicura\\\/\"]}]},{\"@type\":\"ImageObject\",\"inLanguage\":\"it-IT\",\"@id\":\"https:\\\/\\\/www.repricer.com\\\/it\\\/modalita-sicura\\\/#primaryimage\",\"url\":\"https:\\\/\\\/www.repricer.com\\\/wp-content\\\/uploads\\\/2023\\\/10\\\/Group-116797.png\",\"contentUrl\":\"https:\\\/\\\/www.repricer.com\\\/wp-content\\\/uploads\\\/2023\\\/10\\\/Group-116797.png\",\"width\":1135,\"height\":673,\"caption\":\"Safe Mode\"},{\"@type\":\"BreadcrumbList\",\"@id\":\"https:\\\/\\\/www.repricer.com\\\/it\\\/modalita-sicura\\\/#breadcrumb\",\"itemListElement\":[{\"@type\":\"ListItem\",\"position\":1,\"name\":\"Home\",\"item\":\"https:\\\/\\\/www.repricer.com\\\/it\\\/casa-2\\\/\"},{\"@type\":\"ListItem\",\"position\":2,\"name\":\"Modalit\u00e0 provvisoria\"}]},{\"@type\":\"WebSite\",\"@id\":\"https:\\\/\\\/www.repricer.com\\\/it\\\/#website\",\"url\":\"https:\\\/\\\/www.repricer.com\\\/it\\\/\",\"name\":\"The Fastest Amazon Repricer | Repricer.com\",\"description\":\"Fai di Repricer.com il tuo hub di prezzi unico collegando tutti i tuoi canali di vendita, compresi Amazon, eBay, Walmart, Shopify e altri.\",\"publisher\":{\"@id\":\"https:\\\/\\\/www.repricer.com\\\/it\\\/#organization\"},\"potentialAction\":[{\"@type\":\"SearchAction\",\"target\":{\"@type\":\"EntryPoint\",\"urlTemplate\":\"https:\\\/\\\/www.repricer.com\\\/it\\\/?s={search_term_string}\"},\"query-input\":{\"@type\":\"PropertyValueSpecification\",\"valueRequired\":true,\"valueName\":\"search_term_string\"}}],\"inLanguage\":\"it-IT\"},{\"@type\":\"Organization\",\"@id\":\"https:\\\/\\\/www.repricer.com\\\/it\\\/#organization\",\"name\":\"Repricer.com\",\"url\":\"https:\\\/\\\/www.repricer.com\\\/it\\\/\",\"logo\":{\"@type\":\"ImageObject\",\"inLanguage\":\"it-IT\",\"@id\":\"https:\\\/\\\/www.repricer.com\\\/it\\\/#\\\/schema\\\/logo\\\/image\\\/\",\"url\":\"https:\\\/\\\/www.repricer.com\\\/wp-content\\\/uploads\\\/2022\\\/01\\\/updated-repricer-logo-black.png\",\"contentUrl\":\"https:\\\/\\\/www.repricer.com\\\/wp-content\\\/uploads\\\/2022\\\/01\\\/updated-repricer-logo-black.png\",\"width\":481,\"height\":83,\"caption\":\"Repricer.com\"},\"image\":{\"@id\":\"https:\\\/\\\/www.repricer.com\\\/it\\\/#\\\/schema\\\/logo\\\/image\\\/\"},\"sameAs\":[\"https:\\\/\\\/www.facebook.com\\\/repricer\",\"https:\\\/\\\/x.com\\\/repricer\",\"https:\\\/\\\/www.instagram.com\\\/repricer\\\/\",\"https:\\\/\\\/www.youtube.com\\\/channel\\\/UC_pT73zbB2TIA-jS12y93fA\"]}]}<\/script>\n<!-- \/ Yoast SEO Premium plugin. -->","yoast_head_json":{"title":"Modalit\u00e0 provvisoria - Il pi\u00f9 veloce Amazon Repricer","description":"Modalit\u00e0 sicura: assicura che i prezzi siano pubblicati solo dopo revisione e approvazione. Controlla tutto con sicurezza.","robots":{"index":"index","follow":"follow","max-snippet":"max-snippet:-1","max-image-preview":"max-image-preview:large","max-video-preview":"max-video-preview:-1"},"canonical":"https:\/\/www.repricer.com\/it\/modalita-sicura\/","og_locale":"it_IT","og_type":"article","og_title":"Modalit\u00e0 provvisoria","og_description":"Modalit\u00e0 sicura: assicura che i prezzi siano pubblicati solo dopo revisione e approvazione. Controlla tutto con sicurezza.","og_url":"https:\/\/www.repricer.com\/it\/modalita-sicura\/","og_site_name":"The Fastest Amazon Repricer | Repricer.com","article_publisher":"https:\/\/www.facebook.com\/repricer","article_modified_time":"2024-03-22T16:38:02+00:00","og_image":[{"width":1135,"height":673,"url":"https:\/\/www.repricer.com\/wp-content\/uploads\/2023\/10\/Group-116797.png","type":"image\/png"}],"twitter_card":"summary_large_image","twitter_site":"@repricer","twitter_misc":{"Tempo di lettura stimato":"1 minuto"},"schema":{"@context":"https:\/\/schema.org","@graph":[{"@type":"WebPage","@id":"https:\/\/www.repricer.com\/it\/modalita-sicura\/","url":"https:\/\/www.repricer.com\/it\/modalita-sicura\/","name":"Modalit\u00e0 provvisoria - Il pi\u00f9 veloce Amazon Repricer","isPartOf":{"@id":"https:\/\/www.repricer.com\/it\/#website"},"primaryImageOfPage":{"@id":"https:\/\/www.repricer.com\/it\/modalita-sicura\/#primaryimage"},"image":{"@id":"https:\/\/www.repricer.com\/it\/modalita-sicura\/#primaryimage"},"thumbnailUrl":"https:\/\/www.repricer.com\/wp-content\/uploads\/2023\/10\/Group-116797.png","datePublished":"2023-10-19T12:16:31+00:00","dateModified":"2024-03-22T16:38:02+00:00","description":"Modalit\u00e0 sicura: assicura che i prezzi siano pubblicati solo dopo revisione e approvazione. Controlla tutto con sicurezza.","breadcrumb":{"@id":"https:\/\/www.repricer.com\/it\/modalita-sicura\/#breadcrumb"},"inLanguage":"it-IT","potentialAction":[{"@type":"ReadAction","target":["https:\/\/www.repricer.com\/it\/modalita-sicura\/"]}]},{"@type":"ImageObject","inLanguage":"it-IT","@id":"https:\/\/www.repricer.com\/it\/modalita-sicura\/#primaryimage","url":"https:\/\/www.repricer.com\/wp-content\/uploads\/2023\/10\/Group-116797.png","contentUrl":"https:\/\/www.repricer.com\/wp-content\/uploads\/2023\/10\/Group-116797.png","width":1135,"height":673,"caption":"Safe Mode"},{"@type":"BreadcrumbList","@id":"https:\/\/www.repricer.com\/it\/modalita-sicura\/#breadcrumb","itemListElement":[{"@type":"ListItem","position":1,"name":"Home","item":"https:\/\/www.repricer.com\/it\/casa-2\/"},{"@type":"ListItem","position":2,"name":"Modalit\u00e0 provvisoria"}]},{"@type":"WebSite","@id":"https:\/\/www.repricer.com\/it\/#website","url":"https:\/\/www.repricer.com\/it\/","name":"The Fastest Amazon Repricer | Repricer.com","description":"Fai di Repricer.com il tuo hub di prezzi unico collegando tutti i tuoi canali di vendita, compresi Amazon, eBay, Walmart, Shopify e altri.","publisher":{"@id":"https:\/\/www.repricer.com\/it\/#organization"},"potentialAction":[{"@type":"SearchAction","target":{"@type":"EntryPoint","urlTemplate":"https:\/\/www.repricer.com\/it\/?s={search_term_string}"},"query-input":{"@type":"PropertyValueSpecification","valueRequired":true,"valueName":"search_term_string"}}],"inLanguage":"it-IT"},{"@type":"Organization","@id":"https:\/\/www.repricer.com\/it\/#organization","name":"Repricer.com","url":"https:\/\/www.repricer.com\/it\/","logo":{"@type":"ImageObject","inLanguage":"it-IT","@id":"https:\/\/www.repricer.com\/it\/#\/schema\/logo\/image\/","url":"https:\/\/www.repricer.com\/wp-content\/uploads\/2022\/01\/updated-repricer-logo-black.png","contentUrl":"https:\/\/www.repricer.com\/wp-content\/uploads\/2022\/01\/updated-repricer-logo-black.png","width":481,"height":83,"caption":"Repricer.com"},"image":{"@id":"https:\/\/www.repricer.com\/it\/#\/schema\/logo\/image\/"},"sameAs":["https:\/\/www.facebook.com\/repricer","https:\/\/x.com\/repricer","https:\/\/www.instagram.com\/repricer\/","https:\/\/www.youtube.com\/channel\/UC_pT73zbB2TIA-jS12y93fA"]}]}},"_links":{"self":[{"href":"https:\/\/www.repricer.com\/it\/wp-json\/wp\/v2\/pages\/20279","targetHints":{"allow":["GET"]}}],"collection":[{"href":"https:\/\/www.repricer.com\/it\/wp-json\/wp\/v2\/pages"}],"about":[{"href":"https:\/\/www.repricer.com\/it\/wp-json\/wp\/v2\/types\/page"}],"author":[{"embeddable":true,"href":"https:\/\/www.repricer.com\/it\/wp-json\/wp\/v2\/users\/34"}],"replies":[{"embeddable":true,"href":"https:\/\/www.repricer.com\/it\/wp-json\/wp\/v2\/comments?post=20279"}],"version-history":[{"count":0,"href":"https:\/\/www.repricer.com\/it\/wp-json\/wp\/v2\/pages\/20279\/revisions"}],"wp:featuredmedia":[{"embeddable":true,"href":"https:\/\/www.repricer.com\/it\/wp-json\/wp\/v2\/media\/18981"}],"wp:attachment":[{"href":"https:\/\/www.repricer.com\/it\/wp-json\/wp\/v2\/media?parent=20279"}],"curies":[{"name":"wp","href":"https:\/\/api.w.org\/{rel}","templated":true}]}}