{"id":3821,"date":"2022-02-18T17:18:24","date_gmt":"2022-02-18T17:18:24","guid":{"rendered":"https:\/\/www2.repricer.com\/cookie-notice\/"},"modified":"2026-01-30T13:07:45","modified_gmt":"2026-01-30T13:07:45","slug":"cookie-notice","status":"publish","type":"page","link":"https:\/\/www.repricer.com\/it\/cookie-notice\/","title":{"rendered":"Avviso sui cookie"},"content":{"rendered":"\t\t<div data-elementor-type=\"wp-page\" data-elementor-id=\"3821\" class=\"elementor elementor-3821 elementor-3609\" data-elementor-post-type=\"page\">\n\t\t\t\t\t\t<section class=\"elementor-section elementor-top-section elementor-element elementor-element-8ba90fe elementor-section-boxed elementor-section-height-default elementor-section-height-default\" data-id=\"8ba90fe\" data-element_type=\"section\" data-e-type=\"section\">\n\t\t\t\t\t\t<div class=\"elementor-container elementor-column-gap-default\">\n\t\t\t\t\t<div class=\"elementor-column elementor-col-100 elementor-top-column elementor-element elementor-element-9dacc04\" data-id=\"9dacc04\" data-element_type=\"column\" data-e-type=\"column\">\n\t\t\t<div class=\"elementor-widget-wrap elementor-element-populated\">\n\t\t\t\t\t\t<div class=\"elementor-element elementor-element-14016b0 elementor-widget elementor-widget-heading\" data-id=\"14016b0\" data-element_type=\"widget\" data-e-type=\"widget\" data-widget_type=\"heading.default\">\n\t\t\t\t<div class=\"elementor-widget-container\">\n\t\t\t\t\t<h1 class=\"elementor-heading-title elementor-size-default\"><b>Avviso sui cookie di Repricer<\/b><\/h1>\t\t\t\t<\/div>\n\t\t\t\t<\/div>\n\t\t\t\t<div class=\"elementor-element elementor-element-d49120d elementor-widget elementor-widget-text-editor\" data-id=\"d49120d\" data-element_type=\"widget\" data-e-type=\"widget\" data-widget_type=\"text-editor.default\">\n\t\t\t\t<div class=\"elementor-widget-container\">\n\t\t\t\t\t\t\t\t\t<p><strong>Maggio 2025<\/strong><\/p><p>La presente Informativa sui cookie fornisce informazioni sui cookie che utilizziamo sui nostri siti web: xsellco.com, edesk.com, repricer.com e replymanager.com e gli scopi per cui li utilizziamo.<\/p><h2><strong style=\"color: inherit; font-family: inherit; background-color: var( --e-global-color-706ed4c );\">Cosa sono i biscotti?<\/strong><\/h2><p>I cookie sono piccoli pezzi di dati che vengono collocati sul suo computer dai siti web che visita. Sono ampiamente utilizzati per far funzionare i siti web in modo pi\u00f9 efficiente, nonch\u00e9 per fornire informazioni su come si utilizza il sito e per fornire informazioni per scopi di marketing.<\/p><p>La durata di conservazione dei cookie sul suo browser varia a seconda del cookie. Alcuni cookie durano solo per la vostra sessione online, mentre altri rimangono sul vostro browser per un periodo pi\u00f9 lungo.<\/p><h3><b style=\"color: inherit; letter-spacing: -0.7px; background-color: var( --e-global-color-706ed4c );\">Cookie che utilizziamo<\/b><\/h3><h4>Cookie funzionali<\/h4><p>Questi cookie assicurano che i nostri siti web siano in grado di funzionare correttamente e di fornire una buona esperienza quando si utilizzano i nostri siti web. Abbiamo elencato questi cookie di seguito, alcuni dei quali sono impostati da terze parti che ci forniscono servizi.<\/p><figure class=\"wp-block-table\"><table><thead><tr><th scope=\"col\">Biscotti<\/th><th scope=\"col\">A quale scopo?<\/th><\/tr><\/thead><tbody><tr><td>Consenso ai cookie<\/td><td>Questo cookie viene utilizzato per ricordare le tue scelte in merito ai cookie sui nostri siti web<\/td><\/tr><tr><td>xSellco<\/td><td>Per ottimizzare le prestazioni del server web per gli utenti e per personalizzare l&#8217;esperienza dei nostri utenti che hanno effettuato il login<\/td><\/tr><tr><td>eDesk<\/td><td>Per aiutarci a capire come i nostri utenti navigano e interagiscono con i nostri siti web e per personalizzare l&#8217;esperienza dei nostri utenti loggati<\/td><\/tr><\/tbody><\/table><\/figure><h4> <\/h4><h4><b>Cookie che ci aiutano a migliorare i nostri siti web<\/b><\/h4><p>Utilizziamo questi cookie per aiutarci a capire come le persone utilizzano i nostri siti web. Possiamo quindi utilizzare questi dati per migliorare il funzionamento dei nostri siti web. Per esempio, possiamo utilizzare fornitori di analisi per identificare e contare le visite ai nostri siti web e per vedere quali pagine le persone visitano e come si muovono all&#8217;interno della pagina.<\/p><p>Lavoriamo con fornitori di servizi i cui cookie ci forniscono queste informazioni.<\/p><figure class=\"wp-block-table\"><table><thead><tr><th scope=\"col\">Biscotti<\/th><th scope=\"col\">A quale scopo?<\/th><\/tr><\/thead><tbody><tr><td>Google Analytics<\/td><td>Per permetterci di capire come l&#8217;utente utilizza e si relaziona con i nostri siti web<\/td><\/tr><tr><td>Hotjar<\/td><td>Per aiutarci a capire come gli utenti interagiscono con pagine specifiche e per personalizzare alcune esperienze di pagina<\/td><\/tr><\/tbody><\/table><\/figure><h4> <\/h4><h4><b>Cookie che supportano il marketing<\/b><\/h4><p>Noi e i nostri partner utilizziamo questi cookie per capire cosa ti interessa sui nostri siti web e sui social media. Questi cookie possono anche identificare quali altri siti web possono averla indirizzata ai nostri siti. Questo \u00e8 cos\u00ec che noi o i nostri partner possiamo personalizzare il nostro marketing a voi, compresa la pubblicit\u00e0 online e attraverso e-mail e social media.<\/p><p>Lavoriamo con fornitori di servizi e terzi che impostano anche questo tipo di cookie sui nostri siti web.<\/p><figure class=\"wp-block-table\"><table><thead><tr><th scope=\"col\">Biscotti<\/th><th scope=\"col\">A quale scopo?<\/th><\/tr><\/thead><tbody><tr><td>Facebook<\/td><td>Per aiutarci a fornire pubblicit\u00e0 personalizzata basata sulla segmentazione in base al tuo comportamento di navigazione, per misurare le prestazioni della nostra pubblicit\u00e0 digitale e per permetterti di condividere le pagine del nostro sito web su Facebook.<\/td><\/tr><tr><td>Annunci di Google<\/td><td>Per aiutarci a fornire pubblicit\u00e0 personalizzata basata su una segmentazione informata dal tuo comportamento di navigazione e per misurare le prestazioni della nostra pubblicit\u00e0 digitale<\/td><\/tr><tr><td>Google ottimizza<\/td><td>Per aiutarci a fornire esperienze diverse ai visitatori del sito web allo scopo di migliorare le prestazioni del sito. I test sono anonimi<\/td><\/tr><tr><td>Google Analytics<\/td><td>Per aiutarci a fornire pubblicit\u00e0 personalizzata basata sulla segmentazione del tuo comportamento di navigazione e per misurare le prestazioni della nostra pubblicit\u00e0 digitale.<\/td><\/tr><tr><td>LinkedIn<\/td><td>Per aiutarci a fornire pubblicit\u00e0 personalizzata basata sulla segmentazione informata dal tuo comportamento di navigazione e per misurare le prestazioni della nostra pubblicit\u00e0 digitale e per permetterti di condividere le pagine del nostro sito web su LinkedIn<\/td><\/tr><tr><td>Microsoft (Bing)<\/td><td>Per aiutarci a fornire pubblicit\u00e0 personalizzata basata su una segmentazione basata sul tuo comportamento di navigazione e per misurare le prestazioni della nostra pubblicit\u00e0 digitale.<\/td><\/tr><tr><td>Hubspot<\/td><td>Per aiutarci a fornire un marketing personalizzato basato sulla segmentazione in base al tuo comportamento di navigazione e per misurare le prestazioni della nostra pubblicit\u00e0 digitale<\/td><\/tr><tr><td>Amazon<\/td><td>Per aiutarci a fornire pubblicit\u00e0 personalizzata basata su una segmentazione informata dal tuo comportamento di navigazione e per misurare le prestazioni della nostra pubblicit\u00e0 digitale<\/td><\/tr><tr><td>Tapfiliate<\/td><td>Per aiutarci a premiare i partner che ci inviano nuovi clienti<\/td><\/tr><tr><td>Quora<\/td><td>Per aiutarci a monitorare i risultati della pubblicit\u00e0 sul sito web di Quora<\/td><\/tr><tr><td>DoubleClick<\/td><td>Per verificare se il tuo browser supporta i cookie<\/td><\/tr><\/tbody><\/table><\/figure><h3> <\/h3><h3><b>Cookie e impostazioni del suo browser<\/b><\/h3><p>Per eliminare dal suo browser i cookie precedentemente impostati, deve cancellare i dati del suo browser.<\/p><p>Pu\u00f2 anche utilizzare le impostazioni del suo browser per gestire i cookie, ad esempio per disattivare del tutto un cookie. Se lo fai, \u00e8 possibile che alcune parti del nostro sito web non funzionino correttamente.<\/p><p>Per ulteriori informazioni su come gestire i cookie sui browser pi\u00f9 diffusi, clicca sui seguenti link:<\/p><ol><li><a href=\"https:\/\/support.google.com\/accounts\/answer\/61416?co=GENIE.Platform%253DDesktop&amp;hl=en\" target=\"_blank\" rel=\"noreferrer noopener\">Google Chrome<\/a><\/li><li><a href=\"https:\/\/support.microsoft.com\/en-us\/help\/4468242\/microsoft-edge-browsing-data-and-privacy-microsoft-privacy\" target=\"_blank\" rel=\"noreferrer noopener\">Microsoft Edge<\/a><\/li><li><a href=\"https:\/\/support.mozilla.org\/en-US\/kb\/enable-and-disable-cookies-website-preferences\" target=\"_blank\" rel=\"noreferrer noopener\">Mozilla Firefox<\/a><\/li><li><a href=\"https:\/\/support.microsoft.com\/en-gb\/help\/17442\/windows-internet-explorer-delete-manage-cookies\" target=\"_blank\" rel=\"noreferrer noopener\">Microsoft Internet Explorer<\/a><\/li><li><a href=\"https:\/\/help.opera.com\/en\/latest\/\" target=\"_blank\" rel=\"noreferrer noopener\">Opera<\/a><\/li><li><a href=\"https:\/\/support.apple.com\/en-gb\/safari\" target=\"_blank\" rel=\"noreferrer noopener\">Apple Safari<\/a><\/li><\/ol><h3><b> <\/b><b style=\"color: inherit; letter-spacing: -0.7px; background-color: var( --e-global-color-706ed4c );\">I cookie e la tua privacy<\/b><\/h3><p>Le informazioni raccolte dai cookie e il modo in cui le utilizziamo possono essere considerate dati personali. Potremmo anche essere in grado di identificarti per nome, indirizzo IP o ID di sessione. Lei ha dei diritti su come noi raccogliamo, conserviamo e utilizziamo i suoi dati personali.<\/p><p>Puoi saperne di pi\u00f9 su come utilizziamo i tuoi dati personali nella nostra <a href=\"https:\/\/www.repricer.com\/it\/privacy-policy\/\">Informativa sulla privacy<\/a>.<\/p>\t\t\t\t\t\t\t\t<\/div>\n\t\t\t\t<\/div>\n\t\t\t\t\t<\/div>\n\t\t<\/div>\n\t\t\t\t\t<\/div>\n\t\t<\/section>\n\t\t\t\t<\/div>\n\t\t","protected":false},"excerpt":{"rendered":"<p>Avviso sui cookie di Repricer Maggio 2025 La presente Informativa sui cookie fornisce informazioni sui cookie che utilizziamo sui nostri siti web: xsellco.com, edesk.com, repricer.com e replymanager.com e gli scopi per cui li utilizziamo. Cosa sono i biscotti? I cookie sono piccoli pezzi di dati che vengono collocati sul suo computer dai siti web che [&hellip;]<\/p>\n","protected":false},"author":12,"featured_media":0,"parent":0,"menu_order":0,"comment_status":"closed","ping_status":"closed","template":"","meta":{"inline_featured_image":false,"footnotes":""},"class_list":["post-3821","page","type-page","status-publish","hentry"],"yoast_head":"<!-- This site is optimized with the Yoast SEO Premium plugin v27.4 (Yoast SEO v27.6) - https:\/\/yoast.com\/product\/yoast-seo-premium-wordpress\/ -->\n<title>Avviso sui cookie - The Fastest Amazon Repricer | Repricer.com<\/title>\n<meta name=\"description\" content=\"L&#039;informativa ufficiale sui cookie di Repricer spiega come vengono utilizzati i cookie su questo sito e come i visitatori possono gestire facilmente le impostazioni e le preferenze in qualsiasi momento.\" \/>\n<meta name=\"robots\" content=\"index, follow, max-snippet:-1, max-image-preview:large, max-video-preview:-1\" \/>\n<link rel=\"canonical\" href=\"https:\/\/www.repricer.com\/it\/cookie-notice\/\" \/>\n<meta property=\"og:locale\" content=\"it_IT\" \/>\n<meta property=\"og:type\" content=\"article\" \/>\n<meta property=\"og:title\" content=\"Avviso sui cookie\" \/>\n<meta property=\"og:description\" content=\"L&#039;informativa ufficiale sui cookie di Repricer spiega come vengono utilizzati i cookie su questo sito e come i visitatori possono gestire facilmente le impostazioni e le preferenze in qualsiasi momento.\" \/>\n<meta property=\"og:url\" content=\"https:\/\/www.repricer.com\/it\/cookie-notice\/\" \/>\n<meta property=\"og:site_name\" content=\"The Fastest Amazon Repricer | Repricer.com\" \/>\n<meta property=\"article:publisher\" content=\"https:\/\/www.facebook.com\/repricer\" \/>\n<meta property=\"article:modified_time\" content=\"2026-01-30T13:07:45+00:00\" \/>\n<meta name=\"twitter:card\" content=\"summary_large_image\" \/>\n<meta name=\"twitter:site\" content=\"@repricer\" \/>\n<meta name=\"twitter:label1\" content=\"Tempo di lettura stimato\" \/>\n\t<meta name=\"twitter:data1\" content=\"4 minuti\" \/>\n<script type=\"application\/ld+json\" class=\"yoast-schema-graph\">{\"@context\":\"https:\\\/\\\/schema.org\",\"@graph\":[{\"@type\":\"WebPage\",\"@id\":\"https:\\\/\\\/www.repricer.com\\\/it\\\/cookie-notice\\\/\",\"url\":\"https:\\\/\\\/www.repricer.com\\\/it\\\/cookie-notice\\\/\",\"name\":\"Avviso sui cookie - The Fastest Amazon Repricer | Repricer.com\",\"isPartOf\":{\"@id\":\"https:\\\/\\\/www.repricer.com\\\/it\\\/#website\"},\"datePublished\":\"2022-02-18T17:18:24+00:00\",\"dateModified\":\"2026-01-30T13:07:45+00:00\",\"description\":\"L'informativa ufficiale sui cookie di Repricer spiega come vengono utilizzati i cookie su questo sito e come i visitatori possono gestire facilmente le impostazioni e le preferenze in qualsiasi momento.\",\"breadcrumb\":{\"@id\":\"https:\\\/\\\/www.repricer.com\\\/it\\\/cookie-notice\\\/#breadcrumb\"},\"inLanguage\":\"it-IT\",\"potentialAction\":[{\"@type\":\"ReadAction\",\"target\":[\"https:\\\/\\\/www.repricer.com\\\/it\\\/cookie-notice\\\/\"]}]},{\"@type\":\"BreadcrumbList\",\"@id\":\"https:\\\/\\\/www.repricer.com\\\/it\\\/cookie-notice\\\/#breadcrumb\",\"itemListElement\":[{\"@type\":\"ListItem\",\"position\":1,\"name\":\"Home\",\"item\":\"https:\\\/\\\/www.repricer.com\\\/it\\\/casa-2\\\/\"},{\"@type\":\"ListItem\",\"position\":2,\"name\":\"Avviso sui cookie\"}]},{\"@type\":\"WebSite\",\"@id\":\"https:\\\/\\\/www.repricer.com\\\/it\\\/#website\",\"url\":\"https:\\\/\\\/www.repricer.com\\\/it\\\/\",\"name\":\"The Fastest Amazon Repricer | Repricer.com\",\"description\":\"Fai di Repricer.com il tuo hub di prezzi unico collegando tutti i tuoi canali di vendita, compresi Amazon, eBay, Walmart, Shopify e altri.\",\"publisher\":{\"@id\":\"https:\\\/\\\/www.repricer.com\\\/it\\\/#organization\"},\"potentialAction\":[{\"@type\":\"SearchAction\",\"target\":{\"@type\":\"EntryPoint\",\"urlTemplate\":\"https:\\\/\\\/www.repricer.com\\\/it\\\/?s={search_term_string}\"},\"query-input\":{\"@type\":\"PropertyValueSpecification\",\"valueRequired\":true,\"valueName\":\"search_term_string\"}}],\"inLanguage\":\"it-IT\"},{\"@type\":\"Organization\",\"@id\":\"https:\\\/\\\/www.repricer.com\\\/it\\\/#organization\",\"name\":\"Repricer.com\",\"url\":\"https:\\\/\\\/www.repricer.com\\\/it\\\/\",\"logo\":{\"@type\":\"ImageObject\",\"inLanguage\":\"it-IT\",\"@id\":\"https:\\\/\\\/www.repricer.com\\\/it\\\/#\\\/schema\\\/logo\\\/image\\\/\",\"url\":\"https:\\\/\\\/www.repricer.com\\\/wp-content\\\/uploads\\\/2022\\\/01\\\/updated-repricer-logo-black.png\",\"contentUrl\":\"https:\\\/\\\/www.repricer.com\\\/wp-content\\\/uploads\\\/2022\\\/01\\\/updated-repricer-logo-black.png\",\"width\":481,\"height\":83,\"caption\":\"Repricer.com\"},\"image\":{\"@id\":\"https:\\\/\\\/www.repricer.com\\\/it\\\/#\\\/schema\\\/logo\\\/image\\\/\"},\"sameAs\":[\"https:\\\/\\\/www.facebook.com\\\/repricer\",\"https:\\\/\\\/x.com\\\/repricer\",\"https:\\\/\\\/www.instagram.com\\\/repricer\\\/\",\"https:\\\/\\\/www.youtube.com\\\/channel\\\/UC_pT73zbB2TIA-jS12y93fA\"]}]}<\/script>\n<!-- \/ Yoast SEO Premium plugin. -->","yoast_head_json":{"title":"Avviso sui cookie - The Fastest Amazon Repricer | Repricer.com","description":"L'informativa ufficiale sui cookie di Repricer spiega come vengono utilizzati i cookie su questo sito e come i visitatori possono gestire facilmente le impostazioni e le preferenze in qualsiasi momento.","robots":{"index":"index","follow":"follow","max-snippet":"max-snippet:-1","max-image-preview":"max-image-preview:large","max-video-preview":"max-video-preview:-1"},"canonical":"https:\/\/www.repricer.com\/it\/cookie-notice\/","og_locale":"it_IT","og_type":"article","og_title":"Avviso sui cookie","og_description":"L'informativa ufficiale sui cookie di Repricer spiega come vengono utilizzati i cookie su questo sito e come i visitatori possono gestire facilmente le impostazioni e le preferenze in qualsiasi momento.","og_url":"https:\/\/www.repricer.com\/it\/cookie-notice\/","og_site_name":"The Fastest Amazon Repricer | Repricer.com","article_publisher":"https:\/\/www.facebook.com\/repricer","article_modified_time":"2026-01-30T13:07:45+00:00","twitter_card":"summary_large_image","twitter_site":"@repricer","twitter_misc":{"Tempo di lettura stimato":"4 minuti"},"schema":{"@context":"https:\/\/schema.org","@graph":[{"@type":"WebPage","@id":"https:\/\/www.repricer.com\/it\/cookie-notice\/","url":"https:\/\/www.repricer.com\/it\/cookie-notice\/","name":"Avviso sui cookie - The Fastest Amazon Repricer | Repricer.com","isPartOf":{"@id":"https:\/\/www.repricer.com\/it\/#website"},"datePublished":"2022-02-18T17:18:24+00:00","dateModified":"2026-01-30T13:07:45+00:00","description":"L'informativa ufficiale sui cookie di Repricer spiega come vengono utilizzati i cookie su questo sito e come i visitatori possono gestire facilmente le impostazioni e le preferenze in qualsiasi momento.","breadcrumb":{"@id":"https:\/\/www.repricer.com\/it\/cookie-notice\/#breadcrumb"},"inLanguage":"it-IT","potentialAction":[{"@type":"ReadAction","target":["https:\/\/www.repricer.com\/it\/cookie-notice\/"]}]},{"@type":"BreadcrumbList","@id":"https:\/\/www.repricer.com\/it\/cookie-notice\/#breadcrumb","itemListElement":[{"@type":"ListItem","position":1,"name":"Home","item":"https:\/\/www.repricer.com\/it\/casa-2\/"},{"@type":"ListItem","position":2,"name":"Avviso sui cookie"}]},{"@type":"WebSite","@id":"https:\/\/www.repricer.com\/it\/#website","url":"https:\/\/www.repricer.com\/it\/","name":"The Fastest Amazon Repricer | Repricer.com","description":"Fai di Repricer.com il tuo hub di prezzi unico collegando tutti i tuoi canali di vendita, compresi Amazon, eBay, Walmart, Shopify e altri.","publisher":{"@id":"https:\/\/www.repricer.com\/it\/#organization"},"potentialAction":[{"@type":"SearchAction","target":{"@type":"EntryPoint","urlTemplate":"https:\/\/www.repricer.com\/it\/?s={search_term_string}"},"query-input":{"@type":"PropertyValueSpecification","valueRequired":true,"valueName":"search_term_string"}}],"inLanguage":"it-IT"},{"@type":"Organization","@id":"https:\/\/www.repricer.com\/it\/#organization","name":"Repricer.com","url":"https:\/\/www.repricer.com\/it\/","logo":{"@type":"ImageObject","inLanguage":"it-IT","@id":"https:\/\/www.repricer.com\/it\/#\/schema\/logo\/image\/","url":"https:\/\/www.repricer.com\/wp-content\/uploads\/2022\/01\/updated-repricer-logo-black.png","contentUrl":"https:\/\/www.repricer.com\/wp-content\/uploads\/2022\/01\/updated-repricer-logo-black.png","width":481,"height":83,"caption":"Repricer.com"},"image":{"@id":"https:\/\/www.repricer.com\/it\/#\/schema\/logo\/image\/"},"sameAs":["https:\/\/www.facebook.com\/repricer","https:\/\/x.com\/repricer","https:\/\/www.instagram.com\/repricer\/","https:\/\/www.youtube.com\/channel\/UC_pT73zbB2TIA-jS12y93fA"]}]}},"_links":{"self":[{"href":"https:\/\/www.repricer.com\/it\/wp-json\/wp\/v2\/pages\/3821","targetHints":{"allow":["GET"]}}],"collection":[{"href":"https:\/\/www.repricer.com\/it\/wp-json\/wp\/v2\/pages"}],"about":[{"href":"https:\/\/www.repricer.com\/it\/wp-json\/wp\/v2\/types\/page"}],"author":[{"embeddable":true,"href":"https:\/\/www.repricer.com\/it\/wp-json\/wp\/v2\/users\/12"}],"replies":[{"embeddable":true,"href":"https:\/\/www.repricer.com\/it\/wp-json\/wp\/v2\/comments?post=3821"}],"version-history":[{"count":9,"href":"https:\/\/www.repricer.com\/it\/wp-json\/wp\/v2\/pages\/3821\/revisions"}],"predecessor-version":[{"id":50275,"href":"https:\/\/www.repricer.com\/it\/wp-json\/wp\/v2\/pages\/3821\/revisions\/50275"}],"wp:attachment":[{"href":"https:\/\/www.repricer.com\/it\/wp-json\/wp\/v2\/media?parent=3821"}],"curies":[{"name":"wp","href":"https:\/\/api.w.org\/{rel}","templated":true}]}}