{"id":45757,"date":"2025-07-21T13:01:45","date_gmt":"2025-07-21T13:01:45","guid":{"rendered":"https:\/\/www.repricer.com\/dichiarazione-di-accessibilita-per-repricer-com\/"},"modified":"2025-08-19T13:37:24","modified_gmt":"2025-08-19T13:37:24","slug":"dichiarazione-di-accessibilita-per-repricer-com","status":"publish","type":"page","link":"https:\/\/www.repricer.com\/it\/dichiarazione-di-accessibilita-per-repricer-com\/","title":{"rendered":"Dichiarazione di accessibilit\u00e0"},"content":{"rendered":"\t\t<div data-elementor-type=\"wp-page\" data-elementor-id=\"45757\" class=\"elementor elementor-45757 elementor-45696\" data-elementor-post-type=\"page\">\n\t\t\t\t<div class=\"elementor-element elementor-element-5fe4285 e-flex e-con-boxed e-con e-parent\" data-id=\"5fe4285\" data-element_type=\"container\" data-e-type=\"container\">\n\t\t\t\t\t<div class=\"e-con-inner\">\n\t\t\t\t<div class=\"elementor-element elementor-element-cdb9a94 elementor-widget elementor-widget-text-editor\" data-id=\"cdb9a94\" data-element_type=\"widget\" data-e-type=\"widget\" data-widget_type=\"text-editor.default\">\n\t\t\t\t<div class=\"elementor-widget-container\">\n\t\t\t\t\t\t\t\t\t<p><a href=\"https:\/\/www.repricer.com\/it\/\">Repricer.com<\/a> si impegna a garantire l&#8217;accessibilit\u00e0 digitale a tutti gli utenti, comprese le persone con disabilit\u00e0. Miglioriamo continuamente l&#8217;esperienza d&#8217;uso per tutti e applichiamo gli standard di accessibilit\u00e0 pertinenti. <\/p><h2>Misure a sostegno dell&#8217;accessibilit\u00e0<\/h2><p>Adottiamo le seguenti misure per garantire l&#8217;accessibilit\u00e0 di <a href=\"https:\/\/www.repricer.com\/it\/\">Repricer.com<\/a>:<\/p><ul><li>Includere l&#8217;accessibilit\u00e0 come parte della nostra missione e delle nostre pratiche di sviluppo.<\/li><li>Usa un HTML semantico e una struttura di titoli adeguata<\/li><li>Ottimizzare la navigazione del sito per gli utenti della tastiera<\/li><li>Conduci regolarmente audit e test di accessibilit\u00e0<\/li><li>Fornisci alternative testuali per tutti i contenuti non testuali.<\/li><\/ul><h2>Stato di conformit\u00e0<\/h2><p>Il nostro obiettivo \u00e8 quello di conformarci alle<strong> Linee Guida per l&#8217;Accessibilit\u00e0 dei Contenuti Web (WCAG) 2.1 Livello AA<\/strong>. Stiamo lavorando attivamente per soddisfare questi standard in tutte le pagine e le funzionalit\u00e0 del sito. <\/p><h2>Test e strumenti<\/h2><p>Utilizziamo regolarmente strumenti come:<\/p><ul><li>Rapporto sull&#8217;accessibilit\u00e0 del faro<\/li><li>Controllo dell&#8217;accessibilit\u00e0 di Axe<\/li><li>Lettori di schermo come NVDA e VoiceOver per identificare e risolvere i problemi di accessibilit\u00e0.<\/li><\/ul><h2>Feedback<\/h2><p>Siamo lieti di ricevere il tuo feedback sull&#8217;accessibilit\u00e0 di <a href=\"https:\/\/www.repricer.com\/it\/\">Repricer.com<\/a>. Se riscontri delle barriere, ti preghiamo di farcelo sapere: <\/p><p>Email: <a href=\"mailto:support@repricer.com\">support@repricer.com<\/a><\/p><p>Telefono:<a href=\"tel:+35316856340\"> +353 1 685 6340<\/a><\/p><p>Ci proponiamo di rispondere ai feedback sull&#8217;accessibilit\u00e0 entro 2-3 giorni lavorativi.<\/p><h3>Dichiarazione aggiornata<\/h3><p>Questa dichiarazione di accessibilit\u00e0 \u00e8 stata aggiornata il: 21 luglio 2025<\/p>\t\t\t\t\t\t\t\t<\/div>\n\t\t\t\t<\/div>\n\t\t\t\t\t<\/div>\n\t\t\t\t<\/div>\n\t\t\t\t<\/div>\n\t\t","protected":false},"excerpt":{"rendered":"<p>Repricer.com si impegna a garantire l&#8217;accessibilit\u00e0 digitale a tutti gli utenti, comprese le persone con disabilit\u00e0. Miglioriamo continuamente l&#8217;esperienza d&#8217;uso per tutti e applichiamo gli standard di accessibilit\u00e0 pertinenti. Misure a sostegno dell&#8217;accessibilit\u00e0 Adottiamo le seguenti misure per garantire l&#8217;accessibilit\u00e0 di Repricer.com: Includere l&#8217;accessibilit\u00e0 come parte della nostra missione e delle nostre pratiche di sviluppo. [&hellip;]<\/p>\n","protected":false},"author":52,"featured_media":0,"parent":0,"menu_order":0,"comment_status":"closed","ping_status":"closed","template":"","meta":{"inline_featured_image":false,"footnotes":""},"class_list":["post-45757","page","type-page","status-publish","hentry"],"yoast_head":"<!-- This site is optimized with the Yoast SEO Premium plugin v27.4 (Yoast SEO v27.6) - https:\/\/yoast.com\/product\/yoast-seo-premium-wordpress\/ -->\n<title>Dichiarazione di accessibilit\u00e0 - The Fastest Amazon Repricer | Repricer.com<\/title>\n<meta name=\"description\" content=\"Reprice si impegna a garantire l&#039;accessibilit\u00e0 digitale a tutti. Leggi la nostra dichiarazione di accessibilit\u00e0 per saperne di pi\u00f9 sul nostro impegno e sulle nostre caratteristiche.\" \/>\n<meta name=\"robots\" content=\"index, follow, max-snippet:-1, max-image-preview:large, max-video-preview:-1\" \/>\n<link rel=\"canonical\" href=\"https:\/\/www.repricer.com\/it\/dichiarazione-di-accessibilita-per-repricer-com\/\" \/>\n<meta property=\"og:locale\" content=\"it_IT\" \/>\n<meta property=\"og:type\" content=\"article\" \/>\n<meta property=\"og:title\" content=\"Dichiarazione di accessibilit\u00e0\" \/>\n<meta property=\"og:description\" content=\"Reprice si impegna a garantire l&#039;accessibilit\u00e0 digitale a tutti. Leggi la nostra dichiarazione di accessibilit\u00e0 per saperne di pi\u00f9 sul nostro impegno e sulle nostre caratteristiche.\" \/>\n<meta property=\"og:url\" content=\"https:\/\/www.repricer.com\/it\/dichiarazione-di-accessibilita-per-repricer-com\/\" \/>\n<meta property=\"og:site_name\" content=\"The Fastest Amazon Repricer | Repricer.com\" \/>\n<meta property=\"article:publisher\" content=\"https:\/\/www.facebook.com\/repricer\" \/>\n<meta property=\"article:modified_time\" content=\"2025-08-19T13:37:24+00:00\" \/>\n<meta name=\"twitter:card\" content=\"summary_large_image\" \/>\n<meta name=\"twitter:site\" content=\"@repricer\" \/>\n<meta name=\"twitter:label1\" content=\"Tempo di lettura stimato\" \/>\n\t<meta name=\"twitter:data1\" content=\"1 minuto\" \/>\n<script type=\"application\/ld+json\" class=\"yoast-schema-graph\">{\"@context\":\"https:\\\/\\\/schema.org\",\"@graph\":[{\"@type\":\"WebPage\",\"@id\":\"https:\\\/\\\/www.repricer.com\\\/it\\\/dichiarazione-di-accessibilita-per-repricer-com\\\/\",\"url\":\"https:\\\/\\\/www.repricer.com\\\/it\\\/dichiarazione-di-accessibilita-per-repricer-com\\\/\",\"name\":\"Dichiarazione di accessibilit\u00e0 - The Fastest Amazon Repricer | Repricer.com\",\"isPartOf\":{\"@id\":\"https:\\\/\\\/www.repricer.com\\\/it\\\/#website\"},\"datePublished\":\"2025-07-21T13:01:45+00:00\",\"dateModified\":\"2025-08-19T13:37:24+00:00\",\"description\":\"Reprice si impegna a garantire l'accessibilit\u00e0 digitale a tutti. Leggi la nostra dichiarazione di accessibilit\u00e0 per saperne di pi\u00f9 sul nostro impegno e sulle nostre caratteristiche.\",\"breadcrumb\":{\"@id\":\"https:\\\/\\\/www.repricer.com\\\/it\\\/dichiarazione-di-accessibilita-per-repricer-com\\\/#breadcrumb\"},\"inLanguage\":\"it-IT\",\"potentialAction\":[{\"@type\":\"ReadAction\",\"target\":[\"https:\\\/\\\/www.repricer.com\\\/it\\\/dichiarazione-di-accessibilita-per-repricer-com\\\/\"]}]},{\"@type\":\"BreadcrumbList\",\"@id\":\"https:\\\/\\\/www.repricer.com\\\/it\\\/dichiarazione-di-accessibilita-per-repricer-com\\\/#breadcrumb\",\"itemListElement\":[{\"@type\":\"ListItem\",\"position\":1,\"name\":\"Home\",\"item\":\"https:\\\/\\\/www.repricer.com\\\/it\\\/casa-2\\\/\"},{\"@type\":\"ListItem\",\"position\":2,\"name\":\"Dichiarazione di accessibilit\u00e0\"}]},{\"@type\":\"WebSite\",\"@id\":\"https:\\\/\\\/www.repricer.com\\\/it\\\/#website\",\"url\":\"https:\\\/\\\/www.repricer.com\\\/it\\\/\",\"name\":\"The Fastest Amazon Repricer | Repricer.com\",\"description\":\"Fai di Repricer.com il tuo hub di prezzi unico collegando tutti i tuoi canali di vendita, compresi Amazon, eBay, Walmart, Shopify e altri.\",\"publisher\":{\"@id\":\"https:\\\/\\\/www.repricer.com\\\/it\\\/#organization\"},\"potentialAction\":[{\"@type\":\"SearchAction\",\"target\":{\"@type\":\"EntryPoint\",\"urlTemplate\":\"https:\\\/\\\/www.repricer.com\\\/it\\\/?s={search_term_string}\"},\"query-input\":{\"@type\":\"PropertyValueSpecification\",\"valueRequired\":true,\"valueName\":\"search_term_string\"}}],\"inLanguage\":\"it-IT\"},{\"@type\":\"Organization\",\"@id\":\"https:\\\/\\\/www.repricer.com\\\/it\\\/#organization\",\"name\":\"Repricer.com\",\"url\":\"https:\\\/\\\/www.repricer.com\\\/it\\\/\",\"logo\":{\"@type\":\"ImageObject\",\"inLanguage\":\"it-IT\",\"@id\":\"https:\\\/\\\/www.repricer.com\\\/it\\\/#\\\/schema\\\/logo\\\/image\\\/\",\"url\":\"https:\\\/\\\/www.repricer.com\\\/wp-content\\\/uploads\\\/2022\\\/01\\\/updated-repricer-logo-black.png\",\"contentUrl\":\"https:\\\/\\\/www.repricer.com\\\/wp-content\\\/uploads\\\/2022\\\/01\\\/updated-repricer-logo-black.png\",\"width\":481,\"height\":83,\"caption\":\"Repricer.com\"},\"image\":{\"@id\":\"https:\\\/\\\/www.repricer.com\\\/it\\\/#\\\/schema\\\/logo\\\/image\\\/\"},\"sameAs\":[\"https:\\\/\\\/www.facebook.com\\\/repricer\",\"https:\\\/\\\/x.com\\\/repricer\",\"https:\\\/\\\/www.instagram.com\\\/repricer\\\/\",\"https:\\\/\\\/www.youtube.com\\\/channel\\\/UC_pT73zbB2TIA-jS12y93fA\"]}]}<\/script>\n<!-- \/ Yoast SEO Premium plugin. -->","yoast_head_json":{"title":"Dichiarazione di accessibilit\u00e0 - The Fastest Amazon Repricer | Repricer.com","description":"Reprice si impegna a garantire l'accessibilit\u00e0 digitale a tutti. Leggi la nostra dichiarazione di accessibilit\u00e0 per saperne di pi\u00f9 sul nostro impegno e sulle nostre caratteristiche.","robots":{"index":"index","follow":"follow","max-snippet":"max-snippet:-1","max-image-preview":"max-image-preview:large","max-video-preview":"max-video-preview:-1"},"canonical":"https:\/\/www.repricer.com\/it\/dichiarazione-di-accessibilita-per-repricer-com\/","og_locale":"it_IT","og_type":"article","og_title":"Dichiarazione di accessibilit\u00e0","og_description":"Reprice si impegna a garantire l'accessibilit\u00e0 digitale a tutti. Leggi la nostra dichiarazione di accessibilit\u00e0 per saperne di pi\u00f9 sul nostro impegno e sulle nostre caratteristiche.","og_url":"https:\/\/www.repricer.com\/it\/dichiarazione-di-accessibilita-per-repricer-com\/","og_site_name":"The Fastest Amazon Repricer | Repricer.com","article_publisher":"https:\/\/www.facebook.com\/repricer","article_modified_time":"2025-08-19T13:37:24+00:00","twitter_card":"summary_large_image","twitter_site":"@repricer","twitter_misc":{"Tempo di lettura stimato":"1 minuto"},"schema":{"@context":"https:\/\/schema.org","@graph":[{"@type":"WebPage","@id":"https:\/\/www.repricer.com\/it\/dichiarazione-di-accessibilita-per-repricer-com\/","url":"https:\/\/www.repricer.com\/it\/dichiarazione-di-accessibilita-per-repricer-com\/","name":"Dichiarazione di accessibilit\u00e0 - The Fastest Amazon Repricer | Repricer.com","isPartOf":{"@id":"https:\/\/www.repricer.com\/it\/#website"},"datePublished":"2025-07-21T13:01:45+00:00","dateModified":"2025-08-19T13:37:24+00:00","description":"Reprice si impegna a garantire l'accessibilit\u00e0 digitale a tutti. Leggi la nostra dichiarazione di accessibilit\u00e0 per saperne di pi\u00f9 sul nostro impegno e sulle nostre caratteristiche.","breadcrumb":{"@id":"https:\/\/www.repricer.com\/it\/dichiarazione-di-accessibilita-per-repricer-com\/#breadcrumb"},"inLanguage":"it-IT","potentialAction":[{"@type":"ReadAction","target":["https:\/\/www.repricer.com\/it\/dichiarazione-di-accessibilita-per-repricer-com\/"]}]},{"@type":"BreadcrumbList","@id":"https:\/\/www.repricer.com\/it\/dichiarazione-di-accessibilita-per-repricer-com\/#breadcrumb","itemListElement":[{"@type":"ListItem","position":1,"name":"Home","item":"https:\/\/www.repricer.com\/it\/casa-2\/"},{"@type":"ListItem","position":2,"name":"Dichiarazione di accessibilit\u00e0"}]},{"@type":"WebSite","@id":"https:\/\/www.repricer.com\/it\/#website","url":"https:\/\/www.repricer.com\/it\/","name":"The Fastest Amazon Repricer | Repricer.com","description":"Fai di Repricer.com il tuo hub di prezzi unico collegando tutti i tuoi canali di vendita, compresi Amazon, eBay, Walmart, Shopify e altri.","publisher":{"@id":"https:\/\/www.repricer.com\/it\/#organization"},"potentialAction":[{"@type":"SearchAction","target":{"@type":"EntryPoint","urlTemplate":"https:\/\/www.repricer.com\/it\/?s={search_term_string}"},"query-input":{"@type":"PropertyValueSpecification","valueRequired":true,"valueName":"search_term_string"}}],"inLanguage":"it-IT"},{"@type":"Organization","@id":"https:\/\/www.repricer.com\/it\/#organization","name":"Repricer.com","url":"https:\/\/www.repricer.com\/it\/","logo":{"@type":"ImageObject","inLanguage":"it-IT","@id":"https:\/\/www.repricer.com\/it\/#\/schema\/logo\/image\/","url":"https:\/\/www.repricer.com\/wp-content\/uploads\/2022\/01\/updated-repricer-logo-black.png","contentUrl":"https:\/\/www.repricer.com\/wp-content\/uploads\/2022\/01\/updated-repricer-logo-black.png","width":481,"height":83,"caption":"Repricer.com"},"image":{"@id":"https:\/\/www.repricer.com\/it\/#\/schema\/logo\/image\/"},"sameAs":["https:\/\/www.facebook.com\/repricer","https:\/\/x.com\/repricer","https:\/\/www.instagram.com\/repricer\/","https:\/\/www.youtube.com\/channel\/UC_pT73zbB2TIA-jS12y93fA"]}]}},"_links":{"self":[{"href":"https:\/\/www.repricer.com\/it\/wp-json\/wp\/v2\/pages\/45757","targetHints":{"allow":["GET"]}}],"collection":[{"href":"https:\/\/www.repricer.com\/it\/wp-json\/wp\/v2\/pages"}],"about":[{"href":"https:\/\/www.repricer.com\/it\/wp-json\/wp\/v2\/types\/page"}],"author":[{"embeddable":true,"href":"https:\/\/www.repricer.com\/it\/wp-json\/wp\/v2\/users\/52"}],"replies":[{"embeddable":true,"href":"https:\/\/www.repricer.com\/it\/wp-json\/wp\/v2\/comments?post=45757"}],"version-history":[{"count":3,"href":"https:\/\/www.repricer.com\/it\/wp-json\/wp\/v2\/pages\/45757\/revisions"}],"predecessor-version":[{"id":46449,"href":"https:\/\/www.repricer.com\/it\/wp-json\/wp\/v2\/pages\/45757\/revisions\/46449"}],"wp:attachment":[{"href":"https:\/\/www.repricer.com\/it\/wp-json\/wp\/v2\/media?parent=45757"}],"curies":[{"name":"wp","href":"https:\/\/api.w.org\/{rel}","templated":true}]}}